{"id":2464,"date":"2026-04-13T15:32:11","date_gmt":"2026-04-13T15:32:11","guid":{"rendered":"https:\/\/www.machinerybearings.com\/?post_type=product&#038;p=2464"},"modified":"2026-05-03T04:31:14","modified_gmt":"2026-05-03T04:31:14","slug":"51308-thrust-ball-bearing-for-high-axial-load-industrial-applications","status":"publish","type":"product","link":"https:\/\/www.machinerybearings.com\/tr\/urun\/51308-thrust-ball-bearing-for-high-axial-load-industrial-applications\/","title":{"rendered":"51308 Y\u00fcksek Eksen Y\u00fck\u00fc End\u00fcstriyel Uygulamalar\u0131 i\u00e7in \u0130ti\u015f K\u00fcre Rulman\u0131"},"content":{"rendered":"<p data-start=\"104\" data-end=\"377\">The 51308 thrust ball bearing is designed to support high axial loads in one direction under low to medium speed operating conditions. It features precision-engineered washers and a robust ball-and-cage assembly that ensures stable axial load transfer and smooth operation.<\/p>\n<p data-start=\"379\" data-end=\"575\">This bearing is commonly used in heavy-duty industrial machinery, automotive systems, gear assemblies, and vertical shaft applications where high axial force and positioning accuracy are required.<\/p>\n<h3 data-section-id=\"sse2nj\" data-start=\"582\" data-end=\"606\">Teknik Parametreler<\/h3>\n<div class=\"TyagGW_tableContainer\">\n<div class=\"group TyagGW_tableWrapper flex flex-col-reverse w-fit\" tabindex=\"-1\">\n<table class=\"w-fit min-w-(--thread-content-width)\" data-start=\"608\" data-end=\"1097\">\n<thead data-start=\"608\" data-end=\"632\">\n<tr data-start=\"608\" data-end=\"632\">\n<th class=\"\" data-start=\"608\" data-end=\"615\" data-col-size=\"sm\">Madde<\/th>\n<th class=\"\" data-start=\"615\" data-end=\"632\" data-col-size=\"sm\">Spesifikasyon<\/th>\n<\/tr>\n<\/thead>\n<tbody data-start=\"657\" data-end=\"1097\">\n<tr data-start=\"657\" data-end=\"695\">\n<td data-start=\"657\" data-end=\"672\" data-col-size=\"sm\">Rulman Tipi<\/td>\n<td data-start=\"672\" data-end=\"695\" data-col-size=\"sm\">Thrust Ball Bearing<\/td>\n<\/tr>\n<tr data-start=\"696\" data-end=\"713\">\n<td data-start=\"696\" data-end=\"704\" data-col-size=\"sm\">Model<\/td>\n<td data-start=\"704\" data-end=\"713\" data-col-size=\"sm\">51308<\/td>\n<\/tr>\n<tr data-start=\"714\" data-end=\"744\">\n<td data-start=\"714\" data-end=\"735\" data-col-size=\"sm\">\u0130\u00e7 \u00c7ap (d)<\/td>\n<td data-start=\"735\" data-end=\"744\" data-col-size=\"sm\">40 mm<\/td>\n<\/tr>\n<tr data-start=\"745\" data-end=\"775\">\n<td data-start=\"745\" data-end=\"766\" data-col-size=\"sm\">D\u0131\u015f \u00c7ap (D)<\/td>\n<td data-col-size=\"sm\" data-start=\"766\" data-end=\"775\">78 mm<\/td>\n<\/tr>\n<tr data-start=\"776\" data-end=\"798\">\n<td data-start=\"776\" data-end=\"789\" data-col-size=\"sm\">Height (H)<\/td>\n<td data-start=\"789\" data-end=\"798\" data-col-size=\"sm\">26 mm<\/td>\n<\/tr>\n<tr data-start=\"799\" data-end=\"841\">\n<td data-start=\"799\" data-end=\"811\" data-col-size=\"sm\">Y\u00fck Tipi<\/td>\n<td data-start=\"811\" data-end=\"841\" data-col-size=\"sm\">Axial load (one direction)<\/td>\n<\/tr>\n<tr data-start=\"842\" data-end=\"872\">\n<td data-start=\"842\" data-end=\"858\" data-col-size=\"sm\">Kafes Malzemesi<\/td>\n<td data-start=\"858\" data-end=\"872\" data-col-size=\"sm\">\u00c7elik kafes<\/td>\n<\/tr>\n<tr data-start=\"873\" data-end=\"906\">\n<td data-start=\"873\" data-end=\"884\" data-col-size=\"sm\">Malzeme<\/td>\n<td data-start=\"884\" data-end=\"906\" data-col-size=\"sm\">GCr15 Krom \u00c7eli\u011fi<\/td>\n<\/tr>\n<tr data-start=\"907\" data-end=\"950\">\n<td data-start=\"907\" data-end=\"921\" data-col-size=\"sm\">Ya\u011flama<\/td>\n<td data-col-size=\"sm\" data-start=\"921\" data-end=\"950\">Ya\u011f veya gres ile ya\u011flama<\/td>\n<\/tr>\n<tr data-start=\"951\" data-end=\"1003\">\n<td data-start=\"951\" data-end=\"963\" data-col-size=\"sm\">Yap\u0131<\/td>\n<td data-start=\"963\" data-end=\"1003\" data-col-size=\"sm\">Single direction thrust ball bearing<\/td>\n<\/tr>\n<tr data-start=\"1004\" data-end=\"1058\">\n<td data-start=\"1004\" data-end=\"1022\" data-col-size=\"sm\">\u00c7al\u0131\u015fma H\u0131z\u0131<\/td>\n<td data-start=\"1022\" data-end=\"1058\" data-col-size=\"sm\">Low to medium speed applications<\/td>\n<\/tr>\n<tr data-start=\"1059\" data-end=\"1097\">\n<td data-start=\"1059\" data-end=\"1079\" data-col-size=\"sm\">S\u0131cakl\u0131k Aral\u0131\u011f\u0131<\/td>\n<td data-start=\"1079\" data-end=\"1097\" data-col-size=\"sm\">-30\u00b0C ile 150\u00b0C<\/td>\n<\/tr>\n<\/tbody>\n<\/table>\n<\/div>\n<\/div>\n<hr data-start=\"1099\" data-end=\"1102\" \/>\n<h3 data-section-id=\"1iz91iu\" data-start=\"1104\" data-end=\"1120\">Ana \u00d6zellikler<\/h3>\n<ul data-start=\"1122\" data-end=\"1384\">\n<li data-section-id=\"1q7s0eq\" data-start=\"1122\" data-end=\"1159\">High axial load carrying capacity<\/li>\n<li data-section-id=\"1e4pl9p\" data-start=\"1160\" data-end=\"1209\">S\u00fcrekli \u00e7al\u0131\u015fma alt\u0131nda stabil performans<\/li>\n<li data-section-id=\"7i9ka1\" data-start=\"1210\" data-end=\"1252\">Low friction and smooth axial movement<\/li>\n<li data-section-id=\"12o6cj7\" data-start=\"1253\" data-end=\"1296\">Compact structure for easy installation<\/li>\n<li data-section-id=\"1jt2y3e\" data-start=\"1297\" data-end=\"1337\">High precision for shaft positioning<\/li>\n<li data-section-id=\"xjpccz\" data-start=\"1338\" data-end=\"1384\">Durable design for heavy-duty applications<\/li>\n<\/ul>\n<h3 data-section-id=\"wggvqn\" data-start=\"1391\" data-end=\"1407\">Uygulamalar<\/h3>\n<ul data-start=\"1409\" data-end=\"1643\">\n<li data-section-id=\"942l0d\" data-start=\"1409\" data-end=\"1433\">End\u00fcstriyel di\u015fliler<\/li>\n<li data-section-id=\"mg5yuj\" data-start=\"1434\" data-end=\"1469\">Automotive transmission systems<\/li>\n<li data-section-id=\"adjzhh\" data-start=\"1470\" data-end=\"1507\">Vertical shaft support assemblies<\/li>\n<li data-section-id=\"dl2tr4\" data-start=\"1508\" data-end=\"1533\">Pompalar ve kompres\u00f6rler<\/li>\n<li data-section-id=\"1eeq2gh\" data-start=\"1534\" data-end=\"1569\">Machine tools and spindle units<\/li>\n<li data-section-id=\"6u1si7\" data-start=\"1570\" data-end=\"1599\">Heavy machinery equipment<\/li>\n<li data-section-id=\"4ouiw9\" data-start=\"1600\" data-end=\"1643\">Agricultural and construction machinery<\/li>\n<\/ul>\n<h3 data-section-id=\"gqbmdj\" data-start=\"1650\" data-end=\"1676\">M\u00fchendislik Avantajlar\u0131<\/h3>\n<p data-start=\"1678\" data-end=\"1830\">The 51308 thrust ball bearing is optimized for axial force absorption, reducing friction losses while maintaining stable and accurate shaft positioning.<\/p>\n<p data-start=\"1832\" data-end=\"1970\">Its reinforced structure ensures reliable performance in environments where continuous axial stress and heavy load conditions are present.<\/p>\n<h3 data-section-id=\"ex11qd\" data-start=\"1977\" data-end=\"1995\">\u00d6zel Se\u00e7enekler<\/h3>\n<ul data-start=\"1997\" data-end=\"2185\">\n<li data-section-id=\"1o5jom1\" data-start=\"1997\" data-end=\"2039\">Precision grade options (P0 \/ P6 \/ P5)<\/li>\n<li data-section-id=\"kk5oad\" data-start=\"2040\" data-end=\"2082\">Cage material options (steel or brass)<\/li>\n<li data-section-id=\"1jq34of\" data-start=\"2083\" data-end=\"2118\">Y\u00fcksek s\u0131cakl\u0131k gres dolumu<\/li>\n<li data-section-id=\"3855gt\" data-start=\"2119\" data-end=\"2146\">Open or shielded design<\/li>\n<li data-section-id=\"1mlx5yn\" data-start=\"2147\" data-end=\"2185\">OEM markalama ve ambalaj deste\u011fi<\/li>\n<\/ul>","protected":false},"excerpt":{"rendered":"<p>The 51308 thrust ball bearing is designed to support high axial loads in one direction under low to medium speed operating conditions. It features precision-engineered washers and a robust ball-and-cage assembly that ensures stable axial load transfer and smooth operation.<\/p>","protected":false},"featured_media":2518,"comment_status":"open","ping_status":"closed","template":"","meta":{"site-sidebar-layout":"default","site-content-layout":"","ast-site-content-layout":"default","site-content-style":"default","site-sidebar-style":"default","ast-global-header-display":"","ast-banner-title-visibility":"","ast-main-header-display":"","ast-hfb-above-header-display":"","ast-hfb-below-header-display":"","ast-hfb-mobile-header-display":"","site-post-title":"","ast-breadcrumbs-content":"","ast-featured-img":"","footer-sml-layout":"","ast-disable-related-posts":"","theme-transparent-header-meta":"default","adv-header-id-meta":"","stick-header-meta":"default","header-above-stick-meta":"","header-main-stick-meta":"","header-below-stick-meta":"","astra-migrate-meta-layouts":"set","ast-page-background-enabled":"default","ast-page-background-meta":{"desktop":{"background-color":"","background-image":"","background-repeat":"repeat","background-position":"center center","background-size":"auto","background-attachment":"scroll","background-type":"","background-media":"","overlay-type":"","overlay-color":"","overlay-opacity":"","overlay-gradient":""},"tablet":{"background-color":"","background-image":"","background-repeat":"repeat","background-position":"center center","background-size":"auto","background-attachment":"scroll","background-type":"","background-media":"","overlay-type":"","overlay-color":"","overlay-opacity":"","overlay-gradient":""},"mobile":{"background-color":"","background-image":"","background-repeat":"repeat","background-position":"center center","background-size":"auto","background-attachment":"scroll","background-type":"","background-media":"","overlay-type":"","overlay-color":"","overlay-opacity":"","overlay-gradient":""}},"ast-content-background-meta":{"desktop":{"background-color":"var(--ast-global-color-5)","background-image":"","background-repeat":"repeat","background-position":"center center","background-size":"auto","background-attachment":"scroll","background-type":"","background-media":"","overlay-type":"","overlay-color":"","overlay-opacity":"","overlay-gradient":""},"tablet":{"background-color":"var(--ast-global-color-5)","background-image":"","background-repeat":"repeat","background-position":"center center","background-size":"auto","background-attachment":"scroll","background-type":"","background-media":"","overlay-type":"","overlay-color":"","overlay-opacity":"","overlay-gradient":""},"mobile":{"background-color":"var(--ast-global-color-5)","background-image":"","background-repeat":"repeat","background-position":"center center","background-size":"auto","background-attachment":"scroll","background-type":"","background-media":"","overlay-type":"","overlay-color":"","overlay-opacity":"","overlay-gradient":""}}},"product_brand":[],"product_cat":[26],"product_tag":[265,260,240,233,78,56,51,45,102,71,47,104,263],"class_list":{"0":"post-2464","1":"product","2":"type-product","3":"status-publish","4":"has-post-thumbnail","6":"product_cat-thrust-ball-bearings","7":"product_tag-51308-bearing","8":"product_tag-axial-bearing","9":"product_tag-chrome-steel-bearing","10":"product_tag-gcr15-bearing","11":"product_tag-gearbox-bearing","12":"product_tag-heavy-duty-bearing","13":"product_tag-high-load-bearing","14":"product_tag-industrial-bearing","15":"product_tag-low-friction-bearing","16":"product_tag-machine-tool-bearing","17":"product_tag-oem-bearing-manufacturer","18":"product_tag-pump-bearing","19":"product_tag-thrust-ball-bearing","20":"desktop-align-left","21":"tablet-align-left","22":"mobile-align-left","23":"ast-product-gallery-layout-horizontal-slider","24":"ast-product-gallery-with-no-image","25":"ast-product-tabs-layout-horizontal","27":"first","28":"instock","29":"shipping-taxable","30":"product-type-simple"},"_links":{"self":[{"href":"https:\/\/www.machinerybearings.com\/tr\/wp-json\/wp\/v2\/product\/2464","targetHints":{"allow":["GET"]}}],"collection":[{"href":"https:\/\/www.machinerybearings.com\/tr\/wp-json\/wp\/v2\/product"}],"about":[{"href":"https:\/\/www.machinerybearings.com\/tr\/wp-json\/wp\/v2\/types\/product"}],"replies":[{"embeddable":true,"href":"https:\/\/www.machinerybearings.com\/tr\/wp-json\/wp\/v2\/comments?post=2464"}],"wp:featuredmedia":[{"embeddable":true,"href":"https:\/\/www.machinerybearings.com\/tr\/wp-json\/wp\/v2\/media\/2518"}],"wp:attachment":[{"href":"https:\/\/www.machinerybearings.com\/tr\/wp-json\/wp\/v2\/media?parent=2464"}],"wp:term":[{"taxonomy":"product_brand","embeddable":true,"href":"https:\/\/www.machinerybearings.com\/tr\/wp-json\/wp\/v2\/product_brand?post=2464"},{"taxonomy":"product_cat","embeddable":true,"href":"https:\/\/www.machinerybearings.com\/tr\/wp-json\/wp\/v2\/product_cat?post=2464"},{"taxonomy":"product_tag","embeddable":true,"href":"https:\/\/www.machinerybearings.com\/tr\/wp-json\/wp\/v2\/product_tag?post=2464"}],"curies":[{"name":"wp","href":"https:\/\/api.w.org\/{rel}","templated":true}]}}