{"id":2368,"date":"2026-04-11T15:43:17","date_gmt":"2026-04-11T15:43:17","guid":{"rendered":"https:\/\/www.machinerybearings.com\/?post_type=product&#038;p=2368"},"modified":"2026-05-03T14:19:01","modified_gmt":"2026-05-03T14:19:01","slug":"6001-vong-bi-cau-ranh-sau-vong-bi-chinh-xac-toc-do-cao-cho-dong-co-thiet-bi-cong-nghiep","status":"publish","type":"product","link":"https:\/\/www.machinerybearings.com\/vi\/san-pham\/6001-vong-bi-cau-ranh-sau-vong-bi-chinh-xac-toc-do-cao-cho-dong-co-thiet-bi-cong-nghiep\/","title":{"rendered":"6001 V\u00f2ng bi c\u1ea7u s\u00e2u \u2013 V\u00f2ng bi ch\u00ednh x\u00e1c t\u1ed1c \u0111\u1ed9 cao cho \u0111\u1ed9ng c\u01a1 &amp; thi\u1ebft b\u1ecb c\u00f4ng nghi\u1ec7p"},"content":{"rendered":"<p data-start=\"397\" data-end=\"688\">C\u00e1c <strong data-start=\"401\" data-end=\"434\">6001 V\u00f2ng bi c\u1ea7u r\u00e3nh s\u00e2u<\/strong> l\u00e0 m\u1ed9t v\u00f2ng bi nh\u1ecf g\u1ecdn v\u00e0 hi\u1ec7u su\u1ea5t cao \u0111\u01b0\u1ee3c thi\u1ebft k\u1ebf cho s\u1ef1 quay m\u01b0\u1ee3t m\u00e0, ti\u1ebfng \u1ed3n th\u1ea5p v\u00e0 tu\u1ed5i th\u1ecd ho\u1ea1t \u0111\u1ed9ng l\u00e2u d\u00e0i. V\u1edbi c\u00e1c r\u00e3nh \u0111\u01b0\u1eddng ch\u1ea1y s\u00e2u v\u00e0 bi th\u00e9p ch\u00ednh x\u00e1c, n\u00f3 c\u00f3 kh\u1ea3 n\u0103ng h\u1ed7 tr\u1ee3 c\u1ea3 t\u1ea3i tr\u1ecdng h\u01b0\u1edbng k\u00ednh v\u00e0 t\u1ea3i tr\u1ecdng tr\u1ee5c v\u1eeba ph\u1ea3i theo c\u1ea3 hai h\u01b0\u1edbng.<\/p>\n<p data-start=\"690\" data-end=\"1066\">\u0110\u01b0\u1ee3c ch\u1ebf t\u1ea1o t\u1eeb th\u00e9p cr\u00f4m ch\u1ea5t l\u01b0\u1ee3ng cao, v\u00e0 c\u00f3 s\u1eb5n trong c\u00e1c t\u00f9y ch\u1ecdn th\u00e9p kh\u00f4ng g\u1ec9 v\u00e0 g\u1ed1m, v\u00f2ng bi 6001 cung c\u1ea5p kh\u1ea3 n\u0103ng ch\u1ed1ng m\u00e0i m\u00f2n tuy\u1ec7t v\u1eddi, b\u1ea3o v\u1ec7 ch\u1ed1ng \u0103n m\u00f2n v\u00e0 kh\u1ea3 n\u0103ng t\u1ed1c \u0111\u1ed9 cao. N\u00f3 c\u00f3 s\u1eb5n trong nhi\u1ec1u c\u1ea5u h\u00ecnh ni\u00eam phong, bao g\u1ed3m lo\u1ea1i m\u1edf, ch\u1eafn kim lo\u1ea1i (ZZ) v\u00e0 ni\u00eam phong cao su (2RS), \u0111\u1ea3m b\u1ea3o hi\u1ec7u su\u1ea5t \u0111\u00e1ng tin c\u1eady trong nhi\u1ec1u m\u00f4i tr\u01b0\u1eddng l\u00e0m vi\u1ec7c kh\u00e1c nhau.<\/p>\n<p data-start=\"1068\" data-end=\"1200\">Nh\u1edd t\u00ednh linh ho\u1ea1t v\u00e0 \u0111\u1ed9 b\u1ec1n c\u1ee7a n\u00f3, v\u00f2ng bi 6001 \u0111\u01b0\u1ee3c s\u1eed d\u1ee5ng r\u1ed9ng r\u00e3i trong \u0111\u1ed9ng c\u01a1 \u0111i\u1ec7n, b\u01a1m, h\u1ed9p s\u1ed1 v\u00e0 h\u1ec7 th\u1ed1ng t\u1ef1 \u0111\u1ed9ng h\u00f3a.<\/p>\n<h1 data-section-id=\"8av2ty\" data-start=\"1207\" data-end=\"1225\"><span role=\"text\"><strong data-start=\"1209\" data-end=\"1225\">T\u00ednh n\u0103ng ch\u00ednh<\/strong><\/span><\/h1>\n<ul data-start=\"1227\" data-end=\"1545\">\n<li data-section-id=\"ceobeo\" data-start=\"1227\" data-end=\"1271\">Hi\u1ec7u su\u1ea5t t\u1ed1c \u0111\u1ed9 cao v\u1edbi ma s\u00e1t th\u1ea5p<\/li>\n<li data-section-id=\"1mmgltn\" data-start=\"1272\" data-end=\"1330\">Thi\u1ebft k\u1ebf nh\u1ecf g\u1ecdn ph\u00f9 h\u1ee3p cho kh\u00f4ng gian l\u1eafp \u0111\u1eb7t h\u1ea1n ch\u1ebf<\/li>\n<li data-section-id=\"6rb5ny\" data-start=\"1331\" data-end=\"1374\">Nhi\u1ec1u t\u00f9y ch\u1ecdn ni\u00eam phong: M\u1edf, ZZ, 2RS<\/li>\n<li data-section-id=\"mzdcj0\" data-start=\"1375\" data-end=\"1412\">Chuy\u1ec3n \u0111\u1ed9ng \u00edt rung v\u00e0 y\u00ean t\u0129nh<\/li>\n<li data-section-id=\"1dkc69x\" data-start=\"1413\" data-end=\"1456\">Tu\u1ed5i th\u1ecd d\u00e0i v\u1edbi \u0111\u1ed9 tin c\u1eady cao<\/li>\n<li data-section-id=\"1799fsu\" data-start=\"1457\" data-end=\"1508\">V\u1eadt li\u1ec7u t\u00f9y ch\u1ecdn: th\u00e9p kh\u00f4ng g\u1ec9 v\u00e0 g\u1ed1m<\/li>\n<li data-section-id=\"15114ml\" data-start=\"1509\" data-end=\"1545\">Ph\u00f9 h\u1ee3p cho OEM v\u00e0 cung c\u1ea5p s\u1ed1 l\u01b0\u1ee3ng l\u1edbn<\/li>\n<\/ul>\n<h1 data-section-id=\"10k15yz\" data-start=\"1552\" data-end=\"1582\"><span role=\"text\"><strong data-start=\"1554\" data-end=\"1582\">Th\u00f4ng s\u1ed1 k\u1ef9 thu\u1eadt<\/strong><\/span><\/h1>\n<div class=\"TyagGW_tableContainer\">\n<div class=\"group TyagGW_tableWrapper flex flex-col-reverse w-fit\" tabindex=\"-1\">\n<table class=\"w-fit min-w-(--thread-content-width)\" data-start=\"1584\" data-end=\"1980\">\n<thead data-start=\"1584\" data-end=\"1605\">\n<tr data-start=\"1584\" data-end=\"1605\">\n<th class=\"\" data-start=\"1584\" data-end=\"1596\" data-col-size=\"sm\">Tham s\u1ed1<\/th>\n<th class=\"\" data-start=\"1596\" data-end=\"1605\" data-col-size=\"sm\">Gi\u00e1 tr\u1ecb<\/th>\n<\/tr>\n<\/thead>\n<tbody data-start=\"1626\" data-end=\"1980\">\n<tr data-start=\"1626\" data-end=\"1650\">\n<td data-start=\"1626\" data-end=\"1642\" data-col-size=\"sm\">M\u00f4 h\u00ecnh v\u00f2ng bi<\/td>\n<td data-start=\"1642\" data-end=\"1650\" data-col-size=\"sm\">6001<\/td>\n<\/tr>\n<tr data-start=\"1651\" data-end=\"1681\">\n<td data-start=\"1651\" data-end=\"1672\" data-col-size=\"sm\">\u0110\u01b0\u1eddng k\u00ednh trong (d)<\/td>\n<td data-start=\"1672\" data-end=\"1681\" data-col-size=\"sm\">12 mm<\/td>\n<\/tr>\n<tr data-start=\"1682\" data-end=\"1712\">\n<td data-start=\"1682\" data-end=\"1703\" data-col-size=\"sm\">\u0110\u01b0\u1eddng k\u00ednh ngo\u00e0i (D)<\/td>\n<td data-start=\"1703\" data-end=\"1712\" data-col-size=\"sm\">28 mm<\/td>\n<\/tr>\n<tr data-start=\"1713\" data-end=\"1733\">\n<td data-start=\"1713\" data-end=\"1725\" data-col-size=\"sm\">Chi\u1ec1u r\u1ed9ng (B)<\/td>\n<td data-start=\"1725\" data-end=\"1733\" data-col-size=\"sm\">8 mm<\/td>\n<\/tr>\n<tr data-start=\"1734\" data-end=\"1789\">\n<td data-start=\"1734\" data-end=\"1745\" data-col-size=\"sm\">V\u1eadt li\u1ec7u<\/td>\n<td data-start=\"1745\" data-end=\"1789\" data-col-size=\"sm\">Th\u00e9p m\u1ea1 cr\u00f4m \/ Th\u00e9p kh\u00f4ng g\u1ec9 \/ G\u1ed1m<\/td>\n<\/tr>\n<tr data-start=\"1790\" data-end=\"1823\">\n<td data-start=\"1790\" data-end=\"1806\" data-col-size=\"sm\">V\u1eadt li\u1ec7u l\u1ed3ng<\/td>\n<td data-col-size=\"sm\" data-start=\"1806\" data-end=\"1823\">Th\u00e9p \/ Nylon<\/td>\n<\/tr>\n<tr data-start=\"1824\" data-end=\"1858\">\n<td data-start=\"1824\" data-end=\"1839\" data-col-size=\"sm\">Lo\u1ea1i ni\u00eam phong<\/td>\n<td data-col-size=\"sm\" data-start=\"1839\" data-end=\"1858\">M\u1edf \/ ZZ \/ 2RS<\/td>\n<\/tr>\n<tr data-start=\"1859\" data-end=\"1906\">\n<td data-start=\"1859\" data-end=\"1878\" data-col-size=\"sm\">\u0110\u00e1nh gi\u00e1 \u0111\u1ed9 ch\u00ednh x\u00e1c<\/td>\n<td data-col-size=\"sm\" data-start=\"1878\" data-end=\"1906\">ABEC-1 \/ ABEC-3 \/ ABEC-5<\/td>\n<\/tr>\n<tr data-start=\"1907\" data-end=\"1937\">\n<td data-start=\"1907\" data-end=\"1921\" data-col-size=\"sm\">B\u00f4i tr\u01a1n<\/td>\n<td data-col-size=\"sm\" data-start=\"1921\" data-end=\"1937\">M\u1ee1 \/ D\u1ea7u<\/td>\n<\/tr>\n<tr data-start=\"1938\" data-end=\"1980\">\n<td data-start=\"1938\" data-end=\"1962\" data-col-size=\"sm\">Nhi\u1ec7t \u0111\u1ed9 ho\u1ea1t \u0111\u1ed9ng<\/td>\n<td data-col-size=\"sm\" data-start=\"1962\" data-end=\"1980\">-20\u00b0C \u0111\u1ebfn 120\u00b0C<\/td>\n<\/tr>\n<\/tbody>\n<\/table>\n<\/div>\n<\/div>\n<h1 data-section-id=\"1p00fbj\" data-start=\"1987\" data-end=\"2005\"><span role=\"text\"><strong data-start=\"1989\" data-end=\"2005\">\u1ee8ng d\u1ee5ng<\/strong><\/span><\/h1>\n<p data-start=\"2007\" data-end=\"2059\">V\u00f2ng bi c\u1ea7u r\u00e3nh s\u00e2u 6001 \u0111\u01b0\u1ee3c s\u1eed d\u1ee5ng r\u1ed9ng r\u00e3i trong:<\/p>\n<ul data-start=\"2061\" data-end=\"2222\">\n<li data-section-id=\"zp4m4p\" data-start=\"2061\" data-end=\"2100\">\u0110\u1ed9ng c\u01a1 \u0111i\u1ec7n v\u00e0 m\u00e1y m\u00f3c nh\u1ecf<\/li>\n<li data-section-id=\"1q8fyka\" data-start=\"2101\" data-end=\"2124\">B\u01a1m v\u00e0 h\u1ed9p s\u1ed1<\/li>\n<li data-section-id=\"wiznod\" data-start=\"2125\" data-end=\"2149\">Thi\u1ebft b\u1ecb gia d\u1ee5ng<\/li>\n<li data-section-id=\"1me5um2\" data-start=\"2150\" data-end=\"2185\">Thi\u1ebft b\u1ecb t\u1ef1 \u0111\u1ed9ng h\u00f3a c\u00f4ng nghi\u1ec7p<\/li>\n<li data-section-id=\"4dlwv0\" data-start=\"2186\" data-end=\"2201\">D\u1ee5ng c\u1ee5 \u0111i\u1ec7n<\/li>\n<li data-section-id=\"176s2ln\" data-start=\"2202\" data-end=\"2222\">H\u1ec7 th\u1ed1ng b\u0103ng t\u1ea3i<\/li>\n<\/ul>\n<h1 data-section-id=\"zdmnob\" data-start=\"2229\" data-end=\"2248\"><span role=\"text\"><strong data-start=\"2231\" data-end=\"2248\">T\u1ea1i sao ch\u1ecdn ch\u00fang t\u00f4i<\/strong><\/span><\/h1>\n<ul data-start=\"2250\" data-end=\"2460\">\n<li data-section-id=\"1rg4ijk\" data-start=\"2250\" data-end=\"2295\">Cung c\u1ea5p tr\u1ef1c ti\u1ebfp t\u1eeb nh\u00e0 m\u00e1y v\u1edbi ch\u1ea5t l\u01b0\u1ee3ng \u1ed5n \u0111\u1ecbnh<\/li>\n<li data-section-id=\"w8c53i\" data-start=\"2296\" data-end=\"2340\">D\u1ecbch v\u1ee5 OEM v\u00e0 t\u00f9y ch\u1ec9nh c\u00f3 s\u1eb5n<\/li>\n<li data-section-id=\"18yrkc1\" data-start=\"2341\" data-end=\"2380\">Gi\u00e1 c\u1ea3 c\u1ea1nh tranh cho \u0111\u01a1n h\u00e0ng s\u1ed1 l\u01b0\u1ee3ng l\u1edbn<\/li>\n<li data-section-id=\"1x678vr\" data-start=\"2381\" data-end=\"2420\">S\u1ea3n xu\u1ea5t nhanh v\u00e0 giao h\u00e0ng to\u00e0n c\u1ea7u<\/li>\n<li data-section-id=\"fn7cjc\" data-start=\"2421\" data-end=\"2460\">Ti\u00eau chu\u1ea9n ki\u1ec3m tra ch\u1ea5t l\u01b0\u1ee3ng nghi\u00eam ng\u1eb7t<\/li>\n<\/ul>\n<h1 data-section-id=\"1iusff4\" data-start=\"2467\" data-end=\"2476\"><span role=\"text\"><strong data-start=\"2469\" data-end=\"2476\">C\u00e2u h\u1ecfi th\u01b0\u1eddng g\u1eb7p<\/strong><\/span><\/h1>\n<p data-start=\"2478\" data-end=\"2693\"><strong data-start=\"2478\" data-end=\"2538\">Q1: S\u1ef1 kh\u00e1c bi\u1ec7t gi\u1eefa 6001-ZZ v\u00e0 6001-2RS l\u00e0 g\u00ec?<\/strong><br data-start=\"2538\" data-end=\"2541\" \/>A: 6001-ZZ c\u00f3 c\u00e1c t\u1ea5m ch\u1eafn kim lo\u1ea1i \u0111\u1ec3 gi\u1ea3m ma s\u00e1t v\u00e0 t\u0103ng t\u1ed1c \u0111\u1ed9, trong khi 6001-2RS s\u1eed d\u1ee5ng c\u00e1c con d\u1ea5u cao su \u0111\u1ec3 b\u1ea3o v\u1ec7 t\u1ed1t h\u01a1n ch\u1ed1ng b\u1ee5i v\u00e0 \u0111\u1ed9 \u1ea9m.<\/p>\n<p data-start=\"2695\" data-end=\"2870\"><strong data-start=\"2695\" data-end=\"2760\">Q2: B\u1ea1n c\u00f3 th\u1ec3 cung c\u1ea5p v\u00f2ng bi 6001 b\u1eb1ng th\u00e9p kh\u00f4ng g\u1ec9 ho\u1eb7c g\u1ed1m kh\u00f4ng?<\/strong><br data-start=\"2760\" data-end=\"2763\" \/>A: C\u00f3, ch\u00fang t\u00f4i cung c\u1ea5p c\u00e1c phi\u00ean b\u1ea3n b\u1eb1ng th\u00e9p kh\u00f4ng g\u1ec9 v\u00e0 g\u1ed1m cho kh\u1ea3 n\u0103ng ch\u1ed1ng \u0103n m\u00f2n v\u00e0 \u1ee9ng d\u1ee5ng t\u1ed1c \u0111\u1ed9 cao.<\/p>\n<p data-start=\"2872\" data-end=\"3005\"><strong data-start=\"2872\" data-end=\"2913\">Q3: B\u1ea1n c\u00f3 h\u1ed7 tr\u1ee3 t\u00f9y ch\u1ec9nh OEM kh\u00f4ng?<\/strong><br data-start=\"2913\" data-end=\"2916\" \/>A: C\u00f3, ch\u00fang t\u00f4i h\u1ed7 tr\u1ee3 t\u00f9y ch\u1ec9nh v\u1eadt li\u1ec7u, k\u00edch th\u01b0\u1edbc, bao b\u00ec v\u00e0 th\u01b0\u01a1ng hi\u1ec7u cho c\u00e1c \u0111\u01a1n h\u00e0ng s\u1ed1 l\u01b0\u1ee3ng l\u1edbn.<\/p>","protected":false},"excerpt":{"rendered":"<p>C\u00e1c <strong data-start=\"401\" data-end=\"434\">6001 V\u00f2ng bi c\u1ea7u r\u00e3nh s\u00e2u<\/strong> l\u00e0 m\u1ed9t v\u00f2ng bi nh\u1ecf g\u1ecdn v\u00e0 hi\u1ec7u su\u1ea5t cao \u0111\u01b0\u1ee3c thi\u1ebft k\u1ebf cho s\u1ef1 quay m\u01b0\u1ee3t m\u00e0, ti\u1ebfng \u1ed3n th\u1ea5p v\u00e0 tu\u1ed5i th\u1ecd ho\u1ea1t \u0111\u1ed9ng l\u00e2u d\u00e0i. V\u1edbi c\u00e1c r\u00e3nh \u0111\u01b0\u1eddng ch\u1ea1y s\u00e2u v\u00e0 bi th\u00e9p ch\u00ednh x\u00e1c, n\u00f3 c\u00f3 kh\u1ea3 n\u0103ng h\u1ed7 tr\u1ee3 c\u1ea3 t\u1ea3i tr\u1ecdng h\u01b0\u1edbng k\u00ednh v\u00e0 t\u1ea3i tr\u1ecdng tr\u1ee5c v\u1eeba ph\u1ea3i theo c\u1ea3 hai h\u01b0\u1edbng.<\/p>","protected":false},"featured_media":2572,"comment_status":"open","ping_status":"closed","template":"","meta":{"site-sidebar-layout":"default","site-content-layout":"","ast-site-content-layout":"default","site-content-style":"default","site-sidebar-style":"default","ast-global-header-display":"","ast-banner-title-visibility":"","ast-main-header-display":"","ast-hfb-above-header-display":"","ast-hfb-below-header-display":"","ast-hfb-mobile-header-display":"","site-post-title":"","ast-breadcrumbs-content":"","ast-featured-img":"","footer-sml-layout":"","ast-disable-related-posts":"","theme-transparent-header-meta":"default","adv-header-id-meta":"","stick-header-meta":"default","header-above-stick-meta":"","header-main-stick-meta":"","header-below-stick-meta":"","astra-migrate-meta-layouts":"set","ast-page-background-enabled":"default","ast-page-background-meta":{"desktop":{"background-color":"","background-image":"","background-repeat":"repeat","background-position":"center center","background-size":"auto","background-attachment":"scroll","background-type":"","background-media":"","overlay-type":"","overlay-color":"","overlay-opacity":"","overlay-gradient":""},"tablet":{"background-color":"","background-image":"","background-repeat":"repeat","background-position":"center center","background-size":"auto","background-attachment":"scroll","background-type":"","background-media":"","overlay-type":"","overlay-color":"","overlay-opacity":"","overlay-gradient":""},"mobile":{"background-color":"","background-image":"","background-repeat":"repeat","background-position":"center center","background-size":"auto","background-attachment":"scroll","background-type":"","background-media":"","overlay-type":"","overlay-color":"","overlay-opacity":"","overlay-gradient":""}},"ast-content-background-meta":{"desktop":{"background-color":"var(--ast-global-color-5)","background-image":"","background-repeat":"repeat","background-position":"center center","background-size":"auto","background-attachment":"scroll","background-type":"","background-media":"","overlay-type":"","overlay-color":"","overlay-opacity":"","overlay-gradient":""},"tablet":{"background-color":"var(--ast-global-color-5)","background-image":"","background-repeat":"repeat","background-position":"center center","background-size":"auto","background-attachment":"scroll","background-type":"","background-media":"","overlay-type":"","overlay-color":"","overlay-opacity":"","overlay-gradient":""},"mobile":{"background-color":"var(--ast-global-color-5)","background-image":"","background-repeat":"repeat","background-position":"center center","background-size":"auto","background-attachment":"scroll","background-type":"","background-media":"","overlay-type":"","overlay-color":"","overlay-opacity":"","overlay-gradient":""}}},"product_brand":[],"product_cat":[15],"product_tag":[44,42,43,46,33,39,45,38,47,37],"class_list":{"0":"post-2368","1":"product","2":"type-product","3":"status-publish","4":"has-post-thumbnail","6":"product_cat-deep-groove-ball-bearings","7":"product_tag-6001-2rs-bearing","8":"product_tag-6001-bearing","9":"product_tag-6001-zz-bearing","10":"product_tag-bearing-supplier","11":"product_tag-deep-groove-ball-bearing","12":"product_tag-high-speed-bearing","13":"product_tag-industrial-bearing","14":"product_tag-motor-bearing","15":"product_tag-oem-bearing-manufacturer","16":"product_tag-small-ball-bearing","17":"desktop-align-left","18":"tablet-align-left","19":"mobile-align-left","20":"ast-product-gallery-layout-horizontal-slider","21":"ast-product-gallery-with-no-image","22":"ast-product-tabs-layout-horizontal","24":"first","25":"instock","26":"shipping-taxable","27":"product-type-simple"},"_links":{"self":[{"href":"https:\/\/www.machinerybearings.com\/vi\/wp-json\/wp\/v2\/product\/2368","targetHints":{"allow":["GET"]}}],"collection":[{"href":"https:\/\/www.machinerybearings.com\/vi\/wp-json\/wp\/v2\/product"}],"about":[{"href":"https:\/\/www.machinerybearings.com\/vi\/wp-json\/wp\/v2\/types\/product"}],"replies":[{"embeddable":true,"href":"https:\/\/www.machinerybearings.com\/vi\/wp-json\/wp\/v2\/comments?post=2368"}],"wp:featuredmedia":[{"embeddable":true,"href":"https:\/\/www.machinerybearings.com\/vi\/wp-json\/wp\/v2\/media\/2572"}],"wp:attachment":[{"href":"https:\/\/www.machinerybearings.com\/vi\/wp-json\/wp\/v2\/media?parent=2368"}],"wp:term":[{"taxonomy":"product_brand","embeddable":true,"href":"https:\/\/www.machinerybearings.com\/vi\/wp-json\/wp\/v2\/product_brand?post=2368"},{"taxonomy":"product_cat","embeddable":true,"href":"https:\/\/www.machinerybearings.com\/vi\/wp-json\/wp\/v2\/product_cat?post=2368"},{"taxonomy":"product_tag","embeddable":true,"href":"https:\/\/www.machinerybearings.com\/vi\/wp-json\/wp\/v2\/product_tag?post=2368"}],"curies":[{"name":"wp","href":"https:\/\/api.w.org\/{rel}","templated":true}]}}