{"id":2369,"date":"2026-04-11T15:49:21","date_gmt":"2026-04-11T15:49:21","guid":{"rendered":"https:\/\/www.machinerybearings.com\/?post_type=product&#038;p=2369"},"modified":"2026-05-03T14:26:38","modified_gmt":"2026-05-03T14:26:38","slug":"6205-deep-groove-ball-bearing-high-load-high-speed-bearing-for-motors-pumps-industrial-equipment","status":"publish","type":"product","link":"https:\/\/www.machinerybearings.com\/vi\/san-pham\/6205-deep-groove-ball-bearing-high-load-high-speed-bearing-for-motors-pumps-industrial-equipment\/","title":{"rendered":"V\u00f2ng bi c\u1ea7u r\u00e3nh s\u00e2u 6205 \u2013 V\u00f2ng bi ch\u1ecbu t\u1ea3i cao t\u1ed1c \u0111\u1ed9 cao cho \u0111\u1ed9ng c\u01a1, b\u01a1m &amp; thi\u1ebft b\u1ecb c\u00f4ng nghi\u1ec7p"},"content":{"rendered":"<p data-start=\"407\" data-end=\"705\">C\u00e1c <strong data-start=\"411\" data-end=\"444\">6205 V\u00f2ng bi c\u1ea7u r\u00e3nh s\u00e2u<\/strong> l\u00e0 m\u1ed9t lo\u1ea1i v\u00f2ng bi \u0111\u01b0\u1ee3c s\u1eed d\u1ee5ng r\u1ed9ng r\u00e3i v\u00e0 \u0111a n\u0103ng, \u0111\u01b0\u1ee3c thi\u1ebft k\u1ebf cho kh\u1ea3 n\u0103ng ch\u1ecbu t\u1ea3i cao, quay m\u01b0\u1ee3t m\u00e0 v\u00e0 tu\u1ed5i th\u1ecd d\u00e0i. V\u1edbi c\u00e1c r\u00e3nh s\u00e2u v\u00e0 bi th\u00e9p ch\u00ednh x\u00e1c, n\u00f3 c\u00f3 kh\u1ea3 n\u0103ng h\u1ed7 tr\u1ee3 c\u1ea3 t\u1ea3i tr\u1ecdng h\u01b0\u1edbng k\u00ednh v\u00e0 t\u1ea3i tr\u1ecdng tr\u1ee5c v\u1eeba ph\u1ea3i theo c\u1ea3 hai h\u01b0\u1edbng.<\/p>\n<p data-start=\"707\" data-end=\"1070\">\u0110\u01b0\u1ee3c s\u1ea3n xu\u1ea5t t\u1eeb th\u00e9p cr\u00f4m ch\u1ea5t l\u01b0\u1ee3ng cao, v\u00e0 c\u00f3 s\u1eb5n trong c\u00e1c t\u00f9y ch\u1ecdn th\u00e9p kh\u00f4ng g\u1ec9 v\u00e0 g\u1ed1m, v\u00f2ng bi 6205 cung c\u1ea5p \u0111\u1ed9 b\u1ec1n tuy\u1ec7t v\u1eddi, kh\u1ea3 n\u0103ng ch\u1ed1ng m\u00e0i m\u00f2n v\u00e0 b\u1ea3o v\u1ec7 ch\u1ed1ng \u0103n m\u00f2n. N\u00f3 c\u00f3 s\u1eb5n trong nhi\u1ec1u c\u1ea5u h\u00ecnh, bao g\u1ed3m lo\u1ea1i m\u1edf, ch\u1eafn kim lo\u1ea1i (ZZ) v\u00e0 k\u00edn b\u1eb1ng cao su (2RS), \u0111\u1ea3m b\u1ea3o hi\u1ec7u su\u1ea5t \u0111\u00e1ng tin c\u1eady d\u01b0\u1edbi c\u00e1c \u0111i\u1ec1u ki\u1ec7n ho\u1ea1t \u0111\u1ed9ng kh\u00e1c nhau.<\/p>\n<p data-start=\"1072\" data-end=\"1239\">V\u1edbi c\u1ea5u tr\u00fac ch\u1eafc ch\u1eafn v\u00e0 kh\u1ea3 n\u0103ng t\u1ed1c \u0111\u1ed9 cao, v\u00f2ng bi 6205 l\u00e0 l\u00fd t\u01b0\u1edfng cho \u0111\u1ed9ng c\u01a1 \u0111i\u1ec7n, b\u01a1m, m\u00e1y m\u00f3c n\u00f4ng nghi\u1ec7p v\u00e0 h\u1ec7 th\u1ed1ng truy\u1ec1n \u0111\u1ed9ng c\u00f4ng nghi\u1ec7p.<\/p>\n<h1 data-section-id=\"8av2ty\" data-start=\"1246\" data-end=\"1264\"><span role=\"text\"><strong data-start=\"1248\" data-end=\"1264\">T\u00ednh n\u0103ng ch\u00ednh<\/strong><\/span><\/h1>\n<ul data-start=\"1266\" data-end=\"1590\">\n<li data-section-id=\"jc024j\" data-start=\"1266\" data-end=\"1315\">Kh\u1ea3 n\u0103ng ch\u1ecbu t\u1ea3i cao v\u00e0 hi\u1ec7u su\u1ea5t t\u1ed1c \u0111\u1ed9 cao<\/li>\n<li data-section-id=\"18ey2rm\" data-start=\"1316\" data-end=\"1353\">Ma s\u00e1t th\u1ea5p v\u00e0 ho\u1ea1t \u0111\u1ed9ng m\u01b0\u1ee3t m\u00e0<\/li>\n<li data-section-id=\"11wwjkv\" data-start=\"1354\" data-end=\"1417\">C\u00f3 s\u1eb5n trong lo\u1ea1i M\u1edf, ZZ (ch\u1eafn kim lo\u1ea1i) v\u00e0 2RS (k\u00edn cao su)<\/li>\n<li data-section-id=\"1nj7ysv\" data-start=\"1418\" data-end=\"1465\">C\u1ea5u tr\u00fac b\u1ec1n b\u1ec9 v\u1edbi tu\u1ed5i th\u1ecd d\u00e0i<\/li>\n<li data-section-id=\"rusbjz\" data-start=\"1466\" data-end=\"1501\">Ti\u1ebfng \u1ed3n th\u1ea5p v\u00e0 gi\u1ea3m rung \u0111\u1ed9ng<\/li>\n<li data-section-id=\"1799fsu\" data-start=\"1502\" data-end=\"1553\">V\u1eadt li\u1ec7u t\u00f9y ch\u1ecdn: th\u00e9p kh\u00f4ng g\u1ec9 v\u00e0 g\u1ed1m<\/li>\n<li data-section-id=\"15114ml\" data-start=\"1554\" data-end=\"1590\">Ph\u00f9 h\u1ee3p cho OEM v\u00e0 cung c\u1ea5p s\u1ed1 l\u01b0\u1ee3ng l\u1edbn<\/li>\n<\/ul>\n<h1 data-section-id=\"10k15yz\" data-start=\"1597\" data-end=\"1627\"><span role=\"text\"><strong data-start=\"1599\" data-end=\"1627\">Th\u00f4ng s\u1ed1 k\u1ef9 thu\u1eadt<\/strong><\/span><\/h1>\n<div class=\"TyagGW_tableContainer\">\n<div class=\"group TyagGW_tableWrapper flex flex-col-reverse w-fit\" tabindex=\"-1\">\n<table class=\"w-fit min-w-(--thread-content-width)\" data-start=\"1629\" data-end=\"2026\">\n<thead data-start=\"1629\" data-end=\"1650\">\n<tr data-start=\"1629\" data-end=\"1650\">\n<th class=\"\" data-start=\"1629\" data-end=\"1641\" data-col-size=\"sm\">Tham s\u1ed1<\/th>\n<th class=\"\" data-start=\"1641\" data-end=\"1650\" data-col-size=\"sm\">Gi\u00e1 tr\u1ecb<\/th>\n<\/tr>\n<\/thead>\n<tbody data-start=\"1671\" data-end=\"2026\">\n<tr data-start=\"1671\" data-end=\"1695\">\n<td data-start=\"1671\" data-end=\"1687\" data-col-size=\"sm\">M\u00f4 h\u00ecnh v\u00f2ng bi<\/td>\n<td data-col-size=\"sm\" data-start=\"1687\" data-end=\"1695\">6205<\/td>\n<\/tr>\n<tr data-start=\"1696\" data-end=\"1726\">\n<td data-start=\"1696\" data-end=\"1717\" data-col-size=\"sm\">\u0110\u01b0\u1eddng k\u00ednh trong (d)<\/td>\n<td data-col-size=\"sm\" data-start=\"1717\" data-end=\"1726\">25 mm<\/td>\n<\/tr>\n<tr data-start=\"1727\" data-end=\"1757\">\n<td data-start=\"1727\" data-end=\"1748\" data-col-size=\"sm\">\u0110\u01b0\u1eddng k\u00ednh ngo\u00e0i (D)<\/td>\n<td data-col-size=\"sm\" data-start=\"1748\" data-end=\"1757\">52 mm<\/td>\n<\/tr>\n<tr data-start=\"1758\" data-end=\"1779\">\n<td data-start=\"1758\" data-end=\"1770\" data-col-size=\"sm\">Chi\u1ec1u r\u1ed9ng (B)<\/td>\n<td data-col-size=\"sm\" data-start=\"1770\" data-end=\"1779\">15 mm<\/td>\n<\/tr>\n<tr data-start=\"1780\" data-end=\"1835\">\n<td data-start=\"1780\" data-end=\"1791\" data-col-size=\"sm\">V\u1eadt li\u1ec7u<\/td>\n<td data-start=\"1791\" data-end=\"1835\" data-col-size=\"sm\">Th\u00e9p m\u1ea1 cr\u00f4m \/ Th\u00e9p kh\u00f4ng g\u1ec9 \/ G\u1ed1m<\/td>\n<\/tr>\n<tr data-start=\"1836\" data-end=\"1869\">\n<td data-start=\"1836\" data-end=\"1852\" data-col-size=\"sm\">V\u1eadt li\u1ec7u l\u1ed3ng<\/td>\n<td data-col-size=\"sm\" data-start=\"1852\" data-end=\"1869\">Th\u00e9p \/ Nylon<\/td>\n<\/tr>\n<tr data-start=\"1870\" data-end=\"1904\">\n<td data-start=\"1870\" data-end=\"1885\" data-col-size=\"sm\">Lo\u1ea1i ni\u00eam phong<\/td>\n<td data-start=\"1885\" data-end=\"1904\" data-col-size=\"sm\">M\u1edf \/ ZZ \/ 2RS<\/td>\n<\/tr>\n<tr data-start=\"1905\" data-end=\"1952\">\n<td data-start=\"1905\" data-end=\"1924\" data-col-size=\"sm\">\u0110\u00e1nh gi\u00e1 \u0111\u1ed9 ch\u00ednh x\u00e1c<\/td>\n<td data-start=\"1924\" data-end=\"1952\" data-col-size=\"sm\">ABEC-1 \/ ABEC-3 \/ ABEC-5<\/td>\n<\/tr>\n<tr data-start=\"1953\" data-end=\"1983\">\n<td data-start=\"1953\" data-end=\"1967\" data-col-size=\"sm\">B\u00f4i tr\u01a1n<\/td>\n<td data-col-size=\"sm\" data-start=\"1967\" data-end=\"1983\">M\u1ee1 \/ D\u1ea7u<\/td>\n<\/tr>\n<tr data-start=\"1984\" data-end=\"2026\">\n<td data-start=\"1984\" data-end=\"2008\" data-col-size=\"sm\">Nhi\u1ec7t \u0111\u1ed9 ho\u1ea1t \u0111\u1ed9ng<\/td>\n<td data-col-size=\"sm\" data-start=\"2008\" data-end=\"2026\">-20\u00b0C \u0111\u1ebfn 120\u00b0C<\/td>\n<\/tr>\n<\/tbody>\n<\/table>\n<\/div>\n<\/div>\n<h1 data-section-id=\"1p00fbj\" data-start=\"2033\" data-end=\"2051\"><span role=\"text\"><strong data-start=\"2035\" data-end=\"2051\">\u1ee8ng d\u1ee5ng<\/strong><\/span><\/h1>\n<p data-start=\"2053\" data-end=\"2105\">V\u00f2ng bi c\u1ea7u r\u00e3nh s\u00e2u 6205 \u0111\u01b0\u1ee3c s\u1eed d\u1ee5ng r\u1ed9ng r\u00e3i trong:<\/p>\n<ul data-start=\"2107\" data-end=\"2281\">\n<li data-section-id=\"19ja8o\" data-start=\"2107\" data-end=\"2141\">\u0110\u1ed9ng c\u01a1 \u0111i\u1ec7n v\u00e0 m\u00e1y ph\u00e1t \u0111i\u1ec7n<\/li>\n<li data-section-id=\"dl2tr4\" data-start=\"2142\" data-end=\"2167\">B\u01a1m v\u00e0 m\u00e1y n\u00e9n<\/li>\n<li data-section-id=\"1n6ynun\" data-start=\"2168\" data-end=\"2194\">M\u00e1y m\u00f3c n\u00f4ng nghi\u1ec7p<\/li>\n<li data-section-id=\"15oirsh\" data-start=\"2195\" data-end=\"2233\">H\u1ed9p s\u1ed1 v\u00e0 h\u1ec7 th\u1ed1ng truy\u1ec1n \u0111\u1ed9ng<\/li>\n<li data-section-id=\"1fzl3dj\" data-start=\"2234\" data-end=\"2256\">Thi\u1ebft b\u1ecb b\u0103ng t\u1ea3i<\/li>\n<li data-section-id=\"ho81mp\" data-start=\"2257\" data-end=\"2281\">M\u00e1y m\u00f3c c\u00f4ng nghi\u1ec7p<\/li>\n<\/ul>\n<h1 data-section-id=\"zdmnob\" data-start=\"2288\" data-end=\"2307\"><span role=\"text\"><strong data-start=\"2290\" data-end=\"2307\">T\u1ea1i sao ch\u1ecdn ch\u00fang t\u00f4i<\/strong><\/span><\/h1>\n<ul data-start=\"2309\" data-end=\"2521\">\n<li data-section-id=\"1hoqfcd\" data-start=\"2309\" data-end=\"2358\">Cung c\u1ea5p tr\u1ef1c ti\u1ebfp t\u1eeb nh\u00e0 m\u00e1y v\u1edbi ch\u1ea5t l\u01b0\u1ee3ng \u0111\u1ed3ng nh\u1ea5t<\/li>\n<li data-section-id=\"1h0w0om\" data-start=\"2359\" data-end=\"2401\">Gi\u1ea3i ph\u00e1p OEM v\u00e0 t\u00f9y ch\u1ec9nh c\u00f3 s\u1eb5n<\/li>\n<li data-section-id=\"18yrkc1\" data-start=\"2402\" data-end=\"2441\">Gi\u00e1 c\u1ea3 c\u1ea1nh tranh cho \u0111\u01a1n h\u00e0ng s\u1ed1 l\u01b0\u1ee3ng l\u1edbn<\/li>\n<li data-section-id=\"tuyq12\" data-start=\"2442\" data-end=\"2479\">Giao h\u00e0ng nhanh v\u00e0 v\u1eadn chuy\u1ec3n to\u00e0n c\u1ea7u<\/li>\n<li data-section-id=\"1warmzg\" data-start=\"2480\" data-end=\"2521\">Ki\u1ec3m so\u00e1t ch\u1ea5t l\u01b0\u1ee3ng v\u00e0 ki\u1ec3m tra nghi\u00eam ng\u1eb7t<\/li>\n<\/ul>\n<h1 data-section-id=\"1iusff4\" data-start=\"2528\" data-end=\"2537\"><span role=\"text\"><strong data-start=\"2530\" data-end=\"2537\">C\u00e2u h\u1ecfi th\u01b0\u1eddng g\u1eb7p<\/strong><\/span><\/h1>\n<p data-start=\"2539\" data-end=\"2750\"><strong data-start=\"2539\" data-end=\"2599\">Q1: S\u1ef1 kh\u00e1c bi\u1ec7t gi\u1eefa 6205-ZZ v\u00e0 6205-2RS l\u00e0 g\u00ec?<\/strong><br data-start=\"2599\" data-end=\"2602\" \/>A: 6205-ZZ s\u1eed d\u1ee5ng l\u00e1 ch\u1eafn kim lo\u1ea1i cho t\u1ed1c \u0111\u1ed9 cao h\u01a1n v\u00e0 ma s\u00e1t th\u1ea5p h\u01a1n, trong khi 6205-2RS s\u1eed d\u1ee5ng con d\u1ea5u cao su \u0111\u1ec3 b\u1ea3o v\u1ec7 t\u1ed1t h\u01a1n ch\u1ed1ng l\u1ea1i b\u1ee5i v\u00e0 \u0111\u1ed9 \u1ea9m.<\/p>\n<p data-start=\"2752\" data-end=\"2928\"><strong data-start=\"2752\" data-end=\"2816\">Q2: B\u1ea1n c\u00f3 th\u1ec3 cung c\u1ea5p v\u00f2ng bi 6205 c\u00f3 \u0111\u1ed9 ch\u00ednh x\u00e1c cao ho\u1eb7c g\u1ed1m kh\u00f4ng?<\/strong><br data-start=\"2816\" data-end=\"2819\" \/>A: C\u00f3, ch\u00fang t\u00f4i cung c\u1ea5p c\u00e1c lo\u1ea1i \u0111\u1ed9 ch\u00ednh x\u00e1c cao c\u0169ng nh\u01b0 c\u00e1c t\u00f9y ch\u1ecdn g\u1ed1m hybrid v\u00e0 to\u00e0n b\u1ed9 cho c\u00e1c \u1ee9ng d\u1ee5ng y\u00eau c\u1ea7u cao.<\/p>\n<p data-start=\"2930\" data-end=\"3084\"><strong data-start=\"2930\" data-end=\"2973\">Q3: B\u1ea1n c\u00f3 h\u1ed7 tr\u1ee3 \u0111\u01a1n h\u00e0ng OEM v\u00e0 s\u1ed1 l\u01b0\u1ee3ng l\u1edbn kh\u00f4ng?<\/strong><br data-start=\"2973\" data-end=\"2976\" \/>A: C\u00f3, ch\u00fang t\u00f4i cung c\u1ea5p d\u1ecbch v\u1ee5 OEM bao g\u1ed3m v\u1eadt li\u1ec7u t\u00f9y ch\u1ec9nh, \u0111\u00f3ng g\u00f3i v\u00e0 th\u01b0\u01a1ng hi\u1ec7u cho c\u00e1c \u0111\u01a1n h\u00e0ng s\u1ed1 l\u01b0\u1ee3ng l\u1edbn.<\/p>","protected":false},"excerpt":{"rendered":"<p>C\u00e1c <strong data-start=\"411\" data-end=\"444\">6205 V\u00f2ng bi c\u1ea7u r\u00e3nh s\u00e2u<\/strong> l\u00e0 m\u1ed9t lo\u1ea1i v\u00f2ng bi \u0111\u01b0\u1ee3c s\u1eed d\u1ee5ng r\u1ed9ng r\u00e3i v\u00e0 \u0111a n\u0103ng, \u0111\u01b0\u1ee3c thi\u1ebft k\u1ebf cho kh\u1ea3 n\u0103ng ch\u1ecbu t\u1ea3i cao, quay m\u01b0\u1ee3t m\u00e0 v\u00e0 tu\u1ed5i th\u1ecd d\u00e0i. V\u1edbi c\u00e1c r\u00e3nh s\u00e2u v\u00e0 bi th\u00e9p ch\u00ednh x\u00e1c, n\u00f3 c\u00f3 kh\u1ea3 n\u0103ng h\u1ed7 tr\u1ee3 c\u1ea3 t\u1ea3i tr\u1ecdng h\u01b0\u1edbng k\u00ednh v\u00e0 t\u1ea3i tr\u1ecdng tr\u1ee5c v\u1eeba ph\u1ea3i theo c\u1ea3 hai h\u01b0\u1edbng.<\/p>","protected":false},"featured_media":2575,"comment_status":"open","ping_status":"closed","template":"","meta":{"site-sidebar-layout":"default","site-content-layout":"","ast-site-content-layout":"default","site-content-style":"default","site-sidebar-style":"default","ast-global-header-display":"","ast-banner-title-visibility":"","ast-main-header-display":"","ast-hfb-above-header-display":"","ast-hfb-below-header-display":"","ast-hfb-mobile-header-display":"","site-post-title":"","ast-breadcrumbs-content":"","ast-featured-img":"","footer-sml-layout":"","ast-disable-related-posts":"","theme-transparent-header-meta":"default","adv-header-id-meta":"","stick-header-meta":"default","header-above-stick-meta":"","header-main-stick-meta":"","header-below-stick-meta":"","astra-migrate-meta-layouts":"set","ast-page-background-enabled":"default","ast-page-background-meta":{"desktop":{"background-color":"","background-image":"","background-repeat":"repeat","background-position":"center center","background-size":"auto","background-attachment":"scroll","background-type":"","background-media":"","overlay-type":"","overlay-color":"","overlay-opacity":"","overlay-gradient":""},"tablet":{"background-color":"","background-image":"","background-repeat":"repeat","background-position":"center center","background-size":"auto","background-attachment":"scroll","background-type":"","background-media":"","overlay-type":"","overlay-color":"","overlay-opacity":"","overlay-gradient":""},"mobile":{"background-color":"","background-image":"","background-repeat":"repeat","background-position":"center center","background-size":"auto","background-attachment":"scroll","background-type":"","background-media":"","overlay-type":"","overlay-color":"","overlay-opacity":"","overlay-gradient":""}},"ast-content-background-meta":{"desktop":{"background-color":"var(--ast-global-color-5)","background-image":"","background-repeat":"repeat","background-position":"center center","background-size":"auto","background-attachment":"scroll","background-type":"","background-media":"","overlay-type":"","overlay-color":"","overlay-opacity":"","overlay-gradient":""},"tablet":{"background-color":"var(--ast-global-color-5)","background-image":"","background-repeat":"repeat","background-position":"center center","background-size":"auto","background-attachment":"scroll","background-type":"","background-media":"","overlay-type":"","overlay-color":"","overlay-opacity":"","overlay-gradient":""},"mobile":{"background-color":"var(--ast-global-color-5)","background-image":"","background-repeat":"repeat","background-position":"center center","background-size":"auto","background-attachment":"scroll","background-type":"","background-media":"","overlay-type":"","overlay-color":"","overlay-opacity":"","overlay-gradient":""}}},"product_brand":[],"product_cat":[15],"product_tag":[50,48,49,46,33,52,51,45,38,47],"class_list":{"0":"post-2369","1":"product","2":"type-product","3":"status-publish","4":"has-post-thumbnail","6":"product_cat-deep-groove-ball-bearings","7":"product_tag-6205-2rs-bearing","8":"product_tag-6205-bearing","9":"product_tag-6205-zz-bearing","10":"product_tag-bearing-supplier","11":"product_tag-deep-groove-ball-bearing","12":"product_tag-electric-motor-bearing","13":"product_tag-high-load-bearing","14":"product_tag-industrial-bearing","15":"product_tag-motor-bearing","16":"product_tag-oem-bearing-manufacturer","17":"desktop-align-left","18":"tablet-align-left","19":"mobile-align-left","20":"ast-product-gallery-layout-horizontal-slider","21":"ast-product-gallery-with-no-image","22":"ast-product-tabs-layout-horizontal","24":"first","25":"instock","26":"shipping-taxable","27":"product-type-simple"},"_links":{"self":[{"href":"https:\/\/www.machinerybearings.com\/vi\/wp-json\/wp\/v2\/product\/2369","targetHints":{"allow":["GET"]}}],"collection":[{"href":"https:\/\/www.machinerybearings.com\/vi\/wp-json\/wp\/v2\/product"}],"about":[{"href":"https:\/\/www.machinerybearings.com\/vi\/wp-json\/wp\/v2\/types\/product"}],"replies":[{"embeddable":true,"href":"https:\/\/www.machinerybearings.com\/vi\/wp-json\/wp\/v2\/comments?post=2369"}],"wp:featuredmedia":[{"embeddable":true,"href":"https:\/\/www.machinerybearings.com\/vi\/wp-json\/wp\/v2\/media\/2575"}],"wp:attachment":[{"href":"https:\/\/www.machinerybearings.com\/vi\/wp-json\/wp\/v2\/media?parent=2369"}],"wp:term":[{"taxonomy":"product_brand","embeddable":true,"href":"https:\/\/www.machinerybearings.com\/vi\/wp-json\/wp\/v2\/product_brand?post=2369"},{"taxonomy":"product_cat","embeddable":true,"href":"https:\/\/www.machinerybearings.com\/vi\/wp-json\/wp\/v2\/product_cat?post=2369"},{"taxonomy":"product_tag","embeddable":true,"href":"https:\/\/www.machinerybearings.com\/vi\/wp-json\/wp\/v2\/product_tag?post=2369"}],"curies":[{"name":"wp","href":"https:\/\/api.w.org\/{rel}","templated":true}]}}