{"id":2372,"date":"2026-04-11T16:12:43","date_gmt":"2026-04-11T16:12:43","guid":{"rendered":"https:\/\/www.machinerybearings.com\/?post_type=product&#038;p=2372"},"modified":"2026-05-03T06:16:02","modified_gmt":"2026-05-03T06:16:02","slug":"16010-thin-section-deep-groove-ball-bearing-lightweight-large-diameter-bearing-for-industrial-applications","status":"publish","type":"product","link":"https:\/\/www.machinerybearings.com\/vi\/san-pham\/16010-thin-section-deep-groove-ball-bearing-lightweight-large-diameter-bearing-for-industrial-applications\/","title":{"rendered":"16010 V\u00f2ng bi c\u1ea7u r\u00e3nh s\u00e2u m\u1ecfng \u2013 V\u00f2ng bi l\u1edbn nh\u1eb9 cho \u1ee9ng d\u1ee5ng c\u00f4ng nghi\u1ec7p"},"content":{"rendered":"<p data-start=\"419\" data-end=\"755\">C\u00e1c <strong data-start=\"423\" data-end=\"470\">16010 V\u00f2ng bi c\u1ea7u r\u00e3nh s\u00e2u m\u1ecfng<\/strong> \u0111\u01b0\u1ee3c thi\u1ebft k\u1ebf cho c\u00e1c \u1ee9ng d\u1ee5ng y\u00eau c\u1ea7u m\u1ed9t m\u1eb7t c\u1eaft ngang nh\u1ecf g\u1ecdn k\u1ebft h\u1ee3p v\u1edbi \u0111\u01b0\u1eddng k\u00ednh trong v\u00e0 ngo\u00e0i t\u01b0\u01a1ng \u0111\u1ed1i l\u1edbn. V\u1edbi h\u00ecnh d\u00e1ng m\u1ecfng v\u00e0 h\u00ecnh h\u1ecdc b\u00ean trong t\u1ed1i \u01b0u, n\u00f3 cung c\u1ea5p tr\u1ecdng l\u01b0\u1ee3ng gi\u1ea3m, ma s\u00e1t th\u1ea5p h\u01a1n v\u00e0 s\u1eed d\u1ee5ng kh\u00f4ng gian hi\u1ec7u qu\u1ea3 m\u00e0 kh\u00f4ng l\u00e0m gi\u1ea3m hi\u1ec7u su\u1ea5t.<\/p>\n<p data-start=\"757\" data-end=\"1053\">\u0110\u01b0\u1ee3c s\u1ea3n xu\u1ea5t t\u1eeb th\u00e9p chrome ch\u1ea5t l\u01b0\u1ee3ng cao, v\u00e0 c\u00f3 s\u1eb5n trong c\u00e1c t\u00f9y ch\u1ecdn th\u00e9p kh\u00f4ng g\u1ec9 v\u00e0 g\u1ed1m, v\u00f2ng bi 16010 cung c\u1ea5p \u0111\u1ed9 b\u1ec1n tuy\u1ec7t v\u1eddi, kh\u1ea3 n\u0103ng ch\u1ed1ng \u0103n m\u00f2n v\u00e0 ho\u1ea1t \u0111\u1ed9ng m\u01b0\u1ee3t m\u00e0. Thi\u1ebft k\u1ebf r\u00e3nh s\u00e2u c\u1ee7a n\u00f3 cho ph\u00e9p h\u1ed7 tr\u1ee3 c\u1ea3 t\u1ea3i tr\u1ecdng h\u01b0\u1edbng k\u00ednh v\u00e0 t\u1ea3i tr\u1ecdng tr\u1ee5c nh\u1eb9 theo c\u1ea3 hai h\u01b0\u1edbng.<\/p>\n<p data-start=\"1055\" data-end=\"1292\">C\u00f3 s\u1eb5n trong c\u00e1c lo\u1ea1i m\u1edf, ch\u1eafn kim lo\u1ea1i (ZZ) v\u00e0 k\u00edn b\u1eb1ng cao su (2RS), v\u00f2ng bi m\u1ecfng 16010 ph\u00f9 h\u1ee3p cho nhi\u1ec1u m\u00f4i tr\u01b0\u1eddng c\u00f4ng nghi\u1ec7p, \u0111\u1eb7c bi\u1ec7t l\u00e0 n\u01a1i thi\u1ebft k\u1ebf ti\u1ebft ki\u1ec7m kh\u00f4ng gian v\u00e0 nh\u1eb9 l\u00e0 r\u1ea5t quan tr\u1ecdng.<\/p>\n<h1 data-section-id=\"8av2ty\" data-start=\"1299\" data-end=\"1317\"><span role=\"text\"><strong data-start=\"1301\" data-end=\"1317\">T\u00ednh n\u0103ng ch\u00ednh<\/strong><\/span><\/h1>\n<ul data-start=\"1319\" data-end=\"1682\">\n<li data-section-id=\"1ck2v1g\" data-start=\"1319\" data-end=\"1378\">Thi\u1ebft k\u1ebf m\u1eb7t c\u1eaft ngang m\u1ecfng cho c\u00e1c \u1ee9ng d\u1ee5ng ti\u1ebft ki\u1ec7m kh\u00f4ng gian<\/li>\n<li data-section-id=\"1qqsaq8\" data-start=\"1379\" data-end=\"1436\">C\u1ea5u tr\u00fac nh\u1eb9 v\u1edbi qu\u00e1n t\u00ednh quay gi\u1ea3m<\/li>\n<li data-section-id=\"1bkzhsf\" data-start=\"1437\" data-end=\"1474\">Ho\u1ea1t \u0111\u1ed9ng m\u01b0\u1ee3t m\u00e0 v\u00e0 ma s\u00e1t th\u1ea5p<\/li>\n<li data-section-id=\"46y8gf\" data-start=\"1475\" data-end=\"1522\">H\u1ed7 tr\u1ee3 t\u1ea3i tr\u1ecdng h\u01b0\u1edbng k\u00ednh v\u00e0 t\u1ea3i tr\u1ecdng tr\u1ee5c nh\u1eb9<\/li>\n<li data-section-id=\"97kjp5\" data-start=\"1523\" data-end=\"1572\">C\u00f3 s\u1eb5n trong c\u00e1c c\u1ea5u h\u00ecnh M\u1edf, ZZ v\u00e0 2RS<\/li>\n<li data-section-id=\"1799fsu\" data-start=\"1573\" data-end=\"1624\">V\u1eadt li\u1ec7u t\u00f9y ch\u1ecdn: th\u00e9p kh\u00f4ng g\u1ec9 v\u00e0 g\u1ed1m<\/li>\n<li data-section-id=\"mm83ej\" data-start=\"1625\" data-end=\"1682\">Ph\u00f9 h\u1ee3p cho thi\u1ebft b\u1ecb ch\u00ednh x\u00e1c v\u00e0 \u1ee9ng d\u1ee5ng OEM<\/li>\n<\/ul>\n<h1 data-section-id=\"10k15yz\" data-start=\"1689\" data-end=\"1719\"><span role=\"text\"><strong data-start=\"1691\" data-end=\"1719\">Th\u00f4ng s\u1ed1 k\u1ef9 thu\u1eadt<\/strong><\/span><\/h1>\n<div class=\"TyagGW_tableContainer\">\n<div class=\"group TyagGW_tableWrapper flex flex-col-reverse w-fit\" tabindex=\"-1\">\n<table class=\"w-fit min-w-(--thread-content-width)\" data-start=\"1721\" data-end=\"2119\">\n<thead data-start=\"1721\" data-end=\"1742\">\n<tr data-start=\"1721\" data-end=\"1742\">\n<th class=\"\" data-start=\"1721\" data-end=\"1733\" data-col-size=\"sm\">Tham s\u1ed1<\/th>\n<th class=\"\" data-start=\"1733\" data-end=\"1742\" data-col-size=\"sm\">Gi\u00e1 tr\u1ecb<\/th>\n<\/tr>\n<\/thead>\n<tbody data-start=\"1763\" data-end=\"2119\">\n<tr data-start=\"1763\" data-end=\"1788\">\n<td data-start=\"1763\" data-end=\"1779\" data-col-size=\"sm\">M\u00f4 h\u00ecnh v\u00f2ng bi<\/td>\n<td data-start=\"1779\" data-end=\"1788\" data-col-size=\"sm\">16010<\/td>\n<\/tr>\n<tr data-start=\"1789\" data-end=\"1819\">\n<td data-start=\"1789\" data-end=\"1810\" data-col-size=\"sm\">\u0110\u01b0\u1eddng k\u00ednh trong (d)<\/td>\n<td data-start=\"1810\" data-end=\"1819\" data-col-size=\"sm\">50 mm<\/td>\n<\/tr>\n<tr data-start=\"1820\" data-end=\"1850\">\n<td data-start=\"1820\" data-end=\"1841\" data-col-size=\"sm\">\u0110\u01b0\u1eddng k\u00ednh ngo\u00e0i (D)<\/td>\n<td data-col-size=\"sm\" data-start=\"1841\" data-end=\"1850\">80 mm<\/td>\n<\/tr>\n<tr data-start=\"1851\" data-end=\"1872\">\n<td data-start=\"1851\" data-end=\"1863\" data-col-size=\"sm\">Chi\u1ec1u r\u1ed9ng (B)<\/td>\n<td data-col-size=\"sm\" data-start=\"1863\" data-end=\"1872\">10 mm<\/td>\n<\/tr>\n<tr data-start=\"1873\" data-end=\"1928\">\n<td data-start=\"1873\" data-end=\"1884\" data-col-size=\"sm\">V\u1eadt li\u1ec7u<\/td>\n<td data-col-size=\"sm\" data-start=\"1884\" data-end=\"1928\">Th\u00e9p m\u1ea1 cr\u00f4m \/ Th\u00e9p kh\u00f4ng g\u1ec9 \/ G\u1ed1m<\/td>\n<\/tr>\n<tr data-start=\"1929\" data-end=\"1962\">\n<td data-start=\"1929\" data-end=\"1945\" data-col-size=\"sm\">V\u1eadt li\u1ec7u l\u1ed3ng<\/td>\n<td data-col-size=\"sm\" data-start=\"1945\" data-end=\"1962\">Th\u00e9p \/ Nylon<\/td>\n<\/tr>\n<tr data-start=\"1963\" data-end=\"1997\">\n<td data-start=\"1963\" data-end=\"1978\" data-col-size=\"sm\">Lo\u1ea1i ni\u00eam phong<\/td>\n<td data-start=\"1978\" data-end=\"1997\" data-col-size=\"sm\">M\u1edf \/ ZZ \/ 2RS<\/td>\n<\/tr>\n<tr data-start=\"1998\" data-end=\"2045\">\n<td data-start=\"1998\" data-end=\"2017\" data-col-size=\"sm\">\u0110\u00e1nh gi\u00e1 \u0111\u1ed9 ch\u00ednh x\u00e1c<\/td>\n<td data-col-size=\"sm\" data-start=\"2017\" data-end=\"2045\">ABEC-1 \/ ABEC-3 \/ ABEC-5<\/td>\n<\/tr>\n<tr data-start=\"2046\" data-end=\"2076\">\n<td data-start=\"2046\" data-end=\"2060\" data-col-size=\"sm\">B\u00f4i tr\u01a1n<\/td>\n<td data-col-size=\"sm\" data-start=\"2060\" data-end=\"2076\">M\u1ee1 \/ D\u1ea7u<\/td>\n<\/tr>\n<tr data-start=\"2077\" data-end=\"2119\">\n<td data-start=\"2077\" data-end=\"2101\" data-col-size=\"sm\">Nhi\u1ec7t \u0111\u1ed9 ho\u1ea1t \u0111\u1ed9ng<\/td>\n<td data-col-size=\"sm\" data-start=\"2101\" data-end=\"2119\">-20\u00b0C \u0111\u1ebfn 120\u00b0C<\/td>\n<\/tr>\n<\/tbody>\n<\/table>\n<\/div>\n<\/div>\n<h1 data-section-id=\"1p00fbj\" data-start=\"2126\" data-end=\"2144\"><span role=\"text\"><strong data-start=\"2128\" data-end=\"2144\">\u1ee8ng d\u1ee5ng<\/strong><\/span><\/h1>\n<p data-start=\"2146\" data-end=\"2200\">V\u00f2ng bi m\u1ecfng 16010 \u0111\u01b0\u1ee3c s\u1eed d\u1ee5ng r\u1ed9ng r\u00e3i trong:<\/p>\n<ul data-start=\"2202\" data-end=\"2400\">\n<li data-section-id=\"atmlbz\" data-start=\"2202\" data-end=\"2238\">M\u00e1y m\u00f3c c\u00f4ng nghi\u1ec7p nh\u1eb9<\/li>\n<li data-section-id=\"1q02707\" data-start=\"2239\" data-end=\"2274\">H\u1ec7 th\u1ed1ng robot v\u00e0 t\u1ef1 \u0111\u1ed9ng h\u00f3a<\/li>\n<li data-section-id=\"kh47jd\" data-start=\"2275\" data-end=\"2296\">Thi\u1ebft b\u1ecb y t\u1ebf<\/li>\n<li data-section-id=\"1tqjc7s\" data-start=\"2297\" data-end=\"2322\">Thi\u1ebft b\u1ecb ch\u00ednh x\u00e1c<\/li>\n<li data-section-id=\"1170ol2\" data-start=\"2323\" data-end=\"2360\">H\u1ec7 th\u1ed1ng b\u0103ng t\u1ea3i v\u00e0 truy\u1ec1n \u0111\u1ed9ng<\/li>\n<li data-section-id=\"pjwe9y\" data-start=\"2361\" data-end=\"2400\">C\u00e1c c\u1ee5m c\u01a1 kh\u00ed h\u1ea1n ch\u1ebf kh\u00f4ng gian<\/li>\n<\/ul>\n<h1 data-section-id=\"zdmnob\" data-start=\"2407\" data-end=\"2426\"><span role=\"text\"><strong data-start=\"2409\" data-end=\"2426\">T\u1ea1i sao ch\u1ecdn ch\u00fang t\u00f4i<\/strong><\/span><\/h1>\n<ul data-start=\"2428\" data-end=\"2639\">\n<li data-section-id=\"xx8vmd\" data-start=\"2428\" data-end=\"2475\">Cung c\u1ea5p tr\u1ef1c ti\u1ebfp t\u1eeb nh\u00e0 m\u00e1y v\u1edbi ch\u1ea5t l\u01b0\u1ee3ng \u0111\u00e1ng tin c\u1eady<\/li>\n<li data-section-id=\"ary9wy\" data-start=\"2476\" data-end=\"2520\">D\u1ecbch v\u1ee5 thi\u1ebft k\u1ebf OEM v\u00e0 t\u00f9y ch\u1ec9nh c\u00f3 s\u1eb5n<\/li>\n<li data-section-id=\"18yrkc1\" data-start=\"2521\" data-end=\"2560\">Gi\u00e1 c\u1ea3 c\u1ea1nh tranh cho \u0111\u01a1n h\u00e0ng s\u1ed1 l\u01b0\u1ee3ng l\u1edbn<\/li>\n<li data-section-id=\"1x678vr\" data-start=\"2561\" data-end=\"2600\">S\u1ea3n xu\u1ea5t nhanh v\u00e0 giao h\u00e0ng to\u00e0n c\u1ea7u<\/li>\n<li data-section-id=\"1oidmxg\" data-start=\"2601\" data-end=\"2639\">Ki\u1ec3m so\u00e1t ch\u1ea5t l\u01b0\u1ee3ng v\u00e0 th\u1eed nghi\u1ec7m nghi\u00eam ng\u1eb7t<\/li>\n<\/ul>\n<h1 data-section-id=\"1iusff4\" data-start=\"2646\" data-end=\"2655\"><span role=\"text\"><strong data-start=\"2648\" data-end=\"2655\">C\u00e2u h\u1ecfi th\u01b0\u1eddng g\u1eb7p<\/strong><\/span><\/h1>\n<p data-start=\"2657\" data-end=\"2876\"><strong data-start=\"2657\" data-end=\"2731\">Q1: \u0110i\u1ec1u g\u00ec l\u00e0m cho v\u00f2ng bi m\u1ecfng kh\u00e1c v\u1edbi v\u00f2ng bi ti\u00eau chu\u1ea9n?<\/strong><br data-start=\"2731\" data-end=\"2734\" \/>A: V\u00f2ng bi m\u1ecfng c\u00f3 ti\u1ebft di\u1ec7n gi\u1ea3m, cho ph\u00e9p tr\u1ecdng l\u01b0\u1ee3ng nh\u1eb9 h\u01a1n v\u00e0 thi\u1ebft k\u1ebf ti\u1ebft ki\u1ec7m kh\u00f4ng gian trong khi v\u1eabn duy tr\u00ec hi\u1ec7u su\u1ea5t t\u1ed1t.<\/p>\n<p data-start=\"2878\" data-end=\"3062\"><strong data-start=\"2878\" data-end=\"2947\">Q2: B\u1ea1n c\u00f3 th\u1ec3 cung c\u1ea5p phi\u00ean b\u1ea3n b\u1eb1ng th\u00e9p kh\u00f4ng g\u1ec9 ho\u1eb7c g\u1ed1m c\u1ee7a 16010 kh\u00f4ng?<\/strong><br data-start=\"2947\" data-end=\"2950\" \/>A: C\u00f3, ch\u00fang t\u00f4i cung c\u1ea5p c\u00e1c t\u00f9y ch\u1ecdn b\u1eb1ng th\u00e9p kh\u00f4ng g\u1ec9 v\u00e0 g\u1ed1m cho kh\u1ea3 n\u0103ng ch\u1ed1ng \u0103n m\u00f2n v\u00e0 \u1ee9ng d\u1ee5ng hi\u1ec7u su\u1ea5t cao.<\/p>\n<p data-start=\"3064\" data-end=\"3201\"><strong data-start=\"3064\" data-end=\"3116\">Q3: B\u1ea1n c\u00f3 h\u1ed7 tr\u1ee3 t\u00f9y ch\u1ec9nh v\u00e0 \u0111\u01a1n h\u00e0ng OEM kh\u00f4ng?<\/strong><br data-start=\"3116\" data-end=\"3119\" \/>A: C\u00f3, ch\u00fang t\u00f4i h\u1ed7 tr\u1ee3 k\u00edch th\u01b0\u1edbc, v\u1eadt li\u1ec7u v\u00e0 th\u01b0\u01a1ng hi\u1ec7u t\u00f9y ch\u1ec9nh cho c\u00e1c \u0111\u01a1n h\u00e0ng s\u1ed1 l\u01b0\u1ee3ng l\u1edbn.<\/p>","protected":false},"excerpt":{"rendered":"<p>C\u00e1c <strong data-start=\"423\" data-end=\"470\">16010 V\u00f2ng bi c\u1ea7u r\u00e3nh s\u00e2u m\u1ecfng<\/strong> \u0111\u01b0\u1ee3c thi\u1ebft k\u1ebf cho c\u00e1c \u1ee9ng d\u1ee5ng y\u00eau c\u1ea7u m\u1ed9t m\u1eb7t c\u1eaft ngang nh\u1ecf g\u1ecdn k\u1ebft h\u1ee3p v\u1edbi \u0111\u01b0\u1eddng k\u00ednh trong v\u00e0 ngo\u00e0i t\u01b0\u01a1ng \u0111\u1ed1i l\u1edbn. V\u1edbi h\u00ecnh d\u00e1ng m\u1ecfng v\u00e0 h\u00ecnh h\u1ecdc b\u00ean trong t\u1ed1i \u01b0u, n\u00f3 cung c\u1ea5p tr\u1ecdng l\u01b0\u1ee3ng gi\u1ea3m, ma s\u00e1t th\u1ea5p h\u01a1n v\u00e0 s\u1eed d\u1ee5ng kh\u00f4ng gian hi\u1ec7u qu\u1ea3 m\u00e0 kh\u00f4ng l\u00e0m gi\u1ea3m hi\u1ec7u su\u1ea5t.<\/p>","protected":false},"featured_media":2542,"comment_status":"open","ping_status":"closed","template":"","meta":{"site-sidebar-layout":"default","site-content-layout":"","ast-site-content-layout":"default","site-content-style":"default","site-sidebar-style":"default","ast-global-header-display":"","ast-banner-title-visibility":"","ast-main-header-display":"","ast-hfb-above-header-display":"","ast-hfb-below-header-display":"","ast-hfb-mobile-header-display":"","site-post-title":"","ast-breadcrumbs-content":"","ast-featured-img":"","footer-sml-layout":"","ast-disable-related-posts":"","theme-transparent-header-meta":"default","adv-header-id-meta":"","stick-header-meta":"default","header-above-stick-meta":"","header-main-stick-meta":"","header-below-stick-meta":"","astra-migrate-meta-layouts":"set","ast-page-background-enabled":"default","ast-page-background-meta":{"desktop":{"background-color":"","background-image":"","background-repeat":"repeat","background-position":"center center","background-size":"auto","background-attachment":"scroll","background-type":"","background-media":"","overlay-type":"","overlay-color":"","overlay-opacity":"","overlay-gradient":""},"tablet":{"background-color":"","background-image":"","background-repeat":"repeat","background-position":"center center","background-size":"auto","background-attachment":"scroll","background-type":"","background-media":"","overlay-type":"","overlay-color":"","overlay-opacity":"","overlay-gradient":""},"mobile":{"background-color":"","background-image":"","background-repeat":"repeat","background-position":"center center","background-size":"auto","background-attachment":"scroll","background-type":"","background-media":"","overlay-type":"","overlay-color":"","overlay-opacity":"","overlay-gradient":""}},"ast-content-background-meta":{"desktop":{"background-color":"var(--ast-global-color-5)","background-image":"","background-repeat":"repeat","background-position":"center center","background-size":"auto","background-attachment":"scroll","background-type":"","background-media":"","overlay-type":"","overlay-color":"","overlay-opacity":"","overlay-gradient":""},"tablet":{"background-color":"var(--ast-global-color-5)","background-image":"","background-repeat":"repeat","background-position":"center center","background-size":"auto","background-attachment":"scroll","background-type":"","background-media":"","overlay-type":"","overlay-color":"","overlay-opacity":"","overlay-gradient":""},"mobile":{"background-color":"var(--ast-global-color-5)","background-image":"","background-repeat":"repeat","background-position":"center center","background-size":"auto","background-attachment":"scroll","background-type":"","background-media":"","overlay-type":"","overlay-color":"","overlay-opacity":"","overlay-gradient":""}}},"product_brand":[],"product_cat":[15],"product_tag":[58,46,33,45,62,61,47,63,60,59],"class_list":{"0":"post-2372","1":"product","2":"type-product","3":"status-publish","4":"has-post-thumbnail","6":"product_cat-deep-groove-ball-bearings","7":"product_tag-16010-bearing","8":"product_tag-bearing-supplier","9":"product_tag-deep-groove-ball-bearing","10":"product_tag-industrial-bearing","11":"product_tag-large-diameter-bearing","12":"product_tag-lightweight-bearing","13":"product_tag-oem-bearing-manufacturer","14":"product_tag-precision-bearing","15":"product_tag-slim-bearing","16":"product_tag-thin-section-ball-bearing","17":"desktop-align-left","18":"tablet-align-left","19":"mobile-align-left","20":"ast-product-gallery-layout-horizontal-slider","21":"ast-product-gallery-with-no-image","22":"ast-product-tabs-layout-horizontal","24":"first","25":"instock","26":"shipping-taxable","27":"product-type-simple"},"_links":{"self":[{"href":"https:\/\/www.machinerybearings.com\/vi\/wp-json\/wp\/v2\/product\/2372","targetHints":{"allow":["GET"]}}],"collection":[{"href":"https:\/\/www.machinerybearings.com\/vi\/wp-json\/wp\/v2\/product"}],"about":[{"href":"https:\/\/www.machinerybearings.com\/vi\/wp-json\/wp\/v2\/types\/product"}],"replies":[{"embeddable":true,"href":"https:\/\/www.machinerybearings.com\/vi\/wp-json\/wp\/v2\/comments?post=2372"}],"wp:featuredmedia":[{"embeddable":true,"href":"https:\/\/www.machinerybearings.com\/vi\/wp-json\/wp\/v2\/media\/2542"}],"wp:attachment":[{"href":"https:\/\/www.machinerybearings.com\/vi\/wp-json\/wp\/v2\/media?parent=2372"}],"wp:term":[{"taxonomy":"product_brand","embeddable":true,"href":"https:\/\/www.machinerybearings.com\/vi\/wp-json\/wp\/v2\/product_brand?post=2372"},{"taxonomy":"product_cat","embeddable":true,"href":"https:\/\/www.machinerybearings.com\/vi\/wp-json\/wp\/v2\/product_cat?post=2372"},{"taxonomy":"product_tag","embeddable":true,"href":"https:\/\/www.machinerybearings.com\/vi\/wp-json\/wp\/v2\/product_tag?post=2372"}],"curies":[{"name":"wp","href":"https:\/\/api.w.org\/{rel}","templated":true}]}}