{"id":2380,"date":"2026-04-11T17:04:13","date_gmt":"2026-04-11T17:04:13","guid":{"rendered":"https:\/\/www.machinerybearings.com\/?post_type=product&#038;p=2380"},"modified":"2026-05-03T11:12:09","modified_gmt":"2026-05-03T11:12:09","slug":"7205-angular-contact-ball-bearing-high-speed-precision-bearing-for-spindle-industrial-applications","status":"publish","type":"product","link":"https:\/\/www.machinerybearings.com\/vi\/san-pham\/7205-angular-contact-ball-bearing-high-speed-precision-bearing-for-spindle-industrial-applications\/","title":{"rendered":"7205 V\u00f2ng bi ti\u1ebfp x\u00fac g\u00f3c \u2013 V\u00f2ng bi ch\u00ednh x\u00e1c t\u1ed1c \u0111\u1ed9 cao cho tr\u1ee5c ch\u00ednh &amp; \u1ee9ng d\u1ee5ng c\u00f4ng nghi\u1ec7p"},"content":{"rendered":"<p data-start=\"368\" data-end=\"677\">C\u00e1c <strong data-start=\"372\" data-end=\"409\">7205 Angular Contact Ball Bearing<\/strong> is a high-precision bearing designed to handle combined radial and axial loads, making it ideal for high-speed and high-accuracy applications. With its contact angle design, it can support axial loads in one direction while maintaining excellent rotational stability.<\/p>\n<p data-start=\"679\" data-end=\"1015\">Manufactured from premium chrome steel and available in stainless steel and ceramic variants, the 7205 bearing delivers high rigidity, low friction, and excellent performance under demanding operating conditions. It is commonly used in pairs or sets to support bidirectional axial loads in machine tool spindles and precision equipment.<\/p>\n<p data-start=\"1017\" data-end=\"1221\">With its optimized internal structure, the 7205 angular contact bearing ensures smooth operation, reduced heat generation, and long service life, making it suitable for high-speed industrial environments.<\/p>\n<h1 data-section-id=\"8av2ty\" data-start=\"1228\" data-end=\"1246\"><span role=\"text\"><strong data-start=\"1230\" data-end=\"1246\">T\u00ednh n\u0103ng ch\u00ednh<\/strong><\/span><\/h1>\n<ul data-start=\"1248\" data-end=\"1570\">\n<li data-section-id=\"1pa8zbp\" data-start=\"1248\" data-end=\"1296\">Designed for combined radial and axial loads<\/li>\n<li data-section-id=\"sbpnu2\" data-start=\"1297\" data-end=\"1342\">High-speed and high-precision performance<\/li>\n<li data-section-id=\"fdgf6f\" data-start=\"1343\" data-end=\"1379\">Excellent rigidity and stability<\/li>\n<li data-section-id=\"h1yn1l\" data-start=\"1380\" data-end=\"1422\">Suitable for paired or duplex mounting<\/li>\n<li data-section-id=\"lhbbkb\" data-start=\"1423\" data-end=\"1459\">Low friction and heat generation<\/li>\n<li data-section-id=\"1799fsu\" data-start=\"1460\" data-end=\"1511\">V\u1eadt li\u1ec7u t\u00f9y ch\u1ecdn: th\u00e9p kh\u00f4ng g\u1ec9 v\u00e0 g\u1ed1m<\/li>\n<li data-section-id=\"49qhad\" data-start=\"1512\" data-end=\"1570\">Ideal for spindle and precision machinery applications<\/li>\n<\/ul>\n<h1 data-section-id=\"10k15yz\" data-start=\"1577\" data-end=\"1607\"><span role=\"text\"><strong data-start=\"1579\" data-end=\"1607\">Th\u00f4ng s\u1ed1 k\u1ef9 thu\u1eadt<\/strong><\/span><\/h1>\n<div class=\"TyagGW_tableContainer\">\n<div class=\"group TyagGW_tableWrapper flex flex-col-reverse w-fit\" tabindex=\"-1\">\n<table class=\"w-fit min-w-(--thread-content-width)\" data-start=\"1609\" data-end=\"2006\">\n<thead data-start=\"1609\" data-end=\"1630\">\n<tr data-start=\"1609\" data-end=\"1630\">\n<th class=\"\" data-start=\"1609\" data-end=\"1621\" data-col-size=\"sm\">Tham s\u1ed1<\/th>\n<th class=\"\" data-start=\"1621\" data-end=\"1630\" data-col-size=\"sm\">Gi\u00e1 tr\u1ecb<\/th>\n<\/tr>\n<\/thead>\n<tbody data-start=\"1651\" data-end=\"2006\">\n<tr data-start=\"1651\" data-end=\"1675\">\n<td data-start=\"1651\" data-end=\"1667\" data-col-size=\"sm\">M\u00f4 h\u00ecnh v\u00f2ng bi<\/td>\n<td data-col-size=\"sm\" data-start=\"1667\" data-end=\"1675\">7205<\/td>\n<\/tr>\n<tr data-start=\"1676\" data-end=\"1706\">\n<td data-start=\"1676\" data-end=\"1697\" data-col-size=\"sm\">\u0110\u01b0\u1eddng k\u00ednh trong (d)<\/td>\n<td data-start=\"1697\" data-end=\"1706\" data-col-size=\"sm\">25 mm<\/td>\n<\/tr>\n<tr data-start=\"1707\" data-end=\"1737\">\n<td data-start=\"1707\" data-end=\"1728\" data-col-size=\"sm\">\u0110\u01b0\u1eddng k\u00ednh ngo\u00e0i (D)<\/td>\n<td data-col-size=\"sm\" data-start=\"1728\" data-end=\"1737\">52 mm<\/td>\n<\/tr>\n<tr data-start=\"1738\" data-end=\"1759\">\n<td data-start=\"1738\" data-end=\"1750\" data-col-size=\"sm\">Chi\u1ec1u r\u1ed9ng (B)<\/td>\n<td data-start=\"1750\" data-end=\"1759\" data-col-size=\"sm\">15 mm<\/td>\n<\/tr>\n<tr data-start=\"1760\" data-end=\"1793\">\n<td data-start=\"1760\" data-end=\"1776\" data-col-size=\"sm\">Contact Angle<\/td>\n<td data-col-size=\"sm\" data-start=\"1776\" data-end=\"1793\">Typically 30\u00b0<\/td>\n<\/tr>\n<tr data-start=\"1794\" data-end=\"1849\">\n<td data-start=\"1794\" data-end=\"1805\" data-col-size=\"sm\">V\u1eadt li\u1ec7u<\/td>\n<td data-start=\"1805\" data-end=\"1849\" data-col-size=\"sm\">Th\u00e9p m\u1ea1 cr\u00f4m \/ Th\u00e9p kh\u00f4ng g\u1ec9 \/ G\u1ed1m<\/td>\n<\/tr>\n<tr data-start=\"1850\" data-end=\"1891\">\n<td data-start=\"1850\" data-end=\"1866\" data-col-size=\"sm\">V\u1eadt li\u1ec7u l\u1ed3ng<\/td>\n<td data-col-size=\"sm\" data-start=\"1866\" data-end=\"1891\">Th\u00e9p \/ \u0110\u1ed3ng thau \/ Nylon<\/td>\n<\/tr>\n<tr data-start=\"1892\" data-end=\"1922\">\n<td data-start=\"1892\" data-end=\"1906\" data-col-size=\"sm\">B\u00f4i tr\u01a1n<\/td>\n<td data-start=\"1906\" data-end=\"1922\" data-col-size=\"sm\">M\u1ee1 \/ D\u1ea7u<\/td>\n<\/tr>\n<tr data-start=\"1923\" data-end=\"1963\">\n<td data-start=\"1923\" data-end=\"1942\" data-col-size=\"sm\">\u0110\u00e1nh gi\u00e1 \u0111\u1ed9 ch\u00ednh x\u00e1c<\/td>\n<td data-start=\"1942\" data-end=\"1963\" data-col-size=\"sm\">P0 \/ P6 \/ P5 \/ P4<\/td>\n<\/tr>\n<tr data-start=\"1964\" data-end=\"2006\">\n<td data-start=\"1964\" data-end=\"1988\" data-col-size=\"sm\">Nhi\u1ec7t \u0111\u1ed9 ho\u1ea1t \u0111\u1ed9ng<\/td>\n<td data-start=\"1988\" data-end=\"2006\" data-col-size=\"sm\">-20\u00b0C \u0111\u1ebfn 120\u00b0C<\/td>\n<\/tr>\n<\/tbody>\n<\/table>\n<\/div>\n<\/div>\n<h1 data-section-id=\"1p00fbj\" data-start=\"2013\" data-end=\"2031\"><span role=\"text\"><strong data-start=\"2015\" data-end=\"2031\">\u1ee8ng d\u1ee5ng<\/strong><\/span><\/h1>\n<p data-start=\"2033\" data-end=\"2089\">The 7205 angular contact ball bearing is widely used in:<\/p>\n<ul data-start=\"2091\" data-end=\"2272\">\n<li data-section-id=\"p4wubz\" data-start=\"2091\" data-end=\"2116\">Machine tool spindles<\/li>\n<li data-section-id=\"15r2jas\" data-start=\"2117\" data-end=\"2138\">High-speed motors<\/li>\n<li data-section-id=\"dl2tr4\" data-start=\"2139\" data-end=\"2164\">B\u01a1m v\u00e0 m\u00e1y n\u00e9n<\/li>\n<li data-section-id=\"1tqjc7s\" data-start=\"2165\" data-end=\"2190\">Thi\u1ebft b\u1ecb ch\u00ednh x\u00e1c<\/li>\n<li data-section-id=\"15oirsh\" data-start=\"2191\" data-end=\"2229\">H\u1ed9p s\u1ed1 v\u00e0 h\u1ec7 th\u1ed1ng truy\u1ec1n \u0111\u1ed9ng<\/li>\n<li data-section-id=\"m9ez2u\" data-start=\"2230\" data-end=\"2272\">CNC machinery and automation equipment<\/li>\n<\/ul>\n<h1 data-section-id=\"zdmnob\" data-start=\"2279\" data-end=\"2298\"><span role=\"text\"><strong data-start=\"2281\" data-end=\"2298\">T\u1ea1i sao ch\u1ecdn ch\u00fang t\u00f4i<\/strong><\/span><\/h1>\n<ul data-start=\"2300\" data-end=\"2521\">\n<li data-section-id=\"19q7jog\" data-start=\"2300\" data-end=\"2345\">Factory direct supply with stable quality<\/li>\n<li data-section-id=\"w8c53i\" data-start=\"2346\" data-end=\"2390\">D\u1ecbch v\u1ee5 OEM v\u00e0 t\u00f9y ch\u1ec9nh c\u00f3 s\u1eb5n<\/li>\n<li data-section-id=\"juz6ao\" data-start=\"2391\" data-end=\"2434\">High precision manufacturing capability<\/li>\n<li data-section-id=\"tuyq12\" data-start=\"2435\" data-end=\"2472\">Giao h\u00e0ng nhanh v\u00e0 v\u1eadn chuy\u1ec3n to\u00e0n c\u1ea7u<\/li>\n<li data-section-id=\"1kx8zsp\" data-start=\"2473\" data-end=\"2521\">H\u1ec7 th\u1ed1ng ki\u1ec3m tra nghi\u00eam ng\u1eb7t v\u00e0 ki\u1ec3m so\u00e1t ch\u1ea5t l\u01b0\u1ee3ng<\/li>\n<\/ul>\n<h1 data-section-id=\"1iusff4\" data-start=\"2528\" data-end=\"2537\"><span role=\"text\"><strong data-start=\"2530\" data-end=\"2537\">C\u00e2u h\u1ecfi th\u01b0\u1eddng g\u1eb7p<\/strong><\/span><\/h1>\n<p data-start=\"2539\" data-end=\"2783\"><strong data-start=\"2539\" data-end=\"2629\">Q1: What is the main difference between angular contact and deep groove ball bearings?<\/strong><br data-start=\"2629\" data-end=\"2632\" \/>A: Angular contact bearings are designed to handle combined loads, especially axial loads, while deep groove ball bearings mainly support radial loads.<\/p>\n<p data-start=\"2785\" data-end=\"2944\"><strong data-start=\"2785\" data-end=\"2828\">Q2: Can 7205 bearings be used in pairs?<\/strong><br data-start=\"2828\" data-end=\"2831\" \/>A: Yes, they are often mounted in pairs (back-to-back or face-to-face) to support axial loads in both directions.<\/p>\n<p data-start=\"2946\" data-end=\"3105\"><strong data-start=\"2946\" data-end=\"3002\">Q3: Do you offer ceramic or high-precision versions?<\/strong><br data-start=\"3002\" data-end=\"3005\" \/>A: Yes, we offer ceramic and precision-grade versions such as P5 and P4 for high-speed applications.<\/p>","protected":false},"excerpt":{"rendered":"<p>C\u00e1c <strong data-start=\"372\" data-end=\"409\">7205 Angular Contact Ball Bearing<\/strong> is a high-precision bearing designed to handle combined radial and axial loads, making it ideal for high-speed and high-accuracy applications. With its contact angle design, it can support axial loads in one direction while maintaining excellent rotational stability.<\/p>","protected":false},"featured_media":2548,"comment_status":"open","ping_status":"closed","template":"","meta":{"site-sidebar-layout":"default","site-content-layout":"","ast-site-content-layout":"default","site-content-style":"default","site-sidebar-style":"default","ast-global-header-display":"","ast-banner-title-visibility":"","ast-main-header-display":"","ast-hfb-above-header-display":"","ast-hfb-below-header-display":"","ast-hfb-mobile-header-display":"","site-post-title":"","ast-breadcrumbs-content":"","ast-featured-img":"","footer-sml-layout":"","ast-disable-related-posts":"","theme-transparent-header-meta":"default","adv-header-id-meta":"","stick-header-meta":"default","header-above-stick-meta":"","header-main-stick-meta":"","header-below-stick-meta":"","astra-migrate-meta-layouts":"set","ast-page-background-enabled":"default","ast-page-background-meta":{"desktop":{"background-color":"","background-image":"","background-repeat":"repeat","background-position":"center center","background-size":"auto","background-attachment":"scroll","background-type":"","background-media":"","overlay-type":"","overlay-color":"","overlay-opacity":"","overlay-gradient":""},"tablet":{"background-color":"","background-image":"","background-repeat":"repeat","background-position":"center center","background-size":"auto","background-attachment":"scroll","background-type":"","background-media":"","overlay-type":"","overlay-color":"","overlay-opacity":"","overlay-gradient":""},"mobile":{"background-color":"","background-image":"","background-repeat":"repeat","background-position":"center center","background-size":"auto","background-attachment":"scroll","background-type":"","background-media":"","overlay-type":"","overlay-color":"","overlay-opacity":"","overlay-gradient":""}},"ast-content-background-meta":{"desktop":{"background-color":"var(--ast-global-color-5)","background-image":"","background-repeat":"repeat","background-position":"center center","background-size":"auto","background-attachment":"scroll","background-type":"","background-media":"","overlay-type":"","overlay-color":"","overlay-opacity":"","overlay-gradient":""},"tablet":{"background-color":"var(--ast-global-color-5)","background-image":"","background-repeat":"repeat","background-position":"center center","background-size":"auto","background-attachment":"scroll","background-type":"","background-media":"","overlay-type":"","overlay-color":"","overlay-opacity":"","overlay-gradient":""},"mobile":{"background-color":"var(--ast-global-color-5)","background-image":"","background-repeat":"repeat","background-position":"center center","background-size":"auto","background-attachment":"scroll","background-type":"","background-media":"","overlay-type":"","overlay-color":"","overlay-opacity":"","overlay-gradient":""}}},"product_brand":[],"product_cat":[21],"product_tag":[67,68,70,73,39,45,71,72,63,69],"class_list":{"0":"post-2380","1":"product","2":"type-product","3":"status-publish","4":"has-post-thumbnail","6":"product_cat-angular-contact-ball-bearings","7":"product_tag-7205-bearing","8":"product_tag-angular-contact-ball-bearing","9":"product_tag-cnc-bearing","10":"product_tag-high-accuracy-bearing","11":"product_tag-high-speed-bearing","12":"product_tag-industrial-bearing","13":"product_tag-machine-tool-bearing","14":"product_tag-oem-bearing-supplier","15":"product_tag-precision-bearing","16":"product_tag-spindle-bearing","17":"desktop-align-left","18":"tablet-align-left","19":"mobile-align-left","20":"ast-product-gallery-layout-horizontal-slider","21":"ast-product-gallery-with-no-image","22":"ast-product-tabs-layout-horizontal","24":"first","25":"instock","26":"shipping-taxable","27":"product-type-simple"},"_links":{"self":[{"href":"https:\/\/www.machinerybearings.com\/vi\/wp-json\/wp\/v2\/product\/2380","targetHints":{"allow":["GET"]}}],"collection":[{"href":"https:\/\/www.machinerybearings.com\/vi\/wp-json\/wp\/v2\/product"}],"about":[{"href":"https:\/\/www.machinerybearings.com\/vi\/wp-json\/wp\/v2\/types\/product"}],"replies":[{"embeddable":true,"href":"https:\/\/www.machinerybearings.com\/vi\/wp-json\/wp\/v2\/comments?post=2380"}],"wp:featuredmedia":[{"embeddable":true,"href":"https:\/\/www.machinerybearings.com\/vi\/wp-json\/wp\/v2\/media\/2548"}],"wp:attachment":[{"href":"https:\/\/www.machinerybearings.com\/vi\/wp-json\/wp\/v2\/media?parent=2380"}],"wp:term":[{"taxonomy":"product_brand","embeddable":true,"href":"https:\/\/www.machinerybearings.com\/vi\/wp-json\/wp\/v2\/product_brand?post=2380"},{"taxonomy":"product_cat","embeddable":true,"href":"https:\/\/www.machinerybearings.com\/vi\/wp-json\/wp\/v2\/product_cat?post=2380"},{"taxonomy":"product_tag","embeddable":true,"href":"https:\/\/www.machinerybearings.com\/vi\/wp-json\/wp\/v2\/product_tag?post=2380"}],"curies":[{"name":"wp","href":"https:\/\/api.w.org\/{rel}","templated":true}]}}