{"id":2386,"date":"2026-04-12T13:30:47","date_gmt":"2026-04-12T13:30:47","guid":{"rendered":"https:\/\/www.machinerybearings.com\/?post_type=product&#038;p=2386"},"modified":"2026-05-03T11:16:17","modified_gmt":"2026-05-03T11:16:17","slug":"7205b-angular-contact-ball-bearing-high-speed-precision-bearing-with-40-contact-angle","status":"publish","type":"product","link":"https:\/\/www.machinerybearings.com\/vi\/san-pham\/7205b-angular-contact-ball-bearing-high-speed-precision-bearing-with-40-contact-angle\/","title":{"rendered":"7205B V\u00f2ng bi ti\u1ebfp x\u00fac g\u00f3c \u2013 V\u00f2ng bi ch\u00ednh x\u00e1c t\u1ed1c \u0111\u1ed9 cao v\u1edbi g\u00f3c ti\u1ebfp x\u00fac 40\u00b0"},"content":{"rendered":"<p data-start=\"369\" data-end=\"671\">C\u00e1c <strong data-start=\"373\" data-end=\"411\">7205B Angular Contact Ball Bearing<\/strong> is a high-speed precision bearing designed with a <strong data-start=\"462\" data-end=\"483\">40\u00b0 contact angle<\/strong>, allowing it to support higher axial loads compared to standard angular contact bearings. It is ideal for applications requiring both high rotational speed and strong axial load capacity.<\/p>\n<p data-start=\"673\" data-end=\"988\">Manufactured from premium chrome steel, and available in stainless steel and ceramic options, the 7205B bearing offers excellent rigidity, low friction, and reliable performance under demanding conditions. Its optimized internal geometry ensures smooth operation, reduced heat generation, and extended service life.<\/p>\n<p data-start=\"990\" data-end=\"1193\">The 7205B bearing is commonly used in paired or duplex configurations to support axial loads in both directions, making it suitable for high-speed spindles, precision machinery, and industrial equipment.<\/p>\n<hr data-start=\"1195\" data-end=\"1198\" \/>\n<h1 data-section-id=\"8av2ty\" data-start=\"1200\" data-end=\"1218\"><span role=\"text\"><strong data-start=\"1202\" data-end=\"1218\">T\u00ednh n\u0103ng ch\u00ednh<\/strong><\/span><\/h1>\n<ul data-start=\"1220\" data-end=\"1563\">\n<li data-section-id=\"12ujlw0\" data-start=\"1220\" data-end=\"1272\">40\u00b0 contact angle for higher axial load capacity<\/li>\n<li data-section-id=\"ceobeo\" data-start=\"1273\" data-end=\"1317\">Hi\u1ec7u su\u1ea5t t\u1ed1c \u0111\u1ed9 cao v\u1edbi ma s\u00e1t th\u1ea5p<\/li>\n<li data-section-id=\"fdgf6f\" data-start=\"1318\" data-end=\"1354\">Excellent rigidity and stability<\/li>\n<li data-section-id=\"crt4g4\" data-start=\"1355\" data-end=\"1409\">Suitable for duplex and multi-bearing arrangements<\/li>\n<li data-section-id=\"1i1h3ev\" data-start=\"1410\" data-end=\"1459\">Smooth operation with reduced heat generation<\/li>\n<li data-section-id=\"1799fsu\" data-start=\"1460\" data-end=\"1511\">V\u1eadt li\u1ec7u t\u00f9y ch\u1ecdn: th\u00e9p kh\u00f4ng g\u1ec9 v\u00e0 g\u1ed1m<\/li>\n<li data-section-id=\"12y3opy\" data-start=\"1512\" data-end=\"1563\">Ideal for precision and high-speed applications<\/li>\n<\/ul>\n<h1 data-section-id=\"10k15yz\" data-start=\"1570\" data-end=\"1600\"><span role=\"text\"><strong data-start=\"1572\" data-end=\"1600\">Th\u00f4ng s\u1ed1 k\u1ef9 thu\u1eadt<\/strong><\/span><\/h1>\n<div class=\"TyagGW_tableContainer\">\n<div class=\"group TyagGW_tableWrapper flex flex-col-reverse w-fit\" tabindex=\"-1\">\n<table class=\"w-fit min-w-(--thread-content-width)\" data-start=\"1602\" data-end=\"1990\">\n<thead data-start=\"1602\" data-end=\"1623\">\n<tr data-start=\"1602\" data-end=\"1623\">\n<th class=\"\" data-start=\"1602\" data-end=\"1614\" data-col-size=\"sm\">Tham s\u1ed1<\/th>\n<th class=\"\" data-start=\"1614\" data-end=\"1623\" data-col-size=\"sm\">Gi\u00e1 tr\u1ecb<\/th>\n<\/tr>\n<\/thead>\n<tbody data-start=\"1644\" data-end=\"1990\">\n<tr data-start=\"1644\" data-end=\"1669\">\n<td data-start=\"1644\" data-end=\"1660\" data-col-size=\"sm\">M\u00f4 h\u00ecnh v\u00f2ng bi<\/td>\n<td data-start=\"1660\" data-end=\"1669\" data-col-size=\"sm\">7205B<\/td>\n<\/tr>\n<tr data-start=\"1670\" data-end=\"1700\">\n<td data-start=\"1670\" data-end=\"1691\" data-col-size=\"sm\">\u0110\u01b0\u1eddng k\u00ednh trong (d)<\/td>\n<td data-start=\"1691\" data-end=\"1700\" data-col-size=\"sm\">25 mm<\/td>\n<\/tr>\n<tr data-start=\"1701\" data-end=\"1731\">\n<td data-start=\"1701\" data-end=\"1722\" data-col-size=\"sm\">\u0110\u01b0\u1eddng k\u00ednh ngo\u00e0i (D)<\/td>\n<td data-start=\"1722\" data-end=\"1731\" data-col-size=\"sm\">52 mm<\/td>\n<\/tr>\n<tr data-start=\"1732\" data-end=\"1753\">\n<td data-start=\"1732\" data-end=\"1744\" data-col-size=\"sm\">Chi\u1ec1u r\u1ed9ng (B)<\/td>\n<td data-col-size=\"sm\" data-start=\"1744\" data-end=\"1753\">15 mm<\/td>\n<\/tr>\n<tr data-start=\"1754\" data-end=\"1777\">\n<td data-start=\"1754\" data-end=\"1770\" data-col-size=\"sm\">Contact Angle<\/td>\n<td data-start=\"1770\" data-end=\"1777\" data-col-size=\"sm\">40\u00b0<\/td>\n<\/tr>\n<tr data-start=\"1778\" data-end=\"1833\">\n<td data-start=\"1778\" data-end=\"1789\" data-col-size=\"sm\">V\u1eadt li\u1ec7u<\/td>\n<td data-col-size=\"sm\" data-start=\"1789\" data-end=\"1833\">Th\u00e9p m\u1ea1 cr\u00f4m \/ Th\u00e9p kh\u00f4ng g\u1ec9 \/ G\u1ed1m<\/td>\n<\/tr>\n<tr data-start=\"1834\" data-end=\"1875\">\n<td data-start=\"1834\" data-end=\"1850\" data-col-size=\"sm\">V\u1eadt li\u1ec7u l\u1ed3ng<\/td>\n<td data-start=\"1850\" data-end=\"1875\" data-col-size=\"sm\">Th\u00e9p \/ \u0110\u1ed3ng thau \/ Nylon<\/td>\n<\/tr>\n<tr data-start=\"1876\" data-end=\"1906\">\n<td data-start=\"1876\" data-end=\"1890\" data-col-size=\"sm\">B\u00f4i tr\u01a1n<\/td>\n<td data-start=\"1890\" data-end=\"1906\" data-col-size=\"sm\">M\u1ee1 \/ D\u1ea7u<\/td>\n<\/tr>\n<tr data-start=\"1907\" data-end=\"1947\">\n<td data-start=\"1907\" data-end=\"1926\" data-col-size=\"sm\">\u0110\u00e1nh gi\u00e1 \u0111\u1ed9 ch\u00ednh x\u00e1c<\/td>\n<td data-start=\"1926\" data-end=\"1947\" data-col-size=\"sm\">P0 \/ P6 \/ P5 \/ P4<\/td>\n<\/tr>\n<tr data-start=\"1948\" data-end=\"1990\">\n<td data-start=\"1948\" data-end=\"1972\" data-col-size=\"sm\">Nhi\u1ec7t \u0111\u1ed9 ho\u1ea1t \u0111\u1ed9ng<\/td>\n<td data-start=\"1972\" data-end=\"1990\" data-col-size=\"sm\">-20\u00b0C \u0111\u1ebfn 120\u00b0C<\/td>\n<\/tr>\n<\/tbody>\n<\/table>\n<\/div>\n<\/div>\n<h1 data-section-id=\"1p00fbj\" data-start=\"1997\" data-end=\"2015\"><span role=\"text\"><strong data-start=\"1999\" data-end=\"2015\">\u1ee8ng d\u1ee5ng<\/strong><\/span><\/h1>\n<p data-start=\"2017\" data-end=\"2074\">The 7205B angular contact ball bearing is widely used in:<\/p>\n<ul data-start=\"2076\" data-end=\"2238\">\n<li data-section-id=\"yxmhaj\" data-start=\"2076\" data-end=\"2112\">High-speed machine tool spindles<\/li>\n<li data-section-id=\"1pwxdxk\" data-start=\"2113\" data-end=\"2130\">CNC machinery<\/li>\n<li data-section-id=\"1q9yhzr\" data-start=\"2131\" data-end=\"2152\">Industrial motors<\/li>\n<li data-section-id=\"dl2tr4\" data-start=\"2153\" data-end=\"2178\">B\u01a1m v\u00e0 m\u00e1y n\u00e9n<\/li>\n<li data-section-id=\"1bfvtys\" data-start=\"2179\" data-end=\"2202\">Precision equipment<\/li>\n<li data-section-id=\"988g1j\" data-start=\"2203\" data-end=\"2238\">Automation and robotics systems<\/li>\n<\/ul>\n<h1 data-section-id=\"zdmnob\" data-start=\"2245\" data-end=\"2264\"><span role=\"text\"><strong data-start=\"2247\" data-end=\"2264\">T\u1ea1i sao ch\u1ecdn ch\u00fang t\u00f4i<\/strong><\/span><\/h1>\n<ul data-start=\"2266\" data-end=\"2478\">\n<li data-section-id=\"19q7jog\" data-start=\"2266\" data-end=\"2311\">Factory direct supply with stable quality<\/li>\n<li data-section-id=\"w8c53i\" data-start=\"2312\" data-end=\"2356\">D\u1ecbch v\u1ee5 OEM v\u00e0 t\u00f9y ch\u1ec9nh c\u00f3 s\u1eb5n<\/li>\n<li data-section-id=\"juz6ao\" data-start=\"2357\" data-end=\"2400\">High precision manufacturing capability<\/li>\n<li data-section-id=\"tuyq12\" data-start=\"2401\" data-end=\"2438\">Giao h\u00e0ng nhanh v\u00e0 v\u1eadn chuy\u1ec3n to\u00e0n c\u1ea7u<\/li>\n<li data-section-id=\"fn7cjc\" data-start=\"2439\" data-end=\"2478\">Ti\u00eau chu\u1ea9n ki\u1ec3m tra ch\u1ea5t l\u01b0\u1ee3ng nghi\u00eam ng\u1eb7t<\/li>\n<\/ul>\n<h1 data-section-id=\"1iusff4\" data-start=\"2485\" data-end=\"2494\"><span role=\"text\"><strong data-start=\"2487\" data-end=\"2494\">C\u00e2u h\u1ecfi th\u01b0\u1eddng g\u1eb7p<\/strong><\/span><\/h1>\n<p data-start=\"2496\" data-end=\"2665\"><strong data-start=\"2496\" data-end=\"2536\">Q1: What does the \u201cB\u201d in 7205B mean?<\/strong><br data-start=\"2536\" data-end=\"2539\" \/>A: \u201cB\u201d indicates a 40\u00b0 contact angle, which provides higher axial load capacity compared to standard angular contact bearings.<\/p>\n<p data-start=\"2667\" data-end=\"2799\"><strong data-start=\"2667\" data-end=\"2711\">Q2: Can 7205B bearings be used in pairs?<\/strong><br data-start=\"2711\" data-end=\"2714\" \/>A: Yes, they are commonly mounted in pairs to support axial loads in both directions.<\/p>\n<p data-start=\"2801\" data-end=\"2971\"><strong data-start=\"2801\" data-end=\"2857\">Q3: Do you offer high-precision or ceramic versions?<\/strong><br data-start=\"2857\" data-end=\"2860\" \/>A: Yes, we provide high-precision grades (P5\/P4) and ceramic options for high-speed and demanding applications.<\/p>","protected":false},"excerpt":{"rendered":"<p>C\u00e1c <strong data-start=\"373\" data-end=\"411\">7205B Angular Contact Ball Bearing<\/strong> is a high-speed precision bearing designed with a <strong data-start=\"462\" data-end=\"483\">40\u00b0 contact angle<\/strong>, allowing it to support higher axial loads compared to standard angular contact bearings. It is ideal for applications requiring both high rotational speed and strong axial load capacity.<\/p>","protected":false},"featured_media":2549,"comment_status":"open","ping_status":"closed","template":"","meta":{"site-sidebar-layout":"default","site-content-layout":"","ast-site-content-layout":"default","site-content-style":"default","site-sidebar-style":"default","ast-global-header-display":"","ast-banner-title-visibility":"","ast-main-header-display":"","ast-hfb-above-header-display":"","ast-hfb-below-header-display":"","ast-hfb-mobile-header-display":"","site-post-title":"","ast-breadcrumbs-content":"","ast-featured-img":"","footer-sml-layout":"","ast-disable-related-posts":"","theme-transparent-header-meta":"default","adv-header-id-meta":"","stick-header-meta":"default","header-above-stick-meta":"","header-main-stick-meta":"","header-below-stick-meta":"","astra-migrate-meta-layouts":"set","ast-page-background-enabled":"default","ast-page-background-meta":{"desktop":{"background-color":"","background-image":"","background-repeat":"repeat","background-position":"center center","background-size":"auto","background-attachment":"scroll","background-type":"","background-media":"","overlay-type":"","overlay-color":"","overlay-opacity":"","overlay-gradient":""},"tablet":{"background-color":"","background-image":"","background-repeat":"repeat","background-position":"center center","background-size":"auto","background-attachment":"scroll","background-type":"","background-media":"","overlay-type":"","overlay-color":"","overlay-opacity":"","overlay-gradient":""},"mobile":{"background-color":"","background-image":"","background-repeat":"repeat","background-position":"center center","background-size":"auto","background-attachment":"scroll","background-type":"","background-media":"","overlay-type":"","overlay-color":"","overlay-opacity":"","overlay-gradient":""}},"ast-content-background-meta":{"desktop":{"background-color":"var(--ast-global-color-5)","background-image":"","background-repeat":"repeat","background-position":"center center","background-size":"auto","background-attachment":"scroll","background-type":"","background-media":"","overlay-type":"","overlay-color":"","overlay-opacity":"","overlay-gradient":""},"tablet":{"background-color":"var(--ast-global-color-5)","background-image":"","background-repeat":"repeat","background-position":"center center","background-size":"auto","background-attachment":"scroll","background-type":"","background-media":"","overlay-type":"","overlay-color":"","overlay-opacity":"","overlay-gradient":""},"mobile":{"background-color":"var(--ast-global-color-5)","background-image":"","background-repeat":"repeat","background-position":"center center","background-size":"auto","background-attachment":"scroll","background-type":"","background-media":"","overlay-type":"","overlay-color":"","overlay-opacity":"","overlay-gradient":""}}},"product_brand":[],"product_cat":[21],"product_tag":[80,79,68,70,51,39,45,72,63,69],"class_list":{"0":"post-2386","1":"product","2":"type-product","3":"status-publish","4":"has-post-thumbnail","6":"product_cat-angular-contact-ball-bearings","7":"product_tag-40-degree-contact-angle-bearing","8":"product_tag-7205b-bearing","9":"product_tag-angular-contact-ball-bearing","10":"product_tag-cnc-bearing","11":"product_tag-high-load-bearing","12":"product_tag-high-speed-bearing","13":"product_tag-industrial-bearing","14":"product_tag-oem-bearing-supplier","15":"product_tag-precision-bearing","16":"product_tag-spindle-bearing","17":"desktop-align-left","18":"tablet-align-left","19":"mobile-align-left","20":"ast-product-gallery-layout-horizontal-slider","21":"ast-product-gallery-with-no-image","22":"ast-product-tabs-layout-horizontal","24":"first","25":"instock","26":"shipping-taxable","27":"product-type-simple"},"_links":{"self":[{"href":"https:\/\/www.machinerybearings.com\/vi\/wp-json\/wp\/v2\/product\/2386","targetHints":{"allow":["GET"]}}],"collection":[{"href":"https:\/\/www.machinerybearings.com\/vi\/wp-json\/wp\/v2\/product"}],"about":[{"href":"https:\/\/www.machinerybearings.com\/vi\/wp-json\/wp\/v2\/types\/product"}],"replies":[{"embeddable":true,"href":"https:\/\/www.machinerybearings.com\/vi\/wp-json\/wp\/v2\/comments?post=2386"}],"wp:featuredmedia":[{"embeddable":true,"href":"https:\/\/www.machinerybearings.com\/vi\/wp-json\/wp\/v2\/media\/2549"}],"wp:attachment":[{"href":"https:\/\/www.machinerybearings.com\/vi\/wp-json\/wp\/v2\/media?parent=2386"}],"wp:term":[{"taxonomy":"product_brand","embeddable":true,"href":"https:\/\/www.machinerybearings.com\/vi\/wp-json\/wp\/v2\/product_brand?post=2386"},{"taxonomy":"product_cat","embeddable":true,"href":"https:\/\/www.machinerybearings.com\/vi\/wp-json\/wp\/v2\/product_cat?post=2386"},{"taxonomy":"product_tag","embeddable":true,"href":"https:\/\/www.machinerybearings.com\/vi\/wp-json\/wp\/v2\/product_tag?post=2386"}],"curies":[{"name":"wp","href":"https:\/\/api.w.org\/{rel}","templated":true}]}}