{"id":2417,"date":"2026-04-12T15:04:02","date_gmt":"2026-04-12T15:04:02","guid":{"rendered":"https:\/\/www.machinerybearings.com\/?post_type=product&#038;p=2417"},"modified":"2026-04-12T15:04:02","modified_gmt":"2026-04-12T15:04:02","slug":"uc205-insert-bearing-self-aligning-pillow-block-bearing-for-agricultural-industrial-applications","status":"publish","type":"product","link":"https:\/\/www.machinerybearings.com\/vi\/san-pham\/uc205-insert-bearing-self-aligning-pillow-block-bearing-for-agricultural-industrial-applications\/","title":{"rendered":"V\u00f2ng bi ch\u00e8n UC205 \u2013 V\u00f2ng bi kh\u1ed1i g\u1ed1i t\u1ef1 \u0111\u1ecbnh t\u00e2m cho c\u00e1c \u1ee9ng d\u1ee5ng n\u00f4ng nghi\u1ec7p v\u00e0 c\u00f4ng nghi\u1ec7p"},"content":{"rendered":"<p data-start=\"361\" data-end=\"638\">C\u00e1c <strong data-start=\"365\" data-end=\"389\">UC205 Insert Bearing<\/strong> is a self-aligning ball bearing designed for use in pillow block housing units. It features a spherical outer surface that allows easy alignment inside the housing, making installation simple and reducing shaft misalignment issues during operation.<\/p>\n<p data-start=\"640\" data-end=\"969\">Manufactured from high-quality chrome steel and available in stainless steel versions, the UC205 bearing provides smooth rotation, strong load capacity, and long service life. It is commonly used in agricultural machinery, conveyor systems, and general industrial equipment where reliable mounted bearing performance is required.<\/p>\n<p data-start=\"971\" data-end=\"1129\">The UC series insert bearings are designed for easy replacement and maintenance, making them a cost-effective solution for a wide range of mechanical systems.<\/p>\n<h1 data-section-id=\"8av2ty\" data-start=\"1136\" data-end=\"1154\"><span role=\"text\"><strong data-start=\"1138\" data-end=\"1154\">T\u00ednh n\u0103ng ch\u00ednh<\/strong><\/span><\/h1>\n<ul data-start=\"1156\" data-end=\"1488\">\n<li data-section-id=\"1h0ns4x\" data-start=\"1156\" data-end=\"1204\">Self-aligning spherical outer surface design<\/li>\n<li data-section-id=\"1sayxmv\" data-start=\"1205\" data-end=\"1251\">Easy installation in pillow block housings<\/li>\n<li data-section-id=\"1owb0yh\" data-start=\"1252\" data-end=\"1304\">Kh\u1ea3 n\u0103ng ch\u1ecbu t\u1ea3i h\u01b0\u1edbng t\u00e2m cao v\u00e0 hi\u1ec7u su\u1ea5t \u1ed5n \u0111\u1ecbnh<\/li>\n<li data-section-id=\"1lzu0yl\" data-start=\"1305\" data-end=\"1344\">\u0110\u01b0\u1ee3c b\u00f4i tr\u01a1n tr\u01b0\u1edbc \u0111\u1ec3 d\u1ec5 b\u1ea3o tr\u00ec<\/li>\n<li data-section-id=\"i60re3\" data-start=\"1345\" data-end=\"1395\">Sealed design for dust and moisture protection<\/li>\n<li data-section-id=\"1xt49vj\" data-start=\"1396\" data-end=\"1440\">Long service life and reliable operation<\/li>\n<li data-section-id=\"17mztoy\" data-start=\"1441\" data-end=\"1488\">Suitable for standard UC pillow block units<\/li>\n<\/ul>\n<h1 data-section-id=\"10k15yz\" data-start=\"1495\" data-end=\"1525\"><span role=\"text\"><strong data-start=\"1497\" data-end=\"1525\">Th\u00f4ng s\u1ed1 k\u1ef9 thu\u1eadt<\/strong><\/span><\/h1>\n<div class=\"TyagGW_tableContainer\">\n<div class=\"group TyagGW_tableWrapper flex flex-col-reverse w-fit\" tabindex=\"-1\">\n<table class=\"w-fit min-w-(--thread-content-width)\" data-start=\"1527\" data-end=\"1942\">\n<thead data-start=\"1527\" data-end=\"1548\">\n<tr data-start=\"1527\" data-end=\"1548\">\n<th class=\"\" data-start=\"1527\" data-end=\"1539\" data-col-size=\"sm\">Tham s\u1ed1<\/th>\n<th class=\"\" data-start=\"1539\" data-end=\"1548\" data-col-size=\"sm\">Gi\u00e1 tr\u1ecb<\/th>\n<\/tr>\n<\/thead>\n<tbody data-start=\"1569\" data-end=\"1942\">\n<tr data-start=\"1569\" data-end=\"1594\">\n<td data-start=\"1569\" data-end=\"1585\" data-col-size=\"sm\">M\u00f4 h\u00ecnh v\u00f2ng bi<\/td>\n<td data-col-size=\"sm\" data-start=\"1585\" data-end=\"1594\">UC205<\/td>\n<\/tr>\n<tr data-start=\"1595\" data-end=\"1625\">\n<td data-start=\"1595\" data-end=\"1616\" data-col-size=\"sm\">\u0110\u01b0\u1eddng k\u00ednh trong (d)<\/td>\n<td data-start=\"1616\" data-end=\"1625\" data-col-size=\"sm\">25 mm<\/td>\n<\/tr>\n<tr data-start=\"1626\" data-end=\"1656\">\n<td data-start=\"1626\" data-end=\"1647\" data-col-size=\"sm\">\u0110\u01b0\u1eddng k\u00ednh ngo\u00e0i (D)<\/td>\n<td data-start=\"1647\" data-end=\"1656\" data-col-size=\"sm\">52 mm<\/td>\n<\/tr>\n<tr data-start=\"1657\" data-end=\"1680\">\n<td data-start=\"1657\" data-end=\"1669\" data-col-size=\"sm\">Chi\u1ec1u r\u1ed9ng (B)<\/td>\n<td data-start=\"1669\" data-end=\"1680\" data-col-size=\"sm\">34.1 mm<\/td>\n<\/tr>\n<tr data-start=\"1681\" data-end=\"1731\">\n<td data-start=\"1681\" data-end=\"1696\" data-col-size=\"sm\">Lo\u1ea1i v\u00f2ng bi<\/td>\n<td data-start=\"1696\" data-end=\"1731\" data-col-size=\"sm\">Insert Ball Bearing (UC Series)<\/td>\n<\/tr>\n<tr data-start=\"1732\" data-end=\"1777\">\n<td data-start=\"1732\" data-end=\"1743\" data-col-size=\"sm\">V\u1eadt li\u1ec7u<\/td>\n<td data-start=\"1743\" data-end=\"1777\" data-col-size=\"sm\">Th\u00e9p m\u1ea1 cr\u00f4m \/ Th\u00e9p kh\u00f4ng g\u1ec9<\/td>\n<\/tr>\n<tr data-start=\"1778\" data-end=\"1831\">\n<td data-start=\"1778\" data-end=\"1802\" data-col-size=\"sm\">T\u00ednh t\u01b0\u01a1ng th\u00edch c\u1ee7a v\u1ecf<\/td>\n<td data-col-size=\"sm\" data-start=\"1802\" data-end=\"1831\">UCP205 \/ UCF205 \/ UCFL205<\/td>\n<\/tr>\n<tr data-start=\"1832\" data-end=\"1869\">\n<td data-start=\"1832\" data-end=\"1847\" data-col-size=\"sm\">Lo\u1ea1i ni\u00eam phong<\/td>\n<td data-start=\"1847\" data-end=\"1869\" data-col-size=\"sm\">Rubber Seals (2RS)<\/td>\n<\/tr>\n<tr data-start=\"1870\" data-end=\"1899\">\n<td data-start=\"1870\" data-end=\"1884\" data-col-size=\"sm\">B\u00f4i tr\u01a1n<\/td>\n<td data-start=\"1884\" data-end=\"1899\" data-col-size=\"sm\">\u0110\u00e3 \u0111\u01b0\u1ee3c b\u00f4i tr\u01a1n s\u1eb5n<\/td>\n<\/tr>\n<tr data-start=\"1900\" data-end=\"1942\">\n<td data-start=\"1900\" data-end=\"1924\" data-col-size=\"sm\">Nhi\u1ec7t \u0111\u1ed9 ho\u1ea1t \u0111\u1ed9ng<\/td>\n<td data-start=\"1924\" data-end=\"1942\" data-col-size=\"sm\">-20\u00b0C \u0111\u1ebfn 120\u00b0C<\/td>\n<\/tr>\n<\/tbody>\n<\/table>\n<\/div>\n<\/div>\n<h1 data-section-id=\"1p00fbj\" data-start=\"1949\" data-end=\"1967\"><span role=\"text\"><strong data-start=\"1951\" data-end=\"1967\">\u1ee8ng d\u1ee5ng<\/strong><\/span><\/h1>\n<p data-start=\"1969\" data-end=\"2012\">The UC205 insert bearing is widely used in:<\/p>\n<ul data-start=\"2014\" data-end=\"2167\">\n<li data-section-id=\"1n6ynun\" data-start=\"2014\" data-end=\"2040\">M\u00e1y m\u00f3c n\u00f4ng nghi\u1ec7p<\/li>\n<li data-section-id=\"176s2ln\" data-start=\"2041\" data-end=\"2061\">H\u1ec7 th\u1ed1ng b\u0103ng t\u1ea3i<\/li>\n<li data-section-id=\"io1u9n\" data-start=\"2062\" data-end=\"2083\">M\u00e1y m\u00f3c d\u1ec7t may<\/li>\n<li data-section-id=\"10kou17\" data-start=\"2084\" data-end=\"2113\">Food processing equipment<\/li>\n<li data-section-id=\"1pw9ji9\" data-start=\"2114\" data-end=\"2136\">Packaging machines<\/li>\n<li data-section-id=\"25txyz\" data-start=\"2137\" data-end=\"2167\">Thi\u1ebft b\u1ecb c\u00f4ng nghi\u1ec7p nh\u1eb9<\/li>\n<\/ul>\n<h1 data-section-id=\"zdmnob\" data-start=\"2174\" data-end=\"2193\"><span role=\"text\"><strong data-start=\"2176\" data-end=\"2193\">T\u1ea1i sao ch\u1ecdn ch\u00fang t\u00f4i<\/strong><\/span><\/h1>\n<ul data-start=\"2195\" data-end=\"2416\">\n<li data-section-id=\"17c68gd\" data-start=\"2195\" data-end=\"2244\">Cung c\u1ea5p \u1ed5n \u0111\u1ecbnh cho nh\u00e0 m\u00e1y v\u1edbi ch\u1ea5t l\u01b0\u1ee3ng \u0111\u1ed3ng nh\u1ea5t<\/li>\n<li data-section-id=\"f1n9gx\" data-start=\"2245\" data-end=\"2283\">OEM and custom packaging available<\/li>\n<li data-section-id=\"25hgpv\" data-start=\"2284\" data-end=\"2326\">T\u01b0\u01a1ng th\u00edch v\u1edbi c\u00e1c \u0111\u01a1n v\u1ecb v\u1ecf ti\u00eau chu\u1ea9n<\/li>\n<li data-section-id=\"1ons1n2\" data-start=\"2327\" data-end=\"2367\">Giao h\u00e0ng nhanh v\u00e0 h\u1ed7 tr\u1ee3 \u0111\u01a1n h\u00e0ng s\u1ed1 l\u01b0\u1ee3ng l\u1edbn<\/li>\n<li data-section-id=\"1kx8zsp\" data-start=\"2368\" data-end=\"2416\">H\u1ec7 th\u1ed1ng ki\u1ec3m tra nghi\u00eam ng\u1eb7t v\u00e0 ki\u1ec3m so\u00e1t ch\u1ea5t l\u01b0\u1ee3ng<\/li>\n<\/ul>\n<h1 data-section-id=\"1iusff4\" data-start=\"2423\" data-end=\"2432\"><span role=\"text\"><strong data-start=\"2425\" data-end=\"2432\">C\u00e2u h\u1ecfi th\u01b0\u1eddng g\u1eb7p<\/strong><\/span><\/h1>\n<p data-start=\"2434\" data-end=\"2597\"><strong data-start=\"2434\" data-end=\"2477\">Q1: What is an insert bearing used for?<\/strong><br data-start=\"2477\" data-end=\"2480\" \/>A: Insert bearings are used in mounted housing units to support rotating shafts with easy installation and alignment.<\/p>\n<p data-start=\"2599\" data-end=\"2735\"><strong data-start=\"2599\" data-end=\"2636\">Q2: Can UC205 be replaced easily?<\/strong><br data-start=\"2636\" data-end=\"2639\" \/>A: Yes, UC series bearings are designed for quick replacement in standard pillow block housings.<\/p>\n<p data-start=\"2737\" data-end=\"2866\"><strong data-start=\"2737\" data-end=\"2789\">Q3: Do you offer stainless steel UC205 bearings?<\/strong><br data-start=\"2789\" data-end=\"2792\" \/>A: Yes, stainless steel versions are available for corrosive environments.<\/p>","protected":false},"excerpt":{"rendered":"<p>C\u00e1c <strong data-start=\"365\" data-end=\"389\">UC205 Insert Bearing<\/strong> is a self-aligning ball bearing designed for use in pillow block housing units. It features a spherical outer surface that allows easy alignment inside the housing, making installation simple and reducing shaft misalignment issues during operation.<\/p>","protected":false},"featured_media":2599,"comment_status":"open","ping_status":"closed","template":"","meta":{"site-sidebar-layout":"default","site-content-layout":"","ast-site-content-layout":"default","site-content-style":"default","site-sidebar-style":"default","ast-global-header-display":"","ast-banner-title-visibility":"","ast-main-header-display":"","ast-hfb-above-header-display":"","ast-hfb-below-header-display":"","ast-hfb-mobile-header-display":"","site-post-title":"","ast-breadcrumbs-content":"","ast-featured-img":"","footer-sml-layout":"","ast-disable-related-posts":"","theme-transparent-header-meta":"default","adv-header-id-meta":"","stick-header-meta":"default","header-above-stick-meta":"","header-main-stick-meta":"","header-below-stick-meta":"","astra-migrate-meta-layouts":"set","ast-page-background-enabled":"default","ast-page-background-meta":{"desktop":{"background-color":"","background-image":"","background-repeat":"repeat","background-position":"center center","background-size":"auto","background-attachment":"scroll","background-type":"","background-media":"","overlay-type":"","overlay-color":"","overlay-opacity":"","overlay-gradient":""},"tablet":{"background-color":"","background-image":"","background-repeat":"repeat","background-position":"center center","background-size":"auto","background-attachment":"scroll","background-type":"","background-media":"","overlay-type":"","overlay-color":"","overlay-opacity":"","overlay-gradient":""},"mobile":{"background-color":"","background-image":"","background-repeat":"repeat","background-position":"center center","background-size":"auto","background-attachment":"scroll","background-type":"","background-media":"","overlay-type":"","overlay-color":"","overlay-opacity":"","overlay-gradient":""}},"ast-content-background-meta":{"desktop":{"background-color":"var(--ast-global-color-5)","background-image":"","background-repeat":"repeat","background-position":"center center","background-size":"auto","background-attachment":"scroll","background-type":"","background-media":"","overlay-type":"","overlay-color":"","overlay-opacity":"","overlay-gradient":""},"tablet":{"background-color":"var(--ast-global-color-5)","background-image":"","background-repeat":"repeat","background-position":"center center","background-size":"auto","background-attachment":"scroll","background-type":"","background-media":"","overlay-type":"","overlay-color":"","overlay-opacity":"","overlay-gradient":""},"mobile":{"background-color":"var(--ast-global-color-5)","background-image":"","background-repeat":"repeat","background-position":"center center","background-size":"auto","background-attachment":"scroll","background-type":"","background-media":"","overlay-type":"","overlay-color":"","overlay-opacity":"","overlay-gradient":""}}},"product_brand":[],"product_cat":[27],"product_tag":[160,161,45,156,159,72,157,162,158,155],"class_list":{"0":"post-2417","1":"product","2":"type-product","3":"status-publish","4":"has-post-thumbnail","6":"product_cat-insert-bearings","7":"product_tag-agricultural-bearing","8":"product_tag-bearing-housing-unit","9":"product_tag-industrial-bearing","10":"product_tag-insert-bearing","11":"product_tag-mounted-bearing","12":"product_tag-oem-bearing-supplier","13":"product_tag-pillow-block-bearing","14":"product_tag-self-aligning-bearing","15":"product_tag-uc-series-bearing","16":"product_tag-uc205-bearing","17":"desktop-align-left","18":"tablet-align-left","19":"mobile-align-left","20":"ast-product-gallery-layout-horizontal-slider","21":"ast-product-gallery-with-no-image","22":"ast-product-tabs-layout-horizontal","24":"first","25":"instock","26":"shipping-taxable","27":"product-type-simple"},"_links":{"self":[{"href":"https:\/\/www.machinerybearings.com\/vi\/wp-json\/wp\/v2\/product\/2417","targetHints":{"allow":["GET"]}}],"collection":[{"href":"https:\/\/www.machinerybearings.com\/vi\/wp-json\/wp\/v2\/product"}],"about":[{"href":"https:\/\/www.machinerybearings.com\/vi\/wp-json\/wp\/v2\/types\/product"}],"replies":[{"embeddable":true,"href":"https:\/\/www.machinerybearings.com\/vi\/wp-json\/wp\/v2\/comments?post=2417"}],"wp:featuredmedia":[{"embeddable":true,"href":"https:\/\/www.machinerybearings.com\/vi\/wp-json\/wp\/v2\/media\/2599"}],"wp:attachment":[{"href":"https:\/\/www.machinerybearings.com\/vi\/wp-json\/wp\/v2\/media?parent=2417"}],"wp:term":[{"taxonomy":"product_brand","embeddable":true,"href":"https:\/\/www.machinerybearings.com\/vi\/wp-json\/wp\/v2\/product_brand?post=2417"},{"taxonomy":"product_cat","embeddable":true,"href":"https:\/\/www.machinerybearings.com\/vi\/wp-json\/wp\/v2\/product_cat?post=2417"},{"taxonomy":"product_tag","embeddable":true,"href":"https:\/\/www.machinerybearings.com\/vi\/wp-json\/wp\/v2\/product_tag?post=2417"}],"curies":[{"name":"wp","href":"https:\/\/api.w.org\/{rel}","templated":true}]}}