{"id":2422,"date":"2026-04-12T15:14:52","date_gmt":"2026-04-12T15:14:52","guid":{"rendered":"https:\/\/www.machinerybearings.com\/?post_type=product&#038;p=2422"},"modified":"2026-05-04T14:10:09","modified_gmt":"2026-05-04T14:10:09","slug":"ucp205-pillow-block-insert-bearing-unit-self-aligning-mounted-bearing-for-industrial-applications","status":"publish","type":"product","link":"https:\/\/www.machinerybearings.com\/vi\/san-pham\/ucp205-pillow-block-insert-bearing-unit-self-aligning-mounted-bearing-for-industrial-applications\/","title":{"rendered":"\u0110\u01a1n v\u1ecb v\u00f2ng bi ch\u00e8n kh\u1ed1i g\u1ed1i UCP205 \u2013 V\u00f2ng bi g\u1eafn t\u1ef1 \u0111\u1ecbnh t\u00e2m cho c\u00e1c \u1ee9ng d\u1ee5ng c\u00f4ng nghi\u1ec7p"},"content":{"rendered":"<p data-start=\"363\" data-end=\"674\">C\u00e1c <strong data-start=\"367\" data-end=\"410\">\u0110\u01a1n v\u1ecb \u1ed5 bi ch\u00e8n kh\u1ed1i \u0111\u1ec7m UCP205<\/strong> l\u00e0 m\u1ed9t gi\u1ea3i ph\u00e1p \u1ed5 bi g\u1eafn k\u1ebft \u0111\u01b0\u1ee3c s\u1eed d\u1ee5ng r\u1ed9ng r\u00e3i bao g\u1ed3m m\u1ed9t <strong data-start=\"469\" data-end=\"529\">\u1ed5 bi ch\u00e8n UC205 v\u00e0 m\u1ed9t v\u1ecf kh\u1ed1i \u0111\u1ec7m lo\u1ea1i P<\/strong>. N\u00f3 \u0111\u01b0\u1ee3c thi\u1ebft k\u1ebf \u0111\u1ec3 l\u1eafp \u0111\u1eb7t d\u1ec5 d\u00e0ng, h\u1ed7 tr\u1ee3 tr\u1ee5c \u0111\u00e1ng tin c\u1eady v\u00e0 ho\u1ea1t \u0111\u1ed9ng \u1ed5n \u0111\u1ecbnh trong nhi\u1ec1u \u1ee9ng d\u1ee5ng c\u00f4ng nghi\u1ec7p v\u00e0 n\u00f4ng nghi\u1ec7p.<\/p>\n<p data-start=\"676\" data-end=\"1021\">\u1ed4 bi ch\u00e8n UC205 c\u00f3 b\u1ec1 m\u1eb7t ngo\u00e0i h\u00ecnh c\u1ea7u cho ph\u00e9p t\u1ef1 \u0111\u1ecbnh t\u00e2m trong v\u1ecf, gi\u00fap b\u00f9 \u0111\u1eafp cho s\u1ef1 kh\u00f4ng th\u1eb3ng h\u00e0ng c\u1ee7a tr\u1ee5c v\u00e0 gi\u1ea3m c\u0103ng th\u1eb3ng l\u1eafp \u0111\u1eb7t. K\u1ebft h\u1ee3p v\u1edbi m\u1ed9t v\u1ecf kh\u1ed1i \u0111\u1ec7m b\u1eb1ng gang ch\u1eafc ch\u1eafn, \u0111\u01a1n v\u1ecb UCP205 cung c\u1ea5p \u0111\u1ed9 b\u1ec1n tuy\u1ec7t v\u1eddi v\u00e0 tu\u1ed5i th\u1ecd d\u00e0i ngay c\u1ea3 trong \u0111i\u1ec1u ki\u1ec7n t\u1ea3i li\u00ean t\u1ee5c.<\/p>\n<p data-start=\"1023\" data-end=\"1160\">\u0110\u01a1n v\u1ecb \u1ed5 bi n\u00e0y \u0111\u01b0\u1ee3c b\u00f4i tr\u01a1n tr\u01b0\u1edbc v\u00e0 \u0111\u01b0\u1ee3c ni\u00eam phong, gi\u00fap gi\u1ea3m thi\u1ec3u b\u1ea3o tr\u00ec v\u00e0 ph\u00f9 h\u1ee3p cho ho\u1ea1t \u0111\u1ed9ng l\u00e2u d\u00e0i trong m\u00f4i tr\u01b0\u1eddng kh\u1eafc nghi\u1ec7t.<\/p>\n<h1 data-section-id=\"8av2ty\" data-start=\"1167\" data-end=\"1185\"><span role=\"text\"><strong data-start=\"1169\" data-end=\"1185\">T\u00ednh n\u0103ng ch\u00ednh<\/strong><\/span><\/h1>\n<ul data-start=\"1187\" data-end=\"1537\">\n<li data-section-id=\"1eo27wa\" data-start=\"1187\" data-end=\"1254\">\u0110\u01a1n v\u1ecb ho\u00e0n ch\u1ec9nh: \u1ed5 bi ch\u00e8n UC205 + v\u1ecf kh\u1ed1i \u0111\u1ec7m P205<\/li>\n<li data-section-id=\"41j4o2\" data-start=\"1255\" data-end=\"1307\">Thi\u1ebft k\u1ebf t\u1ef1 \u0111\u1ecbnh t\u00e2m gi\u1ea3m l\u1ed7i l\u1eafp \u0111\u1eb7t<\/li>\n<li data-section-id=\"g14pap\" data-start=\"1308\" data-end=\"1356\">V\u1ecf gang ch\u1eafc ch\u1eafn cho \u0111\u1ed9 b\u1ec1n cao<\/li>\n<li data-section-id=\"1jun2sr\" data-start=\"1357\" data-end=\"1403\">\u0110\u01b0\u1ee3c b\u00f4i m\u1ee1 tr\u01b0\u1edbc cho ho\u1ea1t \u0111\u1ed9ng kh\u00f4ng c\u1ea7n b\u1ea3o tr\u00ec<\/li>\n<li data-section-id=\"1owb0yh\" data-start=\"1404\" data-end=\"1456\">Kh\u1ea3 n\u0103ng ch\u1ecbu t\u1ea3i h\u01b0\u1edbng t\u00e2m cao v\u00e0 hi\u1ec7u su\u1ea5t \u1ed5n \u0111\u1ecbnh<\/li>\n<li data-section-id=\"1l42fwv\" data-start=\"1457\" data-end=\"1494\">L\u1eafp \u0111\u1eb7t v\u00e0 thay th\u1ebf d\u1ec5 d\u00e0ng<\/li>\n<li data-section-id=\"1398rv\" data-start=\"1495\" data-end=\"1537\">Ph\u00f9 h\u1ee3p cho s\u1eed d\u1ee5ng c\u00f4ng nghi\u1ec7p li\u00ean t\u1ee5c<\/li>\n<\/ul>\n<h1 data-section-id=\"10k15yz\" data-start=\"1544\" data-end=\"1574\"><span role=\"text\"><strong data-start=\"1546\" data-end=\"1574\">Th\u00f4ng s\u1ed1 k\u1ef9 thu\u1eadt<\/strong><\/span><\/h1>\n<div class=\"TyagGW_tableContainer\">\n<div class=\"group TyagGW_tableWrapper flex flex-col-reverse w-fit\" tabindex=\"-1\">\n<table class=\"w-fit min-w-(--thread-content-width)\" data-start=\"1576\" data-end=\"1960\">\n<thead data-start=\"1576\" data-end=\"1597\">\n<tr data-start=\"1576\" data-end=\"1597\">\n<th class=\"\" data-start=\"1576\" data-end=\"1588\" data-col-size=\"sm\">Tham s\u1ed1<\/th>\n<th class=\"\" data-start=\"1588\" data-end=\"1597\" data-col-size=\"sm\">Gi\u00e1 tr\u1ecb<\/th>\n<\/tr>\n<\/thead>\n<tbody data-start=\"1618\" data-end=\"1960\">\n<tr data-start=\"1618\" data-end=\"1644\">\n<td data-start=\"1618\" data-end=\"1634\" data-col-size=\"sm\">M\u00f4 h\u00ecnh v\u00f2ng bi<\/td>\n<td data-start=\"1634\" data-end=\"1644\" data-col-size=\"sm\">UCP205<\/td>\n<\/tr>\n<tr data-start=\"1645\" data-end=\"1671\">\n<td data-start=\"1645\" data-end=\"1662\" data-col-size=\"sm\">\u1ed4 bi ch\u00e8n<\/td>\n<td data-start=\"1662\" data-end=\"1671\" data-col-size=\"sm\">UC205<\/td>\n<\/tr>\n<tr data-start=\"1672\" data-end=\"1712\">\n<td data-start=\"1672\" data-end=\"1687\" data-col-size=\"sm\">Lo\u1ea1i v\u1ecf<\/td>\n<td data-start=\"1687\" data-end=\"1712\" data-col-size=\"sm\">Kh\u1ed1i \u0111\u1ec7m lo\u1ea1i P<\/td>\n<\/tr>\n<tr data-start=\"1713\" data-end=\"1739\">\n<td data-start=\"1713\" data-end=\"1730\" data-col-size=\"sm\">\u0110\u01b0\u1eddng k\u00ednh tr\u1ee5c<\/td>\n<td data-start=\"1730\" data-end=\"1739\" data-col-size=\"sm\">25 mm<\/td>\n<\/tr>\n<tr data-start=\"1740\" data-end=\"1772\">\n<td data-start=\"1740\" data-end=\"1759\" data-col-size=\"sm\">V\u1eadt li\u1ec7u v\u1ecf<\/td>\n<td data-start=\"1759\" data-end=\"1772\" data-col-size=\"sm\">Gang<\/td>\n<\/tr>\n<tr data-start=\"1773\" data-end=\"1808\">\n<td data-start=\"1773\" data-end=\"1792\" data-col-size=\"sm\">V\u1eadt li\u1ec7u \u1ed5 bi<\/td>\n<td data-start=\"1792\" data-end=\"1808\" data-col-size=\"sm\">Th\u00e9p m\u1ea1 cr\u00f4m<\/td>\n<\/tr>\n<tr data-start=\"1809\" data-end=\"1847\">\n<td data-start=\"1809\" data-end=\"1824\" data-col-size=\"sm\">Lo\u1ea1i ni\u00eam phong<\/td>\n<td data-start=\"1824\" data-end=\"1847\" data-col-size=\"sm\">Ni\u00eam phong cao su (2RS)<\/td>\n<\/tr>\n<tr data-start=\"1848\" data-end=\"1877\">\n<td data-start=\"1848\" data-end=\"1862\" data-col-size=\"sm\">B\u00f4i tr\u01a1n<\/td>\n<td data-start=\"1862\" data-end=\"1877\" data-col-size=\"sm\">\u0110\u00e3 \u0111\u01b0\u1ee3c b\u00f4i tr\u01a1n s\u1eb5n<\/td>\n<\/tr>\n<tr data-start=\"1878\" data-end=\"1917\">\n<td data-start=\"1878\" data-end=\"1894\" data-col-size=\"sm\">Lo\u1ea1i l\u1eafp \u0111\u1eb7t<\/td>\n<td data-start=\"1894\" data-end=\"1917\" data-col-size=\"sm\">G\u1eafn tr\u00ean n\u1ec1n t\u1ea3ng 2 bu l\u00f4ng<\/td>\n<\/tr>\n<tr data-start=\"1918\" data-end=\"1960\">\n<td data-start=\"1918\" data-end=\"1942\" data-col-size=\"sm\">Nhi\u1ec7t \u0111\u1ed9 ho\u1ea1t \u0111\u1ed9ng<\/td>\n<td data-start=\"1942\" data-end=\"1960\" data-col-size=\"sm\">-20\u00b0C \u0111\u1ebfn 120\u00b0C<\/td>\n<\/tr>\n<\/tbody>\n<\/table>\n<\/div>\n<\/div>\n<h1 data-section-id=\"1p00fbj\" data-start=\"1967\" data-end=\"1985\"><span role=\"text\"><strong data-start=\"1969\" data-end=\"1985\">\u1ee8ng d\u1ee5ng<\/strong><\/span><\/h1>\n<p data-start=\"1987\" data-end=\"2042\">\u0110\u01a1n v\u1ecb \u1ed5 bi kh\u1ed1i \u0111\u1ec7m UCP205 \u0111\u01b0\u1ee3c s\u1eed d\u1ee5ng r\u1ed9ng r\u00e3i trong:<\/p>\n<ul data-start=\"2044\" data-end=\"2208\">\n<li data-section-id=\"176s2ln\" data-start=\"2044\" data-end=\"2064\">H\u1ec7 th\u1ed1ng b\u0103ng t\u1ea3i<\/li>\n<li data-section-id=\"1n6ynun\" data-start=\"2065\" data-end=\"2091\">M\u00e1y m\u00f3c n\u00f4ng nghi\u1ec7p<\/li>\n<li data-section-id=\"1htpp6l\" data-start=\"2092\" data-end=\"2115\">Thi\u1ebft b\u1ecb \u0111\u00f3ng g\u00f3i<\/li>\n<li data-section-id=\"io1u9n\" data-start=\"2116\" data-end=\"2137\">M\u00e1y m\u00f3c d\u1ec7t may<\/li>\n<li data-section-id=\"i9rybb\" data-start=\"2138\" data-end=\"2166\">M\u00e1y m\u00f3c ch\u1ebf bi\u1ebfn th\u1ef1c ph\u1ea9m<\/li>\n<li data-section-id=\"1075gc1\" data-start=\"2167\" data-end=\"2208\">H\u1ec7 th\u1ed1ng truy\u1ec1n \u0111\u1ed9ng c\u00f4ng nghi\u1ec7p nh\u1eb9<\/li>\n<\/ul>\n<h1 data-section-id=\"zdmnob\" data-start=\"2215\" data-end=\"2234\"><span role=\"text\"><strong data-start=\"2217\" data-end=\"2234\">T\u1ea1i sao ch\u1ecdn ch\u00fang t\u00f4i<\/strong><\/span><\/h1>\n<ul data-start=\"2236\" data-end=\"2459\">\n<li data-section-id=\"17c68gd\" data-start=\"2236\" data-end=\"2285\">Cung c\u1ea5p \u1ed5n \u0111\u1ecbnh cho nh\u00e0 m\u00e1y v\u1edbi ch\u1ea5t l\u01b0\u1ee3ng \u0111\u1ed3ng nh\u1ea5t<\/li>\n<li data-section-id=\"1ccoc9p\" data-start=\"2286\" data-end=\"2326\">Nh\u00e0 \u1edf OEM v\u00e0 t\u00f9y ch\u1ec9nh c\u00f3 s\u1eb5n<\/li>\n<li data-section-id=\"19poq3t\" data-start=\"2327\" data-end=\"2376\">T\u01b0\u01a1ng th\u00edch v\u1edbi c\u00e1c h\u1ec7 th\u1ed1ng kh\u1ed1i \u0111\u1ec7m ti\u00eau chu\u1ea9n<\/li>\n<li data-section-id=\"1ons1n2\" data-start=\"2377\" data-end=\"2417\">Giao h\u00e0ng nhanh v\u00e0 h\u1ed7 tr\u1ee3 \u0111\u01a1n h\u00e0ng s\u1ed1 l\u01b0\u1ee3ng l\u1edbn<\/li>\n<li data-section-id=\"1w1qi25\" data-start=\"2418\" data-end=\"2459\">Ki\u1ec3m tra v\u00e0 th\u1eed nghi\u1ec7m ch\u1ea5t l\u01b0\u1ee3ng nghi\u00eam ng\u1eb7t<\/li>\n<\/ul>\n<h1 data-section-id=\"1iusff4\" data-start=\"2466\" data-end=\"2475\"><span role=\"text\"><strong data-start=\"2468\" data-end=\"2475\">C\u00e2u h\u1ecfi th\u01b0\u1eddng g\u1eb7p<\/strong><\/span><\/h1>\n<p data-start=\"2477\" data-end=\"2631\"><strong data-start=\"2477\" data-end=\"2512\">Q1: \u0110\u01a1n v\u1ecb \u1ed5 bi UCP l\u00e0 g\u00ec?<\/strong><br data-start=\"2512\" data-end=\"2515\" \/>A: \u0110\u00e2y l\u00e0 m\u1ed9t \u0111\u01a1n v\u1ecb \u1ed5 bi g\u1eafn k\u1ebft bao g\u1ed3m m\u1ed9t \u1ed5 bi ch\u00e8n UC v\u00e0 m\u1ed9t v\u1ecf kh\u1ed1i \u0111\u1ec7m \u0111\u1ec3 h\u1ed7 tr\u1ee3 tr\u1ee5c d\u1ec5 d\u00e0ng.<\/p>\n<p data-start=\"2633\" data-end=\"2751\"><strong data-start=\"2633\" data-end=\"2671\">Q2: UCP205 c\u00f3 th\u1ec3 \u0111\u01b0\u1ee3c thay th\u1ebf d\u1ec5 d\u00e0ng kh\u00f4ng?<\/strong><br data-start=\"2671\" data-end=\"2674\" \/>A: C\u00f3, n\u00f3 \u0111\u01b0\u1ee3c thi\u1ebft k\u1ebf \u0111\u1ec3 thay th\u1ebf ti\u00eau chu\u1ea9n trong c\u00e1c h\u1ec7 th\u1ed1ng c\u00f4ng nghi\u1ec7p.<\/p>\n<p data-start=\"2753\" data-end=\"2906\"><strong data-start=\"2753\" data-end=\"2804\">Q3: N\u00f3 c\u00f3 ph\u00f9 h\u1ee3p cho c\u00e1c \u1ee9ng d\u1ee5ng t\u1ea3i n\u1eb7ng kh\u00f4ng?<\/strong><br data-start=\"2804\" data-end=\"2807\" \/>A: N\u00f3 ph\u00f9 h\u1ee3p cho c\u00e1c \u1ee9ng d\u1ee5ng t\u1ea3i trung b\u00ecnh v\u00e0 ho\u1ea1t \u0111\u1ed9ng li\u00ean t\u1ee5c trong m\u00f4i tr\u01b0\u1eddng c\u00f4ng nghi\u1ec7p.<\/p>","protected":false},"excerpt":{"rendered":"<p>C\u00e1c <strong data-start=\"367\" data-end=\"410\">\u0110\u01a1n v\u1ecb \u1ed5 bi ch\u00e8n kh\u1ed1i \u0111\u1ec7m UCP205<\/strong> l\u00e0 m\u1ed9t gi\u1ea3i ph\u00e1p \u1ed5 bi g\u1eafn k\u1ebft \u0111\u01b0\u1ee3c s\u1eed d\u1ee5ng r\u1ed9ng r\u00e3i bao g\u1ed3m m\u1ed9t <strong data-start=\"469\" data-end=\"529\">\u1ed5 bi ch\u00e8n UC205 v\u00e0 m\u1ed9t v\u1ecf kh\u1ed1i \u0111\u1ec7m lo\u1ea1i P<\/strong>. N\u00f3 \u0111\u01b0\u1ee3c thi\u1ebft k\u1ebf \u0111\u1ec3 l\u1eafp \u0111\u1eb7t d\u1ec5 d\u00e0ng, h\u1ed7 tr\u1ee3 tr\u1ee5c \u0111\u00e1ng tin c\u1eady v\u00e0 ho\u1ea1t \u0111\u1ed9ng \u1ed5n \u0111\u1ecbnh trong nhi\u1ec1u \u1ee9ng d\u1ee5ng c\u00f4ng nghi\u1ec7p v\u00e0 n\u00f4ng nghi\u1ec7p.<\/p>","protected":false},"featured_media":2602,"comment_status":"open","ping_status":"closed","template":"","meta":{"site-sidebar-layout":"default","site-content-layout":"","ast-site-content-layout":"default","site-content-style":"default","site-sidebar-style":"default","ast-global-header-display":"","ast-banner-title-visibility":"","ast-main-header-display":"","ast-hfb-above-header-display":"","ast-hfb-below-header-display":"","ast-hfb-mobile-header-display":"","site-post-title":"","ast-breadcrumbs-content":"","ast-featured-img":"","footer-sml-layout":"","ast-disable-related-posts":"","theme-transparent-header-meta":"default","adv-header-id-meta":"","stick-header-meta":"default","header-above-stick-meta":"","header-main-stick-meta":"","header-below-stick-meta":"","astra-migrate-meta-layouts":"set","ast-page-background-enabled":"default","ast-page-background-meta":{"desktop":{"background-color":"","background-image":"","background-repeat":"repeat","background-position":"center center","background-size":"auto","background-attachment":"scroll","background-type":"","background-media":"","overlay-type":"","overlay-color":"","overlay-opacity":"","overlay-gradient":""},"tablet":{"background-color":"","background-image":"","background-repeat":"repeat","background-position":"center center","background-size":"auto","background-attachment":"scroll","background-type":"","background-media":"","overlay-type":"","overlay-color":"","overlay-opacity":"","overlay-gradient":""},"mobile":{"background-color":"","background-image":"","background-repeat":"repeat","background-position":"center center","background-size":"auto","background-attachment":"scroll","background-type":"","background-media":"","overlay-type":"","overlay-color":"","overlay-opacity":"","overlay-gradient":""}},"ast-content-background-meta":{"desktop":{"background-color":"var(--ast-global-color-5)","background-image":"","background-repeat":"repeat","background-position":"center center","background-size":"auto","background-attachment":"scroll","background-type":"","background-media":"","overlay-type":"","overlay-color":"","overlay-opacity":"","overlay-gradient":""},"tablet":{"background-color":"var(--ast-global-color-5)","background-image":"","background-repeat":"repeat","background-position":"center center","background-size":"auto","background-attachment":"scroll","background-type":"","background-media":"","overlay-type":"","overlay-color":"","overlay-opacity":"","overlay-gradient":""},"mobile":{"background-color":"var(--ast-global-color-5)","background-image":"","background-repeat":"repeat","background-position":"center center","background-size":"auto","background-attachment":"scroll","background-type":"","background-media":"","overlay-type":"","overlay-color":"","overlay-opacity":"","overlay-gradient":""}}},"product_brand":[],"product_cat":[27],"product_tag":[161,45,171,159,72,157,172,162,155,170],"class_list":{"0":"post-2422","1":"product","2":"type-product","3":"status-publish","4":"has-post-thumbnail","6":"product_cat-insert-bearings","7":"product_tag-bearing-housing-unit","8":"product_tag-industrial-bearing","9":"product_tag-insert-bearing-unit","10":"product_tag-mounted-bearing","11":"product_tag-oem-bearing-supplier","12":"product_tag-pillow-block-bearing","13":"product_tag-plummer-block-bearing","14":"product_tag-self-aligning-bearing","15":"product_tag-uc205-bearing","16":"product_tag-ucp205-bearing","17":"desktop-align-left","18":"tablet-align-left","19":"mobile-align-left","20":"ast-product-gallery-layout-horizontal-slider","21":"ast-product-gallery-with-no-image","22":"ast-product-tabs-layout-horizontal","24":"first","25":"instock","26":"shipping-taxable","27":"product-type-simple"},"_links":{"self":[{"href":"https:\/\/www.machinerybearings.com\/vi\/wp-json\/wp\/v2\/product\/2422","targetHints":{"allow":["GET"]}}],"collection":[{"href":"https:\/\/www.machinerybearings.com\/vi\/wp-json\/wp\/v2\/product"}],"about":[{"href":"https:\/\/www.machinerybearings.com\/vi\/wp-json\/wp\/v2\/types\/product"}],"replies":[{"embeddable":true,"href":"https:\/\/www.machinerybearings.com\/vi\/wp-json\/wp\/v2\/comments?post=2422"}],"wp:featuredmedia":[{"embeddable":true,"href":"https:\/\/www.machinerybearings.com\/vi\/wp-json\/wp\/v2\/media\/2602"}],"wp:attachment":[{"href":"https:\/\/www.machinerybearings.com\/vi\/wp-json\/wp\/v2\/media?parent=2422"}],"wp:term":[{"taxonomy":"product_brand","embeddable":true,"href":"https:\/\/www.machinerybearings.com\/vi\/wp-json\/wp\/v2\/product_brand?post=2422"},{"taxonomy":"product_cat","embeddable":true,"href":"https:\/\/www.machinerybearings.com\/vi\/wp-json\/wp\/v2\/product_cat?post=2422"},{"taxonomy":"product_tag","embeddable":true,"href":"https:\/\/www.machinerybearings.com\/vi\/wp-json\/wp\/v2\/product_tag?post=2422"}],"curies":[{"name":"wp","href":"https:\/\/api.w.org\/{rel}","templated":true}]}}