{"id":2426,"date":"2026-04-12T15:23:58","date_gmt":"2026-04-12T15:23:58","guid":{"rendered":"https:\/\/www.machinerybearings.com\/?post_type=product&#038;p=2426"},"modified":"2026-05-04T13:15:43","modified_gmt":"2026-05-04T13:15:43","slug":"sn205-plummer-block-housing-heavy-duty-bearing-housing-for-industrial-shaft-support","status":"publish","type":"product","link":"https:\/\/www.machinerybearings.com\/vi\/san-pham\/sn205-plummer-block-housing-heavy-duty-bearing-housing-for-industrial-shaft-support\/","title":{"rendered":"Nh\u00e0 \u1edf kh\u1ed1i Plummer SN205 \u2013 Nh\u00e0 \u1edf v\u00f2ng bi n\u1eb7ng cho h\u1ed7 tr\u1ee3 tr\u1ee5c c\u00f4ng nghi\u1ec7p"},"content":{"rendered":"<p data-start=\"366\" data-end=\"673\">C\u00e1c <strong data-start=\"370\" data-end=\"401\">SN205 Plummer Block Housing<\/strong> is a robust split-type bearing housing designed to support mounted shaft systems in heavy industrial applications. It is commonly used with cylindrical roller bearings or spherical roller bearings to provide stable shaft support, high load capacity, and easy maintenance.<\/p>\n<p data-start=\"675\" data-end=\"975\">Manufactured from high-strength cast iron or ductile iron, the SN205 housing offers excellent rigidity, vibration resistance, and long service life. Its split design allows easy installation and removal of bearings without dismantling the entire shaft system, significantly reducing maintenance time.<\/p>\n<p data-start=\"977\" data-end=\"1190\">The SN series plummer block housings are widely used in conveyors, mining equipment, steel production lines, and general industrial machinery where reliable shaft alignment and heavy load performance are required.<\/p>\n<h1 data-section-id=\"8av2ty\" data-start=\"1197\" data-end=\"1215\"><span role=\"text\"><strong data-start=\"1199\" data-end=\"1215\">T\u00ednh n\u0103ng ch\u00ednh<\/strong><\/span><\/h1>\n<ul data-start=\"1217\" data-end=\"1588\">\n<li data-section-id=\"1x2kwfq\" data-start=\"1217\" data-end=\"1279\">Split housing design for easy installation and maintenance<\/li>\n<li data-section-id=\"vyswbv\" data-start=\"1280\" data-end=\"1339\">High strength cast iron construction for heavy-duty use<\/li>\n<li data-section-id=\"1lrcjul\" data-start=\"1340\" data-end=\"1391\">Excellent load capacity and structural rigidity<\/li>\n<li data-section-id=\"xkc3xt\" data-start=\"1392\" data-end=\"1453\">Compatible with cylindrical and spherical roller bearings<\/li>\n<li data-section-id=\"ffjw2r\" data-start=\"1454\" data-end=\"1496\">Strong vibration and impact resistance<\/li>\n<li data-section-id=\"1dvj9rz\" data-start=\"1497\" data-end=\"1545\">Designed for continuous industrial operation<\/li>\n<li data-section-id=\"1u1aryh\" data-start=\"1546\" data-end=\"1588\">Easy lubrication and inspection access<\/li>\n<\/ul>\n<h1 data-section-id=\"10k15yz\" data-start=\"1595\" data-end=\"1625\"><span role=\"text\"><strong data-start=\"1597\" data-end=\"1625\">Th\u00f4ng s\u1ed1 k\u1ef9 thu\u1eadt<\/strong><\/span><\/h1>\n<div class=\"TyagGW_tableContainer\">\n<div class=\"group TyagGW_tableWrapper flex flex-col-reverse w-fit\" tabindex=\"-1\">\n<table class=\"w-fit min-w-(--thread-content-width)\" data-start=\"1627\" data-end=\"2085\">\n<thead data-start=\"1627\" data-end=\"1648\">\n<tr data-start=\"1627\" data-end=\"1648\">\n<th class=\"\" data-start=\"1627\" data-end=\"1639\" data-col-size=\"sm\">Tham s\u1ed1<\/th>\n<th class=\"\" data-start=\"1639\" data-end=\"1648\" data-col-size=\"md\">Gi\u00e1 tr\u1ecb<\/th>\n<\/tr>\n<\/thead>\n<tbody data-start=\"1669\" data-end=\"2085\">\n<tr data-start=\"1669\" data-end=\"1686\">\n<td data-start=\"1669\" data-end=\"1677\" data-col-size=\"sm\">M\u1eabu<\/td>\n<td data-start=\"1677\" data-end=\"1686\" data-col-size=\"md\">SN205<\/td>\n<\/tr>\n<tr data-start=\"1687\" data-end=\"1754\">\n<td data-start=\"1687\" data-end=\"1711\" data-col-size=\"sm\">Bearing Compatibility<\/td>\n<td data-start=\"1711\" data-end=\"1754\" data-col-size=\"md\">Cylindrical \/ Spherical Roller Bearings<\/td>\n<\/tr>\n<tr data-start=\"1755\" data-end=\"1801\">\n<td data-start=\"1755\" data-end=\"1770\" data-col-size=\"sm\">Lo\u1ea1i v\u1ecf<\/td>\n<td data-start=\"1770\" data-end=\"1801\" data-col-size=\"md\">Split Plummer Block Housing<\/td>\n<\/tr>\n<tr data-start=\"1802\" data-end=\"1841\">\n<td data-start=\"1802\" data-end=\"1813\" data-col-size=\"sm\">V\u1eadt li\u1ec7u<\/td>\n<td data-start=\"1813\" data-end=\"1841\" data-col-size=\"md\">Cast Iron \/ Ductile Iron<\/td>\n<\/tr>\n<tr data-start=\"1842\" data-end=\"1905\">\n<td data-start=\"1842\" data-end=\"1859\" data-col-size=\"sm\">\u0110\u01b0\u1eddng k\u00ednh tr\u1ee5c<\/td>\n<td data-start=\"1859\" data-end=\"1905\" data-col-size=\"md\">Standard SN205 fit (application dependent)<\/td>\n<\/tr>\n<tr data-start=\"1906\" data-end=\"1951\">\n<td data-start=\"1906\" data-end=\"1922\" data-col-size=\"sm\">Lo\u1ea1i l\u1eafp \u0111\u1eb7t<\/td>\n<td data-start=\"1922\" data-end=\"1951\" data-col-size=\"md\">Base mounted (bolt fixed)<\/td>\n<\/tr>\n<tr data-start=\"1952\" data-end=\"2003\">\n<td data-start=\"1952\" data-end=\"1966\" data-col-size=\"sm\">B\u00f4i tr\u01a1n<\/td>\n<td data-start=\"1966\" data-end=\"2003\" data-col-size=\"md\">Grease or oil lubrication options<\/td>\n<\/tr>\n<tr data-start=\"2004\" data-end=\"2046\">\n<td data-start=\"2004\" data-end=\"2028\" data-col-size=\"sm\">Nhi\u1ec7t \u0111\u1ed9 ho\u1ea1t \u0111\u1ed9ng<\/td>\n<td data-col-size=\"md\" data-start=\"2028\" data-end=\"2046\">-20\u00b0C \u0111\u1ebfn 150\u00b0C<\/td>\n<\/tr>\n<tr data-start=\"2047\" data-end=\"2085\">\n<td data-start=\"2047\" data-end=\"2059\" data-col-size=\"sm\">C\u1ea5u tr\u00fac<\/td>\n<td data-start=\"2059\" data-end=\"2085\" data-col-size=\"md\">Two-piece split design<\/td>\n<\/tr>\n<\/tbody>\n<\/table>\n<\/div>\n<\/div>\n<h1 data-section-id=\"1p00fbj\" data-start=\"2092\" data-end=\"2110\"><span role=\"text\"><strong data-start=\"2094\" data-end=\"2110\">\u1ee8ng d\u1ee5ng<\/strong><\/span><\/h1>\n<p data-start=\"2112\" data-end=\"2162\">The SN205 plummer block housing is widely used in:<\/p>\n<ul data-start=\"2164\" data-end=\"2357\">\n<li data-section-id=\"176s2ln\" data-start=\"2164\" data-end=\"2184\">H\u1ec7 th\u1ed1ng b\u0103ng t\u1ea3i<\/li>\n<li data-section-id=\"byc78f\" data-start=\"2185\" data-end=\"2216\">Thi\u1ebft b\u1ecb khai th\u00e1c v\u00e0 m\u1ecf<\/li>\n<li data-section-id=\"10jsg4s\" data-start=\"2217\" data-end=\"2254\">Nh\u00e0 m\u00e1y th\u00e9p v\u00e0 m\u00e1y m\u00f3c c\u00e1n<\/li>\n<li data-section-id=\"i3450o\" data-start=\"2255\" data-end=\"2282\">Industrial gear systems<\/li>\n<li data-section-id=\"1tqmi6a\" data-start=\"2283\" data-end=\"2310\">D\u00e2y chuy\u1ec1n s\u1ea3n xu\u1ea5t xi m\u0103ng<\/li>\n<li data-section-id=\"3e37ld\" data-start=\"2311\" data-end=\"2357\">Heavy-duty mechanical transmission systems<\/li>\n<\/ul>\n<h1 data-section-id=\"zdmnob\" data-start=\"2364\" data-end=\"2383\"><span role=\"text\"><strong data-start=\"2366\" data-end=\"2383\">T\u1ea1i sao ch\u1ecdn ch\u00fang t\u00f4i<\/strong><\/span><\/h1>\n<ul data-start=\"2385\" data-end=\"2625\">\n<li data-section-id=\"10sob06\" data-start=\"2385\" data-end=\"2441\">Strong manufacturing capability for bearing housings<\/li>\n<li data-section-id=\"m7u9xd\" data-start=\"2442\" data-end=\"2488\">OEM and custom machining support available<\/li>\n<li data-section-id=\"1pg4wj1\" data-start=\"2489\" data-end=\"2540\">High-quality cast iron with precision machining<\/li>\n<li data-section-id=\"rqr2fb\" data-start=\"2541\" data-end=\"2585\">Cung c\u1ea5p \u1ed5n \u0111\u1ecbnh cho c\u00e1c \u0111\u01a1n h\u00e0ng c\u00f4ng nghi\u1ec7p s\u1ed1 l\u01b0\u1ee3ng l\u1edbn<\/li>\n<li data-section-id=\"13043wj\" data-start=\"2586\" data-end=\"2625\">Fast delivery and technical support<\/li>\n<\/ul>\n<h1 data-section-id=\"1iusff4\" data-start=\"2632\" data-end=\"2641\"><span role=\"text\"><strong data-start=\"2634\" data-end=\"2641\">C\u00e2u h\u1ecfi th\u01b0\u1eddng g\u1eb7p<\/strong><\/span><\/h1>\n<p data-start=\"2643\" data-end=\"2779\"><strong data-start=\"2643\" data-end=\"2692\">Q1: What is a plummer block housing used for?<\/strong><br data-start=\"2692\" data-end=\"2695\" \/>A: It is used to support rotating shafts and house bearings in industrial machinery.<\/p>\n<p data-start=\"2781\" data-end=\"2931\"><strong data-start=\"2781\" data-end=\"2821\">Q2: What bearings fit SN205 housing?<\/strong><br data-start=\"2821\" data-end=\"2824\" \/>A: It typically fits cylindrical roller bearings or spherical roller bearings depending on the application.<\/p>\n<p data-start=\"2933\" data-end=\"3064\"><strong data-start=\"2933\" data-end=\"2987\">Q3: What is the advantage of split housing design?<\/strong><br data-start=\"2987\" data-end=\"2990\" \/>A: It allows easy installation and maintenance without removing the shaft.<\/p>","protected":false},"excerpt":{"rendered":"<p>C\u00e1c <strong data-start=\"370\" data-end=\"401\">SN205 Plummer Block Housing<\/strong> is a robust split-type bearing housing designed to support mounted shaft systems in heavy industrial applications. It is commonly used with cylindrical roller bearings or spherical roller bearings to provide stable shaft support, high load capacity, and easy maintenance.<\/p>","protected":false},"featured_media":2595,"comment_status":"open","ping_status":"closed","template":"","meta":{"site-sidebar-layout":"default","site-content-layout":"","ast-site-content-layout":"default","site-content-style":"default","site-sidebar-style":"default","ast-global-header-display":"","ast-banner-title-visibility":"","ast-main-header-display":"","ast-hfb-above-header-display":"","ast-hfb-below-header-display":"","ast-hfb-mobile-header-display":"","site-post-title":"","ast-breadcrumbs-content":"","ast-featured-img":"","footer-sml-layout":"","ast-disable-related-posts":"","theme-transparent-header-meta":"default","adv-header-id-meta":"","stick-header-meta":"default","header-above-stick-meta":"","header-main-stick-meta":"","header-below-stick-meta":"","astra-migrate-meta-layouts":"set","ast-page-background-enabled":"default","ast-page-background-meta":{"desktop":{"background-color":"","background-image":"","background-repeat":"repeat","background-position":"center center","background-size":"auto","background-attachment":"scroll","background-type":"","background-media":"","overlay-type":"","overlay-color":"","overlay-opacity":"","overlay-gradient":""},"tablet":{"background-color":"","background-image":"","background-repeat":"repeat","background-position":"center center","background-size":"auto","background-attachment":"scroll","background-type":"","background-media":"","overlay-type":"","overlay-color":"","overlay-opacity":"","overlay-gradient":""},"mobile":{"background-color":"","background-image":"","background-repeat":"repeat","background-position":"center center","background-size":"auto","background-attachment":"scroll","background-type":"","background-media":"","overlay-type":"","overlay-color":"","overlay-opacity":"","overlay-gradient":""}},"ast-content-background-meta":{"desktop":{"background-color":"var(--ast-global-color-5)","background-image":"","background-repeat":"repeat","background-position":"center center","background-size":"auto","background-attachment":"scroll","background-type":"","background-media":"","overlay-type":"","overlay-color":"","overlay-opacity":"","overlay-gradient":""},"tablet":{"background-color":"var(--ast-global-color-5)","background-image":"","background-repeat":"repeat","background-position":"center center","background-size":"auto","background-attachment":"scroll","background-type":"","background-media":"","overlay-type":"","overlay-color":"","overlay-opacity":"","overlay-gradient":""},"mobile":{"background-color":"var(--ast-global-color-5)","background-image":"","background-repeat":"repeat","background-position":"center center","background-size":"auto","background-attachment":"scroll","background-type":"","background-media":"","overlay-type":"","overlay-color":"","overlay-opacity":"","overlay-gradient":""}}},"product_brand":[],"product_cat":[31],"product_tag":[161,184,187,183,188,185,181,186,180,182],"class_list":{"0":"post-2426","1":"product","2":"type-product","3":"status-publish","4":"has-post-thumbnail","6":"product_cat-plummer-block","7":"product_tag-bearing-housing-unit","8":"product_tag-cast-iron-bearing-housing","9":"product_tag-heavy-duty-bearing-housing","10":"product_tag-industrial-housing","11":"product_tag-oem-housing-manufacturer","12":"product_tag-pillow-block-housing","13":"product_tag-plummer-block-housing","14":"product_tag-sn-series-housing","15":"product_tag-sn205-housing","16":"product_tag-split-bearing-housing","17":"desktop-align-left","18":"tablet-align-left","19":"mobile-align-left","20":"ast-product-gallery-layout-horizontal-slider","21":"ast-product-gallery-with-no-image","22":"ast-product-tabs-layout-horizontal","24":"first","25":"instock","26":"shipping-taxable","27":"product-type-simple"},"_links":{"self":[{"href":"https:\/\/www.machinerybearings.com\/vi\/wp-json\/wp\/v2\/product\/2426","targetHints":{"allow":["GET"]}}],"collection":[{"href":"https:\/\/www.machinerybearings.com\/vi\/wp-json\/wp\/v2\/product"}],"about":[{"href":"https:\/\/www.machinerybearings.com\/vi\/wp-json\/wp\/v2\/types\/product"}],"replies":[{"embeddable":true,"href":"https:\/\/www.machinerybearings.com\/vi\/wp-json\/wp\/v2\/comments?post=2426"}],"wp:featuredmedia":[{"embeddable":true,"href":"https:\/\/www.machinerybearings.com\/vi\/wp-json\/wp\/v2\/media\/2595"}],"wp:attachment":[{"href":"https:\/\/www.machinerybearings.com\/vi\/wp-json\/wp\/v2\/media?parent=2426"}],"wp:term":[{"taxonomy":"product_brand","embeddable":true,"href":"https:\/\/www.machinerybearings.com\/vi\/wp-json\/wp\/v2\/product_brand?post=2426"},{"taxonomy":"product_cat","embeddable":true,"href":"https:\/\/www.machinerybearings.com\/vi\/wp-json\/wp\/v2\/product_cat?post=2426"},{"taxonomy":"product_tag","embeddable":true,"href":"https:\/\/www.machinerybearings.com\/vi\/wp-json\/wp\/v2\/product_tag?post=2426"}],"curies":[{"name":"wp","href":"https:\/\/api.w.org\/{rel}","templated":true}]}}