{"id":2435,"date":"2026-04-13T14:21:51","date_gmt":"2026-04-13T14:21:51","guid":{"rendered":"https:\/\/www.machinerybearings.com\/?post_type=product&#038;p=2435"},"modified":"2026-05-03T05:52:26","modified_gmt":"2026-05-03T05:52:26","slug":"1205-self-aligning-ball-bearing-double-row-bearing-for-misalignment-applications","status":"publish","type":"product","link":"https:\/\/www.machinerybearings.com\/vi\/san-pham\/1205-self-aligning-ball-bearing-double-row-bearing-for-misalignment-applications\/","title":{"rendered":"1205 V\u00f2ng bi c\u1ea7u t\u1ef1 \u0111\u1ecbnh t\u00e2m \u2013 V\u00f2ng bi hai h\u00e0ng cho \u1ee9ng d\u1ee5ng l\u1ec7ch tr\u1ee5c"},"content":{"rendered":"<p data-start=\"354\" data-end=\"704\">C\u00e1c <strong data-start=\"358\" data-end=\"393\">V\u00f2ng bi c\u1ea7u t\u1ef1 \u0111\u1ecbnh t\u00e2m 1205<\/strong> l\u00e0 m\u1ed9t v\u00f2ng bi c\u1ea7u hai h\u00e0ng \u0111\u01b0\u1ee3c thi\u1ebft k\u1ebf \u0111\u1ec3 ch\u1ecbu \u0111\u1ef1ng s\u1ef1 l\u1ec7ch tr\u1ee5c v\u00e0 bi\u1ebfn d\u1ea1ng trong qu\u00e1 tr\u00ecnh ho\u1ea1t \u0111\u1ed9ng. \u0110\u01b0\u1eddng ray ngo\u00e0i h\u00ecnh c\u1ea7u \u0111\u1ed9c \u0111\u00e1o cho ph\u00e9p v\u00f2ng bi t\u1ef1 \u0111\u1ed9ng \u0111i\u1ec1u ch\u1ec9nh \u0111\u1ed9 th\u1eb3ng h\u00e0ng, gi\u1ea3m c\u0103ng th\u1eb3ng v\u00e0 c\u1ea3i thi\u1ec7n hi\u1ec7u su\u1ea5t trong c\u00e1c \u1ee9ng d\u1ee5ng m\u00e0 vi\u1ec7c c\u0103n ch\u1ec9nh tr\u1ee5c ho\u1eb7c v\u1ecf l\u00e0 kh\u00f3 duy tr\u00ec.<\/p>\n<p data-start=\"706\" data-end=\"1001\">V\u00f2ng bi n\u00e0y l\u00fd t\u01b0\u1edfng cho c\u00e1c \u1ee9ng d\u1ee5ng ch\u1ecbu s\u1ef1 bi\u1ebfn d\u1ea1ng tr\u1ee5c, l\u1ed7i l\u1eafp \u0111\u1eb7t ho\u1eb7c rung \u0111\u1ed9ng. \u0110\u01b0\u1ee3c s\u1ea3n xu\u1ea5t t\u1eeb th\u00e9p cr\u00f4m ch\u1ea5t l\u01b0\u1ee3ng cao v\u00e0 c\u00f3 s\u1eb5n trong c\u00e1c t\u00f9y ch\u1ecdn th\u00e9p kh\u00f4ng g\u1ec9, v\u00f2ng bi 1205 cung c\u1ea5p ho\u1ea1t \u0111\u1ed9ng m\u01b0\u1ee3t m\u00e0, ma s\u00e1t th\u1ea5p v\u00e0 hi\u1ec7u su\u1ea5t \u0111\u00e1ng tin c\u1eady trong su\u1ed1t th\u1eddi gian s\u1eed d\u1ee5ng d\u00e0i.<\/p>\n<p data-start=\"1003\" data-end=\"1119\">Thi\u1ebft k\u1ebf nh\u1ecf g\u1ecdn v\u00e0 kh\u1ea3 n\u0103ng t\u1ef1 \u0111\u1ecbnh t\u00e2m khi\u1ebfn n\u00f3 \u0111\u01b0\u1ee3c s\u1eed d\u1ee5ng r\u1ed9ng r\u00e3i trong c\u00e1c \u1ee9ng d\u1ee5ng c\u00f4ng nghi\u1ec7p t\u1ea3i nh\u1eb9 \u0111\u1ebfn trung b\u00ecnh.<\/p>\n<h1 data-section-id=\"8av2ty\" data-start=\"1126\" data-end=\"1144\"><span role=\"text\"><strong data-start=\"1128\" data-end=\"1144\">T\u00ednh n\u0103ng ch\u00ednh<\/strong><\/span><\/h1>\n<ul data-start=\"1146\" data-end=\"1483\">\n<li data-section-id=\"1fr59o7\" data-start=\"1146\" data-end=\"1205\">Thi\u1ebft k\u1ebf t\u1ef1 \u0111\u1ecbnh t\u00e2m b\u00f9 \u0111\u1eafp cho s\u1ef1 l\u1ec7ch tr\u1ee5c<\/li>\n<li data-section-id=\"1id6hoh\" data-start=\"1206\" data-end=\"1258\">C\u1ea5u tr\u00fac bi hai h\u00e0ng \u0111\u1ec3 c\u1ea3i thi\u1ec7n \u0111\u1ed9 \u1ed5n \u0111\u1ecbnh<\/li>\n<li data-section-id=\"1g811j7\" data-start=\"1259\" data-end=\"1295\">Ma s\u00e1t th\u1ea5p v\u00e0 quay m\u01b0\u1ee3t m\u00e0<\/li>\n<li data-section-id=\"dcacpc\" data-start=\"1296\" data-end=\"1347\">Ph\u00f9 h\u1ee3p cho c\u00e1c \u1ee9ng d\u1ee5ng c\u00f3 s\u1ef1 bi\u1ebfn d\u1ea1ng tr\u1ee5c<\/li>\n<li data-section-id=\"f8hmgc\" data-start=\"1348\" data-end=\"1385\">D\u1ec5 d\u00e0ng l\u1eafp \u0111\u1eb7t v\u00e0 b\u1ea3o tr\u00ec<\/li>\n<li data-section-id=\"5mjdxq\" data-start=\"1386\" data-end=\"1431\">Th\u1eddi gian s\u1eed d\u1ee5ng d\u00e0i v\u1edbi hi\u1ec7u su\u1ea5t \u1ed5n \u0111\u1ecbnh<\/li>\n<li data-section-id=\"10s930\" data-start=\"1432\" data-end=\"1483\">C\u00f3 s\u1eb5n trong c\u00e1c phi\u00ean b\u1ea3n th\u00e9p v\u00e0 th\u00e9p kh\u00f4ng g\u1ec9<\/li>\n<\/ul>\n<h1 data-section-id=\"10k15yz\" data-start=\"1490\" data-end=\"1520\"><span role=\"text\"><strong data-start=\"1492\" data-end=\"1520\">Th\u00f4ng s\u1ed1 k\u1ef9 thu\u1eadt<\/strong><\/span><\/h1>\n<div class=\"TyagGW_tableContainer\">\n<div class=\"group TyagGW_tableWrapper flex flex-col-reverse w-fit\" tabindex=\"-1\">\n<table class=\"w-fit min-w-(--thread-content-width)\" data-start=\"1522\" data-end=\"1943\">\n<thead data-start=\"1522\" data-end=\"1543\">\n<tr data-start=\"1522\" data-end=\"1543\">\n<th class=\"\" data-start=\"1522\" data-end=\"1534\" data-col-size=\"sm\">Tham s\u1ed1<\/th>\n<th class=\"\" data-start=\"1534\" data-end=\"1543\" data-col-size=\"sm\">Gi\u00e1 tr\u1ecb<\/th>\n<\/tr>\n<\/thead>\n<tbody data-start=\"1564\" data-end=\"1943\">\n<tr data-start=\"1564\" data-end=\"1588\">\n<td data-start=\"1564\" data-end=\"1580\" data-col-size=\"sm\">M\u00f4 h\u00ecnh v\u00f2ng bi<\/td>\n<td data-col-size=\"sm\" data-start=\"1580\" data-end=\"1588\">1205<\/td>\n<\/tr>\n<tr data-start=\"1589\" data-end=\"1619\">\n<td data-start=\"1589\" data-end=\"1610\" data-col-size=\"sm\">\u0110\u01b0\u1eddng k\u00ednh trong (d)<\/td>\n<td data-col-size=\"sm\" data-start=\"1610\" data-end=\"1619\">25 mm<\/td>\n<\/tr>\n<tr data-start=\"1620\" data-end=\"1650\">\n<td data-start=\"1620\" data-end=\"1641\" data-col-size=\"sm\">\u0110\u01b0\u1eddng k\u00ednh ngo\u00e0i (D)<\/td>\n<td data-col-size=\"sm\" data-start=\"1641\" data-end=\"1650\">52 mm<\/td>\n<\/tr>\n<tr data-start=\"1651\" data-end=\"1672\">\n<td data-start=\"1651\" data-end=\"1663\" data-col-size=\"sm\">Chi\u1ec1u r\u1ed9ng (B)<\/td>\n<td data-start=\"1663\" data-end=\"1672\" data-col-size=\"sm\">15 mm<\/td>\n<\/tr>\n<tr data-start=\"1673\" data-end=\"1718\">\n<td data-start=\"1673\" data-end=\"1688\" data-col-size=\"sm\">Lo\u1ea1i v\u00f2ng bi<\/td>\n<td data-start=\"1688\" data-end=\"1718\" data-col-size=\"sm\">V\u00f2ng bi t\u1ef1 \u0111\u1ecbnh t\u00e2m<\/td>\n<\/tr>\n<tr data-start=\"1719\" data-end=\"1745\">\n<td data-start=\"1719\" data-end=\"1731\" data-col-size=\"sm\">C\u1ea5u tr\u00fac<\/td>\n<td data-col-size=\"sm\" data-start=\"1731\" data-end=\"1745\">Hai h\u00e0ng<\/td>\n<\/tr>\n<tr data-start=\"1746\" data-end=\"1791\">\n<td data-start=\"1746\" data-end=\"1757\" data-col-size=\"sm\">V\u1eadt li\u1ec7u<\/td>\n<td data-start=\"1757\" data-end=\"1791\" data-col-size=\"sm\">Th\u00e9p m\u1ea1 cr\u00f4m \/ Th\u00e9p kh\u00f4ng g\u1ec9<\/td>\n<\/tr>\n<tr data-start=\"1792\" data-end=\"1833\">\n<td data-start=\"1792\" data-end=\"1808\" data-col-size=\"sm\">V\u1eadt li\u1ec7u l\u1ed3ng<\/td>\n<td data-start=\"1808\" data-end=\"1833\" data-col-size=\"sm\">Th\u00e9p \/ \u0110\u1ed3ng thau \/ Nylon<\/td>\n<\/tr>\n<tr data-start=\"1834\" data-end=\"1864\">\n<td data-start=\"1834\" data-end=\"1848\" data-col-size=\"sm\">B\u00f4i tr\u01a1n<\/td>\n<td data-col-size=\"sm\" data-start=\"1848\" data-end=\"1864\">M\u1ee1 \/ D\u1ea7u<\/td>\n<\/tr>\n<tr data-start=\"1865\" data-end=\"1900\">\n<td data-start=\"1865\" data-end=\"1884\" data-col-size=\"sm\">\u0110\u00e1nh gi\u00e1 \u0111\u1ed9 ch\u00ednh x\u00e1c<\/td>\n<td data-start=\"1884\" data-end=\"1900\" data-col-size=\"sm\">P0 \/ P6 \/ P5<\/td>\n<\/tr>\n<tr data-start=\"1901\" data-end=\"1943\">\n<td data-start=\"1901\" data-end=\"1925\" data-col-size=\"sm\">Nhi\u1ec7t \u0111\u1ed9 ho\u1ea1t \u0111\u1ed9ng<\/td>\n<td data-col-size=\"sm\" data-start=\"1925\" data-end=\"1943\">-20\u00b0C \u0111\u1ebfn 120\u00b0C<\/td>\n<\/tr>\n<\/tbody>\n<\/table>\n<\/div>\n<\/div>\n<h1 data-section-id=\"1p00fbj\" data-start=\"1950\" data-end=\"1968\"><span role=\"text\"><strong data-start=\"1952\" data-end=\"1968\">\u1ee8ng d\u1ee5ng<\/strong><\/span><\/h1>\n<p data-start=\"1970\" data-end=\"2024\">V\u00f2ng bi bi t\u1ef1 \u0111\u1ecbnh t\u00e2m 1205 \u0111\u01b0\u1ee3c s\u1eed d\u1ee5ng r\u1ed9ng r\u00e3i trong:<\/p>\n<ul data-start=\"2026\" data-end=\"2183\">\n<li data-section-id=\"1n6ynun\" data-start=\"2026\" data-end=\"2052\">M\u00e1y m\u00f3c n\u00f4ng nghi\u1ec7p<\/li>\n<li data-section-id=\"176s2ln\" data-start=\"2053\" data-end=\"2073\">H\u1ec7 th\u1ed1ng b\u0103ng t\u1ea3i<\/li>\n<li data-section-id=\"io1u9n\" data-start=\"2074\" data-end=\"2095\">M\u00e1y m\u00f3c d\u1ec7t may<\/li>\n<li data-section-id=\"25txyz\" data-start=\"2096\" data-end=\"2126\">Thi\u1ebft b\u1ecb c\u00f4ng nghi\u1ec7p nh\u1eb9<\/li>\n<li data-section-id=\"646cyz\" data-start=\"2127\" data-end=\"2147\">Qu\u1ea1t v\u00e0 m\u00e1y th\u1ed5i<\/li>\n<li data-section-id=\"ib1wqr\" data-start=\"2148\" data-end=\"2183\">H\u1ec7 th\u1ed1ng truy\u1ec1n \u0111\u1ed9ng c\u01a1 kh\u00ed<\/li>\n<\/ul>\n<h1 data-section-id=\"zdmnob\" data-start=\"2190\" data-end=\"2209\"><span role=\"text\"><strong data-start=\"2192\" data-end=\"2209\">T\u1ea1i sao ch\u1ecdn ch\u00fang t\u00f4i<\/strong><\/span><\/h1>\n<ul data-start=\"2211\" data-end=\"2428\">\n<li data-section-id=\"t14xel\" data-start=\"2211\" data-end=\"2264\">S\u1ea3n xu\u1ea5t nh\u00e0 m\u00e1y \u1ed5n \u0111\u1ecbnh v\u1edbi ch\u1ea5t l\u01b0\u1ee3ng \u0111\u1ed3ng nh\u1ea5t<\/li>\n<li data-section-id=\"hq554l\" data-start=\"2265\" data-end=\"2310\">T\u00f9y ch\u1ecdn v\u1eadt li\u1ec7u OEM v\u00e0 t\u00f9y ch\u1ec9nh c\u00f3 s\u1eb5n<\/li>\n<li data-section-id=\"18yrkc1\" data-start=\"2311\" data-end=\"2350\">Gi\u00e1 c\u1ea3 c\u1ea1nh tranh cho \u0111\u01a1n h\u00e0ng s\u1ed1 l\u01b0\u1ee3ng l\u1edbn<\/li>\n<li data-section-id=\"k7xnqf\" data-start=\"2351\" data-end=\"2386\">Giao h\u00e0ng nhanh ch\u00f3ng v\u00e0 cung c\u1ea5p to\u00e0n c\u1ea7u<\/li>\n<li data-section-id=\"1u6ytj0\" data-start=\"2387\" data-end=\"2428\">Ki\u1ec3m tra nghi\u00eam ng\u1eb7t v\u00e0 ki\u1ec3m so\u00e1t ch\u1ea5t l\u01b0\u1ee3ng<\/li>\n<\/ul>\n<h1 data-section-id=\"1iusff4\" data-start=\"2435\" data-end=\"2444\"><span role=\"text\"><strong data-start=\"2437\" data-end=\"2444\">C\u00e2u h\u1ecfi th\u01b0\u1eddng g\u1eb7p<\/strong><\/span><\/h1>\n<p data-start=\"2446\" data-end=\"2614\"><strong data-start=\"2446\" data-end=\"2507\">Q1: L\u1ee3i \u00edch c\u1ee7a v\u00f2ng bi bi t\u1ef1 \u0111\u1ecbnh t\u00e2m l\u00e0 g\u00ec?<\/strong><br data-start=\"2507\" data-end=\"2510\" \/>A: Ch\u00fang c\u00f3 th\u1ec3 t\u1ef1 \u0111\u1ed9ng b\u00f9 \u0111\u1eafp cho s\u1ef1 kh\u00f4ng th\u1eb3ng h\u00e0ng c\u1ee7a tr\u1ee5c, gi\u1ea3m c\u0103ng th\u1eb3ng v\u00e0 k\u00e9o d\u00e0i tu\u1ed5i th\u1ecd s\u1eed d\u1ee5ng.<\/p>\n<p data-start=\"2616\" data-end=\"2750\"><strong data-start=\"2616\" data-end=\"2661\">Q2: V\u00f2ng bi 1205 c\u00f3 th\u1ec3 ch\u1ecbu t\u1ea3i n\u1eb7ng kh\u00f4ng?<\/strong><br data-start=\"2661\" data-end=\"2664\" \/>A: Ch\u00fang ph\u00f9 h\u1ee3p cho c\u00e1c \u1ee9ng d\u1ee5ng t\u1ea3i nh\u1eb9 \u0111\u1ebfn trung b\u00ecnh, kh\u00f4ng ph\u1ea3i \u0111i\u1ec1u ki\u1ec7n t\u1ea3i n\u1eb7ng.<\/p>\n<p data-start=\"2752\" data-end=\"2874\"><strong data-start=\"2752\" data-end=\"2798\">Q3: B\u1ea1n c\u00f3 cung c\u1ea5p phi\u00ean b\u1ea3n b\u1eb1ng th\u00e9p kh\u00f4ng g\u1ec9 kh\u00f4ng?<\/strong><br data-start=\"2798\" data-end=\"2801\" \/>A: C\u00f3, c\u00e1c t\u00f9y ch\u1ecdn b\u1eb1ng th\u00e9p kh\u00f4ng g\u1ec9 c\u00f3 s\u1eb5n cho m\u00f4i tr\u01b0\u1eddng \u0103n m\u00f2n.<\/p>","protected":false},"excerpt":{"rendered":"<p>C\u00e1c <strong data-start=\"358\" data-end=\"393\">V\u00f2ng bi c\u1ea7u t\u1ef1 \u0111\u1ecbnh t\u00e2m 1205<\/strong> l\u00e0 m\u1ed9t v\u00f2ng bi c\u1ea7u hai h\u00e0ng \u0111\u01b0\u1ee3c thi\u1ebft k\u1ebf \u0111\u1ec3 ch\u1ecbu \u0111\u1ef1ng s\u1ef1 l\u1ec7ch tr\u1ee5c v\u00e0 bi\u1ebfn d\u1ea1ng trong qu\u00e1 tr\u00ecnh ho\u1ea1t \u0111\u1ed9ng. \u0110\u01b0\u1eddng ray ngo\u00e0i h\u00ecnh c\u1ea7u \u0111\u1ed9c \u0111\u00e1o cho ph\u00e9p v\u00f2ng bi t\u1ef1 \u0111\u1ed9ng \u0111i\u1ec1u ch\u1ec9nh \u0111\u1ed9 th\u1eb3ng h\u00e0ng, gi\u1ea3m c\u0103ng th\u1eb3ng v\u00e0 c\u1ea3i thi\u1ec7n hi\u1ec7u su\u1ea5t trong c\u00e1c \u1ee9ng d\u1ee5ng m\u00e0 vi\u1ec7c c\u0103n ch\u1ec9nh tr\u1ee5c ho\u1eb7c v\u1ecf l\u00e0 kh\u00f3 duy tr\u00ec.<\/p>","protected":false},"featured_media":2538,"comment_status":"open","ping_status":"closed","template":"","meta":{"site-sidebar-layout":"default","site-content-layout":"","ast-site-content-layout":"default","site-content-style":"default","site-sidebar-style":"default","ast-global-header-display":"","ast-banner-title-visibility":"","ast-main-header-display":"","ast-hfb-above-header-display":"","ast-hfb-below-header-display":"","ast-hfb-mobile-header-display":"","site-post-title":"","ast-breadcrumbs-content":"","ast-featured-img":"","footer-sml-layout":"","ast-disable-related-posts":"","theme-transparent-header-meta":"default","adv-header-id-meta":"","stick-header-meta":"default","header-above-stick-meta":"","header-main-stick-meta":"","header-below-stick-meta":"","astra-migrate-meta-layouts":"set","ast-page-background-enabled":"default","ast-page-background-meta":{"desktop":{"background-color":"","background-image":"","background-repeat":"repeat","background-position":"center center","background-size":"auto","background-attachment":"scroll","background-type":"","background-media":"","overlay-type":"","overlay-color":"","overlay-opacity":"","overlay-gradient":""},"tablet":{"background-color":"","background-image":"","background-repeat":"repeat","background-position":"center center","background-size":"auto","background-attachment":"scroll","background-type":"","background-media":"","overlay-type":"","overlay-color":"","overlay-opacity":"","overlay-gradient":""},"mobile":{"background-color":"","background-image":"","background-repeat":"repeat","background-position":"center center","background-size":"auto","background-attachment":"scroll","background-type":"","background-media":"","overlay-type":"","overlay-color":"","overlay-opacity":"","overlay-gradient":""}},"ast-content-background-meta":{"desktop":{"background-color":"var(--ast-global-color-5)","background-image":"","background-repeat":"repeat","background-position":"center center","background-size":"auto","background-attachment":"scroll","background-type":"","background-media":"","overlay-type":"","overlay-color":"","overlay-opacity":"","overlay-gradient":""},"tablet":{"background-color":"var(--ast-global-color-5)","background-image":"","background-repeat":"repeat","background-position":"center center","background-size":"auto","background-attachment":"scroll","background-type":"","background-media":"","overlay-type":"","overlay-color":"","overlay-opacity":"","overlay-gradient":""},"mobile":{"background-color":"var(--ast-global-color-5)","background-image":"","background-repeat":"repeat","background-position":"center center","background-size":"auto","background-attachment":"scroll","background-type":"","background-media":"","overlay-type":"","overlay-color":"","overlay-opacity":"","overlay-gradient":""}}},"product_brand":[],"product_cat":[22],"product_tag":[204,160,209,206,45,208,207,72,143,205],"class_list":{"0":"post-2435","1":"product","2":"type-product","3":"status-publish","4":"has-post-thumbnail","6":"product_cat-self-aligning-ball-bearings","7":"product_tag-1205-bearing","8":"product_tag-agricultural-bearing","9":"product_tag-conveyor-bearing","10":"product_tag-double-row-bearing","11":"product_tag-industrial-bearing","12":"product_tag-light-duty-bearing","13":"product_tag-misalignment-bearing","14":"product_tag-oem-bearing-supplier","15":"product_tag-precision-bearing-manufacturer","16":"product_tag-self-aligning-ball-bearing","17":"desktop-align-left","18":"tablet-align-left","19":"mobile-align-left","20":"ast-product-gallery-layout-horizontal-slider","21":"ast-product-gallery-with-no-image","22":"ast-product-tabs-layout-horizontal","24":"first","25":"instock","26":"shipping-taxable","27":"product-type-simple"},"_links":{"self":[{"href":"https:\/\/www.machinerybearings.com\/vi\/wp-json\/wp\/v2\/product\/2435","targetHints":{"allow":["GET"]}}],"collection":[{"href":"https:\/\/www.machinerybearings.com\/vi\/wp-json\/wp\/v2\/product"}],"about":[{"href":"https:\/\/www.machinerybearings.com\/vi\/wp-json\/wp\/v2\/types\/product"}],"replies":[{"embeddable":true,"href":"https:\/\/www.machinerybearings.com\/vi\/wp-json\/wp\/v2\/comments?post=2435"}],"wp:featuredmedia":[{"embeddable":true,"href":"https:\/\/www.machinerybearings.com\/vi\/wp-json\/wp\/v2\/media\/2538"}],"wp:attachment":[{"href":"https:\/\/www.machinerybearings.com\/vi\/wp-json\/wp\/v2\/media?parent=2435"}],"wp:term":[{"taxonomy":"product_brand","embeddable":true,"href":"https:\/\/www.machinerybearings.com\/vi\/wp-json\/wp\/v2\/product_brand?post=2435"},{"taxonomy":"product_cat","embeddable":true,"href":"https:\/\/www.machinerybearings.com\/vi\/wp-json\/wp\/v2\/product_cat?post=2435"},{"taxonomy":"product_tag","embeddable":true,"href":"https:\/\/www.machinerybearings.com\/vi\/wp-json\/wp\/v2\/product_tag?post=2435"}],"curies":[{"name":"wp","href":"https:\/\/api.w.org\/{rel}","templated":true}]}}