{"id":2436,"date":"2026-04-13T14:24:10","date_gmt":"2026-04-13T14:24:10","guid":{"rendered":"https:\/\/www.machinerybearings.com\/?post_type=product&#038;p=2436"},"modified":"2026-05-03T05:56:57","modified_gmt":"2026-05-03T05:56:57","slug":"1210-self-aligning-ball-bearing-double-row-bearing-for-shaft-misalignment-applications","status":"publish","type":"product","link":"https:\/\/www.machinerybearings.com\/vi\/san-pham\/1210-self-aligning-ball-bearing-double-row-bearing-for-shaft-misalignment-applications\/","title":{"rendered":"1210 V\u00f2ng bi c\u1ea7u t\u1ef1 \u0111\u1ecbnh t\u00e2m \u2013 V\u00f2ng bi hai h\u00e0ng cho \u1ee9ng d\u1ee5ng l\u1ec7ch tr\u1ee5c"},"content":{"rendered":"<p data-start=\"363\" data-end=\"651\">C\u00e1c <strong data-start=\"367\" data-end=\"402\">V\u00f2ng bi c\u1ea7u t\u1ef1 \u0111\u1ecbnh t\u00e2m 1210<\/strong> l\u00e0 m\u1ed9t v\u00f2ng bi c\u1ea7u hai h\u00e0ng \u0111\u01b0\u1ee3c thi\u1ebft k\u1ebf \u0111\u1ec3 t\u1ef1 \u0111\u1ed9ng b\u00f9 \u0111\u1eafp cho s\u1ef1 kh\u00f4ng th\u1eb3ng h\u00e0ng v\u00e0 \u0111\u1ed9 cong c\u1ee7a tr\u1ee5c trong qu\u00e1 tr\u00ecnh ho\u1ea1t \u0111\u1ed9ng. \u0110\u01b0\u1eddng ray ngo\u00e0i h\u00ecnh c\u1ea7u c\u1ee7a n\u00f3 cho ph\u00e9p t\u1ef1 \u0111\u1ecbnh t\u00e2m m\u01b0\u1ee3t m\u00e0, gi\u1ea3m c\u0103ng th\u1eb3ng l\u00ean v\u00f2ng bi v\u00e0 c\u1ea3i thi\u1ec7n \u0111\u1ed9 \u1ed5n \u0111\u1ecbnh trong ho\u1ea1t \u0111\u1ed9ng.<\/p>\n<p data-start=\"653\" data-end=\"960\">V\u00f2ng bi n\u00e0y \u0111\u1eb7c bi\u1ec7t ph\u00f9 h\u1ee3p cho c\u00e1c \u1ee9ng d\u1ee5ng n\u01a1i c\u00f3 th\u1ec3 x\u1ea3y ra l\u1ed7i l\u1eafp \u0111\u1eb7t, u\u1ed1n tr\u1ee5c ho\u1eb7c rung \u0111\u1ed9ng. \u0110\u01b0\u1ee3c s\u1ea3n xu\u1ea5t t\u1eeb th\u00e9p chrome ch\u1ea5t l\u01b0\u1ee3ng cao v\u00e0 c\u00f3 s\u1eb5n trong c\u00e1c t\u00f9y ch\u1ecdn th\u00e9p kh\u00f4ng g\u1ec9 ho\u1eb7c v\u1eadt li\u1ec7u \u0111\u1eb7c bi\u1ec7t, v\u00f2ng bi 1210 cung c\u1ea5p hi\u1ec7u su\u1ea5t \u0111\u00e1ng tin c\u1eady, ma s\u00e1t th\u1ea5p v\u00e0 tu\u1ed5i th\u1ecd d\u00e0i.<\/p>\n<p data-start=\"962\" data-end=\"1111\">V\u1edbi thi\u1ebft k\u1ebf ch\u1eafc ch\u1eafn v\u00e0 k\u00edch th\u01b0\u1edbc l\u1edbn h\u01a1n so v\u1edbi c\u00e1c m\u1eabu nh\u1ecf h\u01a1n, v\u00f2ng bi 1210 c\u00f3 th\u1ec3 h\u1ed7 tr\u1ee3 t\u1ea3i tr\u1ecdng cao h\u01a1n trong khi v\u1eabn duy tr\u00ec t\u00ednh linh ho\u1ea1t v\u1ec1 s\u1ef1 \u0111\u1ecbnh t\u00e2m.<\/p>\n<h1 data-section-id=\"8av2ty\" data-start=\"1118\" data-end=\"1136\"><span role=\"text\"><strong data-start=\"1120\" data-end=\"1136\">T\u00ednh n\u0103ng ch\u00ednh<\/strong><\/span><\/h1>\n<ul data-start=\"1138\" data-end=\"1457\">\n<li data-section-id=\"gmtb4x\" data-start=\"1138\" data-end=\"1192\">Thi\u1ebft k\u1ebf t\u1ef1 \u0111\u1ecbnh t\u00e2m \u0111\u1ec3 b\u00f9 \u0111\u1eafp s\u1ef1 kh\u00f4ng th\u1eb3ng h\u00e0ng<\/li>\n<li data-section-id=\"5a73n5\" data-start=\"1193\" data-end=\"1245\">C\u1ea5u tr\u00fac bi hai h\u00e0ng \u0111\u1ec3 t\u0103ng c\u01b0\u1eddng \u0111\u1ed9 \u1ed5n \u0111\u1ecbnh<\/li>\n<li data-section-id=\"1mpt223\" data-start=\"1246\" data-end=\"1284\">Ho\u1ea1t \u0111\u1ed9ng m\u01b0\u1ee3t m\u00e0 v\u1edbi ma s\u00e1t th\u1ea5p<\/li>\n<li data-section-id=\"hhcc7k\" data-start=\"1285\" data-end=\"1326\">Ph\u00f9 h\u1ee3p cho c\u00e1c \u1ee9ng d\u1ee5ng t\u1ea3i trung b\u00ecnh<\/li>\n<li data-section-id=\"1cp3td6\" data-start=\"1327\" data-end=\"1371\">Gi\u1ea3m rung \u0111\u1ed9ng v\u00e0 c\u0103ng th\u1eb3ng trong ho\u1ea1t \u0111\u1ed9ng<\/li>\n<li data-section-id=\"f8hmgc\" data-start=\"1372\" data-end=\"1409\">D\u1ec5 d\u00e0ng l\u1eafp \u0111\u1eb7t v\u00e0 b\u1ea3o tr\u00ec<\/li>\n<li data-section-id=\"fhnbqz\" data-start=\"1410\" data-end=\"1457\">Tu\u1ed5i th\u1ecd d\u00e0i v\u1edbi hi\u1ec7u su\u1ea5t \u0111\u00e1ng tin c\u1eady<\/li>\n<\/ul>\n<h1 data-section-id=\"10k15yz\" data-start=\"1464\" data-end=\"1494\"><span role=\"text\"><strong data-start=\"1466\" data-end=\"1494\">Th\u00f4ng s\u1ed1 k\u1ef9 thu\u1eadt<\/strong><\/span><\/h1>\n<div class=\"TyagGW_tableContainer\">\n<div class=\"group TyagGW_tableWrapper flex flex-col-reverse w-fit\" tabindex=\"-1\">\n<table class=\"w-fit min-w-(--thread-content-width)\" data-start=\"1496\" data-end=\"1917\">\n<thead data-start=\"1496\" data-end=\"1517\">\n<tr data-start=\"1496\" data-end=\"1517\">\n<th class=\"\" data-start=\"1496\" data-end=\"1508\" data-col-size=\"sm\">Tham s\u1ed1<\/th>\n<th class=\"\" data-start=\"1508\" data-end=\"1517\" data-col-size=\"sm\">Gi\u00e1 tr\u1ecb<\/th>\n<\/tr>\n<\/thead>\n<tbody data-start=\"1538\" data-end=\"1917\">\n<tr data-start=\"1538\" data-end=\"1562\">\n<td data-start=\"1538\" data-end=\"1554\" data-col-size=\"sm\">M\u00f4 h\u00ecnh v\u00f2ng bi<\/td>\n<td data-col-size=\"sm\" data-start=\"1554\" data-end=\"1562\">1210<\/td>\n<\/tr>\n<tr data-start=\"1563\" data-end=\"1593\">\n<td data-start=\"1563\" data-end=\"1584\" data-col-size=\"sm\">\u0110\u01b0\u1eddng k\u00ednh trong (d)<\/td>\n<td data-col-size=\"sm\" data-start=\"1584\" data-end=\"1593\">50 mm<\/td>\n<\/tr>\n<tr data-start=\"1594\" data-end=\"1624\">\n<td data-start=\"1594\" data-end=\"1615\" data-col-size=\"sm\">\u0110\u01b0\u1eddng k\u00ednh ngo\u00e0i (D)<\/td>\n<td data-col-size=\"sm\" data-start=\"1615\" data-end=\"1624\">90 mm<\/td>\n<\/tr>\n<tr data-start=\"1625\" data-end=\"1646\">\n<td data-start=\"1625\" data-end=\"1637\" data-col-size=\"sm\">Chi\u1ec1u r\u1ed9ng (B)<\/td>\n<td data-col-size=\"sm\" data-start=\"1637\" data-end=\"1646\">20 mm<\/td>\n<\/tr>\n<tr data-start=\"1647\" data-end=\"1692\">\n<td data-start=\"1647\" data-end=\"1662\" data-col-size=\"sm\">Lo\u1ea1i v\u00f2ng bi<\/td>\n<td data-col-size=\"sm\" data-start=\"1662\" data-end=\"1692\">V\u00f2ng bi t\u1ef1 \u0111\u1ecbnh t\u00e2m<\/td>\n<\/tr>\n<tr data-start=\"1693\" data-end=\"1719\">\n<td data-start=\"1693\" data-end=\"1705\" data-col-size=\"sm\">C\u1ea5u tr\u00fac<\/td>\n<td data-col-size=\"sm\" data-start=\"1705\" data-end=\"1719\">Hai h\u00e0ng<\/td>\n<\/tr>\n<tr data-start=\"1720\" data-end=\"1765\">\n<td data-start=\"1720\" data-end=\"1731\" data-col-size=\"sm\">V\u1eadt li\u1ec7u<\/td>\n<td data-start=\"1731\" data-end=\"1765\" data-col-size=\"sm\">Th\u00e9p m\u1ea1 cr\u00f4m \/ Th\u00e9p kh\u00f4ng g\u1ec9<\/td>\n<\/tr>\n<tr data-start=\"1766\" data-end=\"1807\">\n<td data-start=\"1766\" data-end=\"1782\" data-col-size=\"sm\">V\u1eadt li\u1ec7u l\u1ed3ng<\/td>\n<td data-start=\"1782\" data-end=\"1807\" data-col-size=\"sm\">Th\u00e9p \/ \u0110\u1ed3ng thau \/ Nylon<\/td>\n<\/tr>\n<tr data-start=\"1808\" data-end=\"1838\">\n<td data-start=\"1808\" data-end=\"1822\" data-col-size=\"sm\">B\u00f4i tr\u01a1n<\/td>\n<td data-col-size=\"sm\" data-start=\"1822\" data-end=\"1838\">M\u1ee1 \/ D\u1ea7u<\/td>\n<\/tr>\n<tr data-start=\"1839\" data-end=\"1874\">\n<td data-start=\"1839\" data-end=\"1858\" data-col-size=\"sm\">\u0110\u00e1nh gi\u00e1 \u0111\u1ed9 ch\u00ednh x\u00e1c<\/td>\n<td data-start=\"1858\" data-end=\"1874\" data-col-size=\"sm\">P0 \/ P6 \/ P5<\/td>\n<\/tr>\n<tr data-start=\"1875\" data-end=\"1917\">\n<td data-start=\"1875\" data-end=\"1899\" data-col-size=\"sm\">Nhi\u1ec7t \u0111\u1ed9 ho\u1ea1t \u0111\u1ed9ng<\/td>\n<td data-start=\"1899\" data-end=\"1917\" data-col-size=\"sm\">-20\u00b0C \u0111\u1ebfn 120\u00b0C<\/td>\n<\/tr>\n<\/tbody>\n<\/table>\n<\/div>\n<\/div>\n<h1 data-section-id=\"1p00fbj\" data-start=\"1924\" data-end=\"1942\"><span role=\"text\"><strong data-start=\"1926\" data-end=\"1942\">\u1ee8ng d\u1ee5ng<\/strong><\/span><\/h1>\n<p data-start=\"1944\" data-end=\"1998\">V\u00f2ng bi c\u1ea7u t\u1ef1 \u0111\u1ecbnh t\u00e2m 1210 \u0111\u01b0\u1ee3c s\u1eed d\u1ee5ng r\u1ed9ng r\u00e3i trong:<\/p>\n<ul data-start=\"2000\" data-end=\"2178\">\n<li data-section-id=\"1n6ynun\" data-start=\"2000\" data-end=\"2026\">M\u00e1y m\u00f3c n\u00f4ng nghi\u1ec7p<\/li>\n<li data-section-id=\"176s2ln\" data-start=\"2027\" data-end=\"2047\">H\u1ec7 th\u1ed1ng b\u0103ng t\u1ea3i<\/li>\n<li data-section-id=\"io1u9n\" data-start=\"2048\" data-end=\"2069\">M\u00e1y m\u00f3c d\u1ec7t may<\/li>\n<li data-section-id=\"1ahkbyk\" data-start=\"2070\" data-end=\"2101\">Qu\u1ea1t v\u00e0 m\u00e1y th\u1ed5i c\u00f4ng nghi\u1ec7p<\/li>\n<li data-section-id=\"1kib5nh\" data-start=\"2102\" data-end=\"2142\">Thi\u1ebft b\u1ecb c\u00f4ng nghi\u1ec7p nh\u1eb9 \u0111\u1ebfn trung b\u00ecnh<\/li>\n<li data-section-id=\"ib1wqr\" data-start=\"2143\" data-end=\"2178\">H\u1ec7 th\u1ed1ng truy\u1ec1n \u0111\u1ed9ng c\u01a1 kh\u00ed<\/li>\n<\/ul>\n<h1 data-section-id=\"zdmnob\" data-start=\"2185\" data-end=\"2204\"><span role=\"text\"><strong data-start=\"2187\" data-end=\"2204\">T\u1ea1i sao ch\u1ecdn ch\u00fang t\u00f4i<\/strong><\/span><\/h1>\n<ul data-start=\"2206\" data-end=\"2416\">\n<li data-section-id=\"t14xel\" data-start=\"2206\" data-end=\"2259\">S\u1ea3n xu\u1ea5t nh\u00e0 m\u00e1y \u1ed5n \u0111\u1ecbnh v\u1edbi ch\u1ea5t l\u01b0\u1ee3ng \u0111\u1ed3ng nh\u1ea5t<\/li>\n<li data-section-id=\"1h0w0om\" data-start=\"2260\" data-end=\"2302\">Gi\u1ea3i ph\u00e1p OEM v\u00e0 t\u00f9y ch\u1ec9nh c\u00f3 s\u1eb5n<\/li>\n<li data-section-id=\"18yrkc1\" data-start=\"2303\" data-end=\"2342\">Gi\u00e1 c\u1ea3 c\u1ea1nh tranh cho \u0111\u01a1n h\u00e0ng s\u1ed1 l\u01b0\u1ee3ng l\u1edbn<\/li>\n<li data-section-id=\"s44wzj\" data-start=\"2343\" data-end=\"2367\">Giao h\u00e0ng to\u00e0n c\u1ea7u nhanh ch\u00f3ng<\/li>\n<li data-section-id=\"1kx8zsp\" data-start=\"2368\" data-end=\"2416\">H\u1ec7 th\u1ed1ng ki\u1ec3m tra nghi\u00eam ng\u1eb7t v\u00e0 ki\u1ec3m so\u00e1t ch\u1ea5t l\u01b0\u1ee3ng<\/li>\n<\/ul>\n<h1 data-section-id=\"1iusff4\" data-start=\"2423\" data-end=\"2432\"><span role=\"text\"><strong data-start=\"2425\" data-end=\"2432\">C\u00e2u h\u1ecfi th\u01b0\u1eddng g\u1eb7p<\/strong><\/span><\/h1>\n<p data-start=\"2434\" data-end=\"2596\"><strong data-start=\"2434\" data-end=\"2498\">Q1: L\u1ee3i \u00edch c\u1ee7a v\u00f2ng bi t\u1ef1 \u0111\u1ecbnh t\u00e2m nh\u01b0 1210 l\u00e0 g\u00ec?<\/strong><br data-start=\"2498\" data-end=\"2501\" \/>A: Ch\u00fang t\u1ef1 \u0111\u1ed9ng \u0111i\u1ec1u ch\u1ec9nh theo s\u1ef1 l\u1ec7ch tr\u1ee5c, gi\u1ea3m c\u0103ng th\u1eb3ng v\u00e0 k\u00e9o d\u00e0i tu\u1ed5i th\u1ecd v\u00f2ng bi.<\/p>\n<p data-start=\"2598\" data-end=\"2705\"><strong data-start=\"2598\" data-end=\"2643\">Q2: V\u00f2ng bi 1210 c\u00f3 th\u1ec3 ch\u1ecbu t\u1ea3i n\u1eb7ng kh\u00f4ng?<\/strong><br data-start=\"2643\" data-end=\"2646\" \/>A: Ch\u00fang ph\u00f9 h\u1ee3p cho c\u00e1c \u1ee9ng d\u1ee5ng t\u1ea3i nh\u1eb9 \u0111\u1ebfn trung b\u00ecnh.<\/p>\n<p data-start=\"2707\" data-end=\"2837\"><strong data-start=\"2707\" data-end=\"2754\">Q3: C\u00f3 phi\u00ean b\u1ea3n b\u1eb1ng th\u00e9p kh\u00f4ng g\u1ec9 kh\u00f4ng?<\/strong><br data-start=\"2754\" data-end=\"2757\" \/>A: C\u00f3, c\u00e1c t\u00f9y ch\u1ecdn b\u1eb1ng th\u00e9p kh\u00f4ng g\u1ec9 v\u00e0 v\u1eadt li\u1ec7u \u0111\u1eb7c bi\u1ec7t c\u00f3 s\u1eb5n theo y\u00eau c\u1ea7u.<\/p>","protected":false},"excerpt":{"rendered":"<p>C\u00e1c <strong data-start=\"367\" data-end=\"402\">V\u00f2ng bi c\u1ea7u t\u1ef1 \u0111\u1ecbnh t\u00e2m 1210<\/strong> l\u00e0 m\u1ed9t v\u00f2ng bi c\u1ea7u hai h\u00e0ng \u0111\u01b0\u1ee3c thi\u1ebft k\u1ebf \u0111\u1ec3 t\u1ef1 \u0111\u1ed9ng b\u00f9 \u0111\u1eafp cho s\u1ef1 kh\u00f4ng th\u1eb3ng h\u00e0ng v\u00e0 \u0111\u1ed9 cong c\u1ee7a tr\u1ee5c trong qu\u00e1 tr\u00ecnh ho\u1ea1t \u0111\u1ed9ng. \u0110\u01b0\u1eddng ray ngo\u00e0i h\u00ecnh c\u1ea7u c\u1ee7a n\u00f3 cho ph\u00e9p t\u1ef1 \u0111\u1ecbnh t\u00e2m m\u01b0\u1ee3t m\u00e0, gi\u1ea3m c\u0103ng th\u1eb3ng l\u00ean v\u00f2ng bi v\u00e0 c\u1ea3i thi\u1ec7n \u0111\u1ed9 \u1ed5n \u0111\u1ecbnh trong ho\u1ea1t \u0111\u1ed9ng.<\/p>","protected":false},"featured_media":2539,"comment_status":"open","ping_status":"closed","template":"","meta":{"site-sidebar-layout":"default","site-content-layout":"","ast-site-content-layout":"default","site-content-style":"default","site-sidebar-style":"default","ast-global-header-display":"","ast-banner-title-visibility":"","ast-main-header-display":"","ast-hfb-above-header-display":"","ast-hfb-below-header-display":"","ast-hfb-mobile-header-display":"","site-post-title":"","ast-breadcrumbs-content":"","ast-featured-img":"","footer-sml-layout":"","ast-disable-related-posts":"","theme-transparent-header-meta":"default","adv-header-id-meta":"","stick-header-meta":"default","header-above-stick-meta":"","header-main-stick-meta":"","header-below-stick-meta":"","astra-migrate-meta-layouts":"set","ast-page-background-enabled":"default","ast-page-background-meta":{"desktop":{"background-color":"","background-image":"","background-repeat":"repeat","background-position":"center center","background-size":"auto","background-attachment":"scroll","background-type":"","background-media":"","overlay-type":"","overlay-color":"","overlay-opacity":"","overlay-gradient":""},"tablet":{"background-color":"","background-image":"","background-repeat":"repeat","background-position":"center center","background-size":"auto","background-attachment":"scroll","background-type":"","background-media":"","overlay-type":"","overlay-color":"","overlay-opacity":"","overlay-gradient":""},"mobile":{"background-color":"","background-image":"","background-repeat":"repeat","background-position":"center center","background-size":"auto","background-attachment":"scroll","background-type":"","background-media":"","overlay-type":"","overlay-color":"","overlay-opacity":"","overlay-gradient":""}},"ast-content-background-meta":{"desktop":{"background-color":"var(--ast-global-color-5)","background-image":"","background-repeat":"repeat","background-position":"center center","background-size":"auto","background-attachment":"scroll","background-type":"","background-media":"","overlay-type":"","overlay-color":"","overlay-opacity":"","overlay-gradient":""},"tablet":{"background-color":"var(--ast-global-color-5)","background-image":"","background-repeat":"repeat","background-position":"center center","background-size":"auto","background-attachment":"scroll","background-type":"","background-media":"","overlay-type":"","overlay-color":"","overlay-opacity":"","overlay-gradient":""},"mobile":{"background-color":"var(--ast-global-color-5)","background-image":"","background-repeat":"repeat","background-position":"center center","background-size":"auto","background-attachment":"scroll","background-type":"","background-media":"","overlay-type":"","overlay-color":"","overlay-opacity":"","overlay-gradient":""}}},"product_brand":[],"product_cat":[22],"product_tag":[210,160,209,206,45,211,207,72,143,205],"class_list":{"0":"post-2436","1":"product","2":"type-product","3":"status-publish","4":"has-post-thumbnail","6":"product_cat-self-aligning-ball-bearings","7":"product_tag-1210-bearing","8":"product_tag-agricultural-bearing","9":"product_tag-conveyor-bearing","10":"product_tag-double-row-bearing","11":"product_tag-industrial-bearing","12":"product_tag-mechanical-bearing","13":"product_tag-misalignment-bearing","14":"product_tag-oem-bearing-supplier","15":"product_tag-precision-bearing-manufacturer","16":"product_tag-self-aligning-ball-bearing","17":"desktop-align-left","18":"tablet-align-left","19":"mobile-align-left","20":"ast-product-gallery-layout-horizontal-slider","21":"ast-product-gallery-with-no-image","22":"ast-product-tabs-layout-horizontal","24":"first","25":"instock","26":"shipping-taxable","27":"product-type-simple"},"_links":{"self":[{"href":"https:\/\/www.machinerybearings.com\/vi\/wp-json\/wp\/v2\/product\/2436","targetHints":{"allow":["GET"]}}],"collection":[{"href":"https:\/\/www.machinerybearings.com\/vi\/wp-json\/wp\/v2\/product"}],"about":[{"href":"https:\/\/www.machinerybearings.com\/vi\/wp-json\/wp\/v2\/types\/product"}],"replies":[{"embeddable":true,"href":"https:\/\/www.machinerybearings.com\/vi\/wp-json\/wp\/v2\/comments?post=2436"}],"wp:featuredmedia":[{"embeddable":true,"href":"https:\/\/www.machinerybearings.com\/vi\/wp-json\/wp\/v2\/media\/2539"}],"wp:attachment":[{"href":"https:\/\/www.machinerybearings.com\/vi\/wp-json\/wp\/v2\/media?parent=2436"}],"wp:term":[{"taxonomy":"product_brand","embeddable":true,"href":"https:\/\/www.machinerybearings.com\/vi\/wp-json\/wp\/v2\/product_brand?post=2436"},{"taxonomy":"product_cat","embeddable":true,"href":"https:\/\/www.machinerybearings.com\/vi\/wp-json\/wp\/v2\/product_cat?post=2436"},{"taxonomy":"product_tag","embeddable":true,"href":"https:\/\/www.machinerybearings.com\/vi\/wp-json\/wp\/v2\/product_tag?post=2436"}],"curies":[{"name":"wp","href":"https:\/\/api.w.org\/{rel}","templated":true}]}}