{"id":2440,"date":"2026-04-13T14:32:45","date_gmt":"2026-04-13T14:32:45","guid":{"rendered":"https:\/\/www.machinerybearings.com\/?post_type=product&#038;p=2440"},"modified":"2026-05-04T14:15:15","modified_gmt":"2026-05-04T14:15:15","slug":"wide-inner-ring-bearing-insert-bearing-with-extended-inner-ring-for-enhanced-shaft-support","status":"publish","type":"product","link":"https:\/\/www.machinerybearings.com\/vi\/san-pham\/wide-inner-ring-bearing-insert-bearing-with-extended-inner-ring-for-enhanced-shaft-support\/","title":{"rendered":"V\u00f2ng bi v\u00f2ng trong r\u1ed9ng \u2013 V\u00f2ng bi ch\u00e8n v\u1edbi v\u00f2ng trong m\u1edf r\u1ed9ng \u0111\u1ec3 t\u0103ng c\u01b0\u1eddng h\u1ed7 tr\u1ee3 tr\u1ee5c"},"content":{"rendered":"<p data-start=\"376\" data-end=\"699\">C\u00e1c <strong data-start=\"380\" data-end=\"407\">V\u00f2ng bi trong r\u1ed9ng<\/strong> l\u00e0 m\u1ed9t v\u00f2ng bi ch\u00e8n chuy\u00ean d\u1ee5ng \u0111\u01b0\u1ee3c thi\u1ebft k\u1ebf v\u1edbi v\u00f2ng trong m\u1edf r\u1ed9ng \u1edf m\u1ed9t ho\u1eb7c c\u1ea3 hai b\u00ean. Thi\u1ebft k\u1ebf n\u00e0y cung c\u1ea5p h\u1ed7 tr\u1ee3 tr\u1ee5c b\u1ed5 sung, c\u1ea3i thi\u1ec7n \u0111\u1ed9 \u1ed5n \u0111\u1ecbnh v\u00e0 hi\u1ec7u su\u1ea5t kh\u00f3a t\u1ed1t h\u01a1n, l\u00e0m cho n\u00f3 l\u00fd t\u01b0\u1edfng cho c\u00e1c \u1ee9ng d\u1ee5ng c\u00f3 s\u1ef1 l\u1ec7ch tr\u1ee5c, rung \u0111\u1ed9ng ho\u1eb7c chi\u1ec1u d\u00e0i h\u1ed7 tr\u1ee3 tr\u1ee5c h\u1ea1n ch\u1ebf.<\/p>\n<p data-start=\"701\" data-end=\"997\">\u0110\u01b0\u1ee3c s\u1eed d\u1ee5ng r\u1ed9ng r\u00e3i trong m\u00e1y m\u00f3c n\u00f4ng nghi\u1ec7p v\u00e0 h\u1ec7 th\u1ed1ng b\u0103ng t\u1ea3i, v\u00f2ng bi trong r\u1ed9ng th\u01b0\u1eddng \u0111\u01b0\u1ee3c g\u1eafn trong kh\u1ed1i \u0111\u1ec7m ho\u1eb7c v\u1ecf m\u1eb7t b\u00edch. V\u00f2ng trong m\u1edf r\u1ed9ng cho ph\u00e9p c\u1ed1 \u0111\u1ecbnh an to\u00e0n b\u1eb1ng c\u00e1ch s\u1eed d\u1ee5ng v\u00edt c\u1ed1 \u0111\u1ecbnh ho\u1eb7c v\u00f2ng kh\u00f3a l\u1ec7ch t\u00e2m, \u0111\u1ea3m b\u1ea3o ho\u1ea1t \u0111\u1ed9ng \u0111\u00e1ng tin c\u1eady d\u01b0\u1edbi \u0111i\u1ec1u ki\u1ec7n t\u1ea3i \u0111\u1ed9ng.<\/p>\n<p data-start=\"999\" data-end=\"1194\">\u0110\u01b0\u1ee3c s\u1ea3n xu\u1ea5t t\u1eeb th\u00e9p cr\u00f4m ch\u1ea5t l\u01b0\u1ee3ng cao v\u00e0 c\u00f3 s\u1eb5n trong phi\u00ean b\u1ea3n th\u00e9p kh\u00f4ng g\u1ec9, nh\u1eefng v\u00f2ng bi n\u00e0y cung c\u1ea5p \u0111\u1ed9 b\u1ec1n xu\u1ea5t s\u1eafc, quay m\u01b0\u1ee3t m\u00e0 v\u00e0 tu\u1ed5i th\u1ecd d\u00e0i trong m\u00f4i tr\u01b0\u1eddng kh\u1eafc nghi\u1ec7t.<\/p>\n<h1 data-section-id=\"8av2ty\" data-start=\"1201\" data-end=\"1219\"><span role=\"text\"><strong data-start=\"1203\" data-end=\"1219\">T\u00ednh n\u0103ng ch\u00ednh<\/strong><\/span><\/h1>\n<ul data-start=\"1221\" data-end=\"1567\">\n<li data-section-id=\"19holap\" data-start=\"1221\" data-end=\"1271\">V\u00f2ng trong m\u1edf r\u1ed9ng \u0111\u1ec3 t\u0103ng c\u01b0\u1eddng h\u1ed7 tr\u1ee3 tr\u1ee5c<\/li>\n<li data-section-id=\"1j20xvq\" data-start=\"1272\" data-end=\"1332\">C\u1ea3i thi\u1ec7n \u0111\u1ed9 \u1ed5n \u0111\u1ecbnh trong c\u00e1c \u1ee9ng d\u1ee5ng c\u00f3 s\u1ef1 bi\u1ebfn d\u1ea1ng tr\u1ee5c<\/li>\n<li data-section-id=\"1te2cmv\" data-start=\"1333\" data-end=\"1387\">Kh\u00f3a an to\u00e0n v\u1edbi v\u00edt c\u1ed1 \u0111\u1ecbnh ho\u1eb7c v\u00f2ng kh\u00f3a l\u1ec7ch t\u00e2m<\/li>\n<li data-section-id=\"3br2ju\" data-start=\"1388\" data-end=\"1426\">Thi\u1ebft k\u1ebf b\u1ec1 m\u1eb7t ngo\u00e0i t\u1ef1 \u0111\u1ecbnh t\u00e2m<\/li>\n<li data-section-id=\"hwxtx0\" data-start=\"1427\" data-end=\"1476\">Ph\u00f9 h\u1ee3p v\u1edbi kh\u1ed1i \u0111\u1ec7m v\u00e0 v\u1ecf m\u1eb7t b\u00edch<\/li>\n<li data-section-id=\"1lzu0yl\" data-start=\"1477\" data-end=\"1516\">\u0110\u01b0\u1ee3c b\u00f4i tr\u01a1n tr\u01b0\u1edbc \u0111\u1ec3 d\u1ec5 b\u1ea3o tr\u00ec<\/li>\n<li data-section-id=\"1u6kvkj\" data-start=\"1517\" data-end=\"1567\">Kh\u1ea3 n\u0103ng ch\u1ed1ng rung v\u00e0 t\u1ea3i s\u1ed1c m\u1ea1nh<\/li>\n<\/ul>\n<h1 data-section-id=\"10k15yz\" data-start=\"1574\" data-end=\"1604\"><span role=\"text\"><strong data-start=\"1576\" data-end=\"1604\">Th\u00f4ng s\u1ed1 k\u1ef9 thu\u1eadt<\/strong><\/span><\/h1>\n<div class=\"TyagGW_tableContainer\">\n<div class=\"group TyagGW_tableWrapper flex flex-col-reverse w-fit\" tabindex=\"-1\">\n<table class=\"w-fit min-w-(--thread-content-width)\" data-start=\"1606\" data-end=\"2064\">\n<thead data-start=\"1606\" data-end=\"1627\">\n<tr data-start=\"1606\" data-end=\"1627\">\n<th class=\"\" data-start=\"1606\" data-end=\"1618\" data-col-size=\"sm\">Tham s\u1ed1<\/th>\n<th class=\"\" data-start=\"1618\" data-end=\"1627\" data-col-size=\"md\">Gi\u00e1 tr\u1ecb<\/th>\n<\/tr>\n<\/thead>\n<tbody data-start=\"1648\" data-end=\"2064\">\n<tr data-start=\"1648\" data-end=\"1697\">\n<td data-start=\"1648\" data-end=\"1663\" data-col-size=\"sm\">Lo\u1ea1i v\u00f2ng bi<\/td>\n<td data-col-size=\"md\" data-start=\"1663\" data-end=\"1697\">V\u00f2ng bi ch\u00e8n v\u00f2ng trong r\u1ed9ng<\/td>\n<\/tr>\n<tr data-start=\"1698\" data-end=\"1762\">\n<td data-start=\"1698\" data-end=\"1710\" data-col-size=\"sm\">C\u1ea5u tr\u00fac<\/td>\n<td data-col-size=\"md\" data-start=\"1710\" data-end=\"1762\">V\u00f2ng bi bi c\u1ea7u m\u1ed9t h\u00e0ng v\u1edbi v\u00f2ng trong m\u1edf r\u1ed9ng<\/td>\n<\/tr>\n<tr data-start=\"1763\" data-end=\"1808\">\n<td data-start=\"1763\" data-end=\"1774\" data-col-size=\"sm\">V\u1eadt li\u1ec7u<\/td>\n<td data-col-size=\"md\" data-start=\"1774\" data-end=\"1808\">Th\u00e9p m\u1ea1 cr\u00f4m \/ Th\u00e9p kh\u00f4ng g\u1ec9<\/td>\n<\/tr>\n<tr data-start=\"1809\" data-end=\"1866\">\n<td data-start=\"1809\" data-end=\"1826\" data-col-size=\"sm\">Ph\u01b0\u01a1ng ph\u00e1p kh\u00f3a<\/td>\n<td data-col-size=\"md\" data-start=\"1826\" data-end=\"1866\">\u0110ai \u1ed1c \u0111i\u1ec1u ch\u1ec9nh \/ V\u00f2ng kh\u00f3a l\u1ec7ch t\u00e2m<\/td>\n<\/tr>\n<tr data-start=\"1867\" data-end=\"1904\">\n<td data-start=\"1867\" data-end=\"1882\" data-col-size=\"sm\">Lo\u1ea1i ni\u00eam phong<\/td>\n<td data-col-size=\"md\" data-start=\"1882\" data-end=\"1904\">Gio\u0103ng cao su (2RS)<\/td>\n<\/tr>\n<tr data-start=\"1905\" data-end=\"1934\">\n<td data-start=\"1905\" data-end=\"1919\" data-col-size=\"sm\">B\u00f4i tr\u01a1n<\/td>\n<td data-col-size=\"md\" data-start=\"1919\" data-end=\"1934\">\u0110\u00e3 \u0111\u01b0\u1ee3c b\u00f4i tr\u01a1n s\u1eb5n<\/td>\n<\/tr>\n<tr data-start=\"1935\" data-end=\"1986\">\n<td data-start=\"1935\" data-end=\"1959\" data-col-size=\"sm\">T\u00ednh t\u01b0\u01a1ng th\u00edch c\u1ee7a v\u1ecf<\/td>\n<td data-col-size=\"md\" data-start=\"1959\" data-end=\"1986\">D\u00f2ng s\u1ea3n ph\u1ea9m UCP \/ UCF \/ UCFL<\/td>\n<\/tr>\n<tr data-start=\"1987\" data-end=\"2029\">\n<td data-start=\"1987\" data-end=\"2011\" data-col-size=\"sm\">Nhi\u1ec7t \u0111\u1ed9 ho\u1ea1t \u0111\u1ed9ng<\/td>\n<td data-col-size=\"md\" data-start=\"2011\" data-end=\"2029\">-20\u00b0C \u0111\u1ebfn 120\u00b0C<\/td>\n<\/tr>\n<tr data-start=\"2030\" data-end=\"2064\">\n<td data-start=\"2030\" data-end=\"2042\" data-col-size=\"sm\">Lo\u1ea1i t\u1ea3i<\/td>\n<td data-col-size=\"md\" data-start=\"2042\" data-end=\"2064\">T\u1ea3i tr\u1ecdng h\u01b0\u1edbng k\u00ednh trung b\u00ecnh<\/td>\n<\/tr>\n<\/tbody>\n<\/table>\n<\/div>\n<\/div>\n<h1 data-section-id=\"1p00fbj\" data-start=\"2071\" data-end=\"2089\"><span role=\"text\"><strong data-start=\"2073\" data-end=\"2089\">\u1ee8ng d\u1ee5ng<\/strong><\/span><\/h1>\n<p data-start=\"2091\" data-end=\"2135\">V\u00f2ng bi c\u00f3 v\u00e0nh trong r\u1ed9ng \u0111\u01b0\u1ee3c s\u1eed d\u1ee5ng r\u1ed9ng r\u00e3i trong:<\/p>\n<ul data-start=\"2137\" data-end=\"2291\">\n<li data-section-id=\"1n6ynun\" data-start=\"2137\" data-end=\"2163\">M\u00e1y m\u00f3c n\u00f4ng nghi\u1ec7p<\/li>\n<li data-section-id=\"176s2ln\" data-start=\"2164\" data-end=\"2184\">H\u1ec7 th\u1ed1ng b\u0103ng t\u1ea3i<\/li>\n<li data-section-id=\"1vok1mu\" data-start=\"2185\" data-end=\"2214\">Thi\u1ebft b\u1ecb c\u1eaft c\u1ecf v\u00e0 l\u00e0m v\u01b0\u1eddn<\/li>\n<li data-section-id=\"io1u9n\" data-start=\"2215\" data-end=\"2236\">M\u00e1y m\u00f3c d\u1ec7t may<\/li>\n<li data-section-id=\"1htpp6l\" data-start=\"2237\" data-end=\"2260\">Thi\u1ebft b\u1ecb \u0111\u00f3ng g\u00f3i<\/li>\n<li data-section-id=\"14dhqtb\" data-start=\"2261\" data-end=\"2291\">M\u00e1y m\u00f3c c\u00f4ng nghi\u1ec7p nh\u1eb9<\/li>\n<\/ul>\n<h1 data-section-id=\"zdmnob\" data-start=\"2298\" data-end=\"2317\"><span role=\"text\"><strong data-start=\"2300\" data-end=\"2317\">T\u1ea1i sao ch\u1ecdn ch\u00fang t\u00f4i<\/strong><\/span><\/h1>\n<ul data-start=\"2319\" data-end=\"2558\">\n<li data-section-id=\"27wjk1\" data-start=\"2319\" data-end=\"2372\">Kinh nghi\u1ec7m m\u1ea1nh m\u1ebd trong s\u1ea3n xu\u1ea5t v\u00f2ng bi ch\u00e8n<\/li>\n<li data-section-id=\"1rc9oj3\" data-start=\"2373\" data-end=\"2419\">Gi\u1ea3i ph\u00e1p kh\u00f3a OEM v\u00e0 t\u00f9y ch\u1ec9nh c\u00f3 s\u1eb5n<\/li>\n<li data-section-id=\"1veetvt\" data-start=\"2420\" data-end=\"2470\">V\u1eadt li\u1ec7u ch\u1ea5t l\u01b0\u1ee3ng cao v\u1edbi hi\u1ec7u su\u1ea5t \u1ed5n \u0111\u1ecbnh<\/li>\n<li data-section-id=\"25hgpv\" data-start=\"2471\" data-end=\"2513\">T\u01b0\u01a1ng th\u00edch v\u1edbi c\u00e1c \u0111\u01a1n v\u1ecb v\u1ecf ti\u00eau chu\u1ea9n<\/li>\n<li data-section-id=\"1lpvtyk\" data-start=\"2514\" data-end=\"2558\">Giao h\u00e0ng nhanh v\u00e0 kh\u1ea3 n\u0103ng cung c\u1ea5p s\u1ed1 l\u01b0\u1ee3ng l\u1edbn<\/li>\n<\/ul>\n<h1 data-section-id=\"1iusff4\" data-start=\"2565\" data-end=\"2574\"><span role=\"text\"><strong data-start=\"2567\" data-end=\"2574\">C\u00e2u h\u1ecfi th\u01b0\u1eddng g\u1eb7p<\/strong><\/span><\/h1>\n<p data-start=\"2576\" data-end=\"2751\"><strong data-start=\"2576\" data-end=\"2635\">Q1: L\u1ee3i \u00edch c\u1ee7a v\u00f2ng bi c\u00f3 v\u00e0nh trong r\u1ed9ng l\u00e0 g\u00ec?<\/strong><br data-start=\"2635\" data-end=\"2638\" \/>A: N\u00f3 cung c\u1ea5p h\u1ed7 tr\u1ee3 tr\u1ee5c v\u00e0 \u0111\u1ed9 \u1ed5n \u0111\u1ecbnh t\u1ed1t h\u01a1n, \u0111\u1eb7c bi\u1ec7t trong c\u00e1c \u1ee9ng d\u1ee5ng c\u00f3 \u0111\u1ed9 l\u1ec7ch ho\u1eb7c rung \u0111\u1ed9ng c\u1ee7a tr\u1ee5c.<\/p>\n<p data-start=\"2753\" data-end=\"2877\"><strong data-start=\"2753\" data-end=\"2799\">Q2: V\u00f2ng bi \u0111\u01b0\u1ee3c c\u1ed1 \u0111\u1ecbnh v\u00e0o tr\u1ee5c nh\u01b0 th\u1ebf n\u00e0o?<\/strong><br data-start=\"2799\" data-end=\"2802\" \/>A: N\u00f3 th\u01b0\u1eddng \u0111\u01b0\u1ee3c c\u1ed1 \u0111\u1ecbnh b\u1eb1ng c\u00e1ch s\u1eed d\u1ee5ng \u0111ai \u1ed1c \u0111i\u1ec1u ch\u1ec9nh ho\u1eb7c v\u00f2ng kh\u00f3a l\u1ec7ch t\u00e2m.<\/p>\n<p data-start=\"2879\" data-end=\"3013\"><strong data-start=\"2879\" data-end=\"2938\">Q3: N\u00f3 c\u00f3 th\u1ec3 \u0111\u01b0\u1ee3c s\u1eed d\u1ee5ng v\u1edbi c\u00e1c v\u1ecf kh\u1ed1i g\u1ed1i ti\u00eau chu\u1ea9n kh\u00f4ng?<\/strong><br data-start=\"2938\" data-end=\"2941\" \/>A: V\u00e2ng, n\u00f3 t\u01b0\u01a1ng th\u00edch v\u1edbi c\u00e1c \u0111\u01a1n v\u1ecb nh\u00e0 \u1edf UCP, UCF v\u00e0 UCFL ti\u00eau chu\u1ea9n.<\/p>","protected":false},"excerpt":{"rendered":"<p>C\u00e1c <strong data-start=\"380\" data-end=\"407\">V\u00f2ng bi trong r\u1ed9ng<\/strong> l\u00e0 m\u1ed9t v\u00f2ng bi ch\u00e8n chuy\u00ean d\u1ee5ng \u0111\u01b0\u1ee3c thi\u1ebft k\u1ebf v\u1edbi v\u00f2ng trong m\u1edf r\u1ed9ng \u1edf m\u1ed9t ho\u1eb7c c\u1ea3 hai b\u00ean. Thi\u1ebft k\u1ebf n\u00e0y cung c\u1ea5p h\u1ed7 tr\u1ee3 tr\u1ee5c b\u1ed5 sung, c\u1ea3i thi\u1ec7n \u0111\u1ed9 \u1ed5n \u0111\u1ecbnh v\u00e0 hi\u1ec7u su\u1ea5t kh\u00f3a t\u1ed1t h\u01a1n, l\u00e0m cho n\u00f3 l\u00fd t\u01b0\u1edfng cho c\u00e1c \u1ee9ng d\u1ee5ng c\u00f3 s\u1ef1 l\u1ec7ch tr\u1ee5c, rung \u0111\u1ed9ng ho\u1eb7c chi\u1ec1u d\u00e0i h\u1ed7 tr\u1ee3 tr\u1ee5c h\u1ea1n ch\u1ebf.<\/p>","protected":false},"featured_media":2603,"comment_status":"open","ping_status":"closed","template":"","meta":{"site-sidebar-layout":"default","site-content-layout":"","ast-site-content-layout":"default","site-content-style":"default","site-sidebar-style":"default","ast-global-header-display":"","ast-banner-title-visibility":"","ast-main-header-display":"","ast-hfb-above-header-display":"","ast-hfb-below-header-display":"","ast-hfb-mobile-header-display":"","site-post-title":"","ast-breadcrumbs-content":"","ast-featured-img":"","footer-sml-layout":"","ast-disable-related-posts":"","theme-transparent-header-meta":"default","adv-header-id-meta":"","stick-header-meta":"default","header-above-stick-meta":"","header-main-stick-meta":"","header-below-stick-meta":"","astra-migrate-meta-layouts":"set","ast-page-background-enabled":"default","ast-page-background-meta":{"desktop":{"background-color":"","background-image":"","background-repeat":"repeat","background-position":"center center","background-size":"auto","background-attachment":"scroll","background-type":"","background-media":"","overlay-type":"","overlay-color":"","overlay-opacity":"","overlay-gradient":""},"tablet":{"background-color":"","background-image":"","background-repeat":"repeat","background-position":"center center","background-size":"auto","background-attachment":"scroll","background-type":"","background-media":"","overlay-type":"","overlay-color":"","overlay-opacity":"","overlay-gradient":""},"mobile":{"background-color":"","background-image":"","background-repeat":"repeat","background-position":"center center","background-size":"auto","background-attachment":"scroll","background-type":"","background-media":"","overlay-type":"","overlay-color":"","overlay-opacity":"","overlay-gradient":""}},"ast-content-background-meta":{"desktop":{"background-color":"var(--ast-global-color-5)","background-image":"","background-repeat":"repeat","background-position":"center center","background-size":"auto","background-attachment":"scroll","background-type":"","background-media":"","overlay-type":"","overlay-color":"","overlay-opacity":"","overlay-gradient":""},"tablet":{"background-color":"var(--ast-global-color-5)","background-image":"","background-repeat":"repeat","background-position":"center center","background-size":"auto","background-attachment":"scroll","background-type":"","background-media":"","overlay-type":"","overlay-color":"","overlay-opacity":"","overlay-gradient":""},"mobile":{"background-color":"var(--ast-global-color-5)","background-image":"","background-repeat":"repeat","background-position":"center center","background-size":"auto","background-attachment":"scroll","background-type":"","background-media":"","overlay-type":"","overlay-color":"","overlay-opacity":"","overlay-gradient":""}}},"product_brand":[],"product_cat":[22],"product_tag":[160,209,45,156,159,72,157,162,215,214],"class_list":{"0":"post-2440","1":"product","2":"type-product","3":"status-publish","4":"has-post-thumbnail","6":"product_cat-self-aligning-ball-bearings","7":"product_tag-agricultural-bearing","8":"product_tag-conveyor-bearing","9":"product_tag-industrial-bearing","10":"product_tag-insert-bearing","11":"product_tag-mounted-bearing","12":"product_tag-oem-bearing-supplier","13":"product_tag-pillow-block-bearing","14":"product_tag-self-aligning-bearing","15":"product_tag-uc-bearing","16":"product_tag-wide-inner-ring-bearing","17":"desktop-align-left","18":"tablet-align-left","19":"mobile-align-left","20":"ast-product-gallery-layout-horizontal-slider","21":"ast-product-gallery-with-no-image","22":"ast-product-tabs-layout-horizontal","24":"first","25":"instock","26":"shipping-taxable","27":"product-type-simple"},"_links":{"self":[{"href":"https:\/\/www.machinerybearings.com\/vi\/wp-json\/wp\/v2\/product\/2440","targetHints":{"allow":["GET"]}}],"collection":[{"href":"https:\/\/www.machinerybearings.com\/vi\/wp-json\/wp\/v2\/product"}],"about":[{"href":"https:\/\/www.machinerybearings.com\/vi\/wp-json\/wp\/v2\/types\/product"}],"replies":[{"embeddable":true,"href":"https:\/\/www.machinerybearings.com\/vi\/wp-json\/wp\/v2\/comments?post=2440"}],"wp:featuredmedia":[{"embeddable":true,"href":"https:\/\/www.machinerybearings.com\/vi\/wp-json\/wp\/v2\/media\/2603"}],"wp:attachment":[{"href":"https:\/\/www.machinerybearings.com\/vi\/wp-json\/wp\/v2\/media?parent=2440"}],"wp:term":[{"taxonomy":"product_brand","embeddable":true,"href":"https:\/\/www.machinerybearings.com\/vi\/wp-json\/wp\/v2\/product_brand?post=2440"},{"taxonomy":"product_cat","embeddable":true,"href":"https:\/\/www.machinerybearings.com\/vi\/wp-json\/wp\/v2\/product_cat?post=2440"},{"taxonomy":"product_tag","embeddable":true,"href":"https:\/\/www.machinerybearings.com\/vi\/wp-json\/wp\/v2\/product_tag?post=2440"}],"curies":[{"name":"wp","href":"https:\/\/api.w.org\/{rel}","templated":true}]}}