{"id":2441,"date":"2026-04-13T14:36:00","date_gmt":"2026-04-13T14:36:00","guid":{"rendered":"https:\/\/www.machinerybearings.com\/?post_type=product&#038;p=2441"},"modified":"2026-05-04T12:25:34","modified_gmt":"2026-05-04T12:25:34","slug":"high-misalignment-bearing-self-aligning-bearings-for-shaft-deviation-harsh-industrial-conditions","status":"publish","type":"product","link":"https:\/\/www.machinerybearings.com\/vi\/san-pham\/high-misalignment-bearing-self-aligning-bearings-for-shaft-deviation-harsh-industrial-conditions\/","title":{"rendered":"V\u00f2ng bi l\u1ec7ch tr\u1ee5c cao \u2013 V\u00f2ng bi t\u1ef1 \u0111\u1ecbnh t\u00e2m cho s\u1ef1 l\u1ec7ch tr\u1ee5c &amp; \u0111i\u1ec1u ki\u1ec7n c\u00f4ng nghi\u1ec7p kh\u1eafc nghi\u1ec7t"},"content":{"rendered":"<p data-start=\"416\" data-end=\"725\">C\u00e1c <strong data-start=\"420\" data-end=\"449\">High Misalignment Bearing<\/strong> is engineered to accommodate significant shaft misalignment, angular deviation, and deflection during operation. These bearings are designed with self-aligning capabilities that automatically adjust to shaft positioning errors, reducing stress, vibration, and premature wear.<\/p>\n<p data-start=\"727\" data-end=\"1057\">Unlike standard bearings, high misalignment bearings feature specialized raceway geometry or spherical designs that allow angular compensation without compromising performance. They are ideal for applications where shaft alignment is difficult to maintain due to installation tolerances, thermal expansion, or heavy dynamic loads.<\/p>\n<p data-start=\"1059\" data-end=\"1284\">We offer a wide range of high misalignment bearing solutions, including self-aligning ball bearings, spherical roller bearings, and insert bearings for mounted units, all customizable to meet specific industrial requirements.<\/p>\n<h1 data-section-id=\"8av2ty\" data-start=\"1291\" data-end=\"1309\"><span role=\"text\"><strong data-start=\"1293\" data-end=\"1309\">T\u00ednh n\u0103ng ch\u00ednh<\/strong><\/span><\/h1>\n<ul data-start=\"1311\" data-end=\"1650\">\n<li data-section-id=\"kjvg4g\" data-start=\"1311\" data-end=\"1361\">Excellent misalignment compensation capability<\/li>\n<li data-section-id=\"7jal95\" data-start=\"1362\" data-end=\"1405\">Reduces vibration and mechanical stress<\/li>\n<li data-section-id=\"1d5bvz8\" data-start=\"1406\" data-end=\"1462\">Smooth and stable operation under dynamic conditions<\/li>\n<li data-section-id=\"1cebwcn\" data-start=\"1463\" data-end=\"1520\">Suitable for shaft deflection and installation errors<\/li>\n<li data-section-id=\"11p0l20\" data-start=\"1521\" data-end=\"1564\">Long service life in harsh environments<\/li>\n<li data-section-id=\"1f8i4iy\" data-start=\"1565\" data-end=\"1618\">Available in multiple bearing types and materials<\/li>\n<li data-section-id=\"15gq54b\" data-start=\"1619\" data-end=\"1650\">OEM customization available<\/li>\n<\/ul>\n<h1 data-section-id=\"1kpbo1s\" data-start=\"1657\" data-end=\"1686\"><span role=\"text\"><strong data-start=\"1659\" data-end=\"1686\">Bearing Types Available<\/strong><\/span><\/h1>\n<h3 data-section-id=\"9st1i6\" data-start=\"1688\" data-end=\"1723\"><span role=\"text\"><strong data-start=\"1692\" data-end=\"1723\">V\u00f2ng bi c\u1ea7u t\u1ef1 \u0111\u1ecbnh t\u00e2m<\/strong><\/span><\/h3>\n<ul data-start=\"1724\" data-end=\"1810\">\n<li data-section-id=\"1uzvztn\" data-start=\"1724\" data-end=\"1759\">Ideal for light to medium loads<\/li>\n<li data-section-id=\"5kvz3z\" data-start=\"1760\" data-end=\"1810\">Double row design with spherical outer raceway<\/li>\n<\/ul>\n<h3 data-section-id=\"s89z5c\" data-start=\"1812\" data-end=\"1845\"><span role=\"text\"><strong data-start=\"1816\" data-end=\"1845\">V\u00f2ng bi con l\u0103n c\u1ea7u<\/strong><\/span><\/h3>\n<ul data-start=\"1846\" data-end=\"1944\">\n<li data-section-id=\"15kj11g\" data-start=\"1846\" data-end=\"1903\">High load capacity with strong misalignment tolerance<\/li>\n<li data-section-id=\"1icaah\" data-start=\"1904\" data-end=\"1944\">Suitable for heavy-duty applications<\/li>\n<\/ul>\n<h3 data-section-id=\"4fz63e\" data-start=\"1946\" data-end=\"1981\"><span role=\"text\"><strong data-start=\"1950\" data-end=\"1981\">Insert Bearings (UC Series)<\/strong><\/span><\/h3>\n<ul data-start=\"1982\" data-end=\"2068\">\n<li data-section-id=\"jg3vyr\" data-start=\"1982\" data-end=\"2030\">Used in mounted units (pillow block, flange)<\/li>\n<li data-section-id=\"f8hmgc\" data-start=\"2031\" data-end=\"2068\">D\u1ec5 d\u00e0ng l\u1eafp \u0111\u1eb7t v\u00e0 b\u1ea3o tr\u00ec<\/li>\n<\/ul>\n<h1 data-section-id=\"10k15yz\" data-start=\"2075\" data-end=\"2105\"><span role=\"text\"><strong data-start=\"2077\" data-end=\"2105\">Th\u00f4ng s\u1ed1 k\u1ef9 thu\u1eadt<\/strong><\/span><\/h1>\n<div class=\"TyagGW_tableContainer\">\n<div class=\"group TyagGW_tableWrapper flex flex-col-reverse w-fit\" tabindex=\"-1\">\n<table class=\"w-fit min-w-(--thread-content-width)\" data-start=\"2107\" data-end=\"2516\">\n<thead data-start=\"2107\" data-end=\"2128\">\n<tr data-start=\"2107\" data-end=\"2128\">\n<th class=\"\" data-start=\"2107\" data-end=\"2119\" data-col-size=\"sm\">Tham s\u1ed1<\/th>\n<th class=\"\" data-start=\"2119\" data-end=\"2128\" data-col-size=\"md\">Gi\u00e1 tr\u1ecb<\/th>\n<\/tr>\n<\/thead>\n<tbody data-start=\"2149\" data-end=\"2516\">\n<tr data-start=\"2149\" data-end=\"2211\">\n<td data-start=\"2149\" data-end=\"2164\" data-col-size=\"sm\">Lo\u1ea1i v\u00f2ng bi<\/td>\n<td data-start=\"2164\" data-end=\"2211\" data-col-size=\"md\">Self-Aligning \/ Spherical \/ Insert Bearings<\/td>\n<\/tr>\n<tr data-start=\"2212\" data-end=\"2271\">\n<td data-start=\"2212\" data-end=\"2236\" data-col-size=\"sm\">Misalignment Capacity<\/td>\n<td data-col-size=\"md\" data-start=\"2236\" data-end=\"2271\">Up to 2\u00b0\u20135\u00b0 (depending on type)<\/td>\n<\/tr>\n<tr data-start=\"2272\" data-end=\"2331\">\n<td data-start=\"2272\" data-end=\"2283\" data-col-size=\"sm\">V\u1eadt li\u1ec7u<\/td>\n<td data-start=\"2283\" data-end=\"2331\" data-col-size=\"md\">Chrome Steel \/ Stainless Steel \/ Alloy Steel<\/td>\n<\/tr>\n<tr data-start=\"2332\" data-end=\"2362\">\n<td data-start=\"2332\" data-end=\"2346\" data-col-size=\"sm\">B\u00f4i tr\u01a1n<\/td>\n<td data-start=\"2346\" data-end=\"2362\" data-col-size=\"md\">M\u1ee1 \/ D\u1ea7u<\/td>\n<\/tr>\n<tr data-start=\"2363\" data-end=\"2395\">\n<td data-start=\"2363\" data-end=\"2378\" data-col-size=\"sm\">Lo\u1ea1i ni\u00eam phong<\/td>\n<td data-start=\"2378\" data-end=\"2395\" data-col-size=\"md\">Open \/ Sealed<\/td>\n<\/tr>\n<tr data-start=\"2396\" data-end=\"2431\">\n<td data-start=\"2396\" data-end=\"2415\" data-col-size=\"sm\">\u0110\u00e1nh gi\u00e1 \u0111\u1ed9 ch\u00ednh x\u00e1c<\/td>\n<td data-col-size=\"md\" data-start=\"2415\" data-end=\"2431\">P0 \/ P6 \/ P5<\/td>\n<\/tr>\n<tr data-start=\"2432\" data-end=\"2474\">\n<td data-start=\"2432\" data-end=\"2456\" data-col-size=\"sm\">Nhi\u1ec7t \u0111\u1ed9 ho\u1ea1t \u0111\u1ed9ng<\/td>\n<td data-col-size=\"md\" data-start=\"2456\" data-end=\"2474\">-20\u00b0C \u0111\u1ebfn 150\u00b0C<\/td>\n<\/tr>\n<tr data-start=\"2475\" data-end=\"2516\">\n<td data-start=\"2475\" data-end=\"2487\" data-col-size=\"sm\">Lo\u1ea1i t\u1ea3i<\/td>\n<td data-col-size=\"md\" data-start=\"2487\" data-end=\"2516\">Radial and combined loads<\/td>\n<\/tr>\n<\/tbody>\n<\/table>\n<\/div>\n<\/div>\n<h1 data-section-id=\"1p00fbj\" data-start=\"2523\" data-end=\"2541\"><span role=\"text\"><strong data-start=\"2525\" data-end=\"2541\">\u1ee8ng d\u1ee5ng<\/strong><\/span><\/h1>\n<p data-start=\"2543\" data-end=\"2589\">High misalignment bearings are widely used in:<\/p>\n<ul data-start=\"2591\" data-end=\"2807\">\n<li data-section-id=\"176s2ln\" data-start=\"2591\" data-end=\"2611\">H\u1ec7 th\u1ed1ng b\u0103ng t\u1ea3i<\/li>\n<li data-section-id=\"1n6ynun\" data-start=\"2612\" data-end=\"2638\">M\u00e1y m\u00f3c n\u00f4ng nghi\u1ec7p<\/li>\n<li data-section-id=\"byc78f\" data-start=\"2639\" data-end=\"2670\">Thi\u1ebft b\u1ecb khai th\u00e1c v\u00e0 m\u1ecf<\/li>\n<li data-section-id=\"17zq8sd\" data-start=\"2671\" data-end=\"2697\">Steel production lines<\/li>\n<li data-section-id=\"dtuz2n\" data-start=\"2698\" data-end=\"2733\">Textile and packaging machinery<\/li>\n<li data-section-id=\"1ahkbyk\" data-start=\"2734\" data-end=\"2765\">Qu\u1ea1t v\u00e0 m\u00e1y th\u1ed5i c\u00f4ng nghi\u1ec7p<\/li>\n<li data-section-id=\"azxdeo\" data-start=\"2766\" data-end=\"2807\">H\u1ec7 th\u1ed1ng truy\u1ec1n \u0111\u1ed9ng c\u01a1 kh\u00ed n\u1eb7ng<\/li>\n<\/ul>\n<h1 data-section-id=\"zdmnob\" data-start=\"2814\" data-end=\"2833\"><span role=\"text\"><strong data-start=\"2816\" data-end=\"2833\">T\u1ea1i sao ch\u1ecdn ch\u00fang t\u00f4i<\/strong><\/span><\/h1>\n<ul data-start=\"2835\" data-end=\"3072\">\n<li data-section-id=\"735bgj\" data-start=\"2835\" data-end=\"2884\">Wide range of self-aligning bearing solutions<\/li>\n<li data-section-id=\"r3ng4h\" data-start=\"2885\" data-end=\"2923\">OEM and custom engineering support<\/li>\n<li data-section-id=\"17kjbpw\" data-start=\"2924\" data-end=\"2972\">High-quality materials for long service life<\/li>\n<li data-section-id=\"1hn58ny\" data-start=\"2973\" data-end=\"3028\">Strong experience in harsh environment applications<\/li>\n<li data-section-id=\"a9ged5\" data-start=\"3029\" data-end=\"3072\">Fast delivery and reliable supply chain<\/li>\n<\/ul>\n<h1 data-section-id=\"1iusff4\" data-start=\"3079\" data-end=\"3088\"><span role=\"text\"><strong data-start=\"3081\" data-end=\"3088\">C\u00e2u h\u1ecfi th\u01b0\u1eddng g\u1eb7p<\/strong><\/span><\/h1>\n<p data-start=\"3090\" data-end=\"3241\"><strong data-start=\"3090\" data-end=\"3134\">Q1: What is a high misalignment bearing?<\/strong><br data-start=\"3134\" data-end=\"3137\" \/>A: It is a bearing designed to compensate for shaft misalignment and angular deviation during operation.<\/p>\n<p data-start=\"3243\" data-end=\"3406\"><strong data-start=\"3243\" data-end=\"3300\">Q2: Which bearing type is best for high misalignment?<\/strong><br data-start=\"3300\" data-end=\"3303\" \/>A: Spherical roller bearings for heavy loads, and self-aligning ball bearings for lighter applications.<\/p>\n<p data-start=\"3408\" data-end=\"3524\"><strong data-start=\"3408\" data-end=\"3452\">Q3: Can these bearings reduce vibration?<\/strong><br data-start=\"3452\" data-end=\"3455\" \/>A: Yes, they help reduce vibration and stress caused by misalignment.<\/p>","protected":false},"excerpt":{"rendered":"<p>C\u00e1c <strong data-start=\"420\" data-end=\"449\">High Misalignment Bearing<\/strong> is engineered to accommodate significant shaft misalignment, angular deviation, and deflection during operation. These bearings are designed with self-aligning capabilities that automatically adjust to shaft positioning errors, reducing stress, vibration, and premature wear.<\/p>","protected":false},"featured_media":2587,"comment_status":"open","ping_status":"closed","template":"","meta":{"site-sidebar-layout":"default","site-content-layout":"","ast-site-content-layout":"default","site-content-style":"default","site-sidebar-style":"default","ast-global-header-display":"","ast-banner-title-visibility":"","ast-main-header-display":"","ast-hfb-above-header-display":"","ast-hfb-below-header-display":"","ast-hfb-mobile-header-display":"","site-post-title":"","ast-breadcrumbs-content":"","ast-featured-img":"","footer-sml-layout":"","ast-disable-related-posts":"","theme-transparent-header-meta":"default","adv-header-id-meta":"","stick-header-meta":"default","header-above-stick-meta":"","header-main-stick-meta":"","header-below-stick-meta":"","astra-migrate-meta-layouts":"set","ast-page-background-enabled":"default","ast-page-background-meta":{"desktop":{"background-color":"","background-image":"","background-repeat":"repeat","background-position":"center center","background-size":"auto","background-attachment":"scroll","background-type":"","background-media":"","overlay-type":"","overlay-color":"","overlay-opacity":"","overlay-gradient":""},"tablet":{"background-color":"","background-image":"","background-repeat":"repeat","background-position":"center center","background-size":"auto","background-attachment":"scroll","background-type":"","background-media":"","overlay-type":"","overlay-color":"","overlay-opacity":"","overlay-gradient":""},"mobile":{"background-color":"","background-image":"","background-repeat":"repeat","background-position":"center center","background-size":"auto","background-attachment":"scroll","background-type":"","background-media":"","overlay-type":"","overlay-color":"","overlay-opacity":"","overlay-gradient":""}},"ast-content-background-meta":{"desktop":{"background-color":"var(--ast-global-color-5)","background-image":"","background-repeat":"repeat","background-position":"center center","background-size":"auto","background-attachment":"scroll","background-type":"","background-media":"","overlay-type":"","overlay-color":"","overlay-opacity":"","overlay-gradient":""},"tablet":{"background-color":"var(--ast-global-color-5)","background-image":"","background-repeat":"repeat","background-position":"center center","background-size":"auto","background-attachment":"scroll","background-type":"","background-media":"","overlay-type":"","overlay-color":"","overlay-opacity":"","overlay-gradient":""},"mobile":{"background-color":"var(--ast-global-color-5)","background-image":"","background-repeat":"repeat","background-position":"center center","background-size":"auto","background-attachment":"scroll","background-type":"","background-media":"","overlay-type":"","overlay-color":"","overlay-opacity":"","overlay-gradient":""}}},"product_brand":[],"product_cat":[22],"product_tag":[160,209,56,216,45,156,217,72,162,153],"class_list":{"0":"post-2441","1":"product","2":"type-product","3":"status-publish","4":"has-post-thumbnail","6":"product_cat-self-aligning-ball-bearings","7":"product_tag-agricultural-bearing","8":"product_tag-conveyor-bearing","9":"product_tag-heavy-duty-bearing","10":"product_tag-high-misalignment-bearing","11":"product_tag-industrial-bearing","12":"product_tag-insert-bearing","13":"product_tag-misalignment-compensation-bearing","14":"product_tag-oem-bearing-supplier","15":"product_tag-self-aligning-bearing","16":"product_tag-spherical-roller-bearing","17":"desktop-align-left","18":"tablet-align-left","19":"mobile-align-left","20":"ast-product-gallery-layout-horizontal-slider","21":"ast-product-gallery-with-no-image","22":"ast-product-tabs-layout-horizontal","24":"first","25":"instock","26":"shipping-taxable","27":"product-type-simple"},"_links":{"self":[{"href":"https:\/\/www.machinerybearings.com\/vi\/wp-json\/wp\/v2\/product\/2441","targetHints":{"allow":["GET"]}}],"collection":[{"href":"https:\/\/www.machinerybearings.com\/vi\/wp-json\/wp\/v2\/product"}],"about":[{"href":"https:\/\/www.machinerybearings.com\/vi\/wp-json\/wp\/v2\/types\/product"}],"replies":[{"embeddable":true,"href":"https:\/\/www.machinerybearings.com\/vi\/wp-json\/wp\/v2\/comments?post=2441"}],"wp:featuredmedia":[{"embeddable":true,"href":"https:\/\/www.machinerybearings.com\/vi\/wp-json\/wp\/v2\/media\/2587"}],"wp:attachment":[{"href":"https:\/\/www.machinerybearings.com\/vi\/wp-json\/wp\/v2\/media?parent=2441"}],"wp:term":[{"taxonomy":"product_brand","embeddable":true,"href":"https:\/\/www.machinerybearings.com\/vi\/wp-json\/wp\/v2\/product_brand?post=2441"},{"taxonomy":"product_cat","embeddable":true,"href":"https:\/\/www.machinerybearings.com\/vi\/wp-json\/wp\/v2\/product_cat?post=2441"},{"taxonomy":"product_tag","embeddable":true,"href":"https:\/\/www.machinerybearings.com\/vi\/wp-json\/wp\/v2\/product_tag?post=2441"}],"curies":[{"name":"wp","href":"https:\/\/api.w.org\/{rel}","templated":true}]}}