{"id":2444,"date":"2026-04-13T14:39:55","date_gmt":"2026-04-13T14:39:55","guid":{"rendered":"https:\/\/www.machinerybearings.com\/?post_type=product&#038;p=2444"},"modified":"2026-05-03T06:24:41","modified_gmt":"2026-05-03T06:24:41","slug":"22205-spherical-roller-bearing-self-aligning-heavy-load-bearing-for-industrial-applications","status":"publish","type":"product","link":"https:\/\/www.machinerybearings.com\/vi\/san-pham\/22205-spherical-roller-bearing-self-aligning-heavy-load-bearing-for-industrial-applications\/","title":{"rendered":"22205 V\u00f2ng bi l\u0103n c\u1ea7u \u2013 V\u00f2ng bi n\u1eb7ng t\u1ef1 \u0111\u1ecbnh t\u00e2m cho \u1ee9ng d\u1ee5ng c\u00f4ng nghi\u1ec7p"},"content":{"rendered":"<p data-start=\"379\" data-end=\"690\">C\u00e1c <strong data-start=\"383\" data-end=\"417\">22205 V\u00f2ng bi c\u1ea7u<\/strong> l\u00e0 m\u1ed9t v\u00f2ng bi con l\u0103n hai h\u00e0ng \u0111\u01b0\u1ee3c thi\u1ebft k\u1ebf \u0111\u1ec3 x\u1eed l\u00fd t\u1ea3i tr\u1ecdng h\u01b0\u1edbng k\u00ednh n\u1eb7ng v\u00e0 t\u1ea3i tr\u1ecdng tr\u1ee5c v\u1eeba ph\u1ea3i trong khi b\u00f9 \u0111\u1eafp cho s\u1ef1 kh\u00f4ng th\u1eb3ng h\u00e0ng c\u1ee7a tr\u1ee5c. \u0110\u01b0\u1eddng ch\u1ea1y h\u00ecnh c\u1ea7u c\u1ee7a n\u00f3 cho ph\u00e9p t\u1ef1 \u0111\u1ed9ng c\u0103n ch\u1ec9nh, l\u00e0m cho n\u00f3 l\u00fd t\u01b0\u1edfng cho c\u00e1c \u1ee9ng d\u1ee5ng n\u01a1i x\u1ea3y ra s\u1ef1 u\u1ed1n cong c\u1ee7a tr\u1ee5c ho\u1eb7c l\u1ed7i l\u1eafp \u0111\u1eb7t.<\/p>\n<p data-start=\"692\" data-end=\"953\">V\u00f2ng bi n\u00e0y \u0111\u01b0\u1ee3c thi\u1ebft k\u1ebf cho \u0111\u1ed9 b\u1ec1n cao v\u00e0 \u0111\u1ed9 tin c\u1eady d\u01b0\u1edbi c\u00e1c \u0111i\u1ec1u ki\u1ec7n l\u00e0m vi\u1ec7c kh\u1eafc nghi\u1ec7t. So v\u1edbi v\u00f2ng bi bi c\u1ea7u t\u1ef1 c\u0103n ch\u1ec9nh, v\u00f2ng bi c\u1ea7u nh\u01b0 22205 cung c\u1ea5p kh\u1ea3 n\u0103ng ch\u1ecbu t\u1ea3i cao h\u01a1n \u0111\u00e1ng k\u1ec3 v\u00e0 c\u1ea3i thi\u1ec7n kh\u1ea3 n\u0103ng ch\u1ed1ng s\u1ed1c v\u00e0 rung \u0111\u1ed9ng.<\/p>\n<p data-start=\"955\" data-end=\"1136\">\u0110\u01b0\u1ee3c s\u1ea3n xu\u1ea5t t\u1eeb h\u1ee3p kim ho\u1eb7c th\u00e9p chrome ch\u1ea5t l\u01b0\u1ee3ng cao, v\u00f2ng bi 22205 \u0111\u1ea3m b\u1ea3o tu\u1ed5i th\u1ecd d\u00e0i, ho\u1ea1t \u0111\u1ed9ng m\u01b0\u1ee3t m\u00e0 v\u00e0 hi\u1ec7u su\u1ea5t \u1ed5n \u0111\u1ecbnh trong c\u00e1c m\u00f4i tr\u01b0\u1eddng c\u00f4ng nghi\u1ec7p kh\u1eafc nghi\u1ec7t.<\/p>\n<h1 data-section-id=\"8av2ty\" data-start=\"1143\" data-end=\"1161\"><span role=\"text\"><strong data-start=\"1145\" data-end=\"1161\">T\u00ednh n\u0103ng ch\u00ednh<\/strong><\/span><\/h1>\n<ul data-start=\"1163\" data-end=\"1499\">\n<li data-section-id=\"17ys86f\" data-start=\"1163\" data-end=\"1220\">Kh\u1ea3 n\u0103ng ch\u1ecbu t\u1ea3i h\u01b0\u1edbng k\u00ednh cao cho c\u00e1c \u1ee9ng d\u1ee5ng n\u1eb7ng<\/li>\n<li data-section-id=\"1fr59o7\" data-start=\"1221\" data-end=\"1280\">Thi\u1ebft k\u1ebf t\u1ef1 \u0111\u1ecbnh t\u00e2m b\u00f9 \u0111\u1eafp cho s\u1ef1 l\u1ec7ch tr\u1ee5c<\/li>\n<li data-section-id=\"1vl001\" data-start=\"1281\" data-end=\"1325\">H\u1ed7 tr\u1ee3 t\u1ea3i tr\u1ecdng k\u1ebft h\u1ee3p h\u01b0\u1edbng k\u00ednh v\u00e0 tr\u1ee5c<\/li>\n<li data-section-id=\"4qe041\" data-start=\"1326\" data-end=\"1373\">Kh\u1ea3 n\u0103ng ch\u1ed1ng s\u1ed1c v\u00e0 rung \u0111\u1ed9ng xu\u1ea5t s\u1eafc<\/li>\n<li data-section-id=\"js9du9\" data-start=\"1374\" data-end=\"1418\">Tu\u1ed5i th\u1ecd d\u00e0i d\u01b0\u1edbi c\u00e1c \u0111i\u1ec1u ki\u1ec7n kh\u1eafc nghi\u1ec7t<\/li>\n<li data-section-id=\"xjurbh\" data-start=\"1419\" data-end=\"1456\">Ma s\u00e1t th\u1ea5p v\u00e0 ho\u1ea1t \u0111\u1ed9ng \u1ed5n \u0111\u1ecbnh<\/li>\n<li data-section-id=\"1398rv\" data-start=\"1457\" data-end=\"1499\">Ph\u00f9 h\u1ee3p cho s\u1eed d\u1ee5ng c\u00f4ng nghi\u1ec7p li\u00ean t\u1ee5c<\/li>\n<\/ul>\n<h1 data-section-id=\"10k15yz\" data-start=\"1506\" data-end=\"1536\"><span role=\"text\"><strong data-start=\"1508\" data-end=\"1536\">Th\u00f4ng s\u1ed1 k\u1ef9 thu\u1eadt<\/strong><\/span><\/h1>\n<div class=\"TyagGW_tableContainer\">\n<div class=\"group TyagGW_tableWrapper flex flex-col-reverse w-fit\" tabindex=\"-1\">\n<table class=\"w-fit min-w-(--thread-content-width)\" data-start=\"1538\" data-end=\"1953\">\n<thead data-start=\"1538\" data-end=\"1559\">\n<tr data-start=\"1538\" data-end=\"1559\">\n<th class=\"\" data-start=\"1538\" data-end=\"1550\" data-col-size=\"sm\">Tham s\u1ed1<\/th>\n<th class=\"\" data-start=\"1550\" data-end=\"1559\" data-col-size=\"sm\">Gi\u00e1 tr\u1ecb<\/th>\n<\/tr>\n<\/thead>\n<tbody data-start=\"1580\" data-end=\"1953\">\n<tr data-start=\"1580\" data-end=\"1605\">\n<td data-start=\"1580\" data-end=\"1596\" data-col-size=\"sm\">M\u00f4 h\u00ecnh v\u00f2ng bi<\/td>\n<td data-start=\"1596\" data-end=\"1605\" data-col-size=\"sm\">22205<\/td>\n<\/tr>\n<tr data-start=\"1606\" data-end=\"1636\">\n<td data-start=\"1606\" data-end=\"1627\" data-col-size=\"sm\">\u0110\u01b0\u1eddng k\u00ednh trong (d)<\/td>\n<td data-col-size=\"sm\" data-start=\"1627\" data-end=\"1636\">25 mm<\/td>\n<\/tr>\n<tr data-start=\"1637\" data-end=\"1667\">\n<td data-start=\"1637\" data-end=\"1658\" data-col-size=\"sm\">\u0110\u01b0\u1eddng k\u00ednh ngo\u00e0i (D)<\/td>\n<td data-start=\"1658\" data-end=\"1667\" data-col-size=\"sm\">52 mm<\/td>\n<\/tr>\n<tr data-start=\"1668\" data-end=\"1689\">\n<td data-start=\"1668\" data-end=\"1680\" data-col-size=\"sm\">Chi\u1ec1u r\u1ed9ng (B)<\/td>\n<td data-col-size=\"sm\" data-start=\"1680\" data-end=\"1689\">18 mm<\/td>\n<\/tr>\n<tr data-start=\"1690\" data-end=\"1733\">\n<td data-start=\"1690\" data-end=\"1705\" data-col-size=\"sm\">Lo\u1ea1i v\u00f2ng bi<\/td>\n<td data-col-size=\"sm\" data-start=\"1705\" data-end=\"1733\">V\u00f2ng bi c\u1ea7u<\/td>\n<\/tr>\n<tr data-start=\"1734\" data-end=\"1767\">\n<td data-start=\"1734\" data-end=\"1746\" data-col-size=\"sm\">C\u1ea5u tr\u00fac<\/td>\n<td data-start=\"1746\" data-end=\"1767\" data-col-size=\"sm\">Con l\u0103n hai h\u00e0ng<\/td>\n<\/tr>\n<tr data-start=\"1768\" data-end=\"1809\">\n<td data-start=\"1768\" data-end=\"1779\" data-col-size=\"sm\">V\u1eadt li\u1ec7u<\/td>\n<td data-start=\"1779\" data-end=\"1809\" data-col-size=\"sm\">Th\u00e9p chrome \/ Th\u00e9p h\u1ee3p kim<\/td>\n<\/tr>\n<tr data-start=\"1810\" data-end=\"1843\">\n<td data-start=\"1810\" data-end=\"1826\" data-col-size=\"sm\">V\u1eadt li\u1ec7u l\u1ed3ng<\/td>\n<td data-start=\"1826\" data-end=\"1843\" data-col-size=\"sm\">Th\u00e9p \/ \u0110\u1ed3ng thau<\/td>\n<\/tr>\n<tr data-start=\"1844\" data-end=\"1874\">\n<td data-start=\"1844\" data-end=\"1858\" data-col-size=\"sm\">B\u00f4i tr\u01a1n<\/td>\n<td data-start=\"1858\" data-end=\"1874\" data-col-size=\"sm\">M\u1ee1 \/ D\u1ea7u<\/td>\n<\/tr>\n<tr data-start=\"1875\" data-end=\"1910\">\n<td data-start=\"1875\" data-end=\"1894\" data-col-size=\"sm\">\u0110\u00e1nh gi\u00e1 \u0111\u1ed9 ch\u00ednh x\u00e1c<\/td>\n<td data-start=\"1894\" data-end=\"1910\" data-col-size=\"sm\">P0 \/ P6 \/ P5<\/td>\n<\/tr>\n<tr data-start=\"1911\" data-end=\"1953\">\n<td data-start=\"1911\" data-end=\"1935\" data-col-size=\"sm\">Nhi\u1ec7t \u0111\u1ed9 ho\u1ea1t \u0111\u1ed9ng<\/td>\n<td data-start=\"1935\" data-end=\"1953\" data-col-size=\"sm\">-20\u00b0C \u0111\u1ebfn 150\u00b0C<\/td>\n<\/tr>\n<\/tbody>\n<\/table>\n<\/div>\n<\/div>\n<h1 data-section-id=\"1p00fbj\" data-start=\"1960\" data-end=\"1978\"><span role=\"text\"><strong data-start=\"1962\" data-end=\"1978\">\u1ee8ng d\u1ee5ng<\/strong><\/span><\/h1>\n<p data-start=\"1980\" data-end=\"2033\">V\u00f2ng bi c\u1ea7u 22205 \u0111\u01b0\u1ee3c s\u1eed d\u1ee5ng r\u1ed9ng r\u00e3i trong:<\/p>\n<ul data-start=\"2035\" data-end=\"2219\">\n<li data-section-id=\"byc78f\" data-start=\"2035\" data-end=\"2066\">Thi\u1ebft b\u1ecb khai th\u00e1c v\u00e0 m\u1ecf<\/li>\n<li data-section-id=\"176s2ln\" data-start=\"2067\" data-end=\"2087\">H\u1ec7 th\u1ed1ng b\u0103ng t\u1ea3i<\/li>\n<li data-section-id=\"1n6ynun\" data-start=\"2088\" data-end=\"2114\">M\u00e1y m\u00f3c n\u00f4ng nghi\u1ec7p<\/li>\n<li data-section-id=\"942l0d\" data-start=\"2115\" data-end=\"2139\">H\u1ed9p s\u1ed1 c\u00f4ng nghi\u1ec7p<\/li>\n<li data-section-id=\"10ok9wi\" data-start=\"2140\" data-end=\"2177\">D\u00e2y chuy\u1ec1n s\u1ea3n xu\u1ea5t th\u00e9p v\u00e0 xi m\u0103ng<\/li>\n<li data-section-id=\"azxdeo\" data-start=\"2178\" data-end=\"2219\">H\u1ec7 th\u1ed1ng truy\u1ec1n \u0111\u1ed9ng c\u01a1 kh\u00ed n\u1eb7ng<\/li>\n<\/ul>\n<h1 data-section-id=\"zdmnob\" data-start=\"2226\" data-end=\"2245\"><span role=\"text\"><strong data-start=\"2228\" data-end=\"2245\">T\u1ea1i sao ch\u1ecdn ch\u00fang t\u00f4i<\/strong><\/span><\/h1>\n<ul data-start=\"2247\" data-end=\"2490\">\n<li data-section-id=\"1vbjgp6\" data-start=\"2247\" data-end=\"2304\">Kh\u1ea3 n\u0103ng m\u1ea1nh m\u1ebd trong s\u1ea3n xu\u1ea5t v\u00f2ng bi ch\u1ecbu t\u1ea3i n\u1eb7ng<\/li>\n<li data-section-id=\"1eol690\" data-start=\"2305\" data-end=\"2343\">Gi\u1ea3i ph\u00e1p OEM v\u00e0 t\u00f9y ch\u1ec9nh c\u00f3 s\u1eb5n<\/li>\n<li data-section-id=\"gy7e8t\" data-start=\"2344\" data-end=\"2398\">V\u1eadt li\u1ec7u ch\u1ea5t l\u01b0\u1ee3ng cao v\u1edbi ki\u1ec3m so\u00e1t ch\u1ea5t l\u01b0\u1ee3ng nghi\u00eam ng\u1eb7t<\/li>\n<li data-section-id=\"rqr2fb\" data-start=\"2399\" data-end=\"2443\">Cung c\u1ea5p \u1ed5n \u0111\u1ecbnh cho c\u00e1c \u0111\u01a1n h\u00e0ng c\u00f4ng nghi\u1ec7p s\u1ed1 l\u01b0\u1ee3ng l\u1edbn<\/li>\n<li data-section-id=\"bhimnc\" data-start=\"2444\" data-end=\"2490\">Giao h\u00e0ng nhanh to\u00e0n c\u1ea7u v\u00e0 h\u1ed7 tr\u1ee3 k\u1ef9 thu\u1eadt<\/li>\n<\/ul>\n<h1 data-section-id=\"1iusff4\" data-start=\"2497\" data-end=\"2506\"><span role=\"text\"><strong data-start=\"2499\" data-end=\"2506\">C\u00e2u h\u1ecfi th\u01b0\u1eddng g\u1eb7p<\/strong><\/span><\/h1>\n<p data-start=\"2508\" data-end=\"2645\"><strong data-start=\"2508\" data-end=\"2567\">Q1: L\u1ee3i th\u1ebf c\u1ee7a v\u00f2ng bi c\u1ea7u l\u00e0 g\u00ec?<\/strong><br data-start=\"2567\" data-end=\"2570\" \/>A: Ch\u00fang cung c\u1ea5p kh\u1ea3 n\u0103ng ch\u1ecbu t\u1ea3i cao v\u00e0 b\u00f9 \u0111\u1eafp \u0111\u1ed9 l\u1ec7ch tuy\u1ec7t v\u1eddi.<\/p>\n<p data-start=\"2647\" data-end=\"2770\"><strong data-start=\"2647\" data-end=\"2693\">Q2: V\u00f2ng bi 22205 c\u00f3 th\u1ec3 x\u1eed l\u00fd t\u1ea3i n\u1eb7ng kh\u00f4ng?<\/strong><br data-start=\"2693\" data-end=\"2696\" \/>A: C\u00f3, ch\u00fang \u0111\u01b0\u1ee3c thi\u1ebft k\u1ebf cho t\u1ea3i tr\u1ecdng h\u01b0\u1edbng k\u00ednh n\u1eb7ng v\u00e0 t\u1ea3i tr\u1ecdng tr\u1ee5c v\u1eeba ph\u1ea3i.<\/p>\n<p data-start=\"2772\" data-end=\"2896\"><strong data-start=\"2772\" data-end=\"2822\">Q3: C\u00f3 v\u1eadt li\u1ec7u ho\u1eb7c thi\u1ebft k\u1ebf t\u00f9y ch\u1ec9nh n\u00e0o kh\u00f4ng?<\/strong><br data-start=\"2822\" data-end=\"2825\" \/>A: C\u00f3, ch\u00fang t\u00f4i h\u1ed7 tr\u1ee3 t\u00f9y ch\u1ec9nh OEM d\u1ef1a tr\u00ean y\u00eau c\u1ea7u \u1ee9ng d\u1ee5ng.<\/p>","protected":false},"excerpt":{"rendered":"<p>C\u00e1c <strong data-start=\"383\" data-end=\"417\">22205 V\u00f2ng bi c\u1ea7u<\/strong> l\u00e0 m\u1ed9t v\u00f2ng bi con l\u0103n hai h\u00e0ng \u0111\u01b0\u1ee3c thi\u1ebft k\u1ebf \u0111\u1ec3 x\u1eed l\u00fd t\u1ea3i tr\u1ecdng h\u01b0\u1edbng k\u00ednh n\u1eb7ng v\u00e0 t\u1ea3i tr\u1ecdng tr\u1ee5c v\u1eeba ph\u1ea3i trong khi b\u00f9 \u0111\u1eafp cho s\u1ef1 kh\u00f4ng th\u1eb3ng h\u00e0ng c\u1ee7a tr\u1ee5c. \u0110\u01b0\u1eddng ch\u1ea1y h\u00ecnh c\u1ea7u c\u1ee7a n\u00f3 cho ph\u00e9p t\u1ef1 \u0111\u1ed9ng c\u0103n ch\u1ec9nh, l\u00e0m cho n\u00f3 l\u00fd t\u01b0\u1edfng cho c\u00e1c \u1ee9ng d\u1ee5ng n\u01a1i x\u1ea3y ra s\u1ef1 u\u1ed1n cong c\u1ee7a tr\u1ee5c ho\u1eb7c l\u1ed7i l\u1eafp \u0111\u1eb7t.<\/p>","protected":false},"featured_media":2545,"comment_status":"open","ping_status":"closed","template":"","meta":{"site-sidebar-layout":"default","site-content-layout":"","ast-site-content-layout":"default","site-content-style":"default","site-sidebar-style":"default","ast-global-header-display":"","ast-banner-title-visibility":"","ast-main-header-display":"","ast-hfb-above-header-display":"","ast-hfb-below-header-display":"","ast-hfb-mobile-header-display":"","site-post-title":"","ast-breadcrumbs-content":"","ast-featured-img":"","footer-sml-layout":"","ast-disable-related-posts":"","theme-transparent-header-meta":"default","adv-header-id-meta":"","stick-header-meta":"default","header-above-stick-meta":"","header-main-stick-meta":"","header-below-stick-meta":"","astra-migrate-meta-layouts":"set","ast-page-background-enabled":"default","ast-page-background-meta":{"desktop":{"background-color":"","background-image":"","background-repeat":"repeat","background-position":"center center","background-size":"auto","background-attachment":"scroll","background-type":"","background-media":"","overlay-type":"","overlay-color":"","overlay-opacity":"","overlay-gradient":""},"tablet":{"background-color":"","background-image":"","background-repeat":"repeat","background-position":"center center","background-size":"auto","background-attachment":"scroll","background-type":"","background-media":"","overlay-type":"","overlay-color":"","overlay-opacity":"","overlay-gradient":""},"mobile":{"background-color":"","background-image":"","background-repeat":"repeat","background-position":"center center","background-size":"auto","background-attachment":"scroll","background-type":"","background-media":"","overlay-type":"","overlay-color":"","overlay-opacity":"","overlay-gradient":""}},"ast-content-background-meta":{"desktop":{"background-color":"var(--ast-global-color-5)","background-image":"","background-repeat":"repeat","background-position":"center center","background-size":"auto","background-attachment":"scroll","background-type":"","background-media":"","overlay-type":"","overlay-color":"","overlay-opacity":"","overlay-gradient":""},"tablet":{"background-color":"var(--ast-global-color-5)","background-image":"","background-repeat":"repeat","background-position":"center center","background-size":"auto","background-attachment":"scroll","background-type":"","background-media":"","overlay-type":"","overlay-color":"","overlay-opacity":"","overlay-gradient":""},"mobile":{"background-color":"var(--ast-global-color-5)","background-image":"","background-repeat":"repeat","background-position":"center center","background-size":"auto","background-attachment":"scroll","background-type":"","background-media":"","overlay-type":"","overlay-color":"","overlay-opacity":"","overlay-gradient":""}}},"product_brand":[],"product_cat":[24],"product_tag":[218,209,78,56,51,45,119,72,219,153],"class_list":{"0":"post-2444","1":"product","2":"type-product","3":"status-publish","4":"has-post-thumbnail","6":"product_cat-spherical-roller-bearings","7":"product_tag-22205-bearing","8":"product_tag-conveyor-bearing","9":"product_tag-gearbox-bearing","10":"product_tag-heavy-duty-bearing","11":"product_tag-high-load-bearing","12":"product_tag-industrial-bearing","13":"product_tag-mining-bearing","14":"product_tag-oem-bearing-supplier","15":"product_tag-self-aligning-roller-bearing","16":"product_tag-spherical-roller-bearing","17":"desktop-align-left","18":"tablet-align-left","19":"mobile-align-left","20":"ast-product-gallery-layout-horizontal-slider","21":"ast-product-gallery-with-no-image","22":"ast-product-tabs-layout-horizontal","24":"first","25":"instock","26":"shipping-taxable","27":"product-type-simple"},"_links":{"self":[{"href":"https:\/\/www.machinerybearings.com\/vi\/wp-json\/wp\/v2\/product\/2444","targetHints":{"allow":["GET"]}}],"collection":[{"href":"https:\/\/www.machinerybearings.com\/vi\/wp-json\/wp\/v2\/product"}],"about":[{"href":"https:\/\/www.machinerybearings.com\/vi\/wp-json\/wp\/v2\/types\/product"}],"replies":[{"embeddable":true,"href":"https:\/\/www.machinerybearings.com\/vi\/wp-json\/wp\/v2\/comments?post=2444"}],"wp:featuredmedia":[{"embeddable":true,"href":"https:\/\/www.machinerybearings.com\/vi\/wp-json\/wp\/v2\/media\/2545"}],"wp:attachment":[{"href":"https:\/\/www.machinerybearings.com\/vi\/wp-json\/wp\/v2\/media?parent=2444"}],"wp:term":[{"taxonomy":"product_brand","embeddable":true,"href":"https:\/\/www.machinerybearings.com\/vi\/wp-json\/wp\/v2\/product_brand?post=2444"},{"taxonomy":"product_cat","embeddable":true,"href":"https:\/\/www.machinerybearings.com\/vi\/wp-json\/wp\/v2\/product_cat?post=2444"},{"taxonomy":"product_tag","embeddable":true,"href":"https:\/\/www.machinerybearings.com\/vi\/wp-json\/wp\/v2\/product_tag?post=2444"}],"curies":[{"name":"wp","href":"https:\/\/api.w.org\/{rel}","templated":true}]}}