{"id":2446,"date":"2026-04-13T14:44:47","date_gmt":"2026-04-13T14:44:47","guid":{"rendered":"https:\/\/www.machinerybearings.com\/?post_type=product&#038;p=2446"},"modified":"2026-05-03T06:29:37","modified_gmt":"2026-05-03T06:29:37","slug":"22210-spherical-roller-bearing-heavy-load-self-aligning-bearing-for-industrial-machinery","status":"publish","type":"product","link":"https:\/\/www.machinerybearings.com\/vi\/san-pham\/22210-spherical-roller-bearing-heavy-load-self-aligning-bearing-for-industrial-machinery\/","title":{"rendered":"22210 V\u00f2ng bi l\u0103n c\u1ea7u \u2013 V\u00f2ng bi t\u1ef1 \u0111\u1ecbnh t\u00e2m n\u1eb7ng cho m\u00e1y m\u00f3c c\u00f4ng nghi\u1ec7p"},"content":{"rendered":"<p data-start=\"365\" data-end=\"710\">C\u00e1c <strong data-start=\"369\" data-end=\"403\">22210 V\u00f2ng bi c\u1ea7u<\/strong> l\u00e0 m\u1ed9t v\u00f2ng bi hi\u1ec7u su\u1ea5t cao v\u1edbi hai h\u00e0ng \u0111\u01b0\u1ee3c thi\u1ebft k\u1ebf \u0111\u1ec3 x\u1eed l\u00fd t\u1ea3i tr\u1ecdng h\u01b0\u1edbng k\u00ednh n\u1eb7ng v\u00e0 t\u1ea3i tr\u1ecdng tr\u1ee5c v\u1eeba ph\u1ea3i trong khi b\u00f9 \u0111\u1eafp cho s\u1ef1 kh\u00f4ng th\u1eb3ng h\u00e0ng c\u1ee7a tr\u1ee5c. \u0110\u01b0\u1eddng ch\u1ea1y h\u00ecnh c\u1ea7u c\u1ee7a n\u00f3 cho ph\u00e9p t\u1ef1 \u0111\u1ed9ng c\u0103n ch\u1ec9nh, l\u00e0m cho n\u00f3 tr\u1edf n\u00ean l\u00fd t\u01b0\u1edfng cho c\u00e1c \u1ee9ng d\u1ee5ng c\u00f3 \u0111\u1ed9 l\u1ec7ch tr\u1ee5c, l\u1ed7i l\u1eafp \u0111\u1eb7t ho\u1eb7c \u0111i\u1ec1u ki\u1ec7n ho\u1ea1t \u0111\u1ed9ng \u0111\u1ed9ng.<\/p>\n<p data-start=\"712\" data-end=\"971\">So v\u1edbi c\u00e1c v\u00f2ng bi bi ti\u00eau chu\u1ea9n, v\u00f2ng bi 22210 cung c\u1ea5p kh\u1ea3 n\u0103ng ch\u1ecbu t\u1ea3i v\u01b0\u1ee3t tr\u1ed9i, \u0111\u1ed9 b\u1ec1n cao h\u01a1n v\u00e0 kh\u1ea3 n\u0103ng ch\u1ed1ng s\u1ed1c v\u00e0 rung \u0111\u1ed9ng tuy\u1ec7t v\u1eddi. N\u00f3 \u0111\u01b0\u1ee3c s\u1eed d\u1ee5ng r\u1ed9ng r\u00e3i trong c\u00e1c m\u00f4i tr\u01b0\u1eddng c\u00f4ng nghi\u1ec7p n\u1eb7ng n\u01a1i \u0111\u1ed9 tin c\u1eady v\u00e0 tu\u1ed5i th\u1ecd d\u00e0i l\u00e0 r\u1ea5t quan tr\u1ecdng.<\/p>\n<p data-start=\"973\" data-end=\"1150\">\u0110\u01b0\u1ee3c ch\u1ebf t\u1ea1o t\u1eeb th\u00e9p cr\u00f4m ho\u1eb7c th\u00e9p h\u1ee3p kim ch\u1ea5t l\u01b0\u1ee3ng cao, v\u00f2ng bi 22210 \u0111\u1ea3m b\u1ea3o quay m\u01b0\u1ee3t m\u00e0, gi\u1ea3m ma s\u00e1t v\u00e0 hi\u1ec7u su\u1ea5t \u1ed5n \u0111\u1ecbnh d\u01b0\u1edbi \u0111i\u1ec1u ki\u1ec7n t\u1ea3i li\u00ean t\u1ee5c.<\/p>\n<h1 data-section-id=\"8av2ty\" data-start=\"1157\" data-end=\"1175\"><span role=\"text\"><strong data-start=\"1159\" data-end=\"1175\">T\u00ednh n\u0103ng ch\u00ednh<\/strong><\/span><\/h1>\n<ul data-start=\"1177\" data-end=\"1536\">\n<li data-section-id=\"17ys86f\" data-start=\"1177\" data-end=\"1234\">Kh\u1ea3 n\u0103ng ch\u1ecbu t\u1ea3i h\u01b0\u1edbng k\u00ednh cao cho c\u00e1c \u1ee9ng d\u1ee5ng n\u1eb7ng<\/li>\n<li data-section-id=\"1fr59o7\" data-start=\"1235\" data-end=\"1294\">Thi\u1ebft k\u1ebf t\u1ef1 \u0111\u1ecbnh t\u00e2m b\u00f9 \u0111\u1eafp cho s\u1ef1 l\u1ec7ch tr\u1ee5c<\/li>\n<li data-section-id=\"1vl001\" data-start=\"1295\" data-end=\"1339\">H\u1ed7 tr\u1ee3 t\u1ea3i tr\u1ecdng k\u1ebft h\u1ee3p h\u01b0\u1edbng k\u00ednh v\u00e0 tr\u1ee5c<\/li>\n<li data-section-id=\"1n39sdg\" data-start=\"1340\" data-end=\"1393\">Kh\u1ea3 n\u0103ng ch\u1ed1ng rung v\u00e0 t\u1ea3i s\u1ed1c tuy\u1ec7t v\u1eddi<\/li>\n<li data-section-id=\"yc3667\" data-start=\"1394\" data-end=\"1448\">Tu\u1ed5i th\u1ecd d\u00e0i trong c\u00e1c m\u00f4i tr\u01b0\u1eddng c\u00f4ng nghi\u1ec7p kh\u1eafc nghi\u1ec7t<\/li>\n<li data-section-id=\"1mpt223\" data-start=\"1449\" data-end=\"1487\">Ho\u1ea1t \u0111\u1ed9ng m\u01b0\u1ee3t m\u00e0 v\u1edbi ma s\u00e1t th\u1ea5p<\/li>\n<li data-section-id=\"1u0azbc\" data-start=\"1488\" data-end=\"1536\">Ph\u00f9 h\u1ee3p cho ho\u1ea1t \u0111\u1ed9ng n\u1eb7ng li\u00ean t\u1ee5c<\/li>\n<\/ul>\n<h1 data-section-id=\"10k15yz\" data-start=\"1543\" data-end=\"1573\"><span role=\"text\"><strong data-start=\"1545\" data-end=\"1573\">Th\u00f4ng s\u1ed1 k\u1ef9 thu\u1eadt<\/strong><\/span><\/h1>\n<div class=\"TyagGW_tableContainer\">\n<div class=\"group TyagGW_tableWrapper flex flex-col-reverse w-fit\" tabindex=\"-1\">\n<table class=\"w-fit min-w-(--thread-content-width)\" data-start=\"1575\" data-end=\"1990\">\n<thead data-start=\"1575\" data-end=\"1596\">\n<tr data-start=\"1575\" data-end=\"1596\">\n<th class=\"\" data-start=\"1575\" data-end=\"1587\" data-col-size=\"sm\">Tham s\u1ed1<\/th>\n<th class=\"\" data-start=\"1587\" data-end=\"1596\" data-col-size=\"sm\">Gi\u00e1 tr\u1ecb<\/th>\n<\/tr>\n<\/thead>\n<tbody data-start=\"1617\" data-end=\"1990\">\n<tr data-start=\"1617\" data-end=\"1642\">\n<td data-start=\"1617\" data-end=\"1633\" data-col-size=\"sm\">M\u00f4 h\u00ecnh v\u00f2ng bi<\/td>\n<td data-col-size=\"sm\" data-start=\"1633\" data-end=\"1642\">22210<\/td>\n<\/tr>\n<tr data-start=\"1643\" data-end=\"1673\">\n<td data-start=\"1643\" data-end=\"1664\" data-col-size=\"sm\">\u0110\u01b0\u1eddng k\u00ednh trong (d)<\/td>\n<td data-start=\"1664\" data-end=\"1673\" data-col-size=\"sm\">50 mm<\/td>\n<\/tr>\n<tr data-start=\"1674\" data-end=\"1704\">\n<td data-start=\"1674\" data-end=\"1695\" data-col-size=\"sm\">\u0110\u01b0\u1eddng k\u00ednh ngo\u00e0i (D)<\/td>\n<td data-start=\"1695\" data-end=\"1704\" data-col-size=\"sm\">90 mm<\/td>\n<\/tr>\n<tr data-start=\"1705\" data-end=\"1726\">\n<td data-start=\"1705\" data-end=\"1717\" data-col-size=\"sm\">Chi\u1ec1u r\u1ed9ng (B)<\/td>\n<td data-start=\"1717\" data-end=\"1726\" data-col-size=\"sm\">23 mm<\/td>\n<\/tr>\n<tr data-start=\"1727\" data-end=\"1770\">\n<td data-start=\"1727\" data-end=\"1742\" data-col-size=\"sm\">Lo\u1ea1i v\u00f2ng bi<\/td>\n<td data-start=\"1742\" data-end=\"1770\" data-col-size=\"sm\">V\u00f2ng bi c\u1ea7u<\/td>\n<\/tr>\n<tr data-start=\"1771\" data-end=\"1804\">\n<td data-start=\"1771\" data-end=\"1783\" data-col-size=\"sm\">C\u1ea5u tr\u00fac<\/td>\n<td data-start=\"1783\" data-end=\"1804\" data-col-size=\"sm\">Con l\u0103n hai h\u00e0ng<\/td>\n<\/tr>\n<tr data-start=\"1805\" data-end=\"1846\">\n<td data-start=\"1805\" data-end=\"1816\" data-col-size=\"sm\">V\u1eadt li\u1ec7u<\/td>\n<td data-start=\"1816\" data-end=\"1846\" data-col-size=\"sm\">Th\u00e9p chrome \/ Th\u00e9p h\u1ee3p kim<\/td>\n<\/tr>\n<tr data-start=\"1847\" data-end=\"1880\">\n<td data-start=\"1847\" data-end=\"1863\" data-col-size=\"sm\">V\u1eadt li\u1ec7u l\u1ed3ng<\/td>\n<td data-col-size=\"sm\" data-start=\"1863\" data-end=\"1880\">Th\u00e9p \/ \u0110\u1ed3ng thau<\/td>\n<\/tr>\n<tr data-start=\"1881\" data-end=\"1911\">\n<td data-start=\"1881\" data-end=\"1895\" data-col-size=\"sm\">B\u00f4i tr\u01a1n<\/td>\n<td data-start=\"1895\" data-end=\"1911\" data-col-size=\"sm\">M\u1ee1 \/ D\u1ea7u<\/td>\n<\/tr>\n<tr data-start=\"1912\" data-end=\"1947\">\n<td data-start=\"1912\" data-end=\"1931\" data-col-size=\"sm\">\u0110\u00e1nh gi\u00e1 \u0111\u1ed9 ch\u00ednh x\u00e1c<\/td>\n<td data-start=\"1931\" data-end=\"1947\" data-col-size=\"sm\">P0 \/ P6 \/ P5<\/td>\n<\/tr>\n<tr data-start=\"1948\" data-end=\"1990\">\n<td data-start=\"1948\" data-end=\"1972\" data-col-size=\"sm\">Nhi\u1ec7t \u0111\u1ed9 ho\u1ea1t \u0111\u1ed9ng<\/td>\n<td data-col-size=\"sm\" data-start=\"1972\" data-end=\"1990\">-20\u00b0C \u0111\u1ebfn 150\u00b0C<\/td>\n<\/tr>\n<\/tbody>\n<\/table>\n<\/div>\n<\/div>\n<h1 data-section-id=\"1p00fbj\" data-start=\"1997\" data-end=\"2015\"><span role=\"text\"><strong data-start=\"1999\" data-end=\"2015\">\u1ee8ng d\u1ee5ng<\/strong><\/span><\/h1>\n<p data-start=\"2017\" data-end=\"2070\">V\u00f2ng bi c\u1ea7u 22210 \u0111\u01b0\u1ee3c s\u1eed d\u1ee5ng r\u1ed9ng r\u00e3i trong:<\/p>\n<ul data-start=\"2072\" data-end=\"2256\">\n<li data-section-id=\"ew3yor\" data-start=\"2072\" data-end=\"2103\">M\u00e1y m\u00f3c khai th\u00e1c v\u00e0 \u0111\u00e1<\/li>\n<li data-section-id=\"176s2ln\" data-start=\"2104\" data-end=\"2124\">H\u1ec7 th\u1ed1ng b\u0103ng t\u1ea3i<\/li>\n<li data-section-id=\"942l0d\" data-start=\"2125\" data-end=\"2149\">H\u1ed9p s\u1ed1 c\u00f4ng nghi\u1ec7p<\/li>\n<li data-section-id=\"10ok9wi\" data-start=\"2150\" data-end=\"2187\">D\u00e2y chuy\u1ec1n s\u1ea3n xu\u1ea5t th\u00e9p v\u00e0 xi m\u0103ng<\/li>\n<li data-section-id=\"azxdeo\" data-start=\"2188\" data-end=\"2229\">H\u1ec7 th\u1ed1ng truy\u1ec1n \u0111\u1ed9ng c\u01a1 kh\u00ed n\u1eb7ng<\/li>\n<li data-section-id=\"y8acu3\" data-start=\"2230\" data-end=\"2256\">Thi\u1ebft b\u1ecb n\u00f4ng nghi\u1ec7p<\/li>\n<\/ul>\n<h1 data-section-id=\"zdmnob\" data-start=\"2263\" data-end=\"2282\"><span role=\"text\"><strong data-start=\"2265\" data-end=\"2282\">T\u1ea1i sao ch\u1ecdn ch\u00fang t\u00f4i<\/strong><\/span><\/h1>\n<ul data-start=\"2284\" data-end=\"2526\">\n<li data-section-id=\"3u22ud\" data-start=\"2284\" data-end=\"2343\">Kh\u1ea3 n\u0103ng s\u1ea3n xu\u1ea5t m\u1ea1nh m\u1ebd cho c\u00e1c v\u00f2ng bi n\u1eb7ng<\/li>\n<li data-section-id=\"1eol690\" data-start=\"2344\" data-end=\"2382\">Gi\u1ea3i ph\u00e1p OEM v\u00e0 t\u00f9y ch\u1ec9nh c\u00f3 s\u1eb5n<\/li>\n<li data-section-id=\"1hszmfc\" data-start=\"2383\" data-end=\"2434\">V\u1eadt li\u1ec7u ch\u1ea5t l\u01b0\u1ee3ng cao v\u00e0 gia c\u00f4ng ch\u00ednh x\u00e1c<\/li>\n<li data-section-id=\"rqr2fb\" data-start=\"2435\" data-end=\"2479\">Cung c\u1ea5p \u1ed5n \u0111\u1ecbnh cho c\u00e1c \u0111\u01a1n h\u00e0ng c\u00f4ng nghi\u1ec7p s\u1ed1 l\u01b0\u1ee3ng l\u1edbn<\/li>\n<li data-section-id=\"bhimnc\" data-start=\"2480\" data-end=\"2526\">Giao h\u00e0ng nhanh to\u00e0n c\u1ea7u v\u00e0 h\u1ed7 tr\u1ee3 k\u1ef9 thu\u1eadt<\/li>\n<\/ul>\n<h1 data-section-id=\"1iusff4\" data-start=\"2533\" data-end=\"2542\"><span role=\"text\"><strong data-start=\"2535\" data-end=\"2542\">C\u00e2u h\u1ecfi th\u01b0\u1eddng g\u1eb7p<\/strong><\/span><\/h1>\n<p data-start=\"2544\" data-end=\"2720\"><strong data-start=\"2544\" data-end=\"2614\">Q1: L\u1ee3i th\u1ebf ch\u00ednh c\u1ee7a c\u00e1c v\u00f2ng bi c\u1ea7u 22210 l\u00e0 g\u00ec?<\/strong><br data-start=\"2614\" data-end=\"2617\" \/>A: Ch\u00fang cung c\u1ea5p kh\u1ea3 n\u0103ng ch\u1ecbu t\u1ea3i cao v\u00e0 b\u00f9 \u0111\u1eafp s\u1ef1 kh\u00f4ng th\u1eb3ng h\u00e0ng tuy\u1ec7t v\u1eddi cho c\u00e1c \u1ee9ng d\u1ee5ng n\u1eb7ng.<\/p>\n<p data-start=\"2722\" data-end=\"2851\"><strong data-start=\"2722\" data-end=\"2768\">Q2: C\u00e1c v\u00f2ng bi 22210 c\u00f3 th\u1ec3 x\u1eed l\u00fd t\u1ea3i tr\u1ecdng tr\u1ee5c kh\u00f4ng?<\/strong><br data-start=\"2768\" data-end=\"2771\" \/>A: C\u00f3, ch\u00fang c\u00f3 th\u1ec3 h\u1ed7 tr\u1ee3 t\u1ea3i tr\u1ecdng tr\u1ee5c v\u1eeba ph\u1ea3i ngo\u00e0i t\u1ea3i tr\u1ecdng h\u01b0\u1edbng k\u00ednh n\u1eb7ng.<\/p>\n<p data-start=\"2853\" data-end=\"2986\"><strong data-start=\"2853\" data-end=\"2895\">Q3: C\u00f3 phi\u00ean b\u1ea3n t\u00f9y ch\u1ec9nh n\u00e0o kh\u00f4ng?<\/strong><br data-start=\"2895\" data-end=\"2898\" \/>A: C\u00f3, ch\u00fang t\u00f4i cung c\u1ea5p t\u00f9y ch\u1ec9nh OEM bao g\u1ed3m v\u1eadt li\u1ec7u, kho\u1ea3ng c\u00e1ch v\u00e0 c\u1ea5p \u0111\u1ed9 ch\u00ednh x\u00e1c.<\/p>","protected":false},"excerpt":{"rendered":"<p>C\u00e1c <strong data-start=\"369\" data-end=\"403\">22210 V\u00f2ng bi c\u1ea7u<\/strong> l\u00e0 m\u1ed9t v\u00f2ng bi hi\u1ec7u su\u1ea5t cao v\u1edbi hai h\u00e0ng \u0111\u01b0\u1ee3c thi\u1ebft k\u1ebf \u0111\u1ec3 x\u1eed l\u00fd t\u1ea3i tr\u1ecdng h\u01b0\u1edbng k\u00ednh n\u1eb7ng v\u00e0 t\u1ea3i tr\u1ecdng tr\u1ee5c v\u1eeba ph\u1ea3i trong khi b\u00f9 \u0111\u1eafp cho s\u1ef1 kh\u00f4ng th\u1eb3ng h\u00e0ng c\u1ee7a tr\u1ee5c. \u0110\u01b0\u1eddng ch\u1ea1y h\u00ecnh c\u1ea7u c\u1ee7a n\u00f3 cho ph\u00e9p t\u1ef1 \u0111\u1ed9ng c\u0103n ch\u1ec9nh, l\u00e0m cho n\u00f3 tr\u1edf n\u00ean l\u00fd t\u01b0\u1edfng cho c\u00e1c \u1ee9ng d\u1ee5ng c\u00f3 \u0111\u1ed9 l\u1ec7ch tr\u1ee5c, l\u1ed7i l\u1eafp \u0111\u1eb7t ho\u1eb7c \u0111i\u1ec1u ki\u1ec7n ho\u1ea1t \u0111\u1ed9ng \u0111\u1ed9ng.<\/p>","protected":false},"featured_media":2546,"comment_status":"open","ping_status":"closed","template":"","meta":{"site-sidebar-layout":"default","site-content-layout":"","ast-site-content-layout":"default","site-content-style":"default","site-sidebar-style":"default","ast-global-header-display":"","ast-banner-title-visibility":"","ast-main-header-display":"","ast-hfb-above-header-display":"","ast-hfb-below-header-display":"","ast-hfb-mobile-header-display":"","site-post-title":"","ast-breadcrumbs-content":"","ast-featured-img":"","footer-sml-layout":"","ast-disable-related-posts":"","theme-transparent-header-meta":"default","adv-header-id-meta":"","stick-header-meta":"default","header-above-stick-meta":"","header-main-stick-meta":"","header-below-stick-meta":"","astra-migrate-meta-layouts":"set","ast-page-background-enabled":"default","ast-page-background-meta":{"desktop":{"background-color":"","background-image":"","background-repeat":"repeat","background-position":"center center","background-size":"auto","background-attachment":"scroll","background-type":"","background-media":"","overlay-type":"","overlay-color":"","overlay-opacity":"","overlay-gradient":""},"tablet":{"background-color":"","background-image":"","background-repeat":"repeat","background-position":"center center","background-size":"auto","background-attachment":"scroll","background-type":"","background-media":"","overlay-type":"","overlay-color":"","overlay-opacity":"","overlay-gradient":""},"mobile":{"background-color":"","background-image":"","background-repeat":"repeat","background-position":"center center","background-size":"auto","background-attachment":"scroll","background-type":"","background-media":"","overlay-type":"","overlay-color":"","overlay-opacity":"","overlay-gradient":""}},"ast-content-background-meta":{"desktop":{"background-color":"var(--ast-global-color-5)","background-image":"","background-repeat":"repeat","background-position":"center center","background-size":"auto","background-attachment":"scroll","background-type":"","background-media":"","overlay-type":"","overlay-color":"","overlay-opacity":"","overlay-gradient":""},"tablet":{"background-color":"var(--ast-global-color-5)","background-image":"","background-repeat":"repeat","background-position":"center center","background-size":"auto","background-attachment":"scroll","background-type":"","background-media":"","overlay-type":"","overlay-color":"","overlay-opacity":"","overlay-gradient":""},"mobile":{"background-color":"var(--ast-global-color-5)","background-image":"","background-repeat":"repeat","background-position":"center center","background-size":"auto","background-attachment":"scroll","background-type":"","background-media":"","overlay-type":"","overlay-color":"","overlay-opacity":"","overlay-gradient":""}}},"product_brand":[],"product_cat":[24],"product_tag":[220,209,78,56,51,45,119,72,219,153],"class_list":{"0":"post-2446","1":"product","2":"type-product","3":"status-publish","4":"has-post-thumbnail","6":"product_cat-spherical-roller-bearings","7":"product_tag-22210-bearing","8":"product_tag-conveyor-bearing","9":"product_tag-gearbox-bearing","10":"product_tag-heavy-duty-bearing","11":"product_tag-high-load-bearing","12":"product_tag-industrial-bearing","13":"product_tag-mining-bearing","14":"product_tag-oem-bearing-supplier","15":"product_tag-self-aligning-roller-bearing","16":"product_tag-spherical-roller-bearing","17":"desktop-align-left","18":"tablet-align-left","19":"mobile-align-left","20":"ast-product-gallery-layout-horizontal-slider","21":"ast-product-gallery-with-no-image","22":"ast-product-tabs-layout-horizontal","24":"first","25":"instock","26":"shipping-taxable","27":"product-type-simple"},"_links":{"self":[{"href":"https:\/\/www.machinerybearings.com\/vi\/wp-json\/wp\/v2\/product\/2446","targetHints":{"allow":["GET"]}}],"collection":[{"href":"https:\/\/www.machinerybearings.com\/vi\/wp-json\/wp\/v2\/product"}],"about":[{"href":"https:\/\/www.machinerybearings.com\/vi\/wp-json\/wp\/v2\/types\/product"}],"replies":[{"embeddable":true,"href":"https:\/\/www.machinerybearings.com\/vi\/wp-json\/wp\/v2\/comments?post=2446"}],"wp:featuredmedia":[{"embeddable":true,"href":"https:\/\/www.machinerybearings.com\/vi\/wp-json\/wp\/v2\/media\/2546"}],"wp:attachment":[{"href":"https:\/\/www.machinerybearings.com\/vi\/wp-json\/wp\/v2\/media?parent=2446"}],"wp:term":[{"taxonomy":"product_brand","embeddable":true,"href":"https:\/\/www.machinerybearings.com\/vi\/wp-json\/wp\/v2\/product_brand?post=2446"},{"taxonomy":"product_cat","embeddable":true,"href":"https:\/\/www.machinerybearings.com\/vi\/wp-json\/wp\/v2\/product_cat?post=2446"},{"taxonomy":"product_tag","embeddable":true,"href":"https:\/\/www.machinerybearings.com\/vi\/wp-json\/wp\/v2\/product_tag?post=2446"}],"curies":[{"name":"wp","href":"https:\/\/api.w.org\/{rel}","templated":true}]}}