{"id":2449,"date":"2026-04-13T14:51:13","date_gmt":"2026-04-13T14:51:13","guid":{"rendered":"https:\/\/www.machinerybearings.com\/?post_type=product&#038;p=2449"},"modified":"2026-05-03T05:40:19","modified_gmt":"2026-05-03T05:40:19","slug":"23022-spherical-roller-bearing-large-size-heavy-load-bearing-for-industrial-machinery","status":"publish","type":"product","link":"https:\/\/www.machinerybearings.com\/vi\/san-pham\/23022-spherical-roller-bearing-large-size-heavy-load-bearing-for-industrial-machinery\/","title":{"rendered":"23022 V\u00f2ng bi l\u0103n c\u1ea7u \u2013 V\u00f2ng bi n\u1eb7ng k\u00edch th\u01b0\u1edbc l\u1edbn cho m\u00e1y m\u00f3c c\u00f4ng nghi\u1ec7p"},"content":{"rendered":"<p data-start=\"383\" data-end=\"755\">C\u00e1c <strong data-start=\"387\" data-end=\"421\">23022 V\u00f2ng bi c\u1ea7u<\/strong> l\u00e0 m\u1ed9t v\u00f2ng bi c\u1ee1 l\u1edbn, ch\u1ecbu t\u1ea3i n\u1eb7ng \u0111\u01b0\u1ee3c thi\u1ebft k\u1ebf \u0111\u1ec3 h\u1ed7 tr\u1ee3 t\u1ea3i tr\u1ecdng h\u01b0\u1edbng t\u00e2m c\u1ef1c cao v\u00e0 t\u1ea3i tr\u1ecdng tr\u1ee5c v\u1eeba ph\u1ea3i trong c\u00e1c m\u00f4i tr\u01b0\u1eddng c\u00f4ng nghi\u1ec7p kh\u1eafc nghi\u1ec7t. C\u1ea5u tr\u00fac con l\u0103n hai h\u00e0ng v\u00e0 \u0111\u01b0\u1eddng ch\u1ea1y h\u00ecnh c\u1ea7u cho ph\u00e9p t\u1ef1 \u0111\u1ed9ng c\u0103n ch\u1ec9nh, l\u00e0m cho n\u00f3 r\u1ea5t ph\u00f9 h\u1ee3p cho c\u00e1c \u1ee9ng d\u1ee5ng li\u00ean quan \u0111\u1ebfn s\u1ef1 l\u1ec7ch tr\u1ee5c, \u0111\u1ed9 cong ho\u1eb7c rung \u0111\u1ed9ng m\u1ea1nh.<\/p>\n<p data-start=\"757\" data-end=\"1072\">L\u00e0 m\u1ed9t ph\u1ea7n c\u1ee7a series 23000, v\u00f2ng bi 23022 c\u00f3 ti\u1ebft di\u1ec7n r\u1ed9ng h\u01a1n v\u00e0 kh\u1ea3 n\u0103ng ch\u1ecbu t\u1ea3i cao h\u01a1n so v\u1edbi c\u00e1c m\u1eabu nh\u1ecf h\u01a1n, l\u00e0m cho n\u00f3 l\u00fd t\u01b0\u1edfng cho m\u00e1y m\u00f3c l\u1edbn v\u00e0 h\u1ec7 th\u1ed1ng c\u00f4ng nghi\u1ec7p n\u1eb7ng. N\u00f3 \u0111\u1ea3m b\u1ea3o ho\u1ea1t \u0111\u1ed9ng \u1ed5n \u0111\u1ecbnh, gi\u1ea3m ma s\u00e1t v\u00e0 k\u00e9o d\u00e0i tu\u1ed5i th\u1ecd ngay c\u1ea3 trong \u0111i\u1ec1u ki\u1ec7n t\u1ea3i cao li\u00ean t\u1ee5c.<\/p>\n<p data-start=\"1074\" data-end=\"1237\">\u0110\u01b0\u1ee3c s\u1ea3n xu\u1ea5t t\u1eeb h\u1ee3p kim ho\u1eb7c th\u00e9p chrome ch\u1ea5t l\u01b0\u1ee3ng cao, v\u00f2ng bi n\u00e0y cung c\u1ea5p kh\u1ea3 n\u0103ng ch\u1ed1ng m\u00e0i m\u00f2n, \u0111\u1ed9 b\u1ec1n v\u00e0 \u0111\u1ed9 tin c\u1eady tuy\u1ec7t v\u1eddi trong c\u00e1c m\u00f4i tr\u01b0\u1eddng v\u1eadn h\u00e0nh kh\u1eafc nghi\u1ec7t.<\/p>\n<h1 data-section-id=\"8av2ty\" data-start=\"1244\" data-end=\"1262\"><span role=\"text\"><strong data-start=\"1246\" data-end=\"1262\">T\u00ednh n\u0103ng ch\u00ednh<\/strong><\/span><\/h1>\n<ul data-start=\"1264\" data-end=\"1618\">\n<li data-section-id=\"xw7v8y\" data-start=\"1264\" data-end=\"1320\">V\u00f2ng bi c\u1ee1 l\u1edbn cho c\u00e1c \u1ee9ng d\u1ee5ng c\u00f4ng nghi\u1ec7p n\u1eb7ng<\/li>\n<li data-section-id=\"1bxkwpw\" data-start=\"1321\" data-end=\"1360\">Kh\u1ea3 n\u0103ng t\u1ea3i tr\u1ecdng h\u01b0\u1edbng t\u00e2m c\u1ef1c cao<\/li>\n<li data-section-id=\"1fr59o7\" data-start=\"1361\" data-end=\"1420\">Thi\u1ebft k\u1ebf t\u1ef1 \u0111\u1ecbnh t\u00e2m b\u00f9 \u0111\u1eafp cho s\u1ef1 l\u1ec7ch tr\u1ee5c<\/li>\n<li data-section-id=\"1vl001\" data-start=\"1421\" data-end=\"1465\">H\u1ed7 tr\u1ee3 t\u1ea3i tr\u1ecdng k\u1ebft h\u1ee3p h\u01b0\u1edbng k\u00ednh v\u00e0 tr\u1ee5c<\/li>\n<li data-section-id=\"1n39sdg\" data-start=\"1466\" data-end=\"1519\">Kh\u1ea3 n\u0103ng ch\u1ed1ng rung v\u00e0 t\u1ea3i s\u1ed1c tuy\u1ec7t v\u1eddi<\/li>\n<li data-section-id=\"jg05ft\" data-start=\"1520\" data-end=\"1568\">Tu\u1ed5i th\u1ecd d\u00e0i trong \u0111i\u1ec1u ki\u1ec7n v\u1eadn h\u00e0nh li\u00ean t\u1ee5c<\/li>\n<li data-section-id=\"a2gkmg\" data-start=\"1569\" data-end=\"1618\">Ph\u00f9 h\u1ee3p cho c\u00e1c m\u00f4i tr\u01b0\u1eddng kh\u1eafc nghi\u1ec7t v\u00e0 y\u00eau c\u1ea7u cao<\/li>\n<\/ul>\n<h1 data-section-id=\"10k15yz\" data-start=\"1625\" data-end=\"1655\"><span role=\"text\"><strong data-start=\"1627\" data-end=\"1655\">Th\u00f4ng s\u1ed1 k\u1ef9 thu\u1eadt<\/strong><\/span><\/h1>\n<div class=\"TyagGW_tableContainer\">\n<div class=\"group TyagGW_tableWrapper flex flex-col-reverse w-fit\" tabindex=\"-1\">\n<table class=\"w-fit min-w-(--thread-content-width)\" data-start=\"1657\" data-end=\"2074\">\n<thead data-start=\"1657\" data-end=\"1678\">\n<tr data-start=\"1657\" data-end=\"1678\">\n<th class=\"\" data-start=\"1657\" data-end=\"1669\" data-col-size=\"sm\">Tham s\u1ed1<\/th>\n<th class=\"\" data-start=\"1669\" data-end=\"1678\" data-col-size=\"sm\">Gi\u00e1 tr\u1ecb<\/th>\n<\/tr>\n<\/thead>\n<tbody data-start=\"1699\" data-end=\"2074\">\n<tr data-start=\"1699\" data-end=\"1724\">\n<td data-start=\"1699\" data-end=\"1715\" data-col-size=\"sm\">M\u00f4 h\u00ecnh v\u00f2ng bi<\/td>\n<td data-start=\"1715\" data-end=\"1724\" data-col-size=\"sm\">23022<\/td>\n<\/tr>\n<tr data-start=\"1725\" data-end=\"1756\">\n<td data-start=\"1725\" data-end=\"1746\" data-col-size=\"sm\">\u0110\u01b0\u1eddng k\u00ednh trong (d)<\/td>\n<td data-start=\"1746\" data-end=\"1756\" data-col-size=\"sm\">110 mm<\/td>\n<\/tr>\n<tr data-start=\"1757\" data-end=\"1788\">\n<td data-start=\"1757\" data-end=\"1778\" data-col-size=\"sm\">\u0110\u01b0\u1eddng k\u00ednh ngo\u00e0i (D)<\/td>\n<td data-start=\"1778\" data-end=\"1788\" data-col-size=\"sm\">170 mm<\/td>\n<\/tr>\n<tr data-start=\"1789\" data-end=\"1810\">\n<td data-start=\"1789\" data-end=\"1801\" data-col-size=\"sm\">Chi\u1ec1u r\u1ed9ng (B)<\/td>\n<td data-start=\"1801\" data-end=\"1810\" data-col-size=\"sm\">45 mm<\/td>\n<\/tr>\n<tr data-start=\"1811\" data-end=\"1854\">\n<td data-start=\"1811\" data-end=\"1826\" data-col-size=\"sm\">Lo\u1ea1i v\u00f2ng bi<\/td>\n<td data-start=\"1826\" data-end=\"1854\" data-col-size=\"sm\">V\u00f2ng bi c\u1ea7u<\/td>\n<\/tr>\n<tr data-start=\"1855\" data-end=\"1888\">\n<td data-start=\"1855\" data-end=\"1867\" data-col-size=\"sm\">C\u1ea5u tr\u00fac<\/td>\n<td data-start=\"1867\" data-end=\"1888\" data-col-size=\"sm\">Con l\u0103n hai h\u00e0ng<\/td>\n<\/tr>\n<tr data-start=\"1889\" data-end=\"1930\">\n<td data-start=\"1889\" data-end=\"1900\" data-col-size=\"sm\">V\u1eadt li\u1ec7u<\/td>\n<td data-start=\"1900\" data-end=\"1930\" data-col-size=\"sm\">Th\u00e9p chrome \/ Th\u00e9p h\u1ee3p kim<\/td>\n<\/tr>\n<tr data-start=\"1931\" data-end=\"1964\">\n<td data-start=\"1931\" data-end=\"1947\" data-col-size=\"sm\">V\u1eadt li\u1ec7u l\u1ed3ng<\/td>\n<td data-col-size=\"sm\" data-start=\"1947\" data-end=\"1964\">Th\u00e9p \/ \u0110\u1ed3ng thau<\/td>\n<\/tr>\n<tr data-start=\"1965\" data-end=\"1995\">\n<td data-start=\"1965\" data-end=\"1979\" data-col-size=\"sm\">B\u00f4i tr\u01a1n<\/td>\n<td data-start=\"1979\" data-end=\"1995\" data-col-size=\"sm\">M\u1ee1 \/ D\u1ea7u<\/td>\n<\/tr>\n<tr data-start=\"1996\" data-end=\"2031\">\n<td data-start=\"1996\" data-end=\"2015\" data-col-size=\"sm\">\u0110\u00e1nh gi\u00e1 \u0111\u1ed9 ch\u00ednh x\u00e1c<\/td>\n<td data-start=\"2015\" data-end=\"2031\" data-col-size=\"sm\">P0 \/ P6 \/ P5<\/td>\n<\/tr>\n<tr data-start=\"2032\" data-end=\"2074\">\n<td data-start=\"2032\" data-end=\"2056\" data-col-size=\"sm\">Nhi\u1ec7t \u0111\u1ed9 ho\u1ea1t \u0111\u1ed9ng<\/td>\n<td data-start=\"2056\" data-end=\"2074\" data-col-size=\"sm\">-20\u00b0C \u0111\u1ebfn 150\u00b0C<\/td>\n<\/tr>\n<\/tbody>\n<\/table>\n<\/div>\n<\/div>\n<h1 data-section-id=\"1p00fbj\" data-start=\"2081\" data-end=\"2099\"><span role=\"text\"><strong data-start=\"2083\" data-end=\"2099\">\u1ee8ng d\u1ee5ng<\/strong><\/span><\/h1>\n<p data-start=\"2101\" data-end=\"2154\">V\u00f2ng bi c\u1ea7u 23022 \u0111\u01b0\u1ee3c s\u1eed d\u1ee5ng r\u1ed9ng r\u00e3i trong:<\/p>\n<ul data-start=\"2156\" data-end=\"2353\">\n<li data-section-id=\"ew3yor\" data-start=\"2156\" data-end=\"2187\">M\u00e1y m\u00f3c khai th\u00e1c v\u00e0 \u0111\u00e1<\/li>\n<li data-section-id=\"vrb1u3\" data-start=\"2188\" data-end=\"2231\">Nh\u00e0 m\u00e1y th\u00e9p v\u00e0 thi\u1ebft b\u1ecb c\u00e1n n\u1eb7ng<\/li>\n<li data-section-id=\"oy2bti\" data-start=\"2232\" data-end=\"2258\">H\u1ec7 th\u1ed1ng b\u0103ng t\u1ea3i l\u1edbn<\/li>\n<li data-section-id=\"1tqmi6a\" data-start=\"2259\" data-end=\"2286\">D\u00e2y chuy\u1ec1n s\u1ea3n xu\u1ea5t xi m\u0103ng<\/li>\n<li data-section-id=\"oxv5q8\" data-start=\"2287\" data-end=\"2322\">Thi\u1ebft b\u1ecb n\u0103ng l\u01b0\u1ee3ng gi\u00f3 v\u00e0 n\u0103ng l\u01b0\u1ee3ng<\/li>\n<li data-section-id=\"qz39ge\" data-start=\"2323\" data-end=\"2353\">H\u1ed9p s\u1ed1 c\u00f4ng nghi\u1ec7p n\u1eb7ng<\/li>\n<\/ul>\n<h1 data-section-id=\"zdmnob\" data-start=\"2360\" data-end=\"2379\"><span role=\"text\"><strong data-start=\"2362\" data-end=\"2379\">T\u1ea1i sao ch\u1ecdn ch\u00fang t\u00f4i<\/strong><\/span><\/h1>\n<ul data-start=\"2381\" data-end=\"2655\">\n<li data-section-id=\"1u48kst\" data-start=\"2381\" data-end=\"2438\">Kh\u1ea3 n\u0103ng m\u1ea1nh m\u1ebd trong s\u1ea3n xu\u1ea5t v\u00f2ng bi c\u1ee1 l\u1edbn<\/li>\n<li data-section-id=\"1otcjj4\" data-start=\"2439\" data-end=\"2498\">Gi\u1ea3i ph\u00e1p OEM v\u00e0 t\u00f9y ch\u1ec9nh c\u00f3 s\u1eb5n cho c\u00e1c ng\u00e0nh c\u00f4ng nghi\u1ec7p n\u1eb7ng<\/li>\n<li data-section-id=\"u3pp8e\" data-start=\"2499\" data-end=\"2554\">V\u1eadt li\u1ec7u ch\u1ea5t l\u01b0\u1ee3ng cao v\u1edbi x\u1eed l\u00fd nhi\u1ec7t ti\u00ean ti\u1ebfn<\/li>\n<li data-section-id=\"1yivzpg\" data-start=\"2555\" data-end=\"2608\">Cung c\u1ea5p \u1ed5n \u0111\u1ecbnh cho c\u00e1c d\u1ef1 \u00e1n c\u00f4ng nghi\u1ec7p quy m\u00f4 l\u1edbn<\/li>\n<li data-section-id=\"bhimnc\" data-start=\"2609\" data-end=\"2655\">Giao h\u00e0ng nhanh to\u00e0n c\u1ea7u v\u00e0 h\u1ed7 tr\u1ee3 k\u1ef9 thu\u1eadt<\/li>\n<\/ul>\n<h1 data-section-id=\"1iusff4\" data-start=\"2662\" data-end=\"2671\"><span role=\"text\"><strong data-start=\"2664\" data-end=\"2671\">C\u00e2u h\u1ecfi th\u01b0\u1eddng g\u1eb7p<\/strong><\/span><\/h1>\n<p data-start=\"2673\" data-end=\"2846\"><strong data-start=\"2673\" data-end=\"2721\">Q1: \u0110i\u1ec1u g\u00ec l\u00e0m cho 23022 tr\u1edf th\u00e0nh \u201cv\u00f2ng bi k\u00edch th\u01b0\u1edbc l\u1edbn\u201d?<\/strong><br data-start=\"2721\" data-end=\"2724\" \/>A: K\u00edch th\u01b0\u1edbc l\u1edbn h\u01a1n v\u00e0 kh\u1ea3 n\u0103ng ch\u1ecbu t\u1ea3i cao h\u01a1n khi\u1ebfn n\u00f3 ph\u00f9 h\u1ee3p cho m\u00e1y m\u00f3c c\u00f4ng nghi\u1ec7p n\u1eb7ng v\u00e0 h\u1ec7 th\u1ed1ng tr\u1ee5c l\u1edbn.<\/p>\n<p data-start=\"2848\" data-end=\"3000\"><strong data-start=\"2848\" data-end=\"2893\">Q2: V\u00f2ng bi n\u00e0y c\u00f3 th\u1ec3 x\u1eed l\u00fd s\u1ef1 kh\u00f4ng th\u1eb3ng h\u00e0ng kh\u00f4ng?<\/strong><br data-start=\"2893\" data-end=\"2896\" \/>A: C\u00f3, thi\u1ebft k\u1ebf con l\u0103n c\u1ea7u cho ph\u00e9p t\u1ef1 \u0111\u1ed9ng c\u0103n ch\u1ec9nh v\u00e0 gi\u1ea3m c\u0103ng th\u1eb3ng t\u1eeb s\u1ef1 bi\u1ebfn d\u1ea1ng c\u1ee7a tr\u1ee5c.<\/p>\n<p data-start=\"3002\" data-end=\"3147\"><strong data-start=\"3002\" data-end=\"3056\">Q3: C\u00f3 t\u00f9y ch\u1ec9nh cho c\u00e1c v\u00f2ng bi l\u1edbn kh\u00f4ng?<\/strong><br data-start=\"3056\" data-end=\"3059\" \/>A: C\u00f3, ch\u00fang t\u00f4i cung c\u1ea5p t\u00f9y ch\u1ec9nh OEM bao g\u1ed3m v\u1eadt li\u1ec7u, kho\u1ea3ng c\u00e1ch v\u00e0 l\u1edbp ph\u1ee7 \u0111\u1eb7c bi\u1ec7t.<\/p>","protected":false},"excerpt":{"rendered":"<p>C\u00e1c <strong data-start=\"387\" data-end=\"421\">23022 V\u00f2ng bi c\u1ea7u<\/strong> l\u00e0 m\u1ed9t v\u00f2ng bi c\u1ee1 l\u1edbn, ch\u1ecbu t\u1ea3i n\u1eb7ng \u0111\u01b0\u1ee3c thi\u1ebft k\u1ebf \u0111\u1ec3 h\u1ed7 tr\u1ee3 t\u1ea3i tr\u1ecdng h\u01b0\u1edbng t\u00e2m c\u1ef1c cao v\u00e0 t\u1ea3i tr\u1ecdng tr\u1ee5c v\u1eeba ph\u1ea3i trong c\u00e1c m\u00f4i tr\u01b0\u1eddng c\u00f4ng nghi\u1ec7p kh\u1eafc nghi\u1ec7t. C\u1ea5u tr\u00fac con l\u0103n hai h\u00e0ng v\u00e0 \u0111\u01b0\u1eddng ch\u1ea1y h\u00ecnh c\u1ea7u cho ph\u00e9p t\u1ef1 \u0111\u1ed9ng c\u0103n ch\u1ec9nh, l\u00e0m cho n\u00f3 r\u1ea5t ph\u00f9 h\u1ee3p cho c\u00e1c \u1ee9ng d\u1ee5ng li\u00ean quan \u0111\u1ebfn s\u1ef1 l\u1ec7ch tr\u1ee5c, \u0111\u1ed9 cong ho\u1eb7c rung \u0111\u1ed9ng m\u1ea1nh.<\/p>","protected":false},"featured_media":2535,"comment_status":"open","ping_status":"closed","template":"","meta":{"site-sidebar-layout":"default","site-content-layout":"","ast-site-content-layout":"default","site-content-style":"default","site-sidebar-style":"default","ast-global-header-display":"","ast-banner-title-visibility":"","ast-main-header-display":"","ast-hfb-above-header-display":"","ast-hfb-below-header-display":"","ast-hfb-mobile-header-display":"","site-post-title":"","ast-breadcrumbs-content":"","ast-featured-img":"","footer-sml-layout":"","ast-disable-related-posts":"","theme-transparent-header-meta":"default","adv-header-id-meta":"","stick-header-meta":"default","header-above-stick-meta":"","header-main-stick-meta":"","header-below-stick-meta":"","astra-migrate-meta-layouts":"set","ast-page-background-enabled":"default","ast-page-background-meta":{"desktop":{"background-color":"","background-image":"","background-repeat":"repeat","background-position":"center center","background-size":"auto","background-attachment":"scroll","background-type":"","background-media":"","overlay-type":"","overlay-color":"","overlay-opacity":"","overlay-gradient":""},"tablet":{"background-color":"","background-image":"","background-repeat":"repeat","background-position":"center center","background-size":"auto","background-attachment":"scroll","background-type":"","background-media":"","overlay-type":"","overlay-color":"","overlay-opacity":"","overlay-gradient":""},"mobile":{"background-color":"","background-image":"","background-repeat":"repeat","background-position":"center center","background-size":"auto","background-attachment":"scroll","background-type":"","background-media":"","overlay-type":"","overlay-color":"","overlay-opacity":"","overlay-gradient":""}},"ast-content-background-meta":{"desktop":{"background-color":"var(--ast-global-color-5)","background-image":"","background-repeat":"repeat","background-position":"center center","background-size":"auto","background-attachment":"scroll","background-type":"","background-media":"","overlay-type":"","overlay-color":"","overlay-opacity":"","overlay-gradient":""},"tablet":{"background-color":"var(--ast-global-color-5)","background-image":"","background-repeat":"repeat","background-position":"center center","background-size":"auto","background-attachment":"scroll","background-type":"","background-media":"","overlay-type":"","overlay-color":"","overlay-opacity":"","overlay-gradient":""},"mobile":{"background-color":"var(--ast-global-color-5)","background-image":"","background-repeat":"repeat","background-position":"center center","background-size":"auto","background-attachment":"scroll","background-type":"","background-media":"","overlay-type":"","overlay-color":"","overlay-opacity":"","overlay-gradient":""}}},"product_brand":[],"product_cat":[24],"product_tag":[222,209,78,56,45,57,119,72,153,150],"class_list":{"0":"post-2449","1":"product","2":"type-product","3":"status-publish","4":"has-post-thumbnail","6":"product_cat-spherical-roller-bearings","7":"product_tag-23022-bearing","8":"product_tag-conveyor-bearing","9":"product_tag-gearbox-bearing","10":"product_tag-heavy-duty-bearing","11":"product_tag-industrial-bearing","12":"product_tag-large-size-bearing","13":"product_tag-mining-bearing","14":"product_tag-oem-bearing-supplier","15":"product_tag-spherical-roller-bearing","16":"product_tag-steel-mill-bearing","17":"desktop-align-left","18":"tablet-align-left","19":"mobile-align-left","20":"ast-product-gallery-layout-horizontal-slider","21":"ast-product-gallery-with-no-image","22":"ast-product-tabs-layout-horizontal","24":"first","25":"instock","26":"shipping-taxable","27":"product-type-simple"},"_links":{"self":[{"href":"https:\/\/www.machinerybearings.com\/vi\/wp-json\/wp\/v2\/product\/2449","targetHints":{"allow":["GET"]}}],"collection":[{"href":"https:\/\/www.machinerybearings.com\/vi\/wp-json\/wp\/v2\/product"}],"about":[{"href":"https:\/\/www.machinerybearings.com\/vi\/wp-json\/wp\/v2\/types\/product"}],"replies":[{"embeddable":true,"href":"https:\/\/www.machinerybearings.com\/vi\/wp-json\/wp\/v2\/comments?post=2449"}],"wp:featuredmedia":[{"embeddable":true,"href":"https:\/\/www.machinerybearings.com\/vi\/wp-json\/wp\/v2\/media\/2535"}],"wp:attachment":[{"href":"https:\/\/www.machinerybearings.com\/vi\/wp-json\/wp\/v2\/media?parent=2449"}],"wp:term":[{"taxonomy":"product_brand","embeddable":true,"href":"https:\/\/www.machinerybearings.com\/vi\/wp-json\/wp\/v2\/product_brand?post=2449"},{"taxonomy":"product_cat","embeddable":true,"href":"https:\/\/www.machinerybearings.com\/vi\/wp-json\/wp\/v2\/product_cat?post=2449"},{"taxonomy":"product_tag","embeddable":true,"href":"https:\/\/www.machinerybearings.com\/vi\/wp-json\/wp\/v2\/product_tag?post=2449"}],"curies":[{"name":"wp","href":"https:\/\/api.w.org\/{rel}","templated":true}]}}