{"id":2452,"date":"2026-04-13T15:02:11","date_gmt":"2026-04-13T15:02:11","guid":{"rendered":"https:\/\/www.machinerybearings.com\/?post_type=product&#038;p=2452"},"modified":"2026-05-03T05:28:34","modified_gmt":"2026-05-03T05:28:34","slug":"vibrating-screen-bearing-for-heavy-duty-mining-and-industrial-equipment","status":"publish","type":"product","link":"https:\/\/www.machinerybearings.com\/vi\/san-pham\/vibrating-screen-bearing-for-heavy-duty-mining-and-industrial-equipment\/","title":{"rendered":"V\u00f2ng bi m\u00e0n h\u00ecnh rung cho thi\u1ebft b\u1ecb khai th\u00e1c v\u00e0 c\u00f4ng nghi\u1ec7p n\u1eb7ng"},"content":{"rendered":"<h3 data-section-id=\"1c8nfac\" data-start=\"214\" data-end=\"242\">V\u00f2ng bi m\u00e0n rung<\/h3>\n<p data-start=\"244\" data-end=\"430\">V\u00f2ng bi m\u00e0n rung \u0111\u01b0\u1ee3c thi\u1ebft k\u1ebf \u0111\u1eb7c bi\u1ec7t cho c\u00e1c \u0111i\u1ec1u ki\u1ec7n l\u00e0m vi\u1ec7c t\u1ea3i n\u1eb7ng v\u00e0 rung \u0111\u1ed9ng cao trong khai th\u00e1c m\u1ecf, khai th\u00e1c \u0111\u00e1, x\u1eed l\u00fd v\u1eadt li\u1ec7u v\u00e0 thi\u1ebft b\u1ecb s\u00e0ng l\u1ecdc c\u00f4ng nghi\u1ec7p n\u1eb7ng.<\/p>\n<p data-start=\"432\" data-end=\"576\">Ch\u00fang \u0111\u01b0\u1ee3c ch\u1ebf t\u1ea1o \u0111\u1ec3 duy tr\u00ec hi\u1ec7u su\u1ea5t \u1ed5n \u0111\u1ecbnh d\u01b0\u1edbi c\u00e1c t\u1ea3i tr\u1ecdng va \u0111\u1eadp li\u00ean t\u1ee5c, rung \u0111\u1ed9ng xoay cao v\u00e0 \u0111i\u1ec1u ki\u1ec7n l\u1ec7ch tr\u1ee5c nghi\u00eam tr\u1ecdng.<\/p>\n<p data-start=\"578\" data-end=\"790\">So v\u1edbi c\u00e1c v\u00f2ng bi c\u00f4ng nghi\u1ec7p ti\u00eau chu\u1ea9n, v\u00f2ng bi m\u00e0n rung cung c\u1ea5p s\u1ef1 gia c\u1ed1 n\u1ed9i b\u1ed9 m\u1ea1nh m\u1ebd h\u01a1n, kho\u1ea3ng c\u00e1ch t\u1ed1i \u01b0u v\u00e0 kh\u1ea3 n\u0103ng ch\u1ed1ng m\u1ecfi c\u1ea3i thi\u1ec7n \u0111\u1ec3 \u0111\u1ea3m b\u1ea3o tu\u1ed5i th\u1ecd d\u00e0i trong m\u00f4i tr\u01b0\u1eddng kh\u1eafc nghi\u1ec7t.<\/p>\n<h2 data-section-id=\"28z5ez\" data-start=\"797\" data-end=\"828\">\ud83d\udd37 B\u1ea3ng Th\u00f4ng S\u1ed1 K\u1ef9 Thu\u1eadt<\/h2>\n<div class=\"TyagGW_tableContainer\">\n<div class=\"group TyagGW_tableWrapper flex flex-col-reverse w-fit\" tabindex=\"-1\">\n<table class=\"w-fit min-w-(--thread-content-width)\" data-start=\"830\" data-end=\"1415\">\n<thead data-start=\"830\" data-end=\"854\">\n<tr data-start=\"830\" data-end=\"854\">\n<th class=\"\" data-start=\"830\" data-end=\"837\" data-col-size=\"sm\">M\u1ee5c<\/th>\n<th class=\"\" data-start=\"837\" data-end=\"854\" data-col-size=\"md\">Th\u00f4ng s\u1ed1 k\u1ef9 thu\u1eadt<\/th>\n<\/tr>\n<\/thead>\n<tbody data-start=\"879\" data-end=\"1415\">\n<tr data-start=\"879\" data-end=\"950\">\n<td data-start=\"879\" data-end=\"894\" data-col-size=\"sm\">Lo\u1ea1i v\u00f2ng bi<\/td>\n<td data-start=\"894\" data-end=\"950\" data-col-size=\"md\">V\u00f2ng bi con l\u0103n c\u1ea7u \/ V\u00f2ng bi con l\u0103n n\u1eb7ng<\/td>\n<\/tr>\n<tr data-start=\"951\" data-end=\"997\">\n<td data-start=\"951\" data-end=\"963\" data-col-size=\"sm\">Lo\u1ea1i t\u1ea3i<\/td>\n<td data-col-size=\"md\" data-start=\"963\" data-end=\"997\">T\u1ea3i tr\u1ecdng h\u01b0\u1edbng k\u00ednh cao + t\u1ea3i tr\u1ecdng va \u0111\u1eadp<\/td>\n<\/tr>\n<tr data-start=\"998\" data-end=\"1056\">\n<td data-start=\"998\" data-end=\"1020\" data-col-size=\"sm\">\u0110i\u1ec1u ki\u1ec7n ho\u1ea1t \u0111\u1ed9ng<\/td>\n<td data-col-size=\"md\" data-start=\"1020\" data-end=\"1056\">Rung \u0111\u1ed9ng cao, s\u1ed1c li\u00ean t\u1ee5c<\/td>\n<\/tr>\n<tr data-start=\"1057\" data-end=\"1103\">\n<td data-start=\"1057\" data-end=\"1068\" data-col-size=\"sm\">V\u1eadt li\u1ec7u<\/td>\n<td data-start=\"1068\" data-end=\"1103\" data-col-size=\"md\">Th\u00e9p v\u00f2ng bi GCr15 \/ GCr15SiMn<\/td>\n<\/tr>\n<tr data-start=\"1104\" data-end=\"1154\">\n<td data-start=\"1104\" data-end=\"1116\" data-col-size=\"sm\">Lo\u1ea1i l\u1ed3ng<\/td>\n<td data-col-size=\"md\" data-start=\"1116\" data-end=\"1154\">L\u1ed3ng th\u00e9p \/ L\u1ed3ng \u0111\u1ed3ng (t\u00f9y ch\u1ecdn)<\/td>\n<\/tr>\n<tr data-start=\"1155\" data-end=\"1192\">\n<td data-start=\"1155\" data-end=\"1167\" data-col-size=\"sm\">Kho\u1ea3ng c\u00e1ch<\/td>\n<td data-start=\"1167\" data-end=\"1192\" data-col-size=\"md\">C3 \/ C4 \/ C5 t\u00f9y ch\u1ecdn<\/td>\n<\/tr>\n<tr data-start=\"1193\" data-end=\"1236\">\n<td data-start=\"1193\" data-end=\"1207\" data-col-size=\"sm\">B\u00f4i tr\u01a1n<\/td>\n<td data-col-size=\"md\" data-start=\"1207\" data-end=\"1236\">B\u00f4i tr\u01a1n b\u1eb1ng m\u1ee1 ho\u1eb7c d\u1ea7u<\/td>\n<\/tr>\n<tr data-start=\"1237\" data-end=\"1300\">\n<td data-start=\"1237\" data-end=\"1257\" data-col-size=\"sm\">Ph\u1ea1m vi nhi\u1ec7t \u0111\u1ed9<\/td>\n<td data-col-size=\"md\" data-start=\"1257\" data-end=\"1300\">-30\u00b0C \u0111\u1ebfn 200\u00b0C (t\u00f9y thu\u1ed9c v\u00e0o lo\u1ea1i m\u1ee1)<\/td>\n<\/tr>\n<tr data-start=\"1301\" data-end=\"1355\">\n<td data-start=\"1301\" data-end=\"1318\" data-col-size=\"sm\">T\u00f9y ch\u1ecdn ni\u00eam phong<\/td>\n<td data-col-size=\"md\" data-start=\"1318\" data-end=\"1355\">Thi\u1ebft k\u1ebf m\u1edf \/ \u0110\u00f3ng k\u00edn \/ Ch\u1ed1ng b\u1ee5i<\/td>\n<\/tr>\n<tr data-start=\"1356\" data-end=\"1415\">\n<td data-start=\"1356\" data-end=\"1382\" data-col-size=\"sm\">Kh\u1ea3 n\u0103ng l\u1ec7ch tr\u1ee5c<\/td>\n<td data-col-size=\"md\" data-start=\"1382\" data-end=\"1415\">Kh\u1ea3 n\u0103ng t\u1ef1 c\u0103n ch\u1ec9nh cao<\/td>\n<\/tr>\n<\/tbody>\n<\/table>\n<\/div>\n<\/div>\n<h2 data-section-id=\"1y8un7j\" data-start=\"1422\" data-end=\"1440\">\ud83d\udd37 T\u00ednh n\u0103ng ch\u00ednh<\/h2>\n<ul data-start=\"1442\" data-end=\"1785\">\n<li data-section-id=\"1u8enpv\" data-start=\"1442\" data-end=\"1496\">Thi\u1ebft k\u1ebf cho m\u00f4i tr\u01b0\u1eddng rung \u0111\u1ed9ng t\u1ea7n s\u1ed1 cao<\/li>\n<li data-section-id=\"1kldcsm\" data-start=\"1497\" data-end=\"1553\">Kh\u1ea3 n\u0103ng ch\u1ed1ng s\u1ed1c v\u00e0 t\u1ea3i tr\u1ecdng h\u01b0\u1edbng k\u00ednh n\u1eb7ng xu\u1ea5t s\u1eafc<\/li>\n<li data-section-id=\"y8b7hk\" data-start=\"1554\" data-end=\"1620\">Hi\u1ec7u su\u1ea5t t\u1ef1 c\u0103n ch\u1ec9nh m\u1ea1nh m\u1ebd \u0111\u1ec3 gi\u1ea3m c\u0103ng th\u1eb3ng l\u1eafp \u0111\u1eb7t<\/li>\n<li data-section-id=\"5rf9z8\" data-start=\"1621\" data-end=\"1673\">Tu\u1ed5i th\u1ecd s\u1eed d\u1ee5ng k\u00e9o d\u00e0i d\u01b0\u1edbi ho\u1ea1t \u0111\u1ed9ng li\u00ean t\u1ee5c<\/li>\n<li data-section-id=\"1h13109\" data-start=\"1674\" data-end=\"1720\">Gi\u1ea3m t\u1ea7n su\u1ea5t b\u1ea3o tr\u00ec v\u00e0 th\u1eddi gian ng\u1eebng ho\u1ea1t \u0111\u1ed9ng<\/li>\n<li data-section-id=\"ektqkh\" data-start=\"1721\" data-end=\"1785\">Ph\u00f9 h\u1ee3p v\u1edbi b\u1ee5i, \u0111\u1ed9 \u1ea9m v\u00e0 \u0111i\u1ec1u ki\u1ec7n c\u00f4ng nghi\u1ec7p kh\u1eafc nghi\u1ec7t<\/li>\n<\/ul>\n<h2 data-section-id=\"1mxbwoh\" data-start=\"1792\" data-end=\"1815\">\ud83d\udd37 Khu v\u1ef1c \u1ee9ng d\u1ee5ng<\/h2>\n<ul data-start=\"1817\" data-end=\"2024\">\n<li data-section-id=\"1bd7p6v\" data-start=\"1817\" data-end=\"1845\">M\u00e0n rung khai th\u00e1c<\/li>\n<li data-section-id=\"15q8jif\" data-start=\"1846\" data-end=\"1885\">Nh\u00e0 m\u00e1y nghi\u1ec1n v\u00e0 s\u00e0ng \u0111\u00e1<\/li>\n<li data-section-id=\"14v4408\" data-start=\"1886\" data-end=\"1915\">Thi\u1ebft b\u1ecb ch\u1ebf bi\u1ebfn than<\/li>\n<li data-section-id=\"1tqmi6a\" data-start=\"1916\" data-end=\"1943\">D\u00e2y chuy\u1ec1n s\u1ea3n xu\u1ea5t xi m\u0103ng<\/li>\n<li data-section-id=\"ewy2ju\" data-start=\"1944\" data-end=\"1989\">H\u1ec7 th\u1ed1ng luy\u1ec7n kim v\u00e0 ch\u1ebf bi\u1ebfn kho\u00e1ng s\u1ea3n<\/li>\n<li data-section-id=\"xfcvsg\" data-start=\"1990\" data-end=\"2024\">M\u00e1y m\u00f3c khai th\u00e1c v\u00e0 t\u1ed5ng h\u1ee3p<\/li>\n<\/ul>\n<h2 data-section-id=\"1a1u7ke\" data-start=\"2031\" data-end=\"2059\">\ud83d\udd37 \u01afu \u0111i\u1ec3m k\u1ef9 thu\u1eadt<\/h2>\n<p data-start=\"2061\" data-end=\"2200\">Thi\u1ebft b\u1ecb m\u00e0n rung t\u1ea1o ra \u00e1p l\u1ef1c \u0111\u1ed9ng li\u00ean t\u1ee5c l\u00ean \u1ed5 bi, th\u01b0\u1eddng d\u1eabn \u0111\u1ebfn h\u1ecfng h\u00f3c s\u1edbm \u1edf c\u00e1c lo\u1ea1i \u1ed5 bi ti\u00eau chu\u1ea9n.<\/p>\n<p data-start=\"2202\" data-end=\"2266\">S\u1ea3n ph\u1ea9m n\u00e0y \u0111\u01b0\u1ee3c thi\u1ebft k\u1ebf \u0111\u1ec3 gi\u1ea3i quy\u1ebft c\u00e1c v\u1ea5n \u0111\u1ec1 h\u1ecfng h\u00f3c ph\u1ed5 bi\u1ebfn nh\u01b0:<\/p>\n<ul data-start=\"2268\" data-end=\"2409\">\n<li data-section-id=\"14i90g7\" data-start=\"2268\" data-end=\"2296\">N\u1ee9t m\u1ecfi \u0111\u01b0\u1eddng ch\u1ea1y<\/li>\n<li data-section-id=\"bk7bso\" data-start=\"2297\" data-end=\"2333\">Bi\u1ebfn d\u1ea1ng l\u1ed3ng d\u01b0\u1edbi rung \u0111\u1ed9ng<\/li>\n<li data-section-id=\"2qwo8v\" data-start=\"2334\" data-end=\"2379\">S\u1ef1 c\u1ed1 b\u00f4i tr\u01a1n do nhi\u1ec7t t\u00edch t\u1ee5<\/li>\n<li data-section-id=\"ty5bi0\" data-start=\"2380\" data-end=\"2409\">M\u00f2n do sai l\u1ec7ch<\/li>\n<\/ul>\n<p data-start=\"2411\" data-end=\"2532\">B\u1eb1ng c\u00e1ch t\u1ed1i \u01b0u h\u00f3a h\u00ecnh h\u1ecdc b\u00ean trong v\u00e0 \u0111\u1ed9 b\u1ec1n v\u1eadt li\u1ec7u, tu\u1ed5i th\u1ecd \u0111\u01b0\u1ee3c c\u1ea3i thi\u1ec7n \u0111\u00e1ng k\u1ec3 trong c\u00e1c \u1ee9ng d\u1ee5ng n\u1eb7ng.<\/p>\n<h2 data-section-id=\"bf9ua4\" data-start=\"2539\" data-end=\"2559\">\ud83d\udd37 T\u00f9y ch\u1ecdn t\u00f9y ch\u1ec9nh<\/h2>\n<p data-start=\"2561\" data-end=\"2601\">Ch\u00fang t\u00f4i h\u1ed7 tr\u1ee3 gi\u1ea3i ph\u00e1p OEM v\u00e0 t\u00f9y ch\u1ec9nh:<\/p>\n<ul data-start=\"2603\" data-end=\"2823\">\n<li data-section-id=\"12z25a6\" data-start=\"2603\" data-end=\"2645\">T\u00f9y ch\u1ec9nh \u0111\u01b0\u1eddng k\u00ednh trong v\u00e0 ngo\u00e0i<\/li>\n<li data-section-id=\"11j4pt1\" data-start=\"2646\" data-end=\"2690\">L\u1ef1a ch\u1ecdn v\u1eadt li\u1ec7u l\u1ed3ng (th\u00e9p ho\u1eb7c \u0111\u1ed3ng)<\/li>\n<li data-section-id=\"rh4t0y\" data-start=\"2691\" data-end=\"2732\">\u0110i\u1ec1u ch\u1ec9nh c\u1ea5p \u0111\u1ed9 khe h\u1edf (C3\/C4\/C5)<\/li>\n<li data-section-id=\"wvf30s\" data-start=\"2733\" data-end=\"2780\">X\u1eed l\u00fd nhi\u1ec7t \u0111\u1eb7c bi\u1ec7t cho nhi\u1ec7t \u0111\u1ed9 cao<\/li>\n<li data-section-id=\"14r2iv5\" data-start=\"2781\" data-end=\"2823\">Thi\u1ebft k\u1ebf c\u1ea5u tr\u00fac ch\u1ed1ng b\u1ee5i v\u00e0 k\u00edn kh\u00ed<\/li>\n<\/ul>","protected":false},"excerpt":{"rendered":"<p data-start=\"244\" data-end=\"430\">V\u00f2ng bi m\u00e0n rung \u0111\u01b0\u1ee3c thi\u1ebft k\u1ebf \u0111\u1eb7c bi\u1ec7t cho c\u00e1c \u0111i\u1ec1u ki\u1ec7n l\u00e0m vi\u1ec7c t\u1ea3i n\u1eb7ng v\u00e0 rung \u0111\u1ed9ng cao trong khai th\u00e1c m\u1ecf, khai th\u00e1c \u0111\u00e1, x\u1eed l\u00fd v\u1eadt li\u1ec7u v\u00e0 thi\u1ebft b\u1ecb s\u00e0ng l\u1ecdc c\u00f4ng nghi\u1ec7p n\u1eb7ng.<\/p>\n<p data-start=\"432\" data-end=\"576\">Ch\u00fang \u0111\u01b0\u1ee3c ch\u1ebf t\u1ea1o \u0111\u1ec3 duy tr\u00ec hi\u1ec7u su\u1ea5t \u1ed5n \u0111\u1ecbnh d\u01b0\u1edbi c\u00e1c t\u1ea3i tr\u1ecdng va \u0111\u1eadp li\u00ean t\u1ee5c, rung \u0111\u1ed9ng xoay cao v\u00e0 \u0111i\u1ec1u ki\u1ec7n l\u1ec7ch tr\u1ee5c nghi\u00eam tr\u1ecdng.<\/p>","protected":false},"featured_media":2533,"comment_status":"open","ping_status":"closed","template":"","meta":{"site-sidebar-layout":"default","site-content-layout":"","ast-site-content-layout":"default","site-content-style":"default","site-sidebar-style":"default","ast-global-header-display":"","ast-banner-title-visibility":"","ast-main-header-display":"","ast-hfb-above-header-display":"","ast-hfb-below-header-display":"","ast-hfb-mobile-header-display":"","site-post-title":"","ast-breadcrumbs-content":"","ast-featured-img":"","footer-sml-layout":"","ast-disable-related-posts":"","theme-transparent-header-meta":"default","adv-header-id-meta":"","stick-header-meta":"default","header-above-stick-meta":"","header-main-stick-meta":"","header-below-stick-meta":"","astra-migrate-meta-layouts":"set","ast-page-background-enabled":"default","ast-page-background-meta":{"desktop":{"background-color":"","background-image":"","background-repeat":"repeat","background-position":"center center","background-size":"auto","background-attachment":"scroll","background-type":"","background-media":"","overlay-type":"","overlay-color":"","overlay-opacity":"","overlay-gradient":""},"tablet":{"background-color":"","background-image":"","background-repeat":"repeat","background-position":"center center","background-size":"auto","background-attachment":"scroll","background-type":"","background-media":"","overlay-type":"","overlay-color":"","overlay-opacity":"","overlay-gradient":""},"mobile":{"background-color":"","background-image":"","background-repeat":"repeat","background-position":"center center","background-size":"auto","background-attachment":"scroll","background-type":"","background-media":"","overlay-type":"","overlay-color":"","overlay-opacity":"","overlay-gradient":""}},"ast-content-background-meta":{"desktop":{"background-color":"var(--ast-global-color-5)","background-image":"","background-repeat":"repeat","background-position":"center center","background-size":"auto","background-attachment":"scroll","background-type":"","background-media":"","overlay-type":"","overlay-color":"","overlay-opacity":"","overlay-gradient":""},"tablet":{"background-color":"var(--ast-global-color-5)","background-image":"","background-repeat":"repeat","background-position":"center center","background-size":"auto","background-attachment":"scroll","background-type":"","background-media":"","overlay-type":"","overlay-color":"","overlay-opacity":"","overlay-gradient":""},"mobile":{"background-color":"var(--ast-global-color-5)","background-image":"","background-repeat":"repeat","background-position":"center center","background-size":"auto","background-attachment":"scroll","background-type":"","background-media":"","overlay-type":"","overlay-color":"","overlay-opacity":"","overlay-gradient":""}}},"product_brand":[],"product_cat":[24],"product_tag":[231,234,232,233,56,51,228,119,47,230,162,229,153,235,227],"class_list":{"0":"post-2452","1":"product","2":"type-product","3":"status-publish","4":"has-post-thumbnail","6":"product_cat-spherical-roller-bearings","7":"product_tag-aggregate-equipment-bearing","8":"product_tag-c4-clearance-bearing","9":"product_tag-cement-plant-bearing","10":"product_tag-gcr15-bearing","11":"product_tag-heavy-duty-bearing","12":"product_tag-high-load-bearing","13":"product_tag-industrial-roller-bearing","14":"product_tag-mining-bearing","15":"product_tag-oem-bearing-manufacturer","16":"product_tag-quarry-machine-bearing","17":"product_tag-self-aligning-bearing","18":"product_tag-shock-resistant-bearing","19":"product_tag-spherical-roller-bearing","20":"product_tag-vibrating-machinery-parts","21":"product_tag-vibrating-screen-bearing","22":"desktop-align-left","23":"tablet-align-left","24":"mobile-align-left","25":"ast-product-gallery-layout-horizontal-slider","26":"ast-product-gallery-with-no-image","27":"ast-product-tabs-layout-horizontal","29":"first","30":"instock","31":"shipping-taxable","32":"product-type-simple"},"_links":{"self":[{"href":"https:\/\/www.machinerybearings.com\/vi\/wp-json\/wp\/v2\/product\/2452","targetHints":{"allow":["GET"]}}],"collection":[{"href":"https:\/\/www.machinerybearings.com\/vi\/wp-json\/wp\/v2\/product"}],"about":[{"href":"https:\/\/www.machinerybearings.com\/vi\/wp-json\/wp\/v2\/types\/product"}],"replies":[{"embeddable":true,"href":"https:\/\/www.machinerybearings.com\/vi\/wp-json\/wp\/v2\/comments?post=2452"}],"wp:featuredmedia":[{"embeddable":true,"href":"https:\/\/www.machinerybearings.com\/vi\/wp-json\/wp\/v2\/media\/2533"}],"wp:attachment":[{"href":"https:\/\/www.machinerybearings.com\/vi\/wp-json\/wp\/v2\/media?parent=2452"}],"wp:term":[{"taxonomy":"product_brand","embeddable":true,"href":"https:\/\/www.machinerybearings.com\/vi\/wp-json\/wp\/v2\/product_brand?post=2452"},{"taxonomy":"product_cat","embeddable":true,"href":"https:\/\/www.machinerybearings.com\/vi\/wp-json\/wp\/v2\/product_cat?post=2452"},{"taxonomy":"product_tag","embeddable":true,"href":"https:\/\/www.machinerybearings.com\/vi\/wp-json\/wp\/v2\/product_tag?post=2452"}],"curies":[{"name":"wp","href":"https:\/\/api.w.org\/{rel}","templated":true}]}}