{"id":2453,"date":"2026-04-13T15:06:47","date_gmt":"2026-04-13T15:06:47","guid":{"rendered":"https:\/\/www.machinerybearings.com\/?post_type=product&#038;p=2453"},"modified":"2026-05-03T05:20:35","modified_gmt":"2026-05-03T05:20:35","slug":"30205-tapered-roller-bearing-for-high-radial-and-axial-load-applications","status":"publish","type":"product","link":"https:\/\/www.machinerybearings.com\/vi\/san-pham\/30205-tapered-roller-bearing-for-high-radial-and-axial-load-applications\/","title":{"rendered":"30205 V\u00f2ng bi l\u0103n c\u00f4n cho \u1ee9ng d\u1ee5ng t\u1ea3i tr\u1ecdng h\u01b0\u1edbng t\u00e2m v\u00e0 tr\u1ee5c cao"},"content":{"rendered":"<p data-start=\"231\" data-end=\"438\">V\u00f2ng bi con l\u0103n h\u00ecnh n\u00f3n 30205 \u0111\u01b0\u1ee3c thi\u1ebft k\u1ebf \u0111\u1ec3 h\u1ed7 tr\u1ee3 t\u1ea3i tr\u1ecdng k\u1ebft h\u1ee3p theo h\u01b0\u1edbng k\u00ednh v\u00e0 h\u01b0\u1edbng tr\u1ee5c, l\u00e0m cho n\u00f3 \u0111\u01b0\u1ee3c s\u1eed d\u1ee5ng r\u1ed9ng r\u00e3i trong c\u00e1c h\u1ec7 th\u1ed1ng \u00f4 t\u00f4, h\u1ed9p s\u1ed1, m\u00e1y m\u00f3c n\u00f4ng nghi\u1ec7p v\u00e0 thi\u1ebft b\u1ecb truy\u1ec1n \u0111\u1ed9ng c\u00f4ng nghi\u1ec7p.<\/p>\n<p data-start=\"440\" data-end=\"694\">C\u00e1c r\u00e3nh v\u00f2ng trong v\u00e0 v\u00f2ng ngo\u00e0i h\u00ecnh n\u00f3n cho ph\u00e9p c\u00e1c con l\u0103n quay v\u1edbi ma s\u00e1t t\u1ed1i thi\u1ec3u trong khi ph\u00e2n ph\u1ed1i t\u1ea3i tr\u1ecdng m\u1ed9t c\u00e1ch hi\u1ec7u qu\u1ea3 tr\u00ean b\u1ec1 m\u1eb7t ti\u1ebfp x\u00fac. C\u1ea5u tr\u00fac n\u00e0y c\u1ea3i thi\u1ec7n \u0111\u1ed9 b\u1ec1n v\u00e0 hi\u1ec7u su\u1ea5t d\u01b0\u1edbi \u0111i\u1ec1u ki\u1ec7n t\u1ea3i cao v\u00e0 t\u1ed1c \u0111\u1ed9 v\u1eeba ph\u1ea3i.<\/p>\n<h2 data-section-id=\"vlh4km\" data-start=\"701\" data-end=\"727\">\ud83d\udd37 Th\u00f4ng s\u1ed1 k\u1ef9 thu\u1eadt<\/h2>\n<div class=\"TyagGW_tableContainer\">\n<div class=\"group TyagGW_tableWrapper flex flex-col-reverse w-fit\" tabindex=\"-1\">\n<table class=\"w-fit min-w-(--thread-content-width)\" data-start=\"729\" data-end=\"1218\">\n<thead data-start=\"729\" data-end=\"753\">\n<tr data-start=\"729\" data-end=\"753\">\n<th class=\"\" data-start=\"729\" data-end=\"736\" data-col-size=\"sm\">M\u1ee5c<\/th>\n<th class=\"\" data-start=\"736\" data-end=\"753\" data-col-size=\"sm\">Th\u00f4ng s\u1ed1 k\u1ef9 thu\u1eadt<\/th>\n<\/tr>\n<\/thead>\n<tbody data-start=\"778\" data-end=\"1218\">\n<tr data-start=\"778\" data-end=\"819\">\n<td data-start=\"778\" data-end=\"793\" data-col-size=\"sm\">Lo\u1ea1i v\u00f2ng bi<\/td>\n<td data-start=\"793\" data-end=\"819\" data-col-size=\"sm\">V\u00f2ng bi con l\u0103n h\u00ecnh n\u00f3n<\/td>\n<\/tr>\n<tr data-start=\"820\" data-end=\"837\">\n<td data-start=\"820\" data-end=\"828\" data-col-size=\"sm\">M\u1eabu<\/td>\n<td data-start=\"828\" data-end=\"837\" data-col-size=\"sm\">30205<\/td>\n<\/tr>\n<tr data-start=\"838\" data-end=\"868\">\n<td data-start=\"838\" data-end=\"859\" data-col-size=\"sm\">\u0110\u01b0\u1eddng k\u00ednh trong (d)<\/td>\n<td data-col-size=\"sm\" data-start=\"859\" data-end=\"868\">25 mm<\/td>\n<\/tr>\n<tr data-start=\"869\" data-end=\"899\">\n<td data-start=\"869\" data-end=\"890\" data-col-size=\"sm\">\u0110\u01b0\u1eddng k\u00ednh ngo\u00e0i (D)<\/td>\n<td data-col-size=\"sm\" data-start=\"890\" data-end=\"899\">52 mm<\/td>\n<\/tr>\n<tr data-start=\"900\" data-end=\"924\">\n<td data-start=\"900\" data-end=\"912\" data-col-size=\"sm\">Chi\u1ec1u r\u1ed9ng (T)<\/td>\n<td data-start=\"912\" data-end=\"924\" data-col-size=\"sm\">16,25 mm<\/td>\n<\/tr>\n<tr data-start=\"925\" data-end=\"969\">\n<td data-start=\"925\" data-end=\"937\" data-col-size=\"sm\">Lo\u1ea1i t\u1ea3i<\/td>\n<td data-col-size=\"sm\" data-start=\"937\" data-end=\"969\">T\u1ea3i tr\u1ecdng k\u1ebft h\u1ee3p theo h\u01b0\u1edbng k\u00ednh + h\u01b0\u1edbng tr\u1ee5c<\/td>\n<\/tr>\n<tr data-start=\"970\" data-end=\"1000\">\n<td data-start=\"970\" data-end=\"986\" data-col-size=\"sm\">V\u1eadt li\u1ec7u l\u1ed3ng<\/td>\n<td data-col-size=\"sm\" data-start=\"986\" data-end=\"1000\">L\u1ed3ng th\u00e9p<\/td>\n<\/tr>\n<tr data-start=\"1001\" data-end=\"1036\">\n<td data-start=\"1001\" data-end=\"1012\" data-col-size=\"sm\">V\u1eadt li\u1ec7u<\/td>\n<td data-start=\"1012\" data-end=\"1036\" data-col-size=\"sm\">Th\u00e9p m\u1ea1 cr\u00f4m (GCr15)<\/td>\n<\/tr>\n<tr data-start=\"1037\" data-end=\"1080\">\n<td data-start=\"1037\" data-end=\"1051\" data-col-size=\"sm\">B\u00f4i tr\u01a1n<\/td>\n<td data-start=\"1051\" data-end=\"1080\" data-col-size=\"sm\">B\u00f4i tr\u01a1n b\u1eb1ng m\u1ee1 ho\u1eb7c d\u1ea7u<\/td>\n<\/tr>\n<tr data-start=\"1081\" data-end=\"1130\">\n<td data-start=\"1081\" data-end=\"1093\" data-col-size=\"sm\">C\u1ea5u tr\u00fac<\/td>\n<td data-col-size=\"sm\" data-start=\"1093\" data-end=\"1130\">V\u00f2ng bi con l\u0103n h\u00ecnh n\u00f3n m\u1ed9t h\u00e0ng<\/td>\n<\/tr>\n<tr data-start=\"1131\" data-end=\"1179\">\n<td data-start=\"1131\" data-end=\"1150\" data-col-size=\"sm\">Kh\u1ea3 n\u0103ng t\u1ed1c \u0111\u1ed9<\/td>\n<td data-start=\"1150\" data-end=\"1179\" data-col-size=\"sm\">\u1ee8ng d\u1ee5ng t\u1ed1c \u0111\u1ed9 trung b\u00ecnh<\/td>\n<\/tr>\n<tr data-start=\"1180\" data-end=\"1218\">\n<td data-start=\"1180\" data-end=\"1200\" data-col-size=\"sm\">Ph\u1ea1m vi nhi\u1ec7t \u0111\u1ed9<\/td>\n<td data-start=\"1200\" data-end=\"1218\" data-col-size=\"sm\">-30\u00b0C \u0111\u1ebfn 150\u00b0C<\/td>\n<\/tr>\n<\/tbody>\n<\/table>\n<\/div>\n<\/div>\n<h2 data-section-id=\"1y8un7j\" data-start=\"1225\" data-end=\"1243\">\ud83d\udd37 T\u00ednh n\u0103ng ch\u00ednh<\/h2>\n<ul data-start=\"1245\" data-end=\"1522\">\n<li data-section-id=\"7oool5\" data-start=\"1245\" data-end=\"1300\">H\u1ed7 tr\u1ee3 c\u1ea3 t\u1ea3i tr\u1ecdng k\u00ednh v\u00e0 t\u1ea3i tr\u1ecdng tr\u1ee5c \u0111\u1ed3ng th\u1eddi<\/li>\n<li data-section-id=\"nemjer\" data-start=\"1301\" data-end=\"1343\">Kh\u1ea3 n\u0103ng ch\u1ecbu t\u1ea3i cao v\u1edbi thi\u1ebft k\u1ebf g\u1ecdn nh\u1eb9<\/li>\n<li data-section-id=\"xjurbh\" data-start=\"1344\" data-end=\"1381\">Ma s\u00e1t th\u1ea5p v\u00e0 ho\u1ea1t \u0111\u1ed9ng \u1ed5n \u0111\u1ecbnh<\/li>\n<li data-section-id=\"1i63cz\" data-start=\"1382\" data-end=\"1431\">Tu\u1ed5i th\u1ecd d\u00e0i trong \u0111i\u1ec1u ki\u1ec7n l\u00e0m vi\u1ec7c n\u1eb7ng<\/li>\n<li data-section-id=\"f8hmgc\" data-start=\"1432\" data-end=\"1469\">D\u1ec5 d\u00e0ng l\u1eafp \u0111\u1eb7t v\u00e0 b\u1ea3o tr\u00ec<\/li>\n<li data-section-id=\"1u616wn\" data-start=\"1470\" data-end=\"1522\">Ph\u00f9 h\u1ee3p cho c\u00e1c h\u1ec7 th\u1ed1ng truy\u1ec1n \u0111\u1ed9ng ch\u00ednh x\u00e1c cao<\/li>\n<\/ul>\n<h2 data-section-id=\"4t5b8m\" data-start=\"1529\" data-end=\"1547\">\ud83d\udd37 \u1ee8ng d\u1ee5ng<\/h2>\n<ul data-start=\"1549\" data-end=\"1745\">\n<li data-section-id=\"16jv93o\" data-start=\"1549\" data-end=\"1574\">Tr\u1ee5c b\u00e1nh xe \u00f4 t\u00f4<\/li>\n<li data-section-id=\"6p9cs0\" data-start=\"1575\" data-end=\"1601\">H\u1ed9p s\u1ed1 v\u00e0 b\u1ed9 gi\u1ea3m t\u1ed1c<\/li>\n<li data-section-id=\"1n6ynun\" data-start=\"1602\" data-end=\"1628\">M\u00e1y m\u00f3c n\u00f4ng nghi\u1ec7p<\/li>\n<li data-section-id=\"16fhp27\" data-start=\"1629\" data-end=\"1655\">Thi\u1ebft b\u1ecb x\u00e2y d\u1ef1ng<\/li>\n<li data-section-id=\"1gp8co3\" data-start=\"1656\" data-end=\"1688\">\u0110\u1ed9ng c\u01a1 v\u00e0 b\u1ed9 truy\u1ec1n \u0111\u1ed9ng c\u00f4ng nghi\u1ec7p<\/li>\n<li data-section-id=\"176s2ln\" data-start=\"1689\" data-end=\"1709\">H\u1ec7 th\u1ed1ng b\u0103ng t\u1ea3i<\/li>\n<li data-section-id=\"1dq8qoq\" data-start=\"1710\" data-end=\"1745\">H\u1ec7 th\u1ed1ng truy\u1ec1n \u0111\u1ed9ng n\u1eb7ng<\/li>\n<\/ul>\n<h2 data-section-id=\"1a1u7ke\" data-start=\"1752\" data-end=\"1780\">\ud83d\udd37 \u01afu \u0111i\u1ec3m k\u1ef9 thu\u1eadt<\/h2>\n<p data-start=\"1782\" data-end=\"1943\">C\u1ea5u tr\u00fac con l\u0103n h\u00ecnh n\u00f3n cho ph\u00e9p ph\u00e2n ph\u1ed1i t\u1ea3i t\u1ed1t h\u01a1n so v\u1edbi v\u00f2ng bi bi, c\u1ea3i thi\u1ec7n \u0111\u00e1ng k\u1ec3 hi\u1ec7u su\u1ea5t trong c\u00e1c \u1ee9ng d\u1ee5ng c\u00f3 l\u1ef1c k\u1ebft h\u1ee3p.<\/p>\n<p data-start=\"1945\" data-end=\"2071\">N\u00f3 c\u0169ng gi\u1ea3m s\u1ef1 t\u1eadp trung c\u0103ng th\u1eb3ng \u1edf c\u1ea1nh, t\u0103ng c\u01b0\u1eddng kh\u1ea3 n\u0103ng ch\u1ed1ng m\u1ecfi v\u00e0 k\u00e9o d\u00e0i tu\u1ed5i th\u1ecd v\u00f2ng bi trong \u0111i\u1ec1u ki\u1ec7n ho\u1ea1t \u0111\u1ed9ng li\u00ean t\u1ee5c.<\/p>\n<h2 data-section-id=\"bf9ua4\" data-start=\"2078\" data-end=\"2098\">\ud83d\udd37 T\u00f9y ch\u1ecdn t\u00f9y ch\u1ec9nh<\/h2>\n<ul data-start=\"2100\" data-end=\"2251\">\n<li data-section-id=\"4ijb\" data-start=\"2100\" data-end=\"2124\">\u0110i\u1ec1u ch\u1ec9nh kho\u1ea3ng c\u00e1ch<\/li>\n<li data-section-id=\"5s0eb7\" data-start=\"2125\" data-end=\"2150\">N\u00e2ng c\u1ea5p v\u1eadt li\u1ec7u l\u1ed3ng<\/li>\n<li data-section-id=\"1jq34of\" data-start=\"2151\" data-end=\"2186\">B\u01a1m m\u1ee1 ch\u1ecbu nhi\u1ec7t \u0111\u1ed9 cao<\/li>\n<li data-section-id=\"1515c9l\" data-start=\"2187\" data-end=\"2220\">T\u00f9y ch\u1ecdn thi\u1ebft k\u1ebf k\u00edn ho\u1eb7c m\u1edf<\/li>\n<li data-section-id=\"1vg6tkw\" data-start=\"2221\" data-end=\"2251\">Th\u01b0\u01a1ng hi\u1ec7u v\u00e0 bao b\u00ec OEM<\/li>\n<\/ul>","protected":false},"excerpt":{"rendered":"<p>V\u00f2ng bi con l\u0103n h\u00ecnh n\u00f3n 30205 \u0111\u01b0\u1ee3c thi\u1ebft k\u1ebf \u0111\u1ec3 h\u1ed7 tr\u1ee3 t\u1ea3i tr\u1ecdng k\u1ebft h\u1ee3p theo h\u01b0\u1edbng k\u00ednh v\u00e0 h\u01b0\u1edbng tr\u1ee5c, l\u00e0m cho n\u00f3 \u0111\u01b0\u1ee3c s\u1eed d\u1ee5ng r\u1ed9ng r\u00e3i trong c\u00e1c h\u1ec7 th\u1ed1ng \u00f4 t\u00f4, h\u1ed9p s\u1ed1, m\u00e1y m\u00f3c n\u00f4ng nghi\u1ec7p v\u00e0 thi\u1ebft b\u1ecb truy\u1ec1n \u0111\u1ed9ng c\u00f4ng nghi\u1ec7p.<\/p>","protected":false},"featured_media":2532,"comment_status":"open","ping_status":"closed","template":"","meta":{"site-sidebar-layout":"default","site-content-layout":"","ast-site-content-layout":"default","site-content-style":"default","site-sidebar-style":"default","ast-global-header-display":"","ast-banner-title-visibility":"","ast-main-header-display":"","ast-hfb-above-header-display":"","ast-hfb-below-header-display":"","ast-hfb-mobile-header-display":"","site-post-title":"","ast-breadcrumbs-content":"","ast-featured-img":"","footer-sml-layout":"","ast-disable-related-posts":"","theme-transparent-header-meta":"default","adv-header-id-meta":"","stick-header-meta":"default","header-above-stick-meta":"","header-main-stick-meta":"","header-below-stick-meta":"","astra-migrate-meta-layouts":"set","ast-page-background-enabled":"default","ast-page-background-meta":{"desktop":{"background-color":"","background-image":"","background-repeat":"repeat","background-position":"center center","background-size":"auto","background-attachment":"scroll","background-type":"","background-media":"","overlay-type":"","overlay-color":"","overlay-opacity":"","overlay-gradient":""},"tablet":{"background-color":"","background-image":"","background-repeat":"repeat","background-position":"center center","background-size":"auto","background-attachment":"scroll","background-type":"","background-media":"","overlay-type":"","overlay-color":"","overlay-opacity":"","overlay-gradient":""},"mobile":{"background-color":"","background-image":"","background-repeat":"repeat","background-position":"center center","background-size":"auto","background-attachment":"scroll","background-type":"","background-media":"","overlay-type":"","overlay-color":"","overlay-opacity":"","overlay-gradient":""}},"ast-content-background-meta":{"desktop":{"background-color":"var(--ast-global-color-5)","background-image":"","background-repeat":"repeat","background-position":"center center","background-size":"auto","background-attachment":"scroll","background-type":"","background-media":"","overlay-type":"","overlay-color":"","overlay-opacity":"","overlay-gradient":""},"tablet":{"background-color":"var(--ast-global-color-5)","background-image":"","background-repeat":"repeat","background-position":"center center","background-size":"auto","background-attachment":"scroll","background-type":"","background-media":"","overlay-type":"","overlay-color":"","overlay-opacity":"","overlay-gradient":""},"mobile":{"background-color":"var(--ast-global-color-5)","background-image":"","background-repeat":"repeat","background-position":"center center","background-size":"auto","background-attachment":"scroll","background-type":"","background-media":"","overlay-type":"","overlay-color":"","overlay-opacity":"","overlay-gradient":""}}},"product_brand":[],"product_cat":[23],"product_tag":[236,237,240,233,78,56,51,45,47,239,241,154,242,238],"class_list":{"0":"post-2453","1":"product","2":"type-product","3":"status-publish","4":"has-post-thumbnail","6":"product_cat-tapered-roller-bearings","7":"product_tag-30205-tapered-roller-bearing","8":"product_tag-automotive-bearing","9":"product_tag-chrome-steel-bearing","10":"product_tag-gcr15-bearing","11":"product_tag-gearbox-bearing","12":"product_tag-heavy-duty-bearing","13":"product_tag-high-load-bearing","14":"product_tag-industrial-bearing","15":"product_tag-oem-bearing-manufacturer","16":"product_tag-radial-axial-bearing","17":"product_tag-single-row-roller-bearing","18":"product_tag-tapered-roller-bearing","19":"product_tag-transmission-bearing","20":"product_tag-wheel-hub-bearing","21":"desktop-align-left","22":"tablet-align-left","23":"mobile-align-left","24":"ast-product-gallery-layout-horizontal-slider","25":"ast-product-gallery-with-no-image","26":"ast-product-tabs-layout-horizontal","28":"first","29":"instock","30":"shipping-taxable","31":"product-type-simple"},"_links":{"self":[{"href":"https:\/\/www.machinerybearings.com\/vi\/wp-json\/wp\/v2\/product\/2453","targetHints":{"allow":["GET"]}}],"collection":[{"href":"https:\/\/www.machinerybearings.com\/vi\/wp-json\/wp\/v2\/product"}],"about":[{"href":"https:\/\/www.machinerybearings.com\/vi\/wp-json\/wp\/v2\/types\/product"}],"replies":[{"embeddable":true,"href":"https:\/\/www.machinerybearings.com\/vi\/wp-json\/wp\/v2\/comments?post=2453"}],"wp:featuredmedia":[{"embeddable":true,"href":"https:\/\/www.machinerybearings.com\/vi\/wp-json\/wp\/v2\/media\/2532"}],"wp:attachment":[{"href":"https:\/\/www.machinerybearings.com\/vi\/wp-json\/wp\/v2\/media?parent=2453"}],"wp:term":[{"taxonomy":"product_brand","embeddable":true,"href":"https:\/\/www.machinerybearings.com\/vi\/wp-json\/wp\/v2\/product_brand?post=2453"},{"taxonomy":"product_cat","embeddable":true,"href":"https:\/\/www.machinerybearings.com\/vi\/wp-json\/wp\/v2\/product_cat?post=2453"},{"taxonomy":"product_tag","embeddable":true,"href":"https:\/\/www.machinerybearings.com\/vi\/wp-json\/wp\/v2\/product_tag?post=2453"}],"curies":[{"name":"wp","href":"https:\/\/api.w.org\/{rel}","templated":true}]}}