{"id":2455,"date":"2026-04-13T15:09:58","date_gmt":"2026-04-13T15:09:58","guid":{"rendered":"https:\/\/www.machinerybearings.com\/?post_type=product&#038;p=2455"},"modified":"2026-05-03T05:17:20","modified_gmt":"2026-05-03T05:17:20","slug":"30306-tapered-roller-bearing-for-heavy-load-industrial-applications","status":"publish","type":"product","link":"https:\/\/www.machinerybearings.com\/vi\/san-pham\/30306-tapered-roller-bearing-for-heavy-load-industrial-applications\/","title":{"rendered":"30306 V\u00f2ng bi l\u0103n c\u00f4n cho \u1ee9ng d\u1ee5ng c\u00f4ng nghi\u1ec7p t\u1ea3i n\u1eb7ng"},"content":{"rendered":"<p data-start=\"149\" data-end=\"451\">V\u00f2ng bi con l\u0103n h\u00ecnh n\u00f3n 30306 \u0111\u01b0\u1ee3c thi\u1ebft k\u1ebf \u0111\u1ec3 x\u1eed l\u00fd t\u1ea3i tr\u1ecdng k\u1ebft h\u1ee3p theo ph\u01b0\u01a1ng k\u00ednh v\u00e0 ph\u01b0\u01a1ng tr\u1ee5c, l\u00e0m cho n\u00f3 ph\u00f9 h\u1ee3p cho c\u00e1c \u1ee9ng d\u1ee5ng c\u00f4ng nghi\u1ec7p t\u1eeb trung b\u00ecnh \u0111\u1ebfn n\u1eb7ng. H\u00ecnh d\u1ea1ng h\u00ecnh n\u00f3n c\u1ee7a n\u00f3 cho ph\u00e9p ph\u00e2n ph\u1ed1i t\u1ea3i hi\u1ec7u qu\u1ea3 tr\u00ean c\u00e1c ph\u1ea7n t\u1eed l\u0103n, c\u1ea3i thi\u1ec7n \u0111\u1ed9 b\u1ec1n v\u00e0 gi\u1ea3m ma s\u00e1t trong qu\u00e1 tr\u00ecnh ho\u1ea1t \u0111\u1ed9ng.<\/p>\n<p data-start=\"453\" data-end=\"626\">M\u00f4 h\u00ecnh n\u00e0y \u0111\u01b0\u1ee3c s\u1eed d\u1ee5ng r\u1ed9ng r\u00e3i trong c\u00e1c h\u1ec7 th\u1ed1ng \u00f4 t\u00f4, h\u1ed9p s\u1ed1, m\u00e1y m\u00f3c n\u00f4ng nghi\u1ec7p v\u00e0 thi\u1ebft b\u1ecb x\u00e2y d\u1ef1ng n\u01a1i y\u00eau c\u1ea7u \u0111\u1ed9 \u1ed5n \u0111\u1ecbnh d\u01b0\u1edbi t\u1ea3i v\u00e0 tu\u1ed5i th\u1ecd d\u00e0i.<\/p>\n<h3 data-section-id=\"sse2nj\" data-start=\"633\" data-end=\"657\">Th\u00f4ng s\u1ed1 k\u1ef9 thu\u1eadt<\/h3>\n<div class=\"TyagGW_tableContainer\">\n<div class=\"group TyagGW_tableWrapper flex flex-col-reverse w-fit\" tabindex=\"-1\">\n<table class=\"w-fit min-w-(--thread-content-width)\" data-start=\"659\" data-end=\"1141\">\n<thead data-start=\"659\" data-end=\"683\">\n<tr data-start=\"659\" data-end=\"683\">\n<th class=\"\" data-start=\"659\" data-end=\"666\" data-col-size=\"sm\">M\u1ee5c<\/th>\n<th class=\"\" data-start=\"666\" data-end=\"683\" data-col-size=\"sm\">Th\u00f4ng s\u1ed1 k\u1ef9 thu\u1eadt<\/th>\n<\/tr>\n<\/thead>\n<tbody data-start=\"708\" data-end=\"1141\">\n<tr data-start=\"708\" data-end=\"749\">\n<td data-start=\"708\" data-end=\"723\" data-col-size=\"sm\">Lo\u1ea1i v\u00f2ng bi<\/td>\n<td data-start=\"723\" data-end=\"749\" data-col-size=\"sm\">V\u00f2ng bi con l\u0103n h\u00ecnh n\u00f3n<\/td>\n<\/tr>\n<tr data-start=\"750\" data-end=\"767\">\n<td data-start=\"750\" data-end=\"758\" data-col-size=\"sm\">M\u1eabu<\/td>\n<td data-start=\"758\" data-end=\"767\" data-col-size=\"sm\">30306<\/td>\n<\/tr>\n<tr data-start=\"768\" data-end=\"798\">\n<td data-start=\"768\" data-end=\"789\" data-col-size=\"sm\">\u0110\u01b0\u1eddng k\u00ednh trong (d)<\/td>\n<td data-start=\"789\" data-end=\"798\" data-col-size=\"sm\">30 mm<\/td>\n<\/tr>\n<tr data-start=\"799\" data-end=\"829\">\n<td data-start=\"799\" data-end=\"820\" data-col-size=\"sm\">\u0110\u01b0\u1eddng k\u00ednh ngo\u00e0i (D)<\/td>\n<td data-col-size=\"sm\" data-start=\"820\" data-end=\"829\">72 mm<\/td>\n<\/tr>\n<tr data-start=\"830\" data-end=\"854\">\n<td data-start=\"830\" data-end=\"842\" data-col-size=\"sm\">Chi\u1ec1u r\u1ed9ng (T)<\/td>\n<td data-start=\"842\" data-end=\"854\" data-col-size=\"sm\">20.75 mm<\/td>\n<\/tr>\n<tr data-start=\"855\" data-end=\"895\">\n<td data-start=\"855\" data-end=\"867\" data-col-size=\"sm\">Lo\u1ea1i t\u1ea3i<\/td>\n<td data-start=\"867\" data-end=\"895\" data-col-size=\"sm\">T\u1ea3i tr\u1ecdng k\u00ednh + T\u1ea3i tr\u1ecdng tr\u1ee5c<\/td>\n<\/tr>\n<tr data-start=\"896\" data-end=\"926\">\n<td data-start=\"896\" data-end=\"912\" data-col-size=\"sm\">V\u1eadt li\u1ec7u l\u1ed3ng<\/td>\n<td data-start=\"912\" data-end=\"926\" data-col-size=\"sm\">L\u1ed3ng th\u00e9p<\/td>\n<\/tr>\n<tr data-start=\"927\" data-end=\"960\">\n<td data-start=\"927\" data-end=\"938\" data-col-size=\"sm\">V\u1eadt li\u1ec7u<\/td>\n<td data-start=\"938\" data-end=\"960\" data-col-size=\"sm\">Th\u00e9p GCr15 m\u1ea1 cr\u00f4m<\/td>\n<\/tr>\n<tr data-start=\"961\" data-end=\"1004\">\n<td data-start=\"961\" data-end=\"975\" data-col-size=\"sm\">B\u00f4i tr\u01a1n<\/td>\n<td data-start=\"975\" data-end=\"1004\" data-col-size=\"sm\">B\u00f4i tr\u01a1n b\u1eb1ng m\u1ee1 ho\u1eb7c d\u1ea7u<\/td>\n<\/tr>\n<tr data-start=\"1005\" data-end=\"1054\">\n<td data-start=\"1005\" data-end=\"1017\" data-col-size=\"sm\">C\u1ea5u tr\u00fac<\/td>\n<td data-start=\"1017\" data-end=\"1054\" data-col-size=\"sm\">V\u00f2ng bi con l\u0103n h\u00ecnh n\u00f3n m\u1ed9t h\u00e0ng<\/td>\n<\/tr>\n<tr data-start=\"1055\" data-end=\"1102\">\n<td data-start=\"1055\" data-end=\"1073\" data-col-size=\"sm\">T\u1ed1c \u0111\u1ed9 ho\u1ea1t \u0111\u1ed9ng<\/td>\n<td data-start=\"1073\" data-end=\"1102\" data-col-size=\"sm\">\u1ee8ng d\u1ee5ng t\u1ed1c \u0111\u1ed9 trung b\u00ecnh<\/td>\n<\/tr>\n<tr data-start=\"1103\" data-end=\"1141\">\n<td data-start=\"1103\" data-end=\"1123\" data-col-size=\"sm\">Ph\u1ea1m vi nhi\u1ec7t \u0111\u1ed9<\/td>\n<td data-start=\"1123\" data-end=\"1141\" data-col-size=\"sm\">-30\u00b0C \u0111\u1ebfn 150\u00b0C<\/td>\n<\/tr>\n<\/tbody>\n<\/table>\n<\/div>\n<\/div>\n<h3 data-section-id=\"1iz91iu\" data-start=\"1148\" data-end=\"1164\">T\u00ednh n\u0103ng ch\u00ednh<\/h3>\n<ul data-start=\"1166\" data-end=\"1430\">\n<li data-section-id=\"1vl001\" data-start=\"1166\" data-end=\"1210\">H\u1ed7 tr\u1ee3 t\u1ea3i tr\u1ecdng k\u1ebft h\u1ee3p h\u01b0\u1edbng k\u00ednh v\u00e0 tr\u1ee5c<\/li>\n<li data-section-id=\"tqfpov\" data-start=\"1211\" data-end=\"1242\">Kh\u1ea3 n\u0103ng mang t\u1ea3i cao<\/li>\n<li data-section-id=\"1e4pl9p\" data-start=\"1243\" data-end=\"1292\">Hi\u1ec7u su\u1ea5t \u1ed5n \u0111\u1ecbnh d\u01b0\u1edbi ho\u1ea1t \u0111\u1ed9ng li\u00ean t\u1ee5c<\/li>\n<li data-section-id=\"fmcfrv\" data-start=\"1293\" data-end=\"1333\">Gi\u1ea3m ma s\u00e1t v\u00e0 sinh nhi\u1ec7t<\/li>\n<li data-section-id=\"6jlrvu\" data-start=\"1334\" data-end=\"1382\">Tu\u1ed5i th\u1ecd d\u00e0i trong m\u00f4i tr\u01b0\u1eddng l\u00e0m vi\u1ec7c n\u1eb7ng<\/li>\n<li data-section-id=\"1ugr03r\" data-start=\"1383\" data-end=\"1430\">Ph\u00f9 h\u1ee3p v\u1edbi \u0111i\u1ec1u ki\u1ec7n s\u1ed1c v\u00e0 rung \u0111\u1ed9ng<\/li>\n<\/ul>\n<h3 data-section-id=\"wggvqn\" data-start=\"1437\" data-end=\"1453\">\u1ee8ng d\u1ee5ng<\/h3>\n<ul data-start=\"1455\" data-end=\"1676\">\n<li data-section-id=\"16jv93o\" data-start=\"1455\" data-end=\"1480\">Tr\u1ee5c b\u00e1nh xe \u00f4 t\u00f4<\/li>\n<li data-section-id=\"15oirsh\" data-start=\"1481\" data-end=\"1519\">H\u1ed9p s\u1ed1 v\u00e0 h\u1ec7 th\u1ed1ng truy\u1ec1n \u0111\u1ed9ng<\/li>\n<li data-section-id=\"1n6ynun\" data-start=\"1520\" data-end=\"1546\">M\u00e1y m\u00f3c n\u00f4ng nghi\u1ec7p<\/li>\n<li data-section-id=\"19d9gij\" data-start=\"1547\" data-end=\"1573\">M\u00e1y m\u00f3c x\u00e2y d\u1ef1ng<\/li>\n<li data-section-id=\"gcuaph\" data-start=\"1574\" data-end=\"1602\">H\u1ec7 th\u1ed1ng truy\u1ec1n \u0111\u1ed9ng c\u00f4ng nghi\u1ec7p<\/li>\n<li data-section-id=\"1xhvdi8\" data-start=\"1603\" data-end=\"1633\">Thi\u1ebft b\u1ecb khai th\u00e1c v\u00e0 n\u1eb7ng<\/li>\n<li data-section-id=\"4ay2tg\" data-start=\"1634\" data-end=\"1676\">H\u1ec7 th\u1ed1ng b\u0103ng t\u1ea3i v\u00e0 x\u1eed l\u00fd v\u1eadt li\u1ec7u<\/li>\n<\/ul>\n<h3 data-section-id=\"gqbmdj\" data-start=\"1683\" data-end=\"1709\">\u01afu \u0111i\u1ec3m k\u1ef9 thu\u1eadt<\/h3>\n<p data-start=\"1711\" data-end=\"1877\">C\u1ea5u tr\u00fac con l\u0103n h\u00ecnh n\u00f3n c\u1ea3i thi\u1ec7n hi\u1ec7u qu\u1ea3 ti\u1ebfp x\u00fac gi\u1eefa c\u00e1c con l\u0103n v\u00e0 \u0111\u01b0\u1eddng ray, cho ph\u00e9p v\u00f2ng bi x\u1eed l\u00fd t\u1ea3i tr\u1ecdng cao h\u01a1n so v\u1edbi v\u00f2ng bi bi ti\u00eau chu\u1ea9n.<\/p>\n<p data-start=\"1879\" data-end=\"2005\">N\u00f3 c\u0169ng gi\u1ea3m t\u1eadp trung c\u0103ng th\u1eb3ng, c\u1ea3i thi\u1ec7n \u0111\u1ed9 \u1ed5n \u0111\u1ecbnh c\u0103n ch\u1ec9nh v\u00e0 t\u0103ng c\u01b0\u1eddng kh\u1ea3 n\u0103ng ch\u1ed1ng m\u1ecfi d\u01b0\u1edbi ho\u1ea1t \u0111\u1ed9ng l\u00e2u d\u00e0i.<\/p>\n<h3 data-section-id=\"ex11qd\" data-start=\"2012\" data-end=\"2030\">T\u00f9y ch\u1ecdn t\u00f9y ch\u1ec9nh<\/h3>\n<ul data-start=\"2032\" data-end=\"2219\">\n<li data-section-id=\"1mm7wk0\" data-start=\"2032\" data-end=\"2065\">\u0110i\u1ec1u ch\u1ec9nh kho\u1ea3ng c\u00e1ch b\u00ean trong<\/li>\n<li data-section-id=\"11j4pt1\" data-start=\"2066\" data-end=\"2110\">L\u1ef1a ch\u1ecdn v\u1eadt li\u1ec7u l\u1ed3ng (th\u00e9p ho\u1eb7c \u0111\u1ed3ng)<\/li>\n<li data-section-id=\"1515c9l\" data-start=\"2111\" data-end=\"2144\">T\u00f9y ch\u1ecdn thi\u1ebft k\u1ebf k\u00edn ho\u1eb7c m\u1edf<\/li>\n<li data-section-id=\"1jq34of\" data-start=\"2145\" data-end=\"2180\">B\u01a1m m\u1ee1 ch\u1ecbu nhi\u1ec7t \u0111\u1ed9 cao<\/li>\n<li data-section-id=\"1mlx5yn\" data-start=\"2181\" data-end=\"2219\">H\u1ed7 tr\u1ee3 th\u01b0\u01a1ng hi\u1ec7u v\u00e0 \u0111\u00f3ng g\u00f3i OEM<\/li>\n<\/ul>","protected":false},"excerpt":{"rendered":"<p>V\u00f2ng bi con l\u0103n h\u00ecnh n\u00f3n 30306 \u0111\u01b0\u1ee3c thi\u1ebft k\u1ebf \u0111\u1ec3 x\u1eed l\u00fd t\u1ea3i tr\u1ecdng k\u1ebft h\u1ee3p theo ph\u01b0\u01a1ng k\u00ednh v\u00e0 ph\u01b0\u01a1ng tr\u1ee5c, l\u00e0m cho n\u00f3 ph\u00f9 h\u1ee3p cho c\u00e1c \u1ee9ng d\u1ee5ng c\u00f4ng nghi\u1ec7p t\u1eeb trung b\u00ecnh \u0111\u1ebfn n\u1eb7ng. H\u00ecnh d\u1ea1ng h\u00ecnh n\u00f3n c\u1ee7a n\u00f3 cho ph\u00e9p ph\u00e2n ph\u1ed1i t\u1ea3i hi\u1ec7u qu\u1ea3 tr\u00ean c\u00e1c ph\u1ea7n t\u1eed l\u0103n, c\u1ea3i thi\u1ec7n \u0111\u1ed9 b\u1ec1n v\u00e0 gi\u1ea3m ma s\u00e1t trong qu\u00e1 tr\u00ecnh ho\u1ea1t \u0111\u1ed9ng.<\/p>","protected":false},"featured_media":2531,"comment_status":"open","ping_status":"closed","template":"","meta":{"site-sidebar-layout":"default","site-content-layout":"","ast-site-content-layout":"default","site-content-style":"default","site-sidebar-style":"default","ast-global-header-display":"","ast-banner-title-visibility":"","ast-main-header-display":"","ast-hfb-above-header-display":"","ast-hfb-below-header-display":"","ast-hfb-mobile-header-display":"","site-post-title":"","ast-breadcrumbs-content":"","ast-featured-img":"","footer-sml-layout":"","ast-disable-related-posts":"","theme-transparent-header-meta":"default","adv-header-id-meta":"","stick-header-meta":"default","header-above-stick-meta":"","header-main-stick-meta":"","header-below-stick-meta":"","astra-migrate-meta-layouts":"set","ast-page-background-enabled":"default","ast-page-background-meta":{"desktop":{"background-color":"","background-image":"","background-repeat":"repeat","background-position":"center center","background-size":"auto","background-attachment":"scroll","background-type":"","background-media":"","overlay-type":"","overlay-color":"","overlay-opacity":"","overlay-gradient":""},"tablet":{"background-color":"","background-image":"","background-repeat":"repeat","background-position":"center center","background-size":"auto","background-attachment":"scroll","background-type":"","background-media":"","overlay-type":"","overlay-color":"","overlay-opacity":"","overlay-gradient":""},"mobile":{"background-color":"","background-image":"","background-repeat":"repeat","background-position":"center center","background-size":"auto","background-attachment":"scroll","background-type":"","background-media":"","overlay-type":"","overlay-color":"","overlay-opacity":"","overlay-gradient":""}},"ast-content-background-meta":{"desktop":{"background-color":"var(--ast-global-color-5)","background-image":"","background-repeat":"repeat","background-position":"center center","background-size":"auto","background-attachment":"scroll","background-type":"","background-media":"","overlay-type":"","overlay-color":"","overlay-opacity":"","overlay-gradient":""},"tablet":{"background-color":"var(--ast-global-color-5)","background-image":"","background-repeat":"repeat","background-position":"center center","background-size":"auto","background-attachment":"scroll","background-type":"","background-media":"","overlay-type":"","overlay-color":"","overlay-opacity":"","overlay-gradient":""},"mobile":{"background-color":"var(--ast-global-color-5)","background-image":"","background-repeat":"repeat","background-position":"center center","background-size":"auto","background-attachment":"scroll","background-type":"","background-media":"","overlay-type":"","overlay-color":"","overlay-opacity":"","overlay-gradient":""}}},"product_brand":[],"product_cat":[23],"product_tag":[243,237,240,233,78,56,51,45,47,239,241,154,242,238],"class_list":{"0":"post-2455","1":"product","2":"type-product","3":"status-publish","4":"has-post-thumbnail","6":"product_cat-tapered-roller-bearings","7":"product_tag-30306-bearing","8":"product_tag-automotive-bearing","9":"product_tag-chrome-steel-bearing","10":"product_tag-gcr15-bearing","11":"product_tag-gearbox-bearing","12":"product_tag-heavy-duty-bearing","13":"product_tag-high-load-bearing","14":"product_tag-industrial-bearing","15":"product_tag-oem-bearing-manufacturer","16":"product_tag-radial-axial-bearing","17":"product_tag-single-row-roller-bearing","18":"product_tag-tapered-roller-bearing","19":"product_tag-transmission-bearing","20":"product_tag-wheel-hub-bearing","21":"desktop-align-left","22":"tablet-align-left","23":"mobile-align-left","24":"ast-product-gallery-layout-horizontal-slider","25":"ast-product-gallery-with-no-image","26":"ast-product-tabs-layout-horizontal","28":"first","29":"instock","30":"shipping-taxable","31":"product-type-simple"},"_links":{"self":[{"href":"https:\/\/www.machinerybearings.com\/vi\/wp-json\/wp\/v2\/product\/2455","targetHints":{"allow":["GET"]}}],"collection":[{"href":"https:\/\/www.machinerybearings.com\/vi\/wp-json\/wp\/v2\/product"}],"about":[{"href":"https:\/\/www.machinerybearings.com\/vi\/wp-json\/wp\/v2\/types\/product"}],"replies":[{"embeddable":true,"href":"https:\/\/www.machinerybearings.com\/vi\/wp-json\/wp\/v2\/comments?post=2455"}],"wp:featuredmedia":[{"embeddable":true,"href":"https:\/\/www.machinerybearings.com\/vi\/wp-json\/wp\/v2\/media\/2531"}],"wp:attachment":[{"href":"https:\/\/www.machinerybearings.com\/vi\/wp-json\/wp\/v2\/media?parent=2455"}],"wp:term":[{"taxonomy":"product_brand","embeddable":true,"href":"https:\/\/www.machinerybearings.com\/vi\/wp-json\/wp\/v2\/product_brand?post=2455"},{"taxonomy":"product_cat","embeddable":true,"href":"https:\/\/www.machinerybearings.com\/vi\/wp-json\/wp\/v2\/product_cat?post=2455"},{"taxonomy":"product_tag","embeddable":true,"href":"https:\/\/www.machinerybearings.com\/vi\/wp-json\/wp\/v2\/product_tag?post=2455"}],"curies":[{"name":"wp","href":"https:\/\/api.w.org\/{rel}","templated":true}]}}