{"id":2458,"date":"2026-04-13T15:15:27","date_gmt":"2026-04-13T15:15:27","guid":{"rendered":"https:\/\/www.machinerybearings.com\/?post_type=product&#038;p=2458"},"modified":"2026-05-03T05:04:49","modified_gmt":"2026-05-03T05:04:49","slug":"32008-tapered-roller-bearing-for-automotive-and-industrial-load-applications","status":"publish","type":"product","link":"https:\/\/www.machinerybearings.com\/vi\/san-pham\/32008-tapered-roller-bearing-for-automotive-and-industrial-load-applications\/","title":{"rendered":"32008 V\u00f2ng bi l\u0103n c\u00f4n cho \u1ee9ng d\u1ee5ng t\u1ea3i tr\u1ecdng \u00f4 t\u00f4 v\u00e0 c\u00f4ng nghi\u1ec7p"},"content":{"rendered":"<p data-start=\"111\" data-end=\"387\">V\u00f2ng bi con l\u0103n h\u00ecnh n\u00f3n 32008 \u0111\u01b0\u1ee3c thi\u1ebft k\u1ebf \u0111\u1ec3 x\u1eed l\u00fd t\u1ea3i tr\u1ecdng k\u1ebft h\u1ee3p theo ph\u01b0\u01a1ng k\u00ednh v\u00e0 ph\u01b0\u01a1ng tr\u1ee5c v\u1edbi hi\u1ec7u su\u1ea5t v\u00e0 \u0111\u1ed9 \u1ed5n \u0111\u1ecbnh cao. H\u00ecnh d\u1ea1ng con l\u0103n h\u00ecnh n\u00f3n c\u1ee7a n\u00f3 \u0111\u1ea3m b\u1ea3o truy\u1ec1n t\u1ea3i t\u1ea3i tr\u1ecdng m\u01b0\u1ee3t m\u00e0, gi\u1ea3m ma s\u00e1t v\u00e0 hi\u1ec7u su\u1ea5t \u0111\u00e1ng tin c\u1eady d\u01b0\u1edbi \u0111i\u1ec1u ki\u1ec7n t\u1ea3i trung b\u00ecnh v\u00e0 t\u1ed1c \u0111\u1ed9 v\u1eeba ph\u1ea3i.<\/p>\n<p data-start=\"389\" data-end=\"560\">V\u00f2ng bi n\u00e0y \u0111\u01b0\u1ee3c s\u1eed d\u1ee5ng r\u1ed9ng r\u00e3i trong c\u00e1c h\u1ec7 th\u1ed1ng \u00f4 t\u00f4, m\u00e1y m\u00f3c n\u00f4ng nghi\u1ec7p, h\u1ed9p s\u1ed1 v\u00e0 thi\u1ebft b\u1ecb c\u00f4ng nghi\u1ec7p n\u01a1i y\u00eau c\u1ea7u c\u1ea5u tr\u00fac g\u1ecdn g\u00e0ng v\u00e0 kh\u1ea3 n\u0103ng ch\u1ecbu t\u1ea3i cao.<\/p>\n<h3 data-section-id=\"sse2nj\" data-start=\"567\" data-end=\"591\">Th\u00f4ng s\u1ed1 k\u1ef9 thu\u1eadt<\/h3>\n<div class=\"TyagGW_tableContainer\">\n<div class=\"group TyagGW_tableWrapper flex flex-col-reverse w-fit\" tabindex=\"-1\">\n<table class=\"w-fit min-w-(--thread-content-width)\" data-start=\"593\" data-end=\"1072\">\n<thead data-start=\"593\" data-end=\"617\">\n<tr data-start=\"593\" data-end=\"617\">\n<th class=\"\" data-start=\"593\" data-end=\"600\" data-col-size=\"sm\">M\u1ee5c<\/th>\n<th class=\"\" data-start=\"600\" data-end=\"617\" data-col-size=\"sm\">Th\u00f4ng s\u1ed1 k\u1ef9 thu\u1eadt<\/th>\n<\/tr>\n<\/thead>\n<tbody data-start=\"642\" data-end=\"1072\">\n<tr data-start=\"642\" data-end=\"683\">\n<td data-start=\"642\" data-end=\"657\" data-col-size=\"sm\">Lo\u1ea1i v\u00f2ng bi<\/td>\n<td data-start=\"657\" data-end=\"683\" data-col-size=\"sm\">V\u00f2ng bi con l\u0103n h\u00ecnh n\u00f3n<\/td>\n<\/tr>\n<tr data-start=\"684\" data-end=\"701\">\n<td data-start=\"684\" data-end=\"692\" data-col-size=\"sm\">M\u1eabu<\/td>\n<td data-start=\"692\" data-end=\"701\" data-col-size=\"sm\">32008<\/td>\n<\/tr>\n<tr data-start=\"702\" data-end=\"732\">\n<td data-start=\"702\" data-end=\"723\" data-col-size=\"sm\">\u0110\u01b0\u1eddng k\u00ednh trong (d)<\/td>\n<td data-start=\"723\" data-end=\"732\" data-col-size=\"sm\">40 mm<\/td>\n<\/tr>\n<tr data-start=\"733\" data-end=\"763\">\n<td data-start=\"733\" data-end=\"754\" data-col-size=\"sm\">\u0110\u01b0\u1eddng k\u00ednh ngo\u00e0i (D)<\/td>\n<td data-start=\"754\" data-end=\"763\" data-col-size=\"sm\">68 mm<\/td>\n<\/tr>\n<tr data-start=\"764\" data-end=\"785\">\n<td data-start=\"764\" data-end=\"776\" data-col-size=\"sm\">Chi\u1ec1u r\u1ed9ng (T)<\/td>\n<td data-start=\"776\" data-end=\"785\" data-col-size=\"sm\">19 mm<\/td>\n<\/tr>\n<tr data-start=\"786\" data-end=\"826\">\n<td data-start=\"786\" data-end=\"798\" data-col-size=\"sm\">Lo\u1ea1i t\u1ea3i<\/td>\n<td data-start=\"798\" data-end=\"826\" data-col-size=\"sm\">T\u1ea3i tr\u1ecdng k\u00ednh + T\u1ea3i tr\u1ecdng tr\u1ee5c<\/td>\n<\/tr>\n<tr data-start=\"827\" data-end=\"857\">\n<td data-start=\"827\" data-end=\"843\" data-col-size=\"sm\">V\u1eadt li\u1ec7u l\u1ed3ng<\/td>\n<td data-start=\"843\" data-end=\"857\" data-col-size=\"sm\">L\u1ed3ng th\u00e9p<\/td>\n<\/tr>\n<tr data-start=\"858\" data-end=\"891\">\n<td data-start=\"858\" data-end=\"869\" data-col-size=\"sm\">V\u1eadt li\u1ec7u<\/td>\n<td data-start=\"869\" data-end=\"891\" data-col-size=\"sm\">Th\u00e9p GCr15 m\u1ea1 cr\u00f4m<\/td>\n<\/tr>\n<tr data-start=\"892\" data-end=\"935\">\n<td data-start=\"892\" data-end=\"906\" data-col-size=\"sm\">B\u00f4i tr\u01a1n<\/td>\n<td data-start=\"906\" data-end=\"935\" data-col-size=\"sm\">B\u00f4i tr\u01a1n b\u1eb1ng m\u1ee1 ho\u1eb7c d\u1ea7u<\/td>\n<\/tr>\n<tr data-start=\"936\" data-end=\"985\">\n<td data-start=\"936\" data-end=\"948\" data-col-size=\"sm\">C\u1ea5u tr\u00fac<\/td>\n<td data-start=\"948\" data-end=\"985\" data-col-size=\"sm\">V\u00f2ng bi con l\u0103n h\u00ecnh n\u00f3n m\u1ed9t h\u00e0ng<\/td>\n<\/tr>\n<tr data-start=\"986\" data-end=\"1033\">\n<td data-start=\"986\" data-end=\"1004\" data-col-size=\"sm\">T\u1ed1c \u0111\u1ed9 ho\u1ea1t \u0111\u1ed9ng<\/td>\n<td data-start=\"1004\" data-end=\"1033\" data-col-size=\"sm\">\u1ee8ng d\u1ee5ng t\u1ed1c \u0111\u1ed9 trung b\u00ecnh<\/td>\n<\/tr>\n<tr data-start=\"1034\" data-end=\"1072\">\n<td data-start=\"1034\" data-end=\"1054\" data-col-size=\"sm\">Ph\u1ea1m vi nhi\u1ec7t \u0111\u1ed9<\/td>\n<td data-start=\"1054\" data-end=\"1072\" data-col-size=\"sm\">-30\u00b0C \u0111\u1ebfn 150\u00b0C<\/td>\n<\/tr>\n<\/tbody>\n<\/table>\n<\/div>\n<\/div>\n<h3 data-section-id=\"1iz91iu\" data-start=\"1079\" data-end=\"1095\">T\u00ednh n\u0103ng ch\u00ednh<\/h3>\n<ul data-start=\"1097\" data-end=\"1388\">\n<li data-section-id=\"1vl001\" data-start=\"1097\" data-end=\"1141\">H\u1ed7 tr\u1ee3 t\u1ea3i tr\u1ecdng k\u1ebft h\u1ee3p h\u01b0\u1edbng k\u00ednh v\u00e0 tr\u1ee5c<\/li>\n<li data-section-id=\"1srodc3\" data-start=\"1142\" data-end=\"1184\">Thi\u1ebft k\u1ebf g\u1ecdn g\u00e0ng v\u1edbi kh\u1ea3 n\u0103ng ch\u1ecbu t\u1ea3i cao<\/li>\n<li data-section-id=\"93gu7o\" data-start=\"1185\" data-end=\"1241\">Ho\u1ea1t \u0111\u1ed9ng \u1ed5n \u0111\u1ecbnh d\u01b0\u1edbi \u0111i\u1ec1u ki\u1ec7n l\u00e0m vi\u1ec7c li\u00ean t\u1ee5c<\/li>\n<li data-section-id=\"fmcfrv\" data-start=\"1242\" data-end=\"1282\">Gi\u1ea3m ma s\u00e1t v\u00e0 sinh nhi\u1ec7t<\/li>\n<li data-section-id=\"77ge0v\" data-start=\"1283\" data-end=\"1331\">Tu\u1ed5i th\u1ecd d\u00e0i trong m\u00f4i tr\u01b0\u1eddng c\u00f4ng nghi\u1ec7p<\/li>\n<li data-section-id=\"1fuex6u\" data-start=\"1332\" data-end=\"1388\">Ph\u00f9 h\u1ee3p v\u1edbi \u0111i\u1ec1u ki\u1ec7n s\u1ed1c v\u00e0 rung \u0111\u1ed9ng v\u1eeba ph\u1ea3i<\/li>\n<\/ul>\n<h3 data-section-id=\"wggvqn\" data-start=\"1395\" data-end=\"1411\">\u1ee8ng d\u1ee5ng<\/h3>\n<ul data-start=\"1413\" data-end=\"1640\">\n<li data-section-id=\"16jv93o\" data-start=\"1413\" data-end=\"1438\">Tr\u1ee5c b\u00e1nh xe \u00f4 t\u00f4<\/li>\n<li data-section-id=\"15oirsh\" data-start=\"1439\" data-end=\"1477\">H\u1ed9p s\u1ed1 v\u00e0 h\u1ec7 th\u1ed1ng truy\u1ec1n \u0111\u1ed9ng<\/li>\n<li data-section-id=\"1n6ynun\" data-start=\"1478\" data-end=\"1504\">M\u00e1y m\u00f3c n\u00f4ng nghi\u1ec7p<\/li>\n<li data-section-id=\"16fhp27\" data-start=\"1505\" data-end=\"1531\">Thi\u1ebft b\u1ecb x\u00e2y d\u1ef1ng<\/li>\n<li data-section-id=\"gcuaph\" data-start=\"1532\" data-end=\"1560\">H\u1ec7 th\u1ed1ng truy\u1ec1n \u0111\u1ed9ng c\u00f4ng nghi\u1ec7p<\/li>\n<li data-section-id=\"4ay2tg\" data-start=\"1561\" data-end=\"1603\">H\u1ec7 th\u1ed1ng b\u0103ng t\u1ea3i v\u00e0 x\u1eed l\u00fd v\u1eadt li\u1ec7u<\/li>\n<li data-section-id=\"a5j0us\" data-start=\"1604\" data-end=\"1640\">M\u00e1y m\u00f3c khai th\u00e1c nh\u1eb9 \u0111\u1ebfn trung b\u00ecnh<\/li>\n<\/ul>\n<h3 data-section-id=\"gqbmdj\" data-start=\"1647\" data-end=\"1673\">\u01afu \u0111i\u1ec3m k\u1ef9 thu\u1eadt<\/h3>\n<p data-start=\"1675\" data-end=\"1844\">V\u00f2ng bi con l\u0103n h\u00ecnh n\u00f3n 32008 cung c\u1ea5p ph\u00e2n ph\u1ed1i t\u1ea3i hi\u1ec7u qu\u1ea3 th\u00f4ng qua c\u00e1c y\u1ebfu t\u1ed1 l\u0103n h\u00ecnh n\u00f3n c\u1ee7a n\u00f3, gi\u1ea3m c\u0103ng th\u1eb3ng \u1edf c\u1ea1nh v\u00e0 c\u1ea3i thi\u1ec7n \u0111\u1ed9 \u1ed5n \u0111\u1ecbnh ho\u1ea1t \u0111\u1ed9ng.<\/p>\n<p data-start=\"1846\" data-end=\"1975\">C\u1ea5u tr\u00fac c\u1ee7a n\u00f3 n\u00e2ng cao kh\u1ea3 n\u0103ng ch\u1ed1ng m\u1ecfi v\u00e0 \u0111\u1ea3m b\u1ea3o hi\u1ec7u su\u1ea5t \u0111\u00e1ng tin c\u1eady trong c\u00e1c \u1ee9ng d\u1ee5ng c\u00f3 l\u1ef1c k\u1ebft h\u1ee3p theo ph\u01b0\u01a1ng tr\u1ee5c v\u00e0 ph\u01b0\u01a1ng k\u00ednh.<\/p>\n<h3 data-section-id=\"ex11qd\" data-start=\"1982\" data-end=\"2000\">T\u00f9y ch\u1ecdn t\u00f9y ch\u1ec9nh<\/h3>\n<ul data-start=\"2002\" data-end=\"2206\">\n<li data-section-id=\"1x00fvb\" data-start=\"2002\" data-end=\"2052\">\u0110i\u1ec1u ch\u1ec9nh khe h\u1edf b\u00ean trong (C3\/C4 t\u00f9y ch\u1ecdn)<\/li>\n<li data-section-id=\"11j4pt1\" data-start=\"2053\" data-end=\"2097\">L\u1ef1a ch\u1ecdn v\u1eadt li\u1ec7u l\u1ed3ng (th\u00e9p ho\u1eb7c \u0111\u1ed3ng)<\/li>\n<li data-section-id=\"1icjogp\" data-start=\"2098\" data-end=\"2131\">T\u00f9y ch\u1ecdn thi\u1ebft k\u1ebf m\u1edf ho\u1eb7c k\u00edn<\/li>\n<li data-section-id=\"1jq34of\" data-start=\"2132\" data-end=\"2167\">B\u01a1m m\u1ee1 ch\u1ecbu nhi\u1ec7t \u0111\u1ed9 cao<\/li>\n<li data-section-id=\"1mlx5yn\" data-start=\"2168\" data-end=\"2206\">H\u1ed7 tr\u1ee3 th\u01b0\u01a1ng hi\u1ec7u v\u00e0 \u0111\u00f3ng g\u00f3i OEM<\/li>\n<\/ul>","protected":false},"excerpt":{"rendered":"<p>V\u00f2ng bi con l\u0103n h\u00ecnh n\u00f3n 32008 \u0111\u01b0\u1ee3c thi\u1ebft k\u1ebf \u0111\u1ec3 x\u1eed l\u00fd t\u1ea3i tr\u1ecdng k\u1ebft h\u1ee3p theo ph\u01b0\u01a1ng k\u00ednh v\u00e0 ph\u01b0\u01a1ng tr\u1ee5c v\u1edbi hi\u1ec7u su\u1ea5t v\u00e0 \u0111\u1ed9 \u1ed5n \u0111\u1ecbnh cao. H\u00ecnh d\u1ea1ng con l\u0103n h\u00ecnh n\u00f3n c\u1ee7a n\u00f3 \u0111\u1ea3m b\u1ea3o truy\u1ec1n t\u1ea3i t\u1ea3i tr\u1ecdng m\u01b0\u1ee3t m\u00e0, gi\u1ea3m ma s\u00e1t v\u00e0 hi\u1ec7u su\u1ea5t \u0111\u00e1ng tin c\u1eady d\u01b0\u1edbi \u0111i\u1ec1u ki\u1ec7n t\u1ea3i trung b\u00ecnh v\u00e0 t\u1ed1c \u0111\u1ed9 v\u1eeba ph\u1ea3i.<\/p>","protected":false},"featured_media":2524,"comment_status":"open","ping_status":"closed","template":"","meta":{"site-sidebar-layout":"default","site-content-layout":"","ast-site-content-layout":"default","site-content-style":"default","site-sidebar-style":"default","ast-global-header-display":"","ast-banner-title-visibility":"","ast-main-header-display":"","ast-hfb-above-header-display":"","ast-hfb-below-header-display":"","ast-hfb-mobile-header-display":"","site-post-title":"","ast-breadcrumbs-content":"","ast-featured-img":"","footer-sml-layout":"","ast-disable-related-posts":"","theme-transparent-header-meta":"default","adv-header-id-meta":"","stick-header-meta":"default","header-above-stick-meta":"","header-main-stick-meta":"","header-below-stick-meta":"","astra-migrate-meta-layouts":"set","ast-page-background-enabled":"default","ast-page-background-meta":{"desktop":{"background-color":"","background-image":"","background-repeat":"repeat","background-position":"center center","background-size":"auto","background-attachment":"scroll","background-type":"","background-media":"","overlay-type":"","overlay-color":"","overlay-opacity":"","overlay-gradient":""},"tablet":{"background-color":"","background-image":"","background-repeat":"repeat","background-position":"center center","background-size":"auto","background-attachment":"scroll","background-type":"","background-media":"","overlay-type":"","overlay-color":"","overlay-opacity":"","overlay-gradient":""},"mobile":{"background-color":"","background-image":"","background-repeat":"repeat","background-position":"center center","background-size":"auto","background-attachment":"scroll","background-type":"","background-media":"","overlay-type":"","overlay-color":"","overlay-opacity":"","overlay-gradient":""}},"ast-content-background-meta":{"desktop":{"background-color":"var(--ast-global-color-5)","background-image":"","background-repeat":"repeat","background-position":"center center","background-size":"auto","background-attachment":"scroll","background-type":"","background-media":"","overlay-type":"","overlay-color":"","overlay-opacity":"","overlay-gradient":""},"tablet":{"background-color":"var(--ast-global-color-5)","background-image":"","background-repeat":"repeat","background-position":"center center","background-size":"auto","background-attachment":"scroll","background-type":"","background-media":"","overlay-type":"","overlay-color":"","overlay-opacity":"","overlay-gradient":""},"mobile":{"background-color":"var(--ast-global-color-5)","background-image":"","background-repeat":"repeat","background-position":"center center","background-size":"auto","background-attachment":"scroll","background-type":"","background-media":"","overlay-type":"","overlay-color":"","overlay-opacity":"","overlay-gradient":""}}},"product_brand":[],"product_cat":[23],"product_tag":[245,237,240,233,78,56,45,47,239,241,154,242,238],"class_list":{"0":"post-2458","1":"product","2":"type-product","3":"status-publish","4":"has-post-thumbnail","6":"product_cat-tapered-roller-bearings","7":"product_tag-32008-bearing","8":"product_tag-automotive-bearing","9":"product_tag-chrome-steel-bearing","10":"product_tag-gcr15-bearing","11":"product_tag-gearbox-bearing","12":"product_tag-heavy-duty-bearing","13":"product_tag-industrial-bearing","14":"product_tag-oem-bearing-manufacturer","15":"product_tag-radial-axial-bearing","16":"product_tag-single-row-roller-bearing","17":"product_tag-tapered-roller-bearing","18":"product_tag-transmission-bearing","19":"product_tag-wheel-hub-bearing","20":"desktop-align-left","21":"tablet-align-left","22":"mobile-align-left","23":"ast-product-gallery-layout-horizontal-slider","24":"ast-product-gallery-with-no-image","25":"ast-product-tabs-layout-horizontal","27":"first","28":"instock","29":"shipping-taxable","30":"product-type-simple"},"_links":{"self":[{"href":"https:\/\/www.machinerybearings.com\/vi\/wp-json\/wp\/v2\/product\/2458","targetHints":{"allow":["GET"]}}],"collection":[{"href":"https:\/\/www.machinerybearings.com\/vi\/wp-json\/wp\/v2\/product"}],"about":[{"href":"https:\/\/www.machinerybearings.com\/vi\/wp-json\/wp\/v2\/types\/product"}],"replies":[{"embeddable":true,"href":"https:\/\/www.machinerybearings.com\/vi\/wp-json\/wp\/v2\/comments?post=2458"}],"wp:featuredmedia":[{"embeddable":true,"href":"https:\/\/www.machinerybearings.com\/vi\/wp-json\/wp\/v2\/media\/2524"}],"wp:attachment":[{"href":"https:\/\/www.machinerybearings.com\/vi\/wp-json\/wp\/v2\/media?parent=2458"}],"wp:term":[{"taxonomy":"product_brand","embeddable":true,"href":"https:\/\/www.machinerybearings.com\/vi\/wp-json\/wp\/v2\/product_brand?post=2458"},{"taxonomy":"product_cat","embeddable":true,"href":"https:\/\/www.machinerybearings.com\/vi\/wp-json\/wp\/v2\/product_cat?post=2458"},{"taxonomy":"product_tag","embeddable":true,"href":"https:\/\/www.machinerybearings.com\/vi\/wp-json\/wp\/v2\/product_tag?post=2458"}],"curies":[{"name":"wp","href":"https:\/\/api.w.org\/{rel}","templated":true}]}}