{"id":2469,"date":"2026-04-13T15:40:42","date_gmt":"2026-04-13T15:40:42","guid":{"rendered":"https:\/\/www.machinerybearings.com\/?post_type=product&#038;p=2469"},"modified":"2026-05-03T04:19:09","modified_gmt":"2026-05-03T04:19:09","slug":"miniature-thrust-bearing-for-precision-axial-load-applications","status":"publish","type":"product","link":"https:\/\/www.machinerybearings.com\/vi\/san-pham\/miniature-thrust-bearing-for-precision-axial-load-applications\/","title":{"rendered":"B\u1ea1c \u0110\u1ea9y Mini cho \u1ee8ng D\u1ee5ng T\u1ea3i Tr\u1ee5c Ch\u00ednh X\u00e1c"},"content":{"rendered":"<p data-start=\"97\" data-end=\"330\">Miniature thrust bearings are compact precision components designed to support axial loads in space-limited mechanical systems. They provide smooth, low-friction rotation under axial force while maintaining high positioning accuracy.<\/p>\n<p data-start=\"332\" data-end=\"525\">These bearings are widely used in precision instruments, small motors, medical devices, robotics, and micro-mechanical assemblies where stable axial load support and compact size are essential.<\/p>\n<h3 data-section-id=\"sse2nj\" data-start=\"532\" data-end=\"556\">Th\u00f4ng s\u1ed1 k\u1ef9 thu\u1eadt<\/h3>\n<div class=\"TyagGW_tableContainer\">\n<div class=\"group TyagGW_tableWrapper flex flex-col-reverse w-fit\" tabindex=\"-1\">\n<table class=\"w-fit min-w-(--thread-content-width)\" data-start=\"558\" data-end=\"1150\">\n<thead data-start=\"558\" data-end=\"582\">\n<tr data-start=\"558\" data-end=\"582\">\n<th class=\"\" data-start=\"558\" data-end=\"565\" data-col-size=\"sm\">M\u1ee5c<\/th>\n<th class=\"\" data-start=\"565\" data-end=\"582\" data-col-size=\"md\">Th\u00f4ng s\u1ed1 k\u1ef9 thu\u1eadt<\/th>\n<\/tr>\n<\/thead>\n<tbody data-start=\"607\" data-end=\"1150\">\n<tr data-start=\"607\" data-end=\"655\">\n<td data-start=\"607\" data-end=\"622\" data-col-size=\"sm\">Lo\u1ea1i v\u00f2ng bi<\/td>\n<td data-start=\"622\" data-end=\"655\" data-col-size=\"md\">Miniature Thrust Ball Bearing<\/td>\n<\/tr>\n<tr data-start=\"656\" data-end=\"716\">\n<td data-start=\"656\" data-end=\"668\" data-col-size=\"sm\">C\u1ea5u tr\u00fac<\/td>\n<td data-col-size=\"md\" data-start=\"668\" data-end=\"716\">Single direction \/ Double direction optional<\/td>\n<\/tr>\n<tr data-start=\"717\" data-end=\"768\">\n<td data-start=\"717\" data-end=\"729\" data-col-size=\"sm\">Lo\u1ea1i t\u1ea3i<\/td>\n<td data-col-size=\"md\" data-start=\"729\" data-end=\"768\">Axial load (one or both directions)<\/td>\n<\/tr>\n<tr data-start=\"769\" data-end=\"829\">\n<td data-start=\"769\" data-end=\"780\" data-col-size=\"sm\">V\u1eadt li\u1ec7u<\/td>\n<td data-start=\"780\" data-end=\"829\" data-col-size=\"md\">GCr15 Chrome Steel \/ Stainless Steel optional<\/td>\n<\/tr>\n<tr data-start=\"830\" data-end=\"872\">\n<td data-start=\"830\" data-end=\"846\" data-col-size=\"sm\">V\u1eadt li\u1ec7u l\u1ed3ng<\/td>\n<td data-col-size=\"md\" data-start=\"846\" data-end=\"872\">Steel \/ Nylon optional<\/td>\n<\/tr>\n<tr data-start=\"873\" data-end=\"919\">\n<td data-start=\"873\" data-end=\"887\" data-col-size=\"sm\">B\u00f4i tr\u01a1n<\/td>\n<td data-col-size=\"md\" data-start=\"887\" data-end=\"919\">Light grease \/ precision oil<\/td>\n<\/tr>\n<tr data-start=\"920\" data-end=\"975\">\n<td data-start=\"920\" data-end=\"943\" data-col-size=\"sm\">Inner Diameter Range<\/td>\n<td data-col-size=\"md\" data-start=\"943\" data-end=\"975\">3 mm \u2013 20 mm (typical range)<\/td>\n<\/tr>\n<tr data-start=\"976\" data-end=\"1031\">\n<td data-start=\"976\" data-end=\"999\" data-col-size=\"sm\">Outer Diameter Range<\/td>\n<td data-start=\"999\" data-end=\"1031\" data-col-size=\"md\">8 mm \u2013 35 mm (typical range)<\/td>\n<\/tr>\n<tr data-start=\"1032\" data-end=\"1086\">\n<td data-start=\"1032\" data-end=\"1050\" data-col-size=\"sm\">T\u1ed1c \u0111\u1ed9 ho\u1ea1t \u0111\u1ed9ng<\/td>\n<td data-col-size=\"md\" data-start=\"1050\" data-end=\"1086\">Low to medium speed applications<\/td>\n<\/tr>\n<tr data-start=\"1087\" data-end=\"1150\">\n<td data-start=\"1087\" data-end=\"1107\" data-col-size=\"sm\">Ph\u1ea1m vi nhi\u1ec7t \u0111\u1ed9<\/td>\n<td data-start=\"1107\" data-end=\"1150\" data-col-size=\"md\">-30\u00b0C to 120\u00b0C (depends on lubrication)<\/td>\n<\/tr>\n<\/tbody>\n<\/table>\n<\/div>\n<\/div>\n<h3 data-section-id=\"1iz91iu\" data-start=\"1157\" data-end=\"1173\">T\u00ednh n\u0103ng ch\u00ednh<\/h3>\n<ul data-start=\"1175\" data-end=\"1458\">\n<li data-section-id=\"wex4t2\" data-start=\"1175\" data-end=\"1228\">Compact design for space-constrained applications<\/li>\n<li data-section-id=\"7i9ka1\" data-start=\"1229\" data-end=\"1271\">Low friction and smooth axial movement<\/li>\n<li data-section-id=\"jya67i\" data-start=\"1272\" data-end=\"1313\">High precision and stable performance<\/li>\n<li data-section-id=\"njrghz\" data-start=\"1314\" data-end=\"1368\">Available in single or double direction structures<\/li>\n<li data-section-id=\"1dole7i\" data-start=\"1369\" data-end=\"1415\">Suitable for light to moderate axial loads<\/li>\n<li data-section-id=\"axcndq\" data-start=\"1416\" data-end=\"1458\">Long service life in precision systems<\/li>\n<\/ul>\n<h3 data-section-id=\"wggvqn\" data-start=\"1465\" data-end=\"1481\">\u1ee8ng d\u1ee5ng<\/h3>\n<ul data-start=\"1483\" data-end=\"1743\">\n<li data-section-id=\"1xzxc2s\" data-start=\"1483\" data-end=\"1532\">Precision instruments and measuring equipment<\/li>\n<li data-section-id=\"10oaq7g\" data-start=\"1533\" data-end=\"1558\">Small electric motors<\/li>\n<li data-section-id=\"1q02707\" data-start=\"1559\" data-end=\"1594\">H\u1ec7 th\u1ed1ng robot v\u00e0 t\u1ef1 \u0111\u1ed9ng h\u00f3a<\/li>\n<li data-section-id=\"rkaycm\" data-start=\"1595\" data-end=\"1632\">Medical devices and lab equipment<\/li>\n<li data-section-id=\"1t5w7ss\" data-start=\"1633\" data-end=\"1671\">Office machinery and micro devices<\/li>\n<li data-section-id=\"xiflkw\" data-start=\"1672\" data-end=\"1707\">Optical and positioning systems<\/li>\n<li data-section-id=\"1odxd3j\" data-start=\"1708\" data-end=\"1743\">Consumer electronics mechanisms<\/li>\n<\/ul>\n<h3 data-section-id=\"gqbmdj\" data-start=\"1750\" data-end=\"1776\">\u01afu \u0111i\u1ec3m k\u1ef9 thu\u1eadt<\/h3>\n<p data-start=\"1778\" data-end=\"1997\">Miniature thrust bearings are optimized for precision axial load control in compact assemblies. Their low inertia and high accuracy make them ideal for applications requiring smooth motion and minimal space consumption.<\/p>\n<p data-start=\"1999\" data-end=\"2111\">Advanced material and lubrication options ensure stable performance even under continuous micro-load conditions.<\/p>\n<h3 data-section-id=\"ex11qd\" data-start=\"2118\" data-end=\"2136\">T\u00f9y ch\u1ecdn t\u00f9y ch\u1ec9nh<\/h3>\n<ul data-start=\"2138\" data-end=\"2361\">\n<li data-section-id=\"pgpkol\" data-start=\"2138\" data-end=\"2185\">Stainless steel corrosion-resistant version<\/li>\n<li data-section-id=\"fb1exk\" data-start=\"2186\" data-end=\"2226\">High-speed micro lubrication options<\/li>\n<li data-section-id=\"1wibiq2\" data-start=\"2227\" data-end=\"2279\">Precision grade customization (ABEC-1 to ABEC-7)<\/li>\n<li data-section-id=\"1h56mmn\" data-start=\"2280\" data-end=\"2324\">Single or double direction configuration<\/li>\n<li data-section-id=\"1wqc24a\" data-start=\"2325\" data-end=\"2361\">OEM branding and micro packaging<\/li>\n<\/ul>","protected":false},"excerpt":{"rendered":"<p>Miniature thrust bearings are compact precision components designed to support axial loads in space-limited mechanical systems. They provide smooth, low-friction rotation under axial force while maintaining high positioning accuracy.<\/p>","protected":false},"featured_media":2516,"comment_status":"open","ping_status":"closed","template":"","meta":{"site-sidebar-layout":"default","site-content-layout":"","ast-site-content-layout":"default","site-content-style":"default","site-sidebar-style":"default","ast-global-header-display":"","ast-banner-title-visibility":"","ast-main-header-display":"","ast-hfb-above-header-display":"","ast-hfb-below-header-display":"","ast-hfb-mobile-header-display":"","site-post-title":"","ast-breadcrumbs-content":"","ast-featured-img":"","footer-sml-layout":"","ast-disable-related-posts":"","theme-transparent-header-meta":"default","adv-header-id-meta":"","stick-header-meta":"default","header-above-stick-meta":"","header-main-stick-meta":"","header-below-stick-meta":"","astra-migrate-meta-layouts":"set","ast-page-background-enabled":"default","ast-page-background-meta":{"desktop":{"background-color":"","background-image":"","background-repeat":"repeat","background-position":"center center","background-size":"auto","background-attachment":"scroll","background-type":"","background-media":"","overlay-type":"","overlay-color":"","overlay-opacity":"","overlay-gradient":""},"tablet":{"background-color":"","background-image":"","background-repeat":"repeat","background-position":"center center","background-size":"auto","background-attachment":"scroll","background-type":"","background-media":"","overlay-type":"","overlay-color":"","overlay-opacity":"","overlay-gradient":""},"mobile":{"background-color":"","background-image":"","background-repeat":"repeat","background-position":"center center","background-size":"auto","background-attachment":"scroll","background-type":"","background-media":"","overlay-type":"","overlay-color":"","overlay-opacity":"","overlay-gradient":""}},"ast-content-background-meta":{"desktop":{"background-color":"var(--ast-global-color-5)","background-image":"","background-repeat":"repeat","background-position":"center center","background-size":"auto","background-attachment":"scroll","background-type":"","background-media":"","overlay-type":"","overlay-color":"","overlay-opacity":"","overlay-gradient":""},"tablet":{"background-color":"var(--ast-global-color-5)","background-image":"","background-repeat":"repeat","background-position":"center center","background-size":"auto","background-attachment":"scroll","background-type":"","background-media":"","overlay-type":"","overlay-color":"","overlay-opacity":"","overlay-gradient":""},"mobile":{"background-color":"var(--ast-global-color-5)","background-image":"","background-repeat":"repeat","background-position":"center center","background-size":"auto","background-attachment":"scroll","background-type":"","background-media":"","overlay-type":"","overlay-color":"","overlay-opacity":"","overlay-gradient":""}}},"product_brand":[],"product_cat":[26],"product_tag":[260,233,272,102,273,271,269,47,63,126,37,270,136],"class_list":{"0":"post-2469","1":"product","2":"type-product","3":"status-publish","4":"has-post-thumbnail","6":"product_cat-thrust-ball-bearings","7":"product_tag-axial-bearing","8":"product_tag-gcr15-bearing","9":"product_tag-instrument-bearing","10":"product_tag-low-friction-bearing","11":"product_tag-medical-device-bearing","12":"product_tag-micro-bearing","13":"product_tag-miniature-thrust-bearing","14":"product_tag-oem-bearing-manufacturer","15":"product_tag-precision-bearing","16":"product_tag-robotics-bearing","17":"product_tag-small-ball-bearing","18":"product_tag-small-thrust-bearing","19":"product_tag-stainless-steel-bearing","20":"desktop-align-left","21":"tablet-align-left","22":"mobile-align-left","23":"ast-product-gallery-layout-horizontal-slider","24":"ast-product-gallery-with-no-image","25":"ast-product-tabs-layout-horizontal","27":"first","28":"instock","29":"shipping-taxable","30":"product-type-simple"},"_links":{"self":[{"href":"https:\/\/www.machinerybearings.com\/vi\/wp-json\/wp\/v2\/product\/2469","targetHints":{"allow":["GET"]}}],"collection":[{"href":"https:\/\/www.machinerybearings.com\/vi\/wp-json\/wp\/v2\/product"}],"about":[{"href":"https:\/\/www.machinerybearings.com\/vi\/wp-json\/wp\/v2\/types\/product"}],"replies":[{"embeddable":true,"href":"https:\/\/www.machinerybearings.com\/vi\/wp-json\/wp\/v2\/comments?post=2469"}],"wp:featuredmedia":[{"embeddable":true,"href":"https:\/\/www.machinerybearings.com\/vi\/wp-json\/wp\/v2\/media\/2516"}],"wp:attachment":[{"href":"https:\/\/www.machinerybearings.com\/vi\/wp-json\/wp\/v2\/media?parent=2469"}],"wp:term":[{"taxonomy":"product_brand","embeddable":true,"href":"https:\/\/www.machinerybearings.com\/vi\/wp-json\/wp\/v2\/product_brand?post=2469"},{"taxonomy":"product_cat","embeddable":true,"href":"https:\/\/www.machinerybearings.com\/vi\/wp-json\/wp\/v2\/product_cat?post=2469"},{"taxonomy":"product_tag","embeddable":true,"href":"https:\/\/www.machinerybearings.com\/vi\/wp-json\/wp\/v2\/product_tag?post=2469"}],"curies":[{"name":"wp","href":"https:\/\/api.w.org\/{rel}","templated":true}]}}